{"id":23123,"date":"2025-04-03T10:22:06","date_gmt":"2025-04-03T07:22:06","guid":{"rendered":"https:\/\/superstore.ee\/?post_type=product&#038;p=23123"},"modified":"2026-04-05T15:32:20","modified_gmt":"2026-04-05T12:32:20","slug":"kiko-milano-kontuurpliiats-sculpting-touch-creamy-stick-contour","status":"publish","type":"product","link":"https:\/\/superstore.ee\/index.php\/toode\/kiko-milano-kontuurpliiats-sculpting-touch-creamy-stick-contour\/","title":{"rendered":"KIKO Milano Sculpting Touch Creamy Stick Contour"},"content":{"rendered":"","protected":false},"excerpt":{"rendered":"<article class=\"text-token-text-primary w-full\" dir=\"auto\" data-testid=\"conversation-turn-20\" data-scroll-anchor=\"true\">\n<div class=\"text-base my-auto mx-auto py-5 px-6\">\n<div class=\"mx-auto flex flex-1 text-base gap-4 md:gap-5 lg:gap-6 md:max-w-3xl group\/turn-messages focus-visible:outline-hidden\" tabindex=\"-1\">\n<div class=\"group\/conversation-turn relative flex w-full min-w-0 flex-col agent-turn @xs\/thread:px-0 @sm\/thread:px-1.5 @md\/thread:px-4\">\n<div class=\"relative flex-col gap-1 md:gap-3\">\n<div class=\"flex max-w-full flex-col grow\">\n<div class=\"min-h-8 text-message relative flex w-full flex-col items-end gap-2 text-start break-words whitespace-normal [.text-message+&amp;]:mt-5\" dir=\"auto\" data-message-author-role=\"assistant\" data-message-id=\"18f1f7bd-f1ad-4967-854b-375f76410b58\" data-message-model-slug=\"gpt-4-5\">\n<div class=\"flex w-full flex-col gap-1 empty:hidden first:pt-[3px]\">\n<div class=\"markdown prose dark:prose-invert w-full break-words light\">\n<p data-pm-slice=\"1 1 []\"><strong>Kontuurimispulk KIKO Milano Sculpting Touch<\/strong><\/p>\n<p>Matistava efektiga kreemjas kontuurimispulk, mis sisaldab Aafrika p\u00e4hkli\u00f5li, rahustavat pistaatsiaekstrakti ja E-vitamiini antioks\u00fcdantseks kaitseks ja nahahoolduseks. Naturaalsed koostisosad sobivad ka tundlikule nahale.<\/p>\n<p>Pehme kreemjas tekstuur libiseb nahale lihtsalt ja hajub perfektselt, v\u00f5imaldades loomulikult r\u00f5hutada n\u00e4ojooni. Mugav pulgakuju tagab kiire ja t\u00e4pse pealekandmise.<\/p>\n<p><strong>Eelised:<\/strong><\/p>\n<ul>\n<li>Loomulik matt l\u00f5pptulemus<\/li>\n<li>Veekindel ja kauap\u00fcsiv<\/li>\n<li>Mugav pulgaformaat<\/li>\n<li>Suurep\u00e4rane hajutatavus<\/li>\n<li>Mittekomedogeenne (ei ummista poore)<\/li>\n<\/ul>\n<p><strong>Kaal:<\/strong> 10 g<br \/>\n<strong>Br\u00e4ndi p\u00e4ritoluriik:<\/strong> Itaalia<\/p>\n<\/div>\n<\/div>\n<\/div>\n<\/div>\n<\/div>\n<\/div>\n<\/div>\n<\/div>\n<\/article>\n<details>\n<summary>Details<\/summary>\n<div translate=\"no\">KIKO MILANO Sculpting Touch Creamy Stick Contour &#8211; Contour stick: creamy texture and matte finish.<br \/>\nContouring stick with a matte finish. The formula is enriched with African walnut oil and soothing pistachio extract.The soft and creamy texture ensures great coverage and excellent blendability. It is pleasing to the touch; application is easy and precise. The product enables you to sculpt the face, creating plays of light and shadow.The contemporary packaging stands out with its black shiny finish with the KK logo embossed on the top. The stick\u2019s practical shape allows you to define the features simply yet with a professional-looking and precise result.Waterproof.<br \/>\nDermatologically tested. Non-comedogenic.10 gr \/ 0.353 oz<br \/>\nMade in ItalyINGREDIENTS: ISONONYL ISONONANOATE, MICA, POLYETHYLENE, SYNTHETIC WAX, NEOPENTYL GLYCOL DICAPRYLATE\/DICAPRATE, POLYMETHYLSILSESQUIOX ANE, TALC, ZINC STEARATE, SILICA, DIMETHICONE, ETHYLENE BRASSYLATE, PENTAERYTHRITYL TETRA-DI-t-BUTYL HYDROXYHYDROCINNAMATE, PLUKENET IA VOLUBILIS SEED OIL, PISTACIA VERA SEED OIL, HYDROGENATED VEGETABLE OIL, TOCOPHEROL, DICALCIUM PHOSPHATE, TIN OXIDE . +\/- (MAY CON TAIN): CI 77891 (TITANIUM DIOXIDE), CI 77491 (IRON OXIDES), CI 77492 (IRON OXIDES), CI 77499 (IRON OXIDES), CI 42090 (BLUE 1 LAKE), CI 19140 (YELLOW 5 LAKE).<\/div>\n<p>\u0421\u043a\u0443\u043b\u044c\u043f\u0442\u0443\u0440\u0438\u0440\u0443\u044e\u0449\u0438\u0439 \u043a\u0440\u0435\u043c\u043e\u0432\u044b\u0439 \u0441\u0442\u0438\u043a KIKO Milano Sculpting Touch. \u041c\u0430\u0442\u043e\u0432\u044b\u0439 \u043a\u0440\u0435\u043c\u043e\u0432\u044b\u0439 \u0441\u0442\u0438\u043a \u0434\u043b\u044f \u043a\u043e\u043d\u0442\u0443\u0440\u0438\u043d\u0433\u0430 \u043b\u0438\u0446\u0430 \u0441 \u0431\u043e\u0433\u0430\u0442\u043e\u0439 \u0444\u043e\u0440\u043c\u0443\u043b\u043e\u0439 \u043d\u0430 \u043e\u0441\u043d\u043e\u0432\u0435 \u0446\u0435\u043d\u043d\u044b\u0445 \u043c\u0430\u0441\u0435\u043b. \u0411\u043b\u0430\u0433\u043e\u0434\u0430\u0440\u044f \u043c\u0430\u0441\u043b\u0443 \u0430\u0444\u0440\u0438\u043a\u0430\u043d\u0441\u043a\u043e\u0433\u043e \u0433\u0440\u0435\u0446\u043a\u043e\u0433\u043e \u043e\u0440\u0435\u0445\u0430 \u0438 \u0443\u0441\u043f\u043e\u043a\u0430\u0438\u0432\u0430\u044e\u0449\u0435\u043c\u0443 \u044d\u043a\u0441\u0442\u0440\u0430\u043a\u0442\u0443 \u0444\u0438\u0441\u0442\u0430\u0448\u043a\u0438 \u0441\u0440\u0435\u0434\u0441\u0442\u0432\u043e \u043f\u0438\u0442\u0430\u0435\u0442 \u0438 \u0437\u0430\u0449\u0438\u0449\u0430\u0435\u0442 \u043a\u043e\u0436\u0443. \u0412\u0438\u0442\u0430\u043c\u0438\u043d \u0415 \u043e\u0431\u0435\u0441\u043f\u0435\u0447\u0438\u0432\u0430\u0435\u0442 \u0434\u043e\u043f\u043e\u043b\u043d\u0438\u0442\u0435\u043b\u044c\u043d\u044b\u0439 \u0443\u0445\u043e\u0434 \u0438 \u0430\u043d\u0442\u0438\u043e\u043a\u0441\u0438\u0434\u0430\u043d\u0442\u043d\u0443\u044e \u0437\u0430\u0449\u0438\u0442\u0443. \u041d\u0430\u0442\u0443\u0440\u0430\u043b\u044c\u043d\u044b\u0435 \u043a\u043e\u043c\u043f\u043e\u043d\u0435\u043d\u0442\u044b \u0432 \u0441\u043e\u0441\u0442\u0430\u0432\u0435 \u0434\u0435\u043b\u0430\u044e\u0442 \u043f\u0440\u043e\u0434\u0443\u043a\u0442 \u0431\u0435\u0437\u043e\u043f\u0430\u0441\u043d\u044b\u043c \u0438 \u043a\u043e\u043c\u0444\u043e\u0440\u0442\u043d\u044b\u043c \u0434\u0430\u0436\u0435 \u0434\u043b\u044f \u0447\u0443\u0432\u0441\u0442\u0432\u0438\u0442\u0435\u043b\u044c\u043d\u043e\u0439 \u043a\u043e\u0436\u0438.<\/p>\n<\/details>\n","protected":false},"featured_media":16948,"template":"","meta":{"jetpack_publicize_message":"","jetpack_publicize_feature_enabled":true,"jetpack_social_post_already_shared":true,"jetpack_social_options":{"image_generator_settings":{"template":"highway","default_image_id":0,"font":"","enabled":false},"version":2}},"product_brand":[],"product_cat":[973,340,978,912,974],"product_tag":[],"class_list":{"0":"post-23123","1":"product","2":"type-product","3":"status-publish","4":"has-post-thumbnail","6":"product_cat-makeup","7":"product_cat-kiko-milano","8":"product_cat-contouring-and-bronzers","9":"product_cat-nahahooldus","10":"product_cat-face","11":"pa_varv-692","12":"pa_varv-693","13":"pa_varv-814","14":"pa_varv-815","16":"first","17":"instock","18":"sale","19":"shipping-taxable","20":"purchasable","21":"product-type-variable"},"jetpack_publicize_connections":[],"jetpack_sharing_enabled":true,"jetpack_likes_enabled":true,"_links":{"self":[{"href":"https:\/\/superstore.ee\/index.php\/wp-json\/wp\/v2\/product\/23123","targetHints":{"allow":["GET"]}}],"collection":[{"href":"https:\/\/superstore.ee\/index.php\/wp-json\/wp\/v2\/product"}],"about":[{"href":"https:\/\/superstore.ee\/index.php\/wp-json\/wp\/v2\/types\/product"}],"wp:featuredmedia":[{"embeddable":true,"href":"https:\/\/superstore.ee\/index.php\/wp-json\/wp\/v2\/media\/16948"}],"wp:attachment":[{"href":"https:\/\/superstore.ee\/index.php\/wp-json\/wp\/v2\/media?parent=23123"}],"wp:term":[{"taxonomy":"product_brand","embeddable":true,"href":"https:\/\/superstore.ee\/index.php\/wp-json\/wp\/v2\/product_brand?post=23123"},{"taxonomy":"product_cat","embeddable":true,"href":"https:\/\/superstore.ee\/index.php\/wp-json\/wp\/v2\/product_cat?post=23123"},{"taxonomy":"product_tag","embeddable":true,"href":"https:\/\/superstore.ee\/index.php\/wp-json\/wp\/v2\/product_tag?post=23123"}],"curies":[{"name":"wp","href":"https:\/\/api.w.org\/{rel}","templated":true}]}}