{"id":23128,"date":"2025-04-03T10:22:29","date_gmt":"2025-04-03T07:22:29","guid":{"rendered":"https:\/\/superstore.ee\/?post_type=product&#038;p=23128"},"modified":"2026-03-01T16:04:33","modified_gmt":"2026-03-01T14:04:33","slug":"pulgakujuline-highlighter-kiko-milano-radiant-touch-creamy-stick-highlighter","status":"publish","type":"product","link":"https:\/\/superstore.ee\/index.php\/toode\/pulgakujuline-highlighter-kiko-milano-radiant-touch-creamy-stick-highlighter\/","title":{"rendered":"KIKO Milano Radiant Touch Creamy Stick"},"content":{"rendered":"","protected":false},"excerpt":{"rendered":"<p data-pm-slice=\"1 1 []\"><strong>Kreemjas highlighter-pulk KIKO Milano Radiant Touch<\/strong><\/p>\n<p>Kreemjas highlighter jojoobi\u00f5li, riisiklii\u00f5li ja antioks\u00fcdantidega (E- ja C-vitamiin). Annab nahale loomuliku s\u00e4ra ja hoolitsetud jume. Tekstuur sulandub nahaga \u00fchtlaselt ja hajub kergesti.<\/p>\n<p>Veekindel ja mittekomedogeenne koostis sobib ka tundlikule nahale. Pulgakujuline formaat tagab mugava ja t\u00e4pse pealekandmise.<\/p>\n<p><strong>Eelised:<\/strong><\/p>\n<ul>\n<li>Loomulik ja s\u00e4rav l\u00f5pptulemus<\/li>\n<li>Niisutav ja hooldav koostis<\/li>\n<li>Lihtne peale kanda ja hajutada<\/li>\n<li>Veekindel ja p\u00fcsiv<\/li>\n<li>Dermatoloogiliselt ja oftalmoloogiliselt testitud<\/li>\n<\/ul>\n<p><strong>Kaal:<\/strong> 10 g<\/p>\n<p><strong>Br\u00e4ndi p\u00e4ritoluriik:<\/strong> Itaalia<\/p>\n<details>\n<summary>Details<\/summary>\n<div translate=\"no\">KIKO MILANO Radiant Touch Creamy Stick Highlighter &#8211; Stick highlighter: creamy texture and radiant finish.<br \/>\nRadiant finish stick highlighter. The formula is enriched with jojoba oil and a high pearl content.The soft and creamy texture melts flawlessly into the skin. During application, it ensures great coverage and excellent blendability. Pleasant to the touch, application is easy and precise. The highlighter allows you to create targeted points of light. The skin appears radiant.The contemporary packaging is enhanced by a black shiny finish with the KK logo embossed on the top. The handy stick format makes it possible to define and shape facial features simply, yet professionally and precisely.Dermatologically and ophthalmologically tested. Non-comedogenic.<\/p>\n<p>10 gr \/ 0.353 oz<br \/>\nMade in Italy<br \/>\nWaterproof<\/p>\n<p>INGREDIENTS: HYDROGENATED POLYISOBUTENE, DIETHYLHEXYL ADIPATE, MICA, DIMETHICONE, POLYETHYLENE, EUPHORBIA CERIFERA CERA (EUPHORBIA C ERIFERA (CANDELILLA) WAX\/CIRE DE CANDELILLA), TALC, SILICA, POLYMETHYL METHACRYLATE, SILICA DIMETHYL SILYLATE, POLYGLYCERYL-3 DIISOS TEARATE, HYDROGENATED MICROCRYSTALLINE WAX, SYNTHETIC WAX, OCTYLDODECYL STEAROYL STEARATE, OCTYLDODECANOL, NYLON-12, SIMMONDSIA CHIN ENSIS SEED OIL (SIMMONDSIA CHINENSIS (JOJOBA) SEED OIL), ORYZA SATIVA BRAN OIL (ORYZA SATIVA (RICE) BRAN OIL), CETEARYL ETHYLHEXANOA TE, ETHYLENE BRASSYLATE, TIN OXIDE, TOCOPHEROL, LECITHIN, ASCORBYL PALMITATE, GLYCERYL STEARATE, GLYCERYL OLEATE, CITRIC ACID, CI 77 891 (TITANIUM DIOXIDE), CI 77491 (IRON OXIDES).<\/p>\n<\/div>\n<p>\u041a\u0440\u0435\u043c\u043e\u0432\u044b\u0439 \u0445\u0430\u0439\u043b\u0430\u0439\u0442\u0435\u0440-\u0441\u0442\u0438\u043a KIKO Milano Radiant Touch. \u0421\u0438\u044f\u044e\u0449\u0438\u0439 \u043a\u0440\u0435\u043c\u043e\u0432\u044b\u0439 \u0445\u0430\u0439\u043b\u0430\u0439\u0442\u0435\u0440-\u0441\u0442\u0438\u043a \u0441 \u0443\u0445\u0430\u0436\u0438\u0432\u0430\u044e\u0449\u0435\u0439 \u0444\u043e\u0440\u043c\u0443\u043b\u043e\u0439 \u043d\u0430 \u043e\u0441\u043d\u043e\u0432\u0435 \u043c\u0430\u0441\u043b\u0430 \u0436\u043e\u0436\u043e\u0431\u0430 \u0438 \u0440\u0438\u0441\u043e\u0432\u044b\u0445 \u043e\u0442\u0440\u0443\u0431\u0435\u0439, \u0431\u043e\u0433\u0430\u0442\u043e\u0439 \u0436\u0435\u043c\u0447\u0443\u0436\u043d\u044b\u043c\u0438 \u043f\u0438\u0433\u043c\u0435\u043d\u0442\u0430\u043c\u0438. \u041d\u0435\u0436\u043d\u0430\u044f \u0442\u0435\u043a\u0441\u0442\u0443\u0440\u0430 \u043c\u0433\u043d\u043e\u0432\u0435\u043d\u043d\u043e \u0441\u043b\u0438\u0432\u0430\u0435\u0442\u0441\u044f \u0441 \u043a\u043e\u0436\u0435\u0439, \u0441\u043e\u0437\u0434\u0430\u0432\u0430\u044f \u043c\u044f\u0433\u043a\u0438\u0435 \u0441\u0438\u044f\u044e\u0449\u0438\u0435 \u0430\u043a\u0446\u0435\u043d\u0442\u044b \u0438 \u044d\u0444\u0444\u0435\u043a\u0442 \u0437\u0434\u043e\u0440\u043e\u0432\u043e\u0433\u043e, \u0443\u0445\u043e\u0436\u0435\u043d\u043d\u043e\u0433\u043e \u043b\u0438\u0446\u0430.<\/p>\n<\/details>\n","protected":false},"featured_media":20540,"template":"","meta":{"jetpack_publicize_message":"","jetpack_publicize_feature_enabled":true,"jetpack_social_post_already_shared":true,"jetpack_social_options":{"image_generator_settings":{"template":"highway","default_image_id":0,"font":"","enabled":false},"version":2}},"product_brand":[],"product_cat":[980,973,340,912,974],"product_tag":[],"class_list":{"0":"post-23128","1":"product","2":"type-product","3":"status-publish","4":"has-post-thumbnail","6":"product_cat-highlighter","7":"product_cat-makeup","8":"product_cat-kiko-milano","9":"product_cat-nahahooldus","10":"product_cat-face","11":"pa_varv-100-gold","12":"pa_varv-102-golden-biscuit","14":"first","15":"instock","16":"shipping-taxable","17":"purchasable","18":"product-type-variable"},"jetpack_publicize_connections":[],"jetpack_sharing_enabled":true,"jetpack_likes_enabled":true,"_links":{"self":[{"href":"https:\/\/superstore.ee\/index.php\/wp-json\/wp\/v2\/product\/23128","targetHints":{"allow":["GET"]}}],"collection":[{"href":"https:\/\/superstore.ee\/index.php\/wp-json\/wp\/v2\/product"}],"about":[{"href":"https:\/\/superstore.ee\/index.php\/wp-json\/wp\/v2\/types\/product"}],"wp:featuredmedia":[{"embeddable":true,"href":"https:\/\/superstore.ee\/index.php\/wp-json\/wp\/v2\/media\/20540"}],"wp:attachment":[{"href":"https:\/\/superstore.ee\/index.php\/wp-json\/wp\/v2\/media?parent=23128"}],"wp:term":[{"taxonomy":"product_brand","embeddable":true,"href":"https:\/\/superstore.ee\/index.php\/wp-json\/wp\/v2\/product_brand?post=23128"},{"taxonomy":"product_cat","embeddable":true,"href":"https:\/\/superstore.ee\/index.php\/wp-json\/wp\/v2\/product_cat?post=23128"},{"taxonomy":"product_tag","embeddable":true,"href":"https:\/\/superstore.ee\/index.php\/wp-json\/wp\/v2\/product_tag?post=23128"}],"curies":[{"name":"wp","href":"https:\/\/api.w.org\/{rel}","templated":true}]}}