{"id":23131,"date":"2025-04-03T10:22:35","date_gmt":"2025-04-03T07:22:35","guid":{"rendered":"https:\/\/superstore.ee\/?post_type=product&#038;p=23131"},"modified":"2026-04-05T15:32:20","modified_gmt":"2026-04-05T12:32:20","slug":"kiko-milano-velvet-touch-creamy-stick-blush","status":"publish","type":"product","link":"https:\/\/superstore.ee\/index.php\/toode\/kiko-milano-velvet-touch-creamy-stick-blush\/","title":{"rendered":"KIKO Milano Velvet Touch Creamy Stick Blush"},"content":{"rendered":"","protected":false},"excerpt":{"rendered":"<p data-pm-slice=\"1 1 []\"><strong>Kreemjas p\u00f5sepuna pulk KIKO Milano Velvet Touch<\/strong><\/p>\n<p>S\u00e4rav kreemjas p\u00f5sepuna pulk Aafrika p\u00e4hkli\u00f5li, rahustava pistaatsiaekstrakti ja E-vitamiiniga, mis hooldavad nahka ning pakuvad antioks\u00fcdantset kaitset. Pehme tekstuur sulandub nahaga t\u00e4iuslikult, tagades loomuliku ja v\u00e4rske tulemuse.<\/p>\n<p>Praktiline pulgakuju v\u00f5imaldab kiiret ja t\u00e4pset pealekandmist.<\/p>\n<p><strong>Eelised:<\/strong><\/p>\n<ul>\n<li>Lihtne ja t\u00e4pne pealekandmine<\/li>\n<li>Loomulik s\u00e4rav tulemus<\/li>\n<li>Mittekomedogeenne koostis (ei ummista poore)<\/li>\n<li>Dermatoloogiliselt testitud<\/li>\n<\/ul>\n<p><strong>Kaal:<\/strong> 10 g<\/p>\n<p><strong>Br\u00e4ndi p\u00e4ritoluriik:<\/strong> Itaalia<\/p>\n<details>\n<summary>Details<\/summary>\n<div translate=\"no\">KIKO MILANO velvet touch creamy stick blush &#8211; Stick blush: creamy texture and radiant finish<br \/>\nRadiant blush stick. The formula is enriched with African walnut oil and soothing pistachio extract.The soft, creamy texture adheres flawlessly to the skin. The product offers excellent colour payoff and blends easily. It is pleasing to the touch; application is easy and precise. The skin appears radiant.The contemporary packaging stands out with a black shiny finish with the KK logo embossed on the top. The stick\u2019s practical shape allows you to define the features simply yet with a professional-looking and precise result.Dermatologically tested. Non-comedogenic.10 gr \/ 0.353 oz<br \/>\nMade in ItalyINGREDIENTS: ISONONYL ISONONANOATE, MICA, POLYETHYLENE, SYNTHETIC WAX, NEOPENTYL GLYCOL DICAPRYLATE\/DICAPRATE, POLYMETHYLSILSESQUIOX ANE, TALC, ZINC STEARATE, SILICA, DIMETHICONE, ETHYLENE BRASSYLATE, PENTAERYTHRITYL TETRA-DI-t-BUTYL HYDROXYHYDROCINNAMATE, PLUKENET IA VOLUBILIS SEED OIL, PISTACIA VERA SEED OIL, HYDROGENATED VEGETABLE OIL, TIN OXIDE, TOCOPHEROL, DICALCIUM PHOSPHATE. +\/- (MAY CONT AIN): CI 77891 (TITANIUM DIOXIDE), CI 77491 (IRON OXIDES), CI 77492 (IRON OXIDES), CI 77499 (IRON OXIDES), CI 42090 (BLUE 1 LAKE), C I 19140 (YELLOW 5 LAKE), CI 15850 (RED 7), CI 45410 (RED 28 LAKE), CI 15850 (RED 6), CI 73360 (RED 30 LAKE), CI 75470 (CARMINE). CON TAINS CARMINE AS A COLOUR ADDITIVE.<\/div>\n<p>\u041a\u0440\u0435\u043c\u043e\u0432\u044b\u0435 \u0440\u0443\u043c\u044f\u043d\u0430-\u0441\u0442\u0438\u043a KIKO Milano Velvet Touch. \u0421\u0438\u044f\u044e\u0449\u0438\u0435 \u043a\u0440\u0435\u043c\u043e\u0432\u044b\u0435 \u0440\u0443\u043c\u044f\u043d\u0430-\u0441\u0442\u0438\u043a \u0441 \u0443\u0445\u0430\u0436\u0438\u0432\u0430\u044e\u0449\u0435\u0439 \u0444\u043e\u0440\u043c\u0443\u043b\u043e\u0439, \u043e\u0431\u043e\u0433\u0430\u0449\u0451\u043d\u043d\u043e\u0439 \u043c\u0430\u0441\u043b\u043e\u043c \u0430\u0444\u0440\u0438\u043a\u0430\u043d\u0441\u043a\u043e\u0433\u043e \u043e\u0440\u0435\u0445\u0430 \u0438 \u0443\u0441\u043f\u043e\u043a\u0430\u0438\u0432\u0430\u044e\u0449\u0438\u043c \u044d\u043a\u0441\u0442\u0440\u0430\u043a\u0442\u043e\u043c \u0444\u0438\u0441\u0442\u0430\u0448\u043a\u0438. \u041d\u0435\u0436\u043d\u0430\u044f \u043a\u0440\u0435\u043c\u043e\u0432\u0430\u044f \u0442\u0435\u043a\u0441\u0442\u0443\u0440\u0430 \u043b\u0435\u0433\u043a\u043e \u043d\u0430\u043d\u043e\u0441\u0438\u0442\u0441\u044f, \u043c\u0433\u043d\u043e\u0432\u0435\u043d\u043d\u043e \u0441\u043b\u0438\u0432\u0430\u0435\u0442\u0441\u044f \u0441 \u043a\u043e\u0436\u0435\u0439 \u0438 \u043e\u0431\u0435\u0441\u043f\u0435\u0447\u0438\u0432\u0430\u0435\u0442 \u0435\u0441\u0442\u0435\u0441\u0442\u0432\u0435\u043d\u043d\u043e\u0435 \u0441\u0438\u044f\u043d\u0438\u0435 \u0438 \u0441\u0432\u0435\u0436\u0438\u0439 \u0432\u0438\u0434. \u041d\u0430\u0442\u0443\u0440\u0430\u043b\u044c\u043d\u044b\u0435 \u043a\u043e\u043c\u043f\u043e\u043d\u0435\u043d\u0442\u044b \u043c\u044f\u0433\u043a\u043e \u0443\u0445\u0430\u0436\u0438\u0432\u0430\u044e\u0442 \u0437\u0430 \u043a\u043e\u0436\u0435\u0439, \u043d\u0435 \u0437\u0430\u0431\u0438\u0432\u0430\u044e\u0442 \u043f\u043e\u0440\u044b \u0438 \u0438\u0434\u0435\u0430\u043b\u044c\u043d\u043e \u043f\u043e\u0434\u0445\u043e\u0434\u044f\u0442 \u0434\u0430\u0436\u0435 \u0447\u0443\u0432\u0441\u0442\u0432\u0438\u0442\u0435\u043b\u044c\u043d\u043e\u0439 \u043a\u043e\u0436\u0435.<\/p>\n<\/details>\n","protected":false},"featured_media":24318,"template":"","meta":{"jetpack_publicize_message":"","jetpack_publicize_feature_enabled":true,"jetpack_social_post_already_shared":true,"jetpack_social_options":{"image_generator_settings":{"template":"highway","default_image_id":0,"font":"","enabled":false},"version":2}},"product_brand":[],"product_cat":[973,340,912,974,979],"product_tag":[],"class_list":{"0":"post-23131","1":"product","2":"type-product","3":"status-publish","4":"has-post-thumbnail","6":"product_cat-makeup","7":"product_cat-kiko-milano","8":"product_cat-nahahooldus","9":"product_cat-face","10":"product_cat-blush","11":"pa_varv-01-golden-sand","12":"pa_varv-02-golden-peach","13":"pa_varv-05-camelia-red","14":"pa_varv-06-geranium","15":"pa_varv-07-natural-rose","16":"pa_varv-08-rose-mauve","18":"first","19":"instock","20":"sale","21":"shipping-taxable","22":"purchasable","23":"product-type-variable"},"jetpack_publicize_connections":[],"jetpack_sharing_enabled":true,"jetpack_likes_enabled":true,"_links":{"self":[{"href":"https:\/\/superstore.ee\/index.php\/wp-json\/wp\/v2\/product\/23131","targetHints":{"allow":["GET"]}}],"collection":[{"href":"https:\/\/superstore.ee\/index.php\/wp-json\/wp\/v2\/product"}],"about":[{"href":"https:\/\/superstore.ee\/index.php\/wp-json\/wp\/v2\/types\/product"}],"wp:featuredmedia":[{"embeddable":true,"href":"https:\/\/superstore.ee\/index.php\/wp-json\/wp\/v2\/media\/24318"}],"wp:attachment":[{"href":"https:\/\/superstore.ee\/index.php\/wp-json\/wp\/v2\/media?parent=23131"}],"wp:term":[{"taxonomy":"product_brand","embeddable":true,"href":"https:\/\/superstore.ee\/index.php\/wp-json\/wp\/v2\/product_brand?post=23131"},{"taxonomy":"product_cat","embeddable":true,"href":"https:\/\/superstore.ee\/index.php\/wp-json\/wp\/v2\/product_cat?post=23131"},{"taxonomy":"product_tag","embeddable":true,"href":"https:\/\/superstore.ee\/index.php\/wp-json\/wp\/v2\/product_tag?post=23131"}],"curies":[{"name":"wp","href":"https:\/\/api.w.org\/{rel}","templated":true}]}}