{"id":234,"date":"2021-12-05T22:57:10","date_gmt":"2021-12-05T20:57:10","guid":{"rendered":"https:\/\/superstore.ee\/?post_type=product&#038;p=234"},"modified":"2022-03-28T10:00:47","modified_gmt":"2022-03-28T08:00:47","slug":"naiste-calvin-klein-pusa","status":"publish","type":"product","link":"https:\/\/superstore.ee\/index.php\/toode\/naiste-calvin-klein-pusa\/","title":{"rendered":"Naiste Calvin Klein pusa"},"content":{"rendered":"","protected":false},"excerpt":{"rendered":"<p>\ud83c\uddea\ud83c\uddea Uus originaalne naiste Calvin Klein pusa<br \/>\nSuurus: 16a, sobib XS\/S suurusele<br \/>\nMaterjal: 100% orgaaniline puuvill<br \/>\nM\u00f5\u00f5tmed: rind 103cm, \u00fcldpikkus 48cm<br \/>\nT\u00e4ishind: 70\u20ac<\/p>\n<p>\ud83c\uddf7\ud83c\uddfa \u041d\u043e\u0432\u0430\u044f \u043e\u0440\u0438\u0433\u0438\u043d\u0430\u043b\u044c\u043d\u0430\u044f \u0436\u0435\u043d\u0441\u043a\u0430\u044f \u043a\u043e\u0444\u0442\u0430 Calvin Klein<br \/>\n\u0420\u0430\u0437\u043c\u0435\u0440: 16\u043b\u0435\u0442, \u043f\u043e\u0434\u0445\u043e\u0434\u0438\u0442 \u043d\u0430 XS\/S \u0440\u0430\u0437\u043c\u0435\u0440<br \/>\n\u041c\u0430\u0442\u0435\u0440\u0438\u0430\u043b: 100% \u043e\u0440\u0433\u0430\u043d\u0438\u0447\u0435\u0441\u043a\u0438\u0439 \u0445\u043b\u043e\u043f\u043e\u043a<br \/>\n\u041f\u0430\u0440\u0430\u043c\u0435\u0442\u0440\u044b: \u0433\u0440\u0443\u0434\u044c 103\u0441\u043c, \u043e\u0431\u0449\u0430\u044f \u0434\u043b\u0438\u043d\u0430 48\u0441\u043c<br \/>\n\u041f\u043e\u043b\u043d\u0430\u044f \u0446\u0435\u043d\u0430: 70\u20ac<\/p>\n<p>\ud83c\uddfa\ud83c\uddf8 Women&#8217;s Calvin Klein sweatshirt<br \/>\nSize: 16y, fits XS\/S size<br \/>\nMaterial: 100% organic cotton<br \/>\nParameters: chest 103cm, length 48cm<br \/>\nFull price: 70\u20ac<\/p>\n","protected":false},"featured_media":976,"template":"","meta":{"jetpack_publicize_message":"","jetpack_publicize_feature_enabled":true,"jetpack_social_post_already_shared":false,"jetpack_social_options":{"image_generator_settings":{"template":"highway","default_image_id":0,"font":"","enabled":false},"version":2}},"product_brand":[],"product_cat":[15],"product_tag":[55,33,46,43],"class_list":{"0":"post-234","1":"product","2":"type-product","3":"status-publish","4":"has-post-thumbnail","6":"product_cat-maaramata","7":"product_tag-lapsed","8":"product_tag-naised","9":"product_tag-pusad","10":"product_tag-riided","12":"first","13":"outofstock","14":"sale","15":"shipping-taxable","16":"purchasable","17":"product-type-simple"},"jetpack_publicize_connections":[],"jetpack_sharing_enabled":true,"jetpack_likes_enabled":true,"_links":{"self":[{"href":"https:\/\/superstore.ee\/index.php\/wp-json\/wp\/v2\/product\/234","targetHints":{"allow":["GET"]}}],"collection":[{"href":"https:\/\/superstore.ee\/index.php\/wp-json\/wp\/v2\/product"}],"about":[{"href":"https:\/\/superstore.ee\/index.php\/wp-json\/wp\/v2\/types\/product"}],"wp:featuredmedia":[{"embeddable":true,"href":"https:\/\/superstore.ee\/index.php\/wp-json\/wp\/v2\/media\/976"}],"wp:attachment":[{"href":"https:\/\/superstore.ee\/index.php\/wp-json\/wp\/v2\/media?parent=234"}],"wp:term":[{"taxonomy":"product_brand","embeddable":true,"href":"https:\/\/superstore.ee\/index.php\/wp-json\/wp\/v2\/product_brand?post=234"},{"taxonomy":"product_cat","embeddable":true,"href":"https:\/\/superstore.ee\/index.php\/wp-json\/wp\/v2\/product_cat?post=234"},{"taxonomy":"product_tag","embeddable":true,"href":"https:\/\/superstore.ee\/index.php\/wp-json\/wp\/v2\/product_tag?post=234"}],"curies":[{"name":"wp","href":"https:\/\/api.w.org\/{rel}","templated":true}]}}