{"id":23443,"date":"2025-05-11T08:31:17","date_gmt":"2025-05-11T05:31:17","guid":{"rendered":"https:\/\/superstore.ee\/?post_type=product&#038;p=23443"},"modified":"2025-11-03T02:05:59","modified_gmt":"2025-11-03T00:05:59","slug":"kiko-milano-glossy-lip-set","status":"publish","type":"product","link":"https:\/\/superstore.ee\/index.php\/toode\/kiko-milano-glossy-lip-set\/","title":{"rendered":"KIKO Milano Glossy Lip Set (2 3D Hydra Lipglosses + Lip Volume)"},"content":{"rendered":"","protected":false},"excerpt":{"rendered":"<p>Meigikomplekt, mis sisaldab 2 niisutavat huulel\u00e4iget ja 1 t\u00e4iustavat vol\u00fc\u00fcmi andvat huulekreemi.<\/p>\n<p>Komplekt sisaldab:<\/p>\n<p>N.1 3D Hydra Lipgloss 17<br \/>\nN.1 3D Hydra Lipgloss 20<br \/>\n3D-efektiga huulel\u00e4ige pimestava viimistlusega. Selle pehme, sensuaalne tekstuur sulandub huultele, j\u00e4ttes need siledaks, s\u00e4ravaks ja niisutatuks.<\/p>\n<p>N.1 Lip volume 01<br \/>\nKreem flokeeritud aplikaatoriga, mis niisutab ja toob esile teie huulte loomuliku v\u00e4rvi. Selle eriline koostis seesamiseemneekstrakti ja h\u00fcaluroonhappe graanulitega annab suurep\u00e4rase vol\u00fc\u00fcmi andva efekti.<\/p>\n<p>Ideaalne:<\/p>\n<p>huulte r\u00f5hutamiseks ajatute toonidega ja vastupandamatu vol\u00fc\u00fcmi andva efektiga. T\u00e4iuslik komplekt igaks s\u00fcndmuseks ja vaevata veatute, s\u00e4ravate huulte jaoks.<\/p>\n<p>19.5 ml \/ 0.659 fl.oz<\/p>\n<p>Valmistatud Itaalias<\/p>\n<details>\n<summary>Details<\/summary>\n<div translate=\"no\">\n<p>Make-up set: 2 moisturising lip glosses and 1 perfecting lip cream Make-up set containing 2 moisturising lip glosses and 1 perfecting volume-enhancing lip cream.The kit contains:<\/p>\n<p>&#8211; N.1 3D Hydra Lipgloss 17<\/p>\n<p>&#8211; N.1 3D Hydra Lipgloss 20<\/p>\n<p>A 3D-effect lip gloss with a dazzling finish. Its soft, sensuous texture melts into the lips, leaving them smooth, radiant and moisturised*.<\/p>\n<p>&#8211; N.1 Lip volume 01<\/p>\n<p>A cream with a flocked applicator that moisturises** and brings out the natural colour of your lips. Its special formula with sesame seed extract and hyaluronic acid beads adds a brilliant volume-enhancing effect***.<\/p>\n<p>Ideal for: enhancing your lips with timeless shades and an irresistible volume-enhancing effect. The perfect set for every occasion and for effortlessly flawless, radiant lips.<br \/>\n19.5 ml \/ 0.659 fl.oz<br \/>\nMade in Italy<\/p>\n<p>INGREDIENTS:<br \/>\nLIPGLOSS 17 &#8211; 20 INGREDIENTS: POLYBUTENE, OCTYLDODECANOL, OCTYLDODECYL STEAROYL STEARATE, SILICA DIMETHYL SILYLATE, TRIETHYLHEXANOIN , TRIISODECYL TRIMELLITATE, ISOCETYL STEARATE, DIISOSTEARYL MALATE, PENTAERYTHRITYL TETRAISOSTEARATE, PHENYLPROPYLDIMETHYLSILOXYSILI CATE, GLYCERYL BEHENATE\/EICOSADIOATE, ELAEIS GUINEENSIS OIL (ELAEIS GUINEENSIS (PALM) OIL), GOSSYPIUM HERBACEUM SEED OIL (GOSSYPIUM HERBACEUM (COTTON) SEED OIL), BIDENS PILOSA EXTRACT, LINUM USITATISSIMUM SEED OIL (LINUM USITATISSIMUM (LINSEED) SEED OIL), TOCOPHER OL, DIETHYLHEXYL SYRINGYLIDENEMALONATE, CAPRYLIC\/CAPRIC TRIGLYCERIDE, TOCOPHERYL ACETATE, ETHYL VANILLIN, CALCIUM SODIUM BOROSILICAT E, CALCIUM ALUMINUM BOROSILICATE, SILICA, SYNTHETIC FLUORPHLOGOPITE, MICA, TIN OXIDE. +\/- (MAY CONTAIN): CI 77891 (TITANIUM DIOXIDE) , CI 77491 &#8211; CI 77492 &#8211; CI 77499 (IRON OXIDES), CI 15850 (RED 6\/ RED 7), CI 19140 (YELLOW 5 LAKE), CI 45410 (RED 28 LAKE), CI 42090 (BLUE 1 LAKE). LIP VOLUME INGREDIENTS: HYDROGENATED POLYDECENE, POLYBUTENE, HYDROGENATED STYRENE\/ISOPRENE COPOLYMER, CAPRYLIC\/CAPRI C TRIGLYCERIDE, ETHYLHEXYL PALMITATE, BIS-BEHENYL\/ISOSTEARYL\/PHYTOSTERYL DIMER DILINOLEYL DIMER DILINOLEATE, DIPENTAERYTHRITYL TETRA HYDROXYSTEARATE\/TETRAISOSTEARATE, DIMETHYL ISOSORBIDE, MENTHONE GLYCERIN ACETAL, AROMA (FLAVOR), PENTAERYTHRITYL TETRA-DI-T-BUTYL HY DROXYHYDROCINNAMATE, TOCOPHEROL, SESAMUM INDICUM SEED EXTRACT (SESAMUM INDICUM (SESAME) SEED EXTRACT), SILICA DIMETHYL SILYLATE, BUT YLENE GLYCOL, CAPRYLYL GLYCOL, PHENOXYETHANOL, SODIUM HYALURONATE, HEXYLENE GLYCOL, CI 77891 (TITANIUM DIOXIDE), CI 77491 (IRON OXID ES), CI 45410 (RED 28 LAKE).<\/p>\n<\/div>\n<p>\u041d\u0430\u0431\u043e\u0440 \u0434\u043b\u044f \u043c\u0430\u043a\u0438\u044f\u0436\u0430, \u0441\u043e\u0434\u0435\u0440\u0436\u0430\u0449\u0438\u0439 2 \u0443\u0432\u043b\u0430\u0436\u043d\u044f\u044e\u0449\u0438\u0445 \u0431\u043b\u0435\u0441\u043a\u0430 \u0434\u043b\u044f \u0433\u0443\u0431 \u0441 \u044d\u0444\u0444\u0435\u043a\u0442\u043e\u043c 3D \u0438 1 \u0441\u043e\u0432\u0435\u0440\u0448\u0435\u043d\u0441\u0442\u0432\u0443\u044e\u0449\u0438\u0439 \u043a\u0440\u0435\u043c \u0434\u043b\u044f \u0433\u0443\u0431 \u0441 \u044d\u0444\u0444\u0435\u043a\u0442\u043e\u043c \u0443\u0432\u0435\u043b\u0438\u0447\u0435\u043d\u0438\u044f \u043e\u0431\u044a\u0435\u043c\u0430.<\/p>\n<p>\u0412 \u043d\u0430\u0431\u043e\u0440\u0435:<\/p>\n<p>N.1 3D Hydra Lipgloss 17<br \/>\nN.1 3D Hydra Lipgloss 20<br \/>\n\u0411\u043b\u0435\u0441\u043a \u0434\u043b\u044f \u0433\u0443\u0431 \u0441 3D-\u044d\u0444\u0444\u0435\u043a\u0442\u043e\u043c \u0438 \u043e\u0441\u043b\u0435\u043f\u0438\u0442\u0435\u043b\u044c\u043d\u044b\u043c \u0441\u0438\u044f\u043d\u0438\u0435\u043c. \u0415\u0433\u043e \u043c\u044f\u0433\u043a\u0430\u044f, \u0447\u0443\u0432\u0441\u0442\u0432\u0435\u043d\u043d\u0430\u044f \u0442\u0435\u043a\u0441\u0442\u0443\u0440\u0430 \u0442\u0430\u0435\u0442 \u043d\u0430 \u0433\u0443\u0431\u0430\u0445, \u0434\u0435\u043b\u0430\u044f \u0438\u0445 \u0433\u043b\u0430\u0434\u043a\u0438\u043c\u0438, \u0441\u0438\u044f\u044e\u0449\u0438\u043c\u0438 \u0438 \u0443\u0432\u043b\u0430\u0436\u043d\u0435\u043d\u043d\u044b\u043c\u0438.<\/p>\n<p>N.1 Lip volume 01<br \/>\n\u041a\u0440\u0435\u043c \u0441 \u043c\u044f\u0433\u043a\u0438\u043c \u0430\u043f\u043f\u043b\u0438\u043a\u0430\u0442\u043e\u0440\u043e\u043c, \u043a\u043e\u0442\u043e\u0440\u044b\u0439 \u0443\u0432\u043b\u0430\u0436\u043d\u044f\u0435\u0442 \u0438 \u043f\u043e\u0434\u0447\u0435\u0440\u043a\u0438\u0432\u0430\u0435\u0442 \u0435\u0441\u0442\u0435\u0441\u0442\u0432\u0435\u043d\u043d\u044b\u0439 \u0446\u0432\u0435\u0442 \u0432\u0430\u0448\u0438\u0445 \u0433\u0443\u0431. \u0415\u0433\u043e \u043e\u0441\u043e\u0431\u0430\u044f \u0444\u043e\u0440\u043c\u0443\u043b\u0430 \u0441 \u044d\u043a\u0441\u0442\u0440\u0430\u043a\u0442\u043e\u043c \u0441\u0435\u043c\u044f\u043d \u043a\u0443\u043d\u0436\u0443\u0442\u0430 \u0438 \u0441\u0444\u0435\u0440\u0430\u043c\u0438 \u0433\u0438\u0430\u043b\u0443\u0440\u043e\u043d\u043e\u0432\u043e\u0439 \u043a\u0438\u0441\u043b\u043e\u0442\u044b \u043f\u0440\u0438\u0434\u0430\u0435\u0442 \u0432\u0435\u043b\u0438\u043a\u043e\u043b\u0435\u043f\u043d\u044b\u0439 \u044d\u0444\u0444\u0435\u043a\u0442 \u0443\u0432\u0435\u043b\u0438\u0447\u0435\u043d\u0438\u044f \u043e\u0431\u044a\u0435\u043c\u0430.<\/p>\n<\/details>\n","protected":false},"featured_media":23811,"template":"","meta":{"jetpack_publicize_message":"","jetpack_publicize_feature_enabled":true,"jetpack_social_post_already_shared":true,"jetpack_social_options":{"image_generator_settings":{"template":"highway","default_image_id":0,"font":"","enabled":false},"version":2}},"product_brand":[],"product_cat":[911,969,988,986,973,340,971,964],"product_tag":[],"class_list":{"0":"post-23443","1":"product","2":"type-product","3":"status-publish","4":"has-post-thumbnail","6":"product_cat-huuled","7":"product_cat-lip-care","8":"product_cat-lip-gloss","9":"product_cat-kiko-lips","10":"product_cat-makeup","11":"product_cat-kiko-milano","12":"product_cat-sets","13":"product_cat-face-care","15":"first","16":"outofstock","17":"shipping-taxable","18":"purchasable","19":"product-type-simple"},"jetpack_publicize_connections":[],"jetpack_sharing_enabled":true,"jetpack_likes_enabled":true,"_links":{"self":[{"href":"https:\/\/superstore.ee\/index.php\/wp-json\/wp\/v2\/product\/23443","targetHints":{"allow":["GET"]}}],"collection":[{"href":"https:\/\/superstore.ee\/index.php\/wp-json\/wp\/v2\/product"}],"about":[{"href":"https:\/\/superstore.ee\/index.php\/wp-json\/wp\/v2\/types\/product"}],"wp:featuredmedia":[{"embeddable":true,"href":"https:\/\/superstore.ee\/index.php\/wp-json\/wp\/v2\/media\/23811"}],"wp:attachment":[{"href":"https:\/\/superstore.ee\/index.php\/wp-json\/wp\/v2\/media?parent=23443"}],"wp:term":[{"taxonomy":"product_brand","embeddable":true,"href":"https:\/\/superstore.ee\/index.php\/wp-json\/wp\/v2\/product_brand?post=23443"},{"taxonomy":"product_cat","embeddable":true,"href":"https:\/\/superstore.ee\/index.php\/wp-json\/wp\/v2\/product_cat?post=23443"},{"taxonomy":"product_tag","embeddable":true,"href":"https:\/\/superstore.ee\/index.php\/wp-json\/wp\/v2\/product_tag?post=23443"}],"curies":[{"name":"wp","href":"https:\/\/api.w.org\/{rel}","templated":true}]}}