{"id":23449,"date":"2025-05-11T08:50:53","date_gmt":"2025-05-11T05:50:53","guid":{"rendered":"https:\/\/superstore.ee\/?post_type=product&#038;p=23449"},"modified":"2026-02-02T11:32:35","modified_gmt":"2026-02-02T09:32:35","slug":"kiko-milano-perfect-lips-caring-set","status":"publish","type":"product","link":"https:\/\/superstore.ee\/index.php\/toode\/kiko-milano-perfect-lips-caring-set\/","title":{"rendered":"KIKO Milano Perfect Lips Caring Set ( N.1 Lip scrub + N.1 Lip volume) \u2b50"},"content":{"rendered":"","protected":false},"excerpt":{"rendered":"<div class=\"ProductDetails__Sub hidden-md\">\n<p>KIKO Milano Ideaalne Komplekt (vol\u00fc\u00fcmi andev huulel\u00e4ige + huulekoorija)<\/p>\n<p><strong>Komplekt<\/strong> <strong>sisaldab<\/strong>:<\/p>\n<ol>\n<li>Huulekoorija <strong>Lip scrub. <\/strong>Pulgavormingus \u00f5rn huulekoorija. Koostises olevad spetsiaalsed kristallid koorivad huuli \u00f5rnalt, j\u00e4ttes need siledaks.<\/li>\n<li>Huulekreem <strong>Lip volume 01 tutu rose. <\/strong>Huulekreem, mis toidab ja niisutab, tuues esile huulte loomuliku v\u00e4rvi. Spetsiaalne valem, mis on rikastatud seesamiseemneekstrakti ja h\u00fcaluroonhappe mikrohelmestega, annab silmipimestava t\u00e4idlase efekti.<\/li>\n<\/ol>\n<\/div>\n<details>\n<summary>Details<\/summary>\n<div translate=\"no\">Perfect Lips Caring Set<br \/>\nSkincare set containing 1 lip scrub and 1 perfecting volume-enhancing lip cream.The kit contains:<br \/>\n&#8211; N.1 Lip scrub<br \/>\nGentle lip scrub in stick format. The special crystals in the formula gently exfoliate the lips, leaving them smooth.<br \/>\nThe soft and innovative texture leaves the skin feeling pampered.- N.1 Lip volume 01<br \/>\nA cream with a flocked applicator that nourishes and moisturises* and brings out the natural colour of your lips. Its special formula enriched with sesame seed extract and hyaluronic acid beads adds a dazzling volume-enhancing effect**.Ideal for:<br \/>\ntaking care of your lips by giving them an irresistible, flawless look. The perfect set for every occasion and for effortlessly soft, radiant lips.6.5 ml \/ 0.220 fl.oz<br \/>\nMade in ItalyLIP SCRUB INGREDIENTS: OCTYLDODECYL STEAROYL STEARATE, BUTYROSPERMUM PARKII BUTTER (BUTYROSPERMUM PARKII (SHEA) BUTTER), POLYLACTIC ACID, CERA ALBA (BEESWAX\/CIRE D&#8217;ABEILLE), HYDROGENATED POLYISOBUTENE, POLYBUTENE, POLYETHYLENE, OZOKERITE, COPERNICIA CERIFERA CERA (COPERNICIA CERIFERA (CARNAUBA) WAX\/ CIRE DE CARNAUBA), GLYCERYL DIBEHENATE, AROMA (FLAVOR), TRIBEHENIN, GLYCERYL BEHENATE, SODIUM S ACCHARIN, DIETHYLHEXYL SYRINGYLIDENEMALONATE, TOCOPHERYL ACETATE, CAPRYLIC\/CAPRIC TRIGLYCERIDE, PENTAERYTHRITYL TETRAISOSTEARATE, CI 15850 (RED 7).LIP VOLUME INGREDIENTS: HYDROGENATED POLYDECENE, POLYBUTENE, HYDROGENATED STYRENE\/ISOPRENE COPOLYMER, CAPRYLIC\/CAPRIC TRIGLYCERIDE, ETHYLHEXYL PALMITATE, BIS-BEHENYL\/ISOSTEARYL\/PHYTOSTERYL DIMER DILINOLEYL DIMER DILINOLEATE, DIPENTAERYTHRITYL TETRAH YDROXYSTEARATE\/TETRAISOSTEARATE, DIMETHYL ISOSORBIDE, MENTHONE GLYCERIN ACETAL, AROMA (FLAVOR), PENTAERYTHRITYL TETRA-DI-T-BUTYL HYD ROXYHYDROCINNAMATE, TOCOPHEROL, SESAMUM INDICUM SEED EXTRACT (SESAMUM INDICUM (SESAME) SEED EXTRACT), SILICA DIMETHYL SILYLATE, BUTY LENE GLYCOL, CAPRYLYL GLYCOL, PHENOXYETHANOL, SODIUM HYALURONATE, HEXYLENE GLYCOL, CI 77891 (TITANIUM DIOXIDE), CI 77491 (IRON OXIDE S), CI 45410 (RED 28 LAKE).<\/div>\n<p>\u041d\u0430\u0431\u043e\u0440 \u0434\u043b\u044f \u0443\u0445\u043e\u0434\u0430 \u0437\u0430 \u0433\u0443\u0431\u0430\u043c\u0438 KIKO Milano, \u0432\u043a\u043b\u044e\u0447\u0430\u044e\u0449\u0438\u0439 1 \u0441\u043a\u0440\u0430\u0431 \u0434\u043b\u044f \u0433\u0443\u0431 \u0438 1 \u043a\u0440\u0435\u043c \u0434\u043b\u044f \u0433\u0443\u0431<br \/>\n\u0412 \u043d\u0430\u0431\u043e\u0440 \u0432\u0445\u043e\u0434\u0438\u0442:<\/p>\n<ol>\n<li>\u0421\u043a\u0440\u0430\u0431 \u0434\u043b\u044f \u0433\u0443\u0431 <strong>Lip scrub. <\/strong>\u041c\u044f\u0433\u043a\u0438\u0439 \u0441\u043a\u0440\u0430\u0431 \u0434\u043b\u044f \u0433\u0443\u0431 \u0432 \u0432\u0438\u0434\u0435 \u0441\u0442\u0438\u043a\u0430. \u0421\u043f\u0435\u0446\u0438\u0430\u043b\u044c\u043d\u044b\u0435 \u043a\u0440\u0438\u0441\u0442\u0430\u043b\u043b\u044b \u0432 \u0444\u043e\u0440\u043c\u0443\u043b\u0435 \u043d\u0435\u0436\u043d\u043e \u043e\u0442\u0448\u0435\u043b\u0443\u0448\u0438\u0432\u0430\u044e\u0442 \u043a\u043e\u0436\u0443 \u0433\u0443\u0431, \u0434\u0435\u043b\u0430\u044f \u0435\u0451 \u0433\u043b\u0430\u0434\u043a\u043e\u0439.<\/li>\n<li>\u041a\u0440\u0435\u043c \u0434\u043b\u044f \u0433\u0443\u0431 <strong>Lip volume 01 tutu rose<\/strong>\u041a\u0440\u0435\u043c \u0434\u043b\u044f \u0433\u0443\u0431, \u043a\u043e\u0442\u043e\u0440\u044b\u0439 \u043f\u0438\u0442\u0430\u0435\u0442 \u0438 \u0443\u0432\u043b\u0430\u0436\u043d\u044f\u0435\u0442, \u043f\u043e\u0434\u0447\u0435\u0440\u043a\u0438\u0432\u0430\u044f \u0435\u0441\u0442\u0435\u0441\u0442\u0432\u0435\u043d\u043d\u044b\u0439 \u0446\u0432\u0435\u0442 \u0432\u0430\u0448\u0438\u0445 \u0433\u0443\u0431. \u0421\u043f\u0435\u0446\u0438\u0430\u043b\u044c\u043d\u0430\u044f \u0444\u043e\u0440\u043c\u0443\u043b\u0430, \u043e\u0431\u043e\u0433\u0430\u0449\u0435\u043d\u043d\u0430\u044f \u044d\u043a\u0441\u0442\u0440\u0430\u043a\u0442\u043e\u043c \u043a\u0443\u043d\u0436\u0443\u0442\u043d\u044b\u0445 \u0441\u0435\u043c\u044f\u043d \u0438 \u0448\u0430\u0440\u0438\u043a\u0430\u043c\u0438 \u0433\u0438\u0430\u043b\u0443\u0440\u043e\u043d\u043e\u0432\u043e\u0439 \u043a\u0438\u0441\u043b\u043e\u0442\u044b, \u043f\u0440\u0438\u0434\u0430\u0435\u0442 \u043e\u0441\u043b\u0435\u043f\u0438\u0442\u0435\u043b\u044c\u043d\u044b\u0439 \u044d\u0444\u0444\u0435\u043a\u0442 \u0443\u0432\u0435\u043b\u0438\u0447\u0435\u043d\u0438\u044f \u043e\u0431\u044a\u0435\u043c\u0430.<\/li>\n<\/ol>\n<\/details>\n","protected":false},"featured_media":19733,"template":"","meta":{"jetpack_publicize_message":"","jetpack_publicize_feature_enabled":true,"jetpack_social_post_already_shared":true,"jetpack_social_options":{"image_generator_settings":{"template":"highway","default_image_id":0,"font":"","enabled":false},"version":2}},"product_brand":[],"product_cat":[969,988,987,986,973,340,830,971,964],"product_tag":[],"class_list":{"0":"post-23449","1":"product","2":"type-product","3":"status-publish","4":"has-post-thumbnail","6":"product_cat-lip-care","7":"product_cat-lip-gloss","8":"product_cat-lipstick","9":"product_cat-kiko-lips","10":"product_cat-makeup","11":"product_cat-kiko-milano","12":"product_cat-kingitused","13":"product_cat-sets","14":"product_cat-face-care","15":"pa_varv-01-blonde","16":"pa_varv-02-chestnut","18":"first","19":"outofstock","20":"sale","21":"shipping-taxable","22":"purchasable","23":"product-type-simple"},"jetpack_publicize_connections":[],"jetpack_sharing_enabled":true,"jetpack_likes_enabled":true,"_links":{"self":[{"href":"https:\/\/superstore.ee\/index.php\/wp-json\/wp\/v2\/product\/23449","targetHints":{"allow":["GET"]}}],"collection":[{"href":"https:\/\/superstore.ee\/index.php\/wp-json\/wp\/v2\/product"}],"about":[{"href":"https:\/\/superstore.ee\/index.php\/wp-json\/wp\/v2\/types\/product"}],"wp:featuredmedia":[{"embeddable":true,"href":"https:\/\/superstore.ee\/index.php\/wp-json\/wp\/v2\/media\/19733"}],"wp:attachment":[{"href":"https:\/\/superstore.ee\/index.php\/wp-json\/wp\/v2\/media?parent=23449"}],"wp:term":[{"taxonomy":"product_brand","embeddable":true,"href":"https:\/\/superstore.ee\/index.php\/wp-json\/wp\/v2\/product_brand?post=23449"},{"taxonomy":"product_cat","embeddable":true,"href":"https:\/\/superstore.ee\/index.php\/wp-json\/wp\/v2\/product_cat?post=23449"},{"taxonomy":"product_tag","embeddable":true,"href":"https:\/\/superstore.ee\/index.php\/wp-json\/wp\/v2\/product_tag?post=23449"}],"curies":[{"name":"wp","href":"https:\/\/api.w.org\/{rel}","templated":true}]}}