{"id":23537,"date":"2025-05-29T23:58:55","date_gmt":"2025-05-29T20:58:55","guid":{"rendered":"https:\/\/superstore.ee\/?post_type=product&#038;p=23537"},"modified":"2026-02-05T18:36:22","modified_gmt":"2026-02-05T16:36:22","slug":"kiko-milano-golden-oasis-night-ritual-beauty-gift-set","status":"publish","type":"product","link":"https:\/\/superstore.ee\/index.php\/toode\/kiko-milano-golden-oasis-night-ritual-beauty-gift-set\/","title":{"rendered":"KIKO Milano Golden Oasis Night Ritual Beauty Gift Set"},"content":{"rendered":"","protected":false},"excerpt":{"rendered":"<div id=\"model-response-message-contentr_ecc7ba24937547e5\" class=\"markdown markdown-main-panel stronger enable-updated-hr-color\" dir=\"ltr\">\n<p data-sourcepos=\"7:1-7:182\">See elegantne n\u00e4ohoolduskomplekt sisaldab meigieemalduspalsamit, puhastusgeeli, n\u00e4okoorijat ja niisutavat toonikut, mis k\u00f5ik on stiilselt pakendatud kinkekarpi.<\/p>\n<p data-sourcepos=\"9:1-9:22\"><strong>Komplekt sisaldab:<\/strong><\/p>\n<p>&#8211; N.1 New Pure Clean puhastuspalsam<\/p>\n<p>See luksuslik palsam muutub nahale kandes \u00f5liseks, eemaldades vaevata k\u00f5ik meigij\u00e4\u00e4gid ja j\u00e4ttes naha siidiseks, niisutatuks ning hooldatuks. P\u00f5hjalik, hellitav ja uus l\u00e4henemine naha puhastamisele.<\/p>\n<p>&#8211; N.1 New Pure Clean n\u00e4okoorija<\/p>\n<p>T\u00f5hus geelvalem, mis eemaldab \u00f5rnalt mustuse ja meigi, muutes selle t\u00e4iuslikuks enesehooldusetapiks kauni naha saavutamiseks.<\/p>\n<p>&#8211; N.1 New Pure Clean toonik<\/p>\n<p>Kerge, vesise tekstuuriga n\u00e4ovesi, mis niisutab, v\u00e4rskendab ja hellitab nahka pehmendava toimega.<\/p>\n<p>&#8211; N.1 New Pure Clean mitsellaargeel<\/p>\n<p>\u00dcks toode, m\u00f5ned lihtsad sammud \u2013 veatuks, kiireks ja \u00f5rnaks puhastuseks. Selle v\u00e4rske, niisutav koostis eemaldab mustuse, saastej\u00e4ljed ja meigi, hellitades samal ajal nahka ja j\u00e4ttes selle siidiselt pehmeks.<\/p>\n<p>Maht: 325 ml<\/p>\n<p>Valmistatud: Itaalias<\/p>\n<p data-sourcepos=\"29:1-29:15\"><strong>KASUTAMINE:<\/strong><\/p>\n<p data-sourcepos=\"31:1-31:10\">PALSAM V\u00f5ta v\u00e4ike kogus palsamit ja kanna kuivale v\u00f5i kergelt niiskele n\u00e4ole. Masseeri \u00f5rnalt nahka ringjate liigutustega s\u00f5rmedega, kuni palsam muutub \u00f5liks. Loputa hoolikalt sooja veega.<\/p>\n<p>KOORIJA Kanna niiskele nahale ja \u00f5rnalt masseeri, seej\u00e4rel hoolikalt loputada. V\u00e4ltida silma\u00fcmbrust.<\/p>\n<p>TOONIK Kanna hommikul ja \u00f5htul vatipadjaga nahale enne seerumi v\u00f5i niisutaja pealekandmist.<\/p>\n<p data-sourcepos=\"42:1-42:18\">MITSELLAARGEEL Valada v\u00e4ike kogus toodet meigieemaldusk\u00e4snale (nagu meie puhastusk\u00e4sn), meigieemalduslapile (nagu meie pestav ja korduvkasutatav puhastuslapp) v\u00f5i otse k\u00e4tte. Masseeri n\u00e4ole, silmadele ja huultele.Loputa.<\/p>\n<hr data-sourcepos=\"47:1-47:3\" \/>\n<\/div>\n<details>\n<summary>Details<\/summary>\n<div translate=\"no\">\n<p>Skincare kit with makeup removing balm, cleansing gel, facial scrub and toner Skincare kit featuring a makeup-removing balm, cleansing gel, exfoliating facial scrub, and hydrating tonic, all elegantly packaged in a refined gift box.The kit contains:<\/p>\n<p>&#8211; N.1 New Pure Clean Cleansing Balm<br \/>\nThis luxurious balm transforms into an oil on contact, effortlessly removing all traces of makeup while leaving skin silky, hydrated*, and pampered. A thorough, indulgent new approach to cleansing.<\/p>\n<p>&#8211; N.1 New Pure Clean Scrub<br \/>\nAn effective gel formula that gently removes impurities and makeup, making it the perfect self-care step for beautiful skin.<\/p>\n<p>&#8211; N.1 New Pure Clean Toner<br \/>\nA lightweight, watery texture that hydrates*, refreshes, and pampers the skin with a softening effect.<\/p>\n<p>&#8211; N.1 New Pure Clean Micellar Gel<br \/>\nOne product, a few simple steps, for a flawless, quick, and gentle cleanse. Its fresh, hydrating* formula removes impurities, traces of pollution*, and makeup while pampering the skin and leaving it silky soft.<\/p>\n<p>Ideal for:<br \/>\nhaving everything you need in one kit to thoroughly, effectively and gently cleanse the face. 325 ml \/ 10.990 fl.oz Made in Italy BALM -Take a small amount of balm and apply to a dry or slightly damp face. -Gently massage into the skin using circular motions with your fingers until the balm turns into an oil. -Rinse thoroughly with warm water. SCRUB Apply to damp skin and gently massage, then rinse thoroughly. Avoid the eye area. TONER Blot onto the skin with a cotton pad morning and night before applying your serum or moisturizer. MICELLAR GEL -Pour a small amount of product onto a makeup removal sponge, like our Cleansing Sponge, a makeup removal cloth, like our Cleansing Cloth (washable and reusable), or onto your hand. -Massage onto your face, eyes and lips. -Rinse.<\/p>\n<p>INGREDIENTS:<br \/>\nMAKE- UP REMOVER BALM INGREDIENTS: PRUNUS AMYGDALUS DULCIS OIL (PRUNUS AMYGDALUS DULCIS (SWEET ALMOND) OIL), PEG-20 GLYCERYL TRIISOS TEARATE, HYDROGENATED VEGETABLE OIL, SILICA, HYDROGENATED CASTOR OIL, PARFUM (FRAGRANCE), DIETHYLHEXYL SYRINGYLIDENEMALONATE, BUTYRO SPERMUM PARKII OIL (BUTYROSPERMUM PARKII (SHEA) OIL), PUNICA GRANATUM SEED OIL (PUNICA GRANATUM (POMEGRANATE) SEED OIL), VITIS VINIF ERA SEED OIL (VITIS VINIFERA (GRAPE) SEED OIL), CAPRYLIC\/CAPRIC TRIGLYCERIDE, RICINUS COMMUNIS SEED OIL (RICINUS COMMUNIS (CASTOR) S EED OIL), SODIUM HYALURONATE. SCRUB INGREDIENTS: AQUA (WATER\/EAU), PEG-7 GLYCERYL COCOATE, PUMICE, ORYZA SATIVA POWDER (ORYZA SATIVA (RICE) POWDER), DISODIUM COCOAMPHODIACETATE, CARBOMER, COCAMIDOPROPYL BETAINE, ACRYLATES\/C10-30 ALKYL ACRYLATE CROSSPOLYMER, SODIUM HYDROXIDE, POLYSORBATE 20, HYDROXYACETOPHENONE, PARFUM (FRAGRANCE), SODIUM HYALURONATE, SODIUM CHLORIDE, ETHYLHEXYLGLYCERIN, GLYCER IN, PUNICA GRANATUM FRUIT EXTRACT (PUNICA GRANATUM (POMEGRANATE) FRUIT EXTRACT), DISODIUM EDTA, TETRAMETHYL ACETYLOCTAHYDRONAPHTHALE NES, PHENOXYETHANOL, SODIUM BENZOATE, POTASSIUM SORBATE, CI 19140 (YELLOW 5), CI 42090 (BLUE 1).TONER MINI INGREDIENTS: AQUA (WATER\/ EAU), GLYCERIN, METHYL GLUCETH-20, BUTYLENE GLYCOL, PENTYLENE GLYCOL, PPG-26-BUTETH-26, PEG-40 HYDROGENATED CASTOR OIL, SODIUM CITRA TE, ETHYLHEXYLGLYCERIN, PARFUM (FRAGRANCE), SODIUM HYALURONATE, TETRASODIUM GLUTAMATE DIACETATE, PUNICA GRANATUM FRUIT EXTRACT (PUNI CA GRANATUM (POMEGRANATE) FRUIT EXTRACT), XANTHAN GUM, CITRIC ACID, LACTIC ACID, PHENOXYETHANOL, SODIUM BENZOATE, POTASSIUM SORBATE, TETRAMETHYL ACETYLOCTAHYDRONAPHTHALENES. CLEANSING GEL INGREDIENTS: AQUA (WATER\/EAU), GLYCERIN, SODIUM METHYL COCOYL TAURATE, POLY SORBATE 20, ACRYLATES\/C10-30 ALKYL ACRYLATE CROSSPOLYMER, PHENOXYETHANOL, COCAMIDOPROPYL BETAINE, XYLITOL, PARFUM (FRAGRANCE), CAPRY LYL GLYCOL, SODIUM HYDROXIDE, ETHYLHEXYLGLYCERIN, HEXYLENE GLYCOL, HYDROXYPROPYL GUAR, BETULA ALBA JUICE, PROPANEDIOL, SODIUM HYALUR ONATE, HOUTTUYNIA CORDATA EXTRACT, PAEONIA OFFICINALIS FLOWER EXTRACT, TETRAMETHYL ACETYLOCTAHYDRONAPHTHALENES, POTASSIUM SORBATE, S ODIUM BENZOATE, SODIUM CITRATE, CITRIC ACID, PUNICA GRANATUM PERICARP EXTRACT, BIOTIN.<\/p>\n<\/div>\n<p>\u041f\u043e\u0434\u0430\u0440\u043e\u0447\u043d\u044b\u0439 \u043d\u0430\u0431\u043e\u0440 \u0434\u043b\u044f \u0443\u0445\u043e\u0434\u0430 \u0437\u0430 \u043a\u043e\u0436\u0435\u0439 \u043b\u0438\u0446\u0430: \u0432\u043a\u043b\u044e\u0447\u0430\u0435\u0442 \u0431\u0430\u043b\u044c\u0437\u0430\u043c \u0434\u043b\u044f \u0441\u043d\u044f\u0442\u0438\u044f \u043c\u0430\u043a\u0438\u044f\u0436\u0430, \u043e\u0447\u0438\u0449\u0430\u044e\u0449\u0438\u0439 \u0441\u043a\u0440\u0430\u0431, \u0443\u0432\u043b\u0430\u0436\u043d\u044f\u044e\u0449\u0438\u0439 \u0442\u043e\u043d\u0438\u043a \u0438 \u043c\u0438\u0446\u0435\u043b\u043b\u044f\u0440\u043d\u044b\u0439 \u0433\u0435\u043b\u044c. \u041f\u0440\u0435\u0434\u043d\u0430\u0437\u043d\u0430\u0447\u0435\u043d \u0434\u043b\u044f \u0433\u043b\u0443\u0431\u043e\u043a\u043e\u0433\u043e \u0438 \u0431\u0435\u0440\u0435\u0436\u043d\u043e\u0433\u043e \u043e\u0447\u0438\u0449\u0435\u043d\u0438\u044f \u043a\u043e\u0436\u0438.<\/p>\n<\/details>\n","protected":false},"featured_media":23543,"template":"","meta":{"jetpack_publicize_message":"","jetpack_publicize_feature_enabled":true,"jetpack_social_post_already_shared":true,"jetpack_social_options":{"image_generator_settings":{"template":"highway","default_image_id":0,"font":"","enabled":false},"version":2}},"product_brand":[],"product_cat":[340,830,971,967,631,964,965],"product_tag":[],"class_list":{"0":"post-23537","1":"product","2":"type-product","3":"status-publish","4":"has-post-thumbnail","6":"product_cat-kiko-milano","7":"product_cat-kingitused","8":"product_cat-sets","9":"product_cat-creams-and-serums","10":"product_cat-sale","11":"product_cat-face-care","12":"product_cat-face-cleansers","14":"first","15":"outofstock","16":"sale","17":"shipping-taxable","18":"purchasable","19":"product-type-simple"},"jetpack_publicize_connections":[],"jetpack_sharing_enabled":true,"jetpack_likes_enabled":true,"_links":{"self":[{"href":"https:\/\/superstore.ee\/index.php\/wp-json\/wp\/v2\/product\/23537","targetHints":{"allow":["GET"]}}],"collection":[{"href":"https:\/\/superstore.ee\/index.php\/wp-json\/wp\/v2\/product"}],"about":[{"href":"https:\/\/superstore.ee\/index.php\/wp-json\/wp\/v2\/types\/product"}],"wp:featuredmedia":[{"embeddable":true,"href":"https:\/\/superstore.ee\/index.php\/wp-json\/wp\/v2\/media\/23543"}],"wp:attachment":[{"href":"https:\/\/superstore.ee\/index.php\/wp-json\/wp\/v2\/media?parent=23537"}],"wp:term":[{"taxonomy":"product_brand","embeddable":true,"href":"https:\/\/superstore.ee\/index.php\/wp-json\/wp\/v2\/product_brand?post=23537"},{"taxonomy":"product_cat","embeddable":true,"href":"https:\/\/superstore.ee\/index.php\/wp-json\/wp\/v2\/product_cat?post=23537"},{"taxonomy":"product_tag","embeddable":true,"href":"https:\/\/superstore.ee\/index.php\/wp-json\/wp\/v2\/product_tag?post=23537"}],"curies":[{"name":"wp","href":"https:\/\/api.w.org\/{rel}","templated":true}]}}