{"id":23671,"date":"2025-06-07T16:49:47","date_gmt":"2025-06-07T13:49:47","guid":{"rendered":"https:\/\/superstore.ee\/?post_type=product&#038;p=23671"},"modified":"2026-02-02T14:16:58","modified_gmt":"2026-02-02T12:16:58","slug":"victorias-secret-velvet-petals-starlit-body-mist","status":"publish","type":"product","link":"https:\/\/superstore.ee\/index.php\/toode\/victorias-secret-velvet-petals-starlit-body-mist\/","title":{"rendered":"Victoria\u2019s Secret Velvet Petals Starlit Body Mist"},"content":{"rendered":"","protected":false},"excerpt":{"rendered":"<div id=\"model-response-message-contentr_0b9ca520fd50a649\" class=\"markdown markdown-main-panel enable-updated-hr-color\" dir=\"ltr\">\n<h4 data-sourcepos=\"2:1-2:76\">Victoria\u2019s Secret Velvet Petals\u00a0 Starlit parf\u00fcmeeritud kehasprei<\/h4>\n<p data-sourcepos=\"5:1-5:283\">Victoria\u2019s Secret Kehasprei Starlit Kollektsioonist (250ml). <strong>Starlit kollektsioon<\/strong> on limiteeritud l\u00f5hnasari, mis \u00fchendab soojad, puuviljased ja lillelised noodid, luues luksusliku ja hubase tunde. Iga selle kollektsiooni l\u00f5hn on ainulaadne ja oman\u00e4oline.<\/p>\n<ul>\n<li><strong>Noodid:<\/strong> P\u00f5ldmarjane puit, glasuuritud aprikoos<\/li>\n<li><strong>Stiil:<\/strong> Puuviljane, puidune, magus. See l\u00f5hn \u00fchendab p\u00f5ldmuraka puidu s\u00fcgavuse ja suhkrustatud aprikoosi magususe, luues sooja ja k\u00fctkestava meeleolu.<\/li>\n<\/ul>\n<p data-sourcepos=\"10:1-10:113\">Pakume ka selle toote testereid, mis sobivad ideaalselt nii aroomiga tutvumiseks kui ka mugavaks reisimiseks.<\/p>\n<p data-sourcepos=\"12:1-12:176\"><strong>Kauakestva ja unustamatu aroomielamuse saamiseks<\/strong> \u00fchendage see imeline kehasprei sobiva Victoria\u2019s Secreti kehalosjooniga!<\/p>\n<details>\n<summary>Details<\/summary>\n<div translate=\"no\">\n<p>Victoria\u2019s Secret Starlit Fragrance Mist Body Fragrance (250ml). Limited-edition series of fragrances that combine warm, fruity, and floral notes to create a luxurious and comforting experience. Each fragrance in this collection has a unique style and characterVelvet Petals Starlit Notes: Blackberry Wood, Sugared Apricot. Style: Fruity, Woody, Sweet.<\/p>\n<p>This fragrance combines the richness of blackberry wood with the sweetness of sugared apricot, delivering a warm and seductive sensation.<\/p>\n<p>Pair with a matching Fragrance Body Lotion for a long-lasting fragrance experience.<\/p>\n<p>INGREDIENTS:<br \/>\nAlcohol Denat., Water (Aqua, Eau), Fragrance (Parfum), Propylene Glycol, Glycerin, PPG-26-Buteth-26, PEG-40 Hydrogenated Castor Oil, Ethylhexyl Methoxycinnamate, Ethylhexyl Salicylate, Butyl Methoxydibenzoylmethane, Limonene, Alpha-Isomethyl Ionone<br \/>\nIngredients are subject to change. For an accurate list of ingredients, please refer to the product packaging.<\/p>\n<\/div>\n<p>Victoria\u2019s Secret \u043f\u0430\u0440\u0444\u044e\u043c\u0438\u0440\u043e\u0432\u0430\u043d\u043d\u044b\u0439 \u043c\u0438\u0441\u0442 \u0441\u043f\u0440\u0435\u0439 \u0434\u043b\u044f \u0442\u0435\u043b\u0430 Velvet Petals Starlit<\/p>\n<\/details>\n<\/div>\n","protected":false},"featured_media":21660,"template":"","meta":{"jetpack_publicize_message":"","jetpack_publicize_feature_enabled":true,"jetpack_social_post_already_shared":true,"jetpack_social_options":{"image_generator_settings":{"template":"highway","default_image_id":0,"font":"","enabled":false},"version":2}},"product_brand":[],"product_cat":[927,910,993,341],"product_tag":[],"class_list":{"0":"post-23671","1":"product","2":"type-product","3":"status-publish","4":"has-post-thumbnail","6":"product_cat-victorias-secret-body-mists","7":"product_cat-kehaspreid","8":"product_cat-samples","9":"product_cat-victorias-secret","10":"pa_lohn-10-ml-tester","11":"pa_lohn-2-ml-tester","12":"pa_lohn-250-ml-full-size","13":"pa_lohn-30-ml-tester","15":"first","16":"outofstock","17":"sale","18":"shipping-taxable","19":"product-type-variable"},"jetpack_publicize_connections":[],"jetpack_sharing_enabled":true,"jetpack_likes_enabled":true,"_links":{"self":[{"href":"https:\/\/superstore.ee\/index.php\/wp-json\/wp\/v2\/product\/23671","targetHints":{"allow":["GET"]}}],"collection":[{"href":"https:\/\/superstore.ee\/index.php\/wp-json\/wp\/v2\/product"}],"about":[{"href":"https:\/\/superstore.ee\/index.php\/wp-json\/wp\/v2\/types\/product"}],"wp:featuredmedia":[{"embeddable":true,"href":"https:\/\/superstore.ee\/index.php\/wp-json\/wp\/v2\/media\/21660"}],"wp:attachment":[{"href":"https:\/\/superstore.ee\/index.php\/wp-json\/wp\/v2\/media?parent=23671"}],"wp:term":[{"taxonomy":"product_brand","embeddable":true,"href":"https:\/\/superstore.ee\/index.php\/wp-json\/wp\/v2\/product_brand?post=23671"},{"taxonomy":"product_cat","embeddable":true,"href":"https:\/\/superstore.ee\/index.php\/wp-json\/wp\/v2\/product_cat?post=23671"},{"taxonomy":"product_tag","embeddable":true,"href":"https:\/\/superstore.ee\/index.php\/wp-json\/wp\/v2\/product_tag?post=23671"}],"curies":[{"name":"wp","href":"https:\/\/api.w.org\/{rel}","templated":true}]}}