{"id":23677,"date":"2025-06-07T17:34:13","date_gmt":"2025-06-07T14:34:13","guid":{"rendered":"https:\/\/superstore.ee\/?post_type=product&#038;p=23677"},"modified":"2026-02-02T14:07:29","modified_gmt":"2026-02-02T12:07:29","slug":"victorias-secret-love-spell-starlit-fragrance-lotion","status":"publish","type":"product","link":"https:\/\/superstore.ee\/index.php\/toode\/victorias-secret-love-spell-starlit-fragrance-lotion\/","title":{"rendered":"Victoria\u2019s Secret Love Spell Starlit Fragrance Lotion"},"content":{"rendered":"","protected":false},"excerpt":{"rendered":"<h4 data-sourcepos=\"2:1-2:78\">Victoria\u2019s Secret Love Spell Starlit l\u00f5hnastatud kehakreem<\/h4>\n<p>Victoria\u2019s Secret l\u00f5hnastatud Kehakreem Starlit Kollektsioonist (236ml).\u00a0<strong>Starlit kollektsioon<\/strong>\u00a0on limiteeritud l\u00f5hnasari, mis \u00fchendab soojad, puuviljased ja lillelised noodid, luues luksusliku ja hubase tunde.<\/p>\n<ul>\n<li><strong>Noodid:<\/strong> aedmurakas, ipomea (moonflower)<\/li>\n<li><strong>Stiil:<\/strong> Lilleline, puuviljane. See l\u00f5hn \u00fchendab magusa boysenmarja ja \u00f5rna hommikukellukese aroomi, luues romantilise ja v\u00f5luva meeleolu.<\/li>\n<\/ul>\n<p data-sourcepos=\"12:1-12:175\"><strong>Kauakestva ja unustamatu aroomielamuse saamiseks<\/strong> \u00fchendage see imeline kehalosjoon sobiva Victoria\u2019s Secreti kehaspreiga!<\/p>\n<details>\n<summary>Details<\/summary>\n<div translate=\"no\">Victoria\u2019s Secret Body Fragrance Lotion 236ml Love Spell StarlitNotes: Enchanted Moonflower, Misty Boysenberry<br \/>\nStyle: Floral Fruity.<br \/>\nThis fragrance blends the sweetness of boysenberry with the delicacy of morning glory, creating a romantic and enchanting aura.<\/p>\n<p>Pair with a matching Fragrance Mist for a long-lasting fragrance experience.<\/p>\n<p>INGREDIENTS:<br \/>\nStearic Acid, Phenoxyethanol, Dimethicone, Hexamethylindanopyran, Acrylates\/C10-30 Alkyl Acrylate Crosspolymer, Chlorphenesin, Potassium Sorbate, Xanthan Gum, Sodium Hydroxide, Vanillin, Ethylhexylglycerin, Tetramethyl acetyloctahydronaphthalenes, Disodium EDTA, Hexadecanolactone, Linalyl acetate, Limonene, Linalool, Pinene, Citrus Aurantium Peel Oil, Benzyl Alcohol, Tocopheryl Acetate, Aloe Barbadensis Leaf Juice, Water (Aqua, Eau), Mineral Oil (Paraffinum Liquidum, Huile min\u00e9rale), Glycerin, Fragrance (Parfum), Cetyl Alcohol, Glyceryl Stearate, PEG-100 Stearate, Palmitic Acid<br \/>\nIngredients are subject to change. For an accurate list of ingredients, please refer to the product packaging.<\/p>\n<\/div>\n<p>Victoria\u2019s Secret Love Spell Starlit \u043f\u0430\u0440\u0444\u044e\u043c\u0438\u0440\u043e\u0432\u0430\u043d\u043d\u044b\u0439 \u043b\u043e\u0441\u044c\u043e\u043d \u0434\u043b\u044f \u0442\u0435\u043b\u0430 \u043a\u0440\u0435\u043c \u0434\u043b\u044f \u0442\u0435\u043b\u0430<\/p>\n<\/details>\n","protected":false},"featured_media":23687,"template":"","meta":{"jetpack_publicize_message":"","jetpack_publicize_feature_enabled":true,"jetpack_social_post_already_shared":true,"jetpack_social_options":{"image_generator_settings":{"template":"highway","default_image_id":0,"font":"","enabled":false},"version":2}},"product_brand":[],"product_cat":[926,912,341],"product_tag":[],"class_list":{"0":"post-23677","1":"product","2":"type-product","3":"status-publish","4":"has-post-thumbnail","6":"product_cat-victorias-secret-body-lotions","7":"product_cat-nahahooldus","8":"product_cat-victorias-secret","9":"pa_lohn-15-ml-tester","10":"pa_lohn-236-ml-full-size","11":"pa_lohn-30-ml-tester","13":"first","14":"instock","15":"sale","16":"shipping-taxable","17":"purchasable","18":"product-type-variable"},"jetpack_publicize_connections":[],"jetpack_sharing_enabled":true,"jetpack_likes_enabled":true,"_links":{"self":[{"href":"https:\/\/superstore.ee\/index.php\/wp-json\/wp\/v2\/product\/23677","targetHints":{"allow":["GET"]}}],"collection":[{"href":"https:\/\/superstore.ee\/index.php\/wp-json\/wp\/v2\/product"}],"about":[{"href":"https:\/\/superstore.ee\/index.php\/wp-json\/wp\/v2\/types\/product"}],"wp:featuredmedia":[{"embeddable":true,"href":"https:\/\/superstore.ee\/index.php\/wp-json\/wp\/v2\/media\/23687"}],"wp:attachment":[{"href":"https:\/\/superstore.ee\/index.php\/wp-json\/wp\/v2\/media?parent=23677"}],"wp:term":[{"taxonomy":"product_brand","embeddable":true,"href":"https:\/\/superstore.ee\/index.php\/wp-json\/wp\/v2\/product_brand?post=23677"},{"taxonomy":"product_cat","embeddable":true,"href":"https:\/\/superstore.ee\/index.php\/wp-json\/wp\/v2\/product_cat?post=23677"},{"taxonomy":"product_tag","embeddable":true,"href":"https:\/\/superstore.ee\/index.php\/wp-json\/wp\/v2\/product_tag?post=23677"}],"curies":[{"name":"wp","href":"https:\/\/api.w.org\/{rel}","templated":true}]}}