{"id":23685,"date":"2025-06-07T17:34:33","date_gmt":"2025-06-07T14:34:33","guid":{"rendered":"https:\/\/superstore.ee\/?post_type=product&#038;p=23685"},"modified":"2026-01-22T19:18:44","modified_gmt":"2026-01-22T17:18:44","slug":"victorias-secret-love-spell-starlit-set-mist-fragrance-lotion","status":"publish","type":"product","link":"https:\/\/superstore.ee\/index.php\/toode\/victorias-secret-love-spell-starlit-set-mist-fragrance-lotion\/","title":{"rendered":"Victoria\u2019s Secret Love Spell Starlit Set Mist &amp; Fragrance Lotion"},"content":{"rendered":"","protected":false},"excerpt":{"rendered":"<p>Victoria\u2019s Secret Komplekt l\u00f5hnastatud Kehakreem <strong>Love Spell<\/strong> Starlit (236ml) ja <strong>Love Spell<\/strong>\u00a0Starlit\u00a0 Kehasprei (250ml)<\/p>\n<p><strong>Noodid:<\/strong>\u00a0aedmurakas, ipomea (moonflower)<\/p>\n<p><strong>L\u00f5hnastiil:<\/strong>\u00a0Lilleline, puuviljane. See l\u00f5hn \u00fchendab magusa boysenmarja ja \u00f5rna hommikukellukese aroomi, luues romantilise ja v\u00f5luva meeleolu.<\/p>\n<details>\n<summary>Details<\/summary>\n<div>\n<p>Victoria\u2019s Secret <strong>Love Spell<\/strong>\u00a0Starlit Set Fragrance Lotion (236ml) + Body Mist (250ml).<strong>Notes:<\/strong>\u00a0Enchanted Moonflower, Misty Boysenberry<\/p>\n<p><strong>Fragrance Style:<\/strong> Floral Fruity. This fragrance blends the sweetness of boysenberry with the delicacy of morning glory, creating a romantic and enchanting aura.<\/p>\n<p>INGREDIENTS:<br \/>\nLotion: Water (Aqua, Eau), Mineral Oil (Paraffinum Liquidum, Huile min\u00e9rale), Glycerin, Fragrance (Parfum), Cetyl Alcohol, Glyceryl Stearate, PEG-100 Stearate, Palmitic Acid, Stearic Acid, Phenoxyethanol, Dimethicone, Acrylates\/C10-30 Alkyl Acrylate Crosspolymer, Chlorphenesin, Xanthan Gum, Potassium Sorbate, Sodium Hydroxide, Ethylhexylglycerin, Disodium EDTA,<br \/>\nMist: Alcohol Denat., Water (Aqua, Eau), Fragrance (Parfum), Propylene Glycol, Glycerin, PPG-26-Buteth-26, PEG-40 Hydrogenated Castor Oil, Ethylhexyl Methoxycinnamate, Ethylhexyl Salicylate, Butyl Methoxydibenzoylmethane, Limonene, Alpha-Isomethyl Ionone<br \/>\nIngredients are subject to change. For an accurate list of ingredients, please refer to the product packaging.<\/p>\n<\/div>\n<p>Victoria\u2019s Secret \u041a\u043e\u043c\u043f\u043b\u0435\u043a\u0442 \u043a\u0440\u0435\u043c \u0434\u043b\u044f \u0442\u0435\u043b\u0430 Love Spell Starlit \u043b\u043e\u0441\u044c\u043e\u043d \u0438 \u0441\u043f\u0440\u0435\u0439 \u0434\u043b\u044f \u0442\u0435\u043b\u0430 Love Spell Starlit \u043c\u0438\u0441\u0442<\/p>\n<\/details>\n","protected":false},"featured_media":22183,"template":"","meta":{"jetpack_publicize_message":"","jetpack_publicize_feature_enabled":true,"jetpack_social_post_already_shared":true,"jetpack_social_options":{"image_generator_settings":{"template":"highway","default_image_id":0,"font":"","enabled":false},"version":2}},"product_brand":[],"product_cat":[926,927,910,342,912,341],"product_tag":[],"class_list":{"0":"post-23685","1":"product","2":"type-product","3":"status-publish","4":"has-post-thumbnail","6":"product_cat-victorias-secret-body-lotions","7":"product_cat-victorias-secret-body-mists","8":"product_cat-kehaspreid","9":"product_cat-komplektid-victorias-secret","10":"product_cat-nahahooldus","11":"product_cat-victorias-secret","12":"pa_lohn-ginger-apple-jewel","13":"pa_lohn-sugar-plum-fig","14":"pa_lohn-vanilla-amber-bourbon","16":"first","17":"outofstock","18":"sale","19":"shipping-taxable","20":"purchasable","21":"product-type-simple"},"jetpack_publicize_connections":[],"jetpack_sharing_enabled":true,"jetpack_likes_enabled":true,"_links":{"self":[{"href":"https:\/\/superstore.ee\/index.php\/wp-json\/wp\/v2\/product\/23685","targetHints":{"allow":["GET"]}}],"collection":[{"href":"https:\/\/superstore.ee\/index.php\/wp-json\/wp\/v2\/product"}],"about":[{"href":"https:\/\/superstore.ee\/index.php\/wp-json\/wp\/v2\/types\/product"}],"wp:featuredmedia":[{"embeddable":true,"href":"https:\/\/superstore.ee\/index.php\/wp-json\/wp\/v2\/media\/22183"}],"wp:attachment":[{"href":"https:\/\/superstore.ee\/index.php\/wp-json\/wp\/v2\/media?parent=23685"}],"wp:term":[{"taxonomy":"product_brand","embeddable":true,"href":"https:\/\/superstore.ee\/index.php\/wp-json\/wp\/v2\/product_brand?post=23685"},{"taxonomy":"product_cat","embeddable":true,"href":"https:\/\/superstore.ee\/index.php\/wp-json\/wp\/v2\/product_cat?post=23685"},{"taxonomy":"product_tag","embeddable":true,"href":"https:\/\/superstore.ee\/index.php\/wp-json\/wp\/v2\/product_tag?post=23685"}],"curies":[{"name":"wp","href":"https:\/\/api.w.org\/{rel}","templated":true}]}}