{"id":23726,"date":"2025-06-10T22:24:00","date_gmt":"2025-06-10T19:24:00","guid":{"rendered":"https:\/\/superstore.ee\/?post_type=product&#038;p=23726"},"modified":"2025-06-17T14:59:30","modified_gmt":"2025-06-17T11:59:30","slug":"victorias-secret-bare-vanilla-starlit-body-mist","status":"publish","type":"product","link":"https:\/\/superstore.ee\/index.php\/toode\/victorias-secret-bare-vanilla-starlit-body-mist\/","title":{"rendered":"Victoria\u2019s Secret Bare Vanilla Starlit Body Mist"},"content":{"rendered":"","protected":false},"excerpt":{"rendered":"<div id=\"model-response-message-contentr_0b9ca520fd50a649\" class=\"markdown markdown-main-panel enable-updated-hr-color\" dir=\"ltr\">\n<h4 data-sourcepos=\"2:1-2:76\">Victoria\u2019s Secret Bare Vanilla Starlit parf\u00fcmeeritud kehasprei<\/h4>\n<p data-sourcepos=\"5:1-5:283\">Victoria\u2019s Secret Kehasprei Starlit Kollektsioonist (250ml). <strong>Starlit kollektsioon<\/strong> on limiteeritud l\u00f5hnasari, mis \u00fchendab soojad, puuviljased ja lillelised noodid, luues luksusliku ja hubase tunde. Iga selle kollektsiooni l\u00f5hn on ainulaadne ja oman\u00e4oline.<\/p>\n<ul>\n<li><strong>Noodid:<\/strong>\u00a0Vanill, orhidee.<\/li>\n<li><strong>L\u00f5hnastiil:<\/strong>\u00a0Suitsune, vanilline, puudrine, magus, lilleline. Soe vanill koos elegantse orhideega loob luksusliku ja hubase aroomi, mis sobib ideaalselt jahedateks \u00f5htuteks.<\/li>\n<\/ul>\n<p data-sourcepos=\"12:1-12:176\"><strong>Kauakestva ja unustamatu aroomielamuse saamiseks<\/strong> \u00fchendage see imeline kehasprei sobiva Victoria\u2019s Secreti kehalosjooniga<\/p>\n<\/div>\n<details>\n<summary>Details<\/summary>\n<div translate=\"no\">Victoria\u2019s Secret Starlit Fragrance Mist Body Fragrance (250ml). Limited-edition series of fragrances that combine warm, fruity, and floral notes to create a luxurious and comforting experience. Each fragrance in this collection has a unique style and characterBare Vanilla StarlitNotes: Smokey Vanilla, Midnight Orchid.<\/p>\n<p>Fragrance Style: Smoky, Vanilla, Powdery, Sweet, Floral. Warm vanilla notes paired with the elegance of orchid create a refined and cozy aroma, perfect for chilly evenings.<\/p>\n<p>Pair with a matching Fragrance Body Lotion for a long-lasting fragrance experience.<\/p>\n<p>INGREDIENTS:<br \/>\nAlcohol Denat., Water (Aqua, Eau), Fragrance (Parfum), Propylene Glycol, Glycerin, PPG-26-Buteth-26, PEG-40 Hydrogenated Castor Oil, Ethylhexyl Methoxycinnamate, Ethylhexyl Salicylate, Butyl Methoxydibenzoylmethane, Limonene, Alpha-Isomethyl Ionone<br \/>\nIngredients are subject to change. For an accurate list of ingredients, please refer to the product packaging.<\/p>\n<\/div>\n<p>Victoria\u2019s Secret \u043f\u0430\u0440\u0444\u044e\u043c\u0438\u0440\u043e\u0432\u0430\u043d\u043d\u044b\u0439 \u043c\u0438\u0441\u0442 \u0441\u043f\u0440\u0435\u0439 \u0434\u043b\u044f \u0442\u0435\u043b\u0430 Bare Vanilla Starlit<\/p>\n<\/details>\n","protected":false},"featured_media":23735,"template":"","meta":{"jetpack_publicize_message":"","jetpack_publicize_feature_enabled":true,"jetpack_social_post_already_shared":true,"jetpack_social_options":{"image_generator_settings":{"template":"highway","default_image_id":0,"font":"","enabled":false},"version":2}},"product_brand":[],"product_cat":[910,927,341],"product_tag":[],"class_list":{"0":"post-23726","1":"product","2":"type-product","3":"status-publish","4":"has-post-thumbnail","6":"product_cat-kehaspreid","7":"product_cat-victorias-secret-body-mists","8":"product_cat-victorias-secret","9":"pa_lohn-10-ml-tester","10":"pa_lohn-2-ml-tester","11":"pa_lohn-250-ml-full-size","12":"pa_lohn-30-ml-tester","14":"first","15":"outofstock","16":"sale","17":"shipping-taxable","18":"product-type-variable"},"jetpack_publicize_connections":[],"jetpack_sharing_enabled":true,"jetpack_likes_enabled":true,"_links":{"self":[{"href":"https:\/\/superstore.ee\/index.php\/wp-json\/wp\/v2\/product\/23726","targetHints":{"allow":["GET"]}}],"collection":[{"href":"https:\/\/superstore.ee\/index.php\/wp-json\/wp\/v2\/product"}],"about":[{"href":"https:\/\/superstore.ee\/index.php\/wp-json\/wp\/v2\/types\/product"}],"wp:featuredmedia":[{"embeddable":true,"href":"https:\/\/superstore.ee\/index.php\/wp-json\/wp\/v2\/media\/23735"}],"wp:attachment":[{"href":"https:\/\/superstore.ee\/index.php\/wp-json\/wp\/v2\/media?parent=23726"}],"wp:term":[{"taxonomy":"product_brand","embeddable":true,"href":"https:\/\/superstore.ee\/index.php\/wp-json\/wp\/v2\/product_brand?post=23726"},{"taxonomy":"product_cat","embeddable":true,"href":"https:\/\/superstore.ee\/index.php\/wp-json\/wp\/v2\/product_cat?post=23726"},{"taxonomy":"product_tag","embeddable":true,"href":"https:\/\/superstore.ee\/index.php\/wp-json\/wp\/v2\/product_tag?post=23726"}],"curies":[{"name":"wp","href":"https:\/\/api.w.org\/{rel}","templated":true}]}}