{"id":23742,"date":"2025-06-10T22:54:53","date_gmt":"2025-06-10T19:54:53","guid":{"rendered":"https:\/\/superstore.ee\/?post_type=product&#038;p=23742"},"modified":"2025-08-11T06:20:30","modified_gmt":"2025-08-11T03:20:30","slug":"victorias-secret-pure-seduction-starlit-fragrance-lotion","status":"publish","type":"product","link":"https:\/\/superstore.ee\/index.php\/toode\/victorias-secret-pure-seduction-starlit-fragrance-lotion\/","title":{"rendered":"Victoria\u2019s Secret Pure Seduction Starlit Fragrance Lotion"},"content":{"rendered":"","protected":false},"excerpt":{"rendered":"<h4 data-sourcepos=\"2:1-2:78\">Victoria\u2019s Secret Pure Seduction Starlit parf\u00fcmeeritud kehakreem<\/h4>\n<p>Victoria\u2019s Secret Parf\u00fcmeeritud Kehakreem Starlit Kollektsioonist (236ml).\u00a0<strong>Starlit kollektsioon<\/strong>\u00a0on limiteeritud l\u00f5hnasari, mis \u00fchendab soojad, puuviljased ja lillelised noodid, luues luksusliku ja hubase tunde.<\/p>\n<ul>\n<li><strong>Noodid:<\/strong> \u00d6ine ploom, soe seedripuu.<\/li>\n<li><strong>L\u00f5hnastiil:<\/strong>\u00a0Magus, puuviljane, puidune. See l\u00f5hn \u00fchendab mahlase \u00f6ise ploomi sooja seedriga, luues sensuaalse ja k\u00fctkestava mulje.<\/li>\n<\/ul>\n<p data-sourcepos=\"12:1-12:175\"><strong>Kauakestva ja unustamatu aroomielamuse saamiseks<\/strong> \u00fchendage see imeline kehalosjoon sobiva Victoria\u2019s Secreti kehaspreiga!<\/p>\n<details>\n<summary>Details<\/summary>\n<div translate=\"no\">\n<p>Victoria\u2019s Secret Body Fragrance Lotion 236ml Pure Seduction Starlit<\/p>\n<p>Notes:\u00a0Midnight Plum, Warm Cedar.<\/p>\n<p>Fragrance style: Sweet Fruity Woody. This fragrance blends the juiciness of plum with the warmth of cedar, creating a seductive and captivating impression.<br \/>\nPair with a matching Fragrance Mist for a long-lasting fragrance experience.<\/p>\n<p>INGREDIENTS:<br \/>\nStearic Acid, Phenoxyethanol, Dimethicone, Hexamethylindanopyran, Acrylates\/C10-30 Alkyl Acrylate Crosspolymer, Chlorphenesin, Potassium Sorbate, Xanthan Gum, Sodium Hydroxide, Vanillin, Ethylhexylglycerin, Tetramethyl acetyloctahydronaphthalenes, Disodium EDTA, Hexadecanolactone, Linalyl acetate, Limonene, Linalool, Pinene, Citrus Aurantium Peel Oil, Benzyl Alcohol, Tocopheryl Acetate, Aloe Barbadensis Leaf Juice, Water (Aqua, Eau), Mineral Oil (Paraffinum Liquidum, Huile min\u00e9rale), Glycerin, Fragrance (Parfum), Cetyl Alcohol, Glyceryl Stearate, PEG-100 Stearate, Palmitic Acid<br \/>\nIngredients are subject to change. For an accurate list of ingredients, please refer to the product packaging.<\/p>\n<\/div>\n<p>Victoria\u2019s Secret Pure Seduction Starlit \u043f\u0430\u0440\u0444\u044e\u043c\u0438\u0440\u043e\u0432\u0430\u043d\u043d\u044b\u0439 \u043b\u043e\u0441\u044c\u043e\u043d \u0434\u043b\u044f \u0442\u0435\u043b\u0430 \u043a\u0440\u0435\u043c \u0434\u043b\u044f \u0442\u0435\u043b\u0430<\/p>\n<\/details>\n","protected":false},"featured_media":23757,"template":"","meta":{"jetpack_publicize_message":"","jetpack_publicize_feature_enabled":true,"jetpack_social_post_already_shared":true,"jetpack_social_options":{"image_generator_settings":{"template":"highway","default_image_id":0,"font":"","enabled":false},"version":2}},"product_brand":[],"product_cat":[926,912,341],"product_tag":[],"class_list":{"0":"post-23742","1":"product","2":"type-product","3":"status-publish","4":"has-post-thumbnail","6":"product_cat-victorias-secret-body-lotions","7":"product_cat-nahahooldus","8":"product_cat-victorias-secret","9":"pa_lohn-15-ml-tester","10":"pa_lohn-236-ml-full-size","11":"pa_lohn-30-ml-tester","13":"first","14":"outofstock","15":"sale","16":"shipping-taxable","17":"product-type-variable"},"jetpack_publicize_connections":[],"jetpack_sharing_enabled":true,"jetpack_likes_enabled":true,"_links":{"self":[{"href":"https:\/\/superstore.ee\/index.php\/wp-json\/wp\/v2\/product\/23742","targetHints":{"allow":["GET"]}}],"collection":[{"href":"https:\/\/superstore.ee\/index.php\/wp-json\/wp\/v2\/product"}],"about":[{"href":"https:\/\/superstore.ee\/index.php\/wp-json\/wp\/v2\/types\/product"}],"wp:featuredmedia":[{"embeddable":true,"href":"https:\/\/superstore.ee\/index.php\/wp-json\/wp\/v2\/media\/23757"}],"wp:attachment":[{"href":"https:\/\/superstore.ee\/index.php\/wp-json\/wp\/v2\/media?parent=23742"}],"wp:term":[{"taxonomy":"product_brand","embeddable":true,"href":"https:\/\/superstore.ee\/index.php\/wp-json\/wp\/v2\/product_brand?post=23742"},{"taxonomy":"product_cat","embeddable":true,"href":"https:\/\/superstore.ee\/index.php\/wp-json\/wp\/v2\/product_cat?post=23742"},{"taxonomy":"product_tag","embeddable":true,"href":"https:\/\/superstore.ee\/index.php\/wp-json\/wp\/v2\/product_tag?post=23742"}],"curies":[{"name":"wp","href":"https:\/\/api.w.org\/{rel}","templated":true}]}}