{"id":23746,"date":"2025-06-10T22:54:56","date_gmt":"2025-06-10T19:54:56","guid":{"rendered":"https:\/\/superstore.ee\/?post_type=product&#038;p=23746"},"modified":"2026-01-03T19:04:42","modified_gmt":"2026-01-03T17:04:42","slug":"victorias-secret-pure-seduction-starlit-body-mist","status":"publish","type":"product","link":"https:\/\/superstore.ee\/index.php\/toode\/victorias-secret-pure-seduction-starlit-body-mist\/","title":{"rendered":"Victoria\u2019s Secret Pure Seduction Starlit Body Mist"},"content":{"rendered":"","protected":false},"excerpt":{"rendered":"<div id=\"model-response-message-contentr_0b9ca520fd50a649\" class=\"markdown markdown-main-panel enable-updated-hr-color\" dir=\"ltr\">\n<h4 data-sourcepos=\"2:1-2:76\">Victoria\u2019s Secret Pure Seduction Starlit parf\u00fcmeeritud kehasprei<\/h4>\n<p data-sourcepos=\"5:1-5:283\">Victoria\u2019s Secret Kehasprei Starlit Kollektsioonist (250ml). <strong>Starlit kollektsioon<\/strong> on limiteeritud l\u00f5hnasari, mis \u00fchendab soojad, puuviljased ja lillelised noodid, luues luksusliku ja hubase tunde. Iga selle kollektsiooni l\u00f5hn on ainulaadne ja oman\u00e4oline.<\/p>\n<ul>\n<li><strong>Noodid:<\/strong> \u00d6ine ploom, soe seedripuu.<\/li>\n<li><strong>L\u00f5hnastiil:<\/strong>\u00a0Magus, puuviljane, puidune. See l\u00f5hn \u00fchendab mahlase \u00f6ise ploomi sooja seedriga, luues sensuaalse ja k\u00fctkestava mulje.<\/li>\n<\/ul>\n<p data-sourcepos=\"12:1-12:176\"><strong>Kauakestva ja unustamatu aroomielamuse saamiseks<\/strong> \u00fchendage see imeline kehasprei sobiva Victoria\u2019s Secreti kehalosjooniga<\/p>\n<\/div>\n<details>\n<summary>Details<\/summary>\n<div translate=\"no\">Victoria\u2019s Secret Starlit Fragrance Mist Body Fragrance (250ml). Limited-edition series of fragrances that combine warm, fruity, and floral notes to create a luxurious and comforting experience. Each fragrance in this collection has a unique style and character Pure Seduction Starlit<br \/>\n<strong>Notes:<\/strong>\u00a0Midnight Plum, Warm Cedar.<strong>Fragrance style: <\/strong>Sweet Fruity Woody. This fragrance blends the juiciness of plum with the warmth of cedar, creating a seductive and captivating impression.<\/p>\n<p>INGREDIENTS:<br \/>\nLotion: Water (Aqua, Eau), Mineral Oil (Paraffinum Liquidum, Huile min\u00e9rale), Glycerin, Fragrance (Parfum), Cetyl Alcohol, Glyceryl Stearate, PEG-100 Stearate, Palmitic Acid, Stearic Acid, Phenoxyethanol, Dimethicone, Acrylates\/C10-30 Alkyl Acrylate Crosspolymer, Chlorphenesin, Xanthan Gum, Potassium Sorbate, Sodium Hydroxide, Ethylhexylglycerin, Disodium EDTA,<br \/>\nMist: Alcohol Denat., Water (Aqua, Eau), Fragrance (Parfum), Propylene Glycol, Glycerin, PPG-26-Buteth-26, PEG-40 Hydrogenated Castor Oil, Ethylhexyl Methoxycinnamate, Ethylhexyl Salicylate, Butyl Methoxydibenzoylmethane, Limonene, Alpha-Isomethyl Ionone<br \/>\nIngredients are subject to change. For an accurate list of ingredients, please refer to the product packaging.<\/p>\n<\/div>\n<p>Victoria\u2019s Secret \u043f\u0430\u0440\u0444\u044e\u043c\u0438\u0440\u043e\u0432\u0430\u043d\u043d\u044b\u0439 \u043c\u0438\u0441\u0442 \u0441\u043f\u0440\u0435\u0439 \u0434\u043b\u044f \u0442\u0435\u043b\u0430 Pure Seduction Starlit<\/p>\n<\/details>\n","protected":false},"featured_media":23755,"template":"","meta":{"jetpack_publicize_message":"","jetpack_publicize_feature_enabled":true,"jetpack_social_post_already_shared":true,"jetpack_social_options":{"image_generator_settings":{"template":"highway","default_image_id":0,"font":"","enabled":false},"version":2}},"product_brand":[],"product_cat":[927,910,341],"product_tag":[],"class_list":{"0":"post-23746","1":"product","2":"type-product","3":"status-publish","4":"has-post-thumbnail","6":"product_cat-victorias-secret-body-mists","7":"product_cat-kehaspreid","8":"product_cat-victorias-secret","9":"pa_lohn-10-ml-tester","10":"pa_lohn-2-ml-tester","11":"pa_lohn-250-ml-full-size","12":"pa_lohn-30-ml-tester","14":"first","15":"instock","16":"sale","17":"shipping-taxable","18":"purchasable","19":"product-type-variable"},"jetpack_publicize_connections":[],"jetpack_sharing_enabled":true,"jetpack_likes_enabled":true,"_links":{"self":[{"href":"https:\/\/superstore.ee\/index.php\/wp-json\/wp\/v2\/product\/23746","targetHints":{"allow":["GET"]}}],"collection":[{"href":"https:\/\/superstore.ee\/index.php\/wp-json\/wp\/v2\/product"}],"about":[{"href":"https:\/\/superstore.ee\/index.php\/wp-json\/wp\/v2\/types\/product"}],"wp:featuredmedia":[{"embeddable":true,"href":"https:\/\/superstore.ee\/index.php\/wp-json\/wp\/v2\/media\/23755"}],"wp:attachment":[{"href":"https:\/\/superstore.ee\/index.php\/wp-json\/wp\/v2\/media?parent=23746"}],"wp:term":[{"taxonomy":"product_brand","embeddable":true,"href":"https:\/\/superstore.ee\/index.php\/wp-json\/wp\/v2\/product_brand?post=23746"},{"taxonomy":"product_cat","embeddable":true,"href":"https:\/\/superstore.ee\/index.php\/wp-json\/wp\/v2\/product_cat?post=23746"},{"taxonomy":"product_tag","embeddable":true,"href":"https:\/\/superstore.ee\/index.php\/wp-json\/wp\/v2\/product_tag?post=23746"}],"curies":[{"name":"wp","href":"https:\/\/api.w.org\/{rel}","templated":true}]}}