{"id":23762,"date":"2025-06-10T23:22:22","date_gmt":"2025-06-10T20:22:22","guid":{"rendered":"https:\/\/superstore.ee\/?post_type=product&#038;p=23762"},"modified":"2025-10-20T05:38:00","modified_gmt":"2025-10-20T02:38:00","slug":"victorias-secret-midnight-bloom-starlit-fragrance-lotion","status":"publish","type":"product","link":"https:\/\/superstore.ee\/index.php\/toode\/victorias-secret-midnight-bloom-starlit-fragrance-lotion\/","title":{"rendered":"Victoria\u2019s Secret Midnight Bloom Starlit Fragrance Lotion"},"content":{"rendered":"","protected":false},"excerpt":{"rendered":"<h4 data-sourcepos=\"2:1-2:78\">Victoria\u2019s Secret Midnight Bloom Starlit parf\u00fcmeeritud kehakreem<\/h4>\n<p>Victoria\u2019s Secret Parf\u00fcmeeritud Kehakreem Starlit Kollektsioonist (236ml).\u00a0<strong>Starlit kollektsioon<\/strong>\u00a0on limiteeritud l\u00f5hnasari, mis \u00fchendab soojad, puuviljased ja lillelised noodid, luues luksusliku ja hubase tunde.<\/p>\n<ul>\n<li><strong>Noodid:<\/strong> Metsamarjad, puidused akordid.<\/li>\n<li><strong>Stiil:<\/strong> Puidune, puuviljane. Metsamarjade v\u00e4rskus koos puiduste nootide sooja s\u00fcgavusega loob m\u00fcstilise ja lummava aroomi, mis meenutab \u00f6ist \u00f5itsemist.<\/li>\n<\/ul>\n<p data-sourcepos=\"12:1-12:175\"><strong>Kauakestva ja unustamatu aroomielamuse saamiseks<\/strong> \u00fchendage see imeline kehalosjoon sobiva Victoria\u2019s Secreti kehaspreiga!<\/p>\n<details>\n<summary>Details<\/summary>\n<div translate=\"no\">\n<p>Victoria\u2019s Secret Body Fragrance Lotion 236ml Midnight Bloom Starlit<\/p>\n<p>Notes: Wild Berries, Woody Accords.<br \/>\nStyle: Woody Fruity.<br \/>\nA composition that combines the freshness of wild berries with the richness of woody notes, adding a sense of mystery and depth to the nighttime bloom.<\/p>\n<p>Pair with a matching Fragrance Mist for a long-lasting fragrance experience.<\/p>\n<p>INGREDIENTS:<br \/>\nStearic Acid, Phenoxyethanol, Dimethicone, Hexamethylindanopyran, Acrylates\/C10-30 Alkyl Acrylate Crosspolymer, Chlorphenesin, Potassium Sorbate, Xanthan Gum, Sodium Hydroxide, Vanillin, Ethylhexylglycerin, Tetramethyl acetyloctahydronaphthalenes, Disodium EDTA, Hexadecanolactone, Linalyl acetate, Limonene, Linalool, Pinene, Citrus Aurantium Peel Oil, Benzyl Alcohol, Tocopheryl Acetate, Aloe Barbadensis Leaf Juice, Water (Aqua, Eau), Mineral Oil (Paraffinum Liquidum, Huile min\u00e9rale), Glycerin, Fragrance (Parfum), Cetyl Alcohol, Glyceryl Stearate, PEG-100 Stearate, Palmitic Acid<br \/>\nIngredients are subject to change. For an accurate list of ingredients, please refer to the product packaging.<\/p>\n<\/div>\n<p>Victoria\u2019s Secret Midnight Bloom Starlit \u043f\u0430\u0440\u0444\u044e\u043c\u0438\u0440\u043e\u0432\u0430\u043d\u043d\u044b\u0439 \u043b\u043e\u0441\u044c\u043e\u043d \u0434\u043b\u044f \u0442\u0435\u043b\u0430 \u043a\u0440\u0435\u043c \u0434\u043b\u044f \u0442\u0435\u043b\u0430<\/p>\n<\/details>\n","protected":false},"featured_media":23761,"template":"","meta":{"jetpack_publicize_message":"","jetpack_publicize_feature_enabled":true,"jetpack_social_post_already_shared":true,"jetpack_social_options":{"image_generator_settings":{"template":"highway","default_image_id":0,"font":"","enabled":false},"version":2}},"product_brand":[],"product_cat":[926,912,341],"product_tag":[],"class_list":{"0":"post-23762","1":"product","2":"type-product","3":"status-publish","4":"has-post-thumbnail","6":"product_cat-victorias-secret-body-lotions","7":"product_cat-nahahooldus","8":"product_cat-victorias-secret","9":"pa_lohn-15-ml-tester","10":"pa_lohn-236-ml-full-size","11":"pa_lohn-30-ml-tester","13":"first","14":"outofstock","15":"sale","16":"shipping-taxable","17":"product-type-variable"},"jetpack_publicize_connections":[],"jetpack_sharing_enabled":true,"jetpack_likes_enabled":true,"_links":{"self":[{"href":"https:\/\/superstore.ee\/index.php\/wp-json\/wp\/v2\/product\/23762","targetHints":{"allow":["GET"]}}],"collection":[{"href":"https:\/\/superstore.ee\/index.php\/wp-json\/wp\/v2\/product"}],"about":[{"href":"https:\/\/superstore.ee\/index.php\/wp-json\/wp\/v2\/types\/product"}],"wp:featuredmedia":[{"embeddable":true,"href":"https:\/\/superstore.ee\/index.php\/wp-json\/wp\/v2\/media\/23761"}],"wp:attachment":[{"href":"https:\/\/superstore.ee\/index.php\/wp-json\/wp\/v2\/media?parent=23762"}],"wp:term":[{"taxonomy":"product_brand","embeddable":true,"href":"https:\/\/superstore.ee\/index.php\/wp-json\/wp\/v2\/product_brand?post=23762"},{"taxonomy":"product_cat","embeddable":true,"href":"https:\/\/superstore.ee\/index.php\/wp-json\/wp\/v2\/product_cat?post=23762"},{"taxonomy":"product_tag","embeddable":true,"href":"https:\/\/superstore.ee\/index.php\/wp-json\/wp\/v2\/product_tag?post=23762"}],"curies":[{"name":"wp","href":"https:\/\/api.w.org\/{rel}","templated":true}]}}