{"id":23766,"date":"2025-11-16T18:08:45","date_gmt":"2025-11-16T16:08:45","guid":{"rendered":"https:\/\/superstore.ee\/?post_type=product&#038;p=23766"},"modified":"2026-02-11T21:39:21","modified_gmt":"2026-02-11T19:39:21","slug":"victorias-secret-midnight-bloom-fragrance-lotion-bestseller","status":"publish","type":"product","link":"https:\/\/superstore.ee\/index.php\/toode\/victorias-secret-midnight-bloom-fragrance-lotion-bestseller\/","title":{"rendered":"Victoria\u2019s Secret Midnight Bloom Fragrance Lotion BESTSELLER \u2b50"},"content":{"rendered":"","protected":false},"excerpt":{"rendered":"<p>Victoria\u2019s Secret Midnight Bloom parf\u00fcmeeritud kehalosjoon (236 ml)<\/p>\n<p><strong>Aroomit\u00fc\u00fcp<\/strong>: Soe lilleline<\/p>\n<p><strong>Aroomi kirjeldus:<\/strong><\/p>\n<ul>\n<li>Tipunoodid: \u00d5huline roosa freesia, marjabukett<\/li>\n<li>S\u00fcdamenoodid: Kuu\u00f5is, vahustatud pralinee<\/li>\n<li>Baasnoodid: S\u00e4ravad puidunoodid, kreemjas vanill<\/li>\n<\/ul>\n<p>Pehme ja naiselik l\u00f5hn, mis sobib ideaalselt igap\u00e4evaseks kandmiseks ning lisab ilurutiinile soojust, \u00f5rnust ja enesekindlust.<\/p>\n<details>\n<summary>Details<\/summary>\n<div translate=\"no\">\n<p>Dreamy &amp; sheer.A moonlit, floral glow.<\/p>\n<p>Fragrance type: Warm Floral<\/p>\n<p>Notes<\/p>\n<p>Top: Airy Pink Freesia, Berry Bouquet<\/p>\n<p>Heart: Moon Flower, Whipped Praline<\/p>\n<p>Base: Shimmering Woods, Creamy Vanilla<\/p>\n<p>236 ml\/8 oz.<br \/>\nDomestic<\/p>\n<p>INGREDIENTS: Water (Aqua, Eau), Mineral Oil (Paraffinum Liquidum, Huile min\u00e9rale), Glycerin, Fragrance (Parfum), Cetyl Alcohol, Glyceryl Stearate, PEG-100 Stearate, Palmitic Acid, Stearic Acid, Phenoxyethanol, Dimethicone, Acrylates\/C10-30 Alkyl Acrylate Crosspolymer, Chlorphenesin, Xanthan Gum, Potassium Sorbate, Sodium Hydroxide, Ethylhexylglycerin, Disodium EDTA, Tocopheryl Acetate, Aloe Barbadensis Leaf Juice, Tetramethyl acetyloctahydronaphthalenes, Limonene, Linalyl acetate, Vanillin, Linalool, Pinene, Acetyl Cedrene, Citrus Aurantium Bergamia Peel Oil, Citrus Aurantium Peel OilIngredients are subject to change. For an accurate list of ingredients, please refer to the product packaging.<\/p>\n<\/div>\n<p>Victoria\u2019s Secret Midnight Bloom \u043f\u0430\u0440\u0444\u044e\u043c\u0438\u0440\u043e\u0432\u0430\u043d\u043d\u044b\u0439 \u043b\u043e\u0441\u044c\u043e\u043d \u0434\u043b\u044f \u0442\u0435\u043b\u0430 \u043a\u0440\u0435\u043c (236 \u043c\u043b)<br \/>\n\u0422\u0438\u043f \u0430\u0440\u043e\u043c\u0430\u0442\u0430: \u0422\u0451\u043f\u043b\u044b\u0439 \u0446\u0432\u0435\u0442\u043e\u0447\u043d\u044b\u0439<br \/>\n\u041e\u043f\u0438\u0441\u0430\u043d\u0438\u0435 \u0430\u0440\u043e\u043c\u0430\u0442\u0430:<br \/>\n\u0412\u0435\u0440\u0445\u043d\u0438\u0435 \u043d\u043e\u0442\u044b: \u0412\u043e\u0437\u0434\u0443\u0448\u043d\u0430\u044f \u0440\u043e\u0437\u043e\u0432\u0430\u044f \u0444\u0440\u0435\u0437\u0438\u044f, \u044f\u0433\u043e\u0434\u043d\u044b\u0439 \u0431\u0443\u043a\u0435\u0442<br \/>\n\u041d\u043e\u0442\u044b \u0441\u0435\u0440\u0434\u0446\u0430: \u041b\u0443\u043d\u043d\u044b\u0439 \u0446\u0432\u0435\u0442\u043e\u043a, \u0432\u0437\u0431\u0438\u0442\u043e\u0435 \u043f\u0440\u0430\u043b\u0438\u043d\u0435<br \/>\n\u0411\u0430\u0437\u043e\u0432\u044b\u0435 \u043d\u043e\u0442\u044b: \u041c\u0435\u0440\u0446\u0430\u044e\u0449\u0438\u0435 \u0434\u0440\u0435\u0432\u0435\u0441\u043d\u044b\u0435 \u043d\u043e\u0442\u044b, \u043a\u0440\u0435\u043c\u043e\u0432\u0430\u044f \u0432\u0430\u043d\u0438\u043b\u044c<\/p>\n<p>\u041d\u0435\u0436\u043d\u044b\u0439, \u0436\u0435\u043d\u0441\u0442\u0432\u0435\u043d\u043d\u044b\u0439 \u0430\u0440\u043e\u043c\u0430\u0442 \u043d\u0430 \u043a\u0430\u0436\u0434\u044b\u0439 \u0434\u0435\u043d\u044c: \u043f\u0440\u0438\u0434\u0430\u0451\u0442 \u043a\u043e\u0436\u0435 \u043e\u0449\u0443\u0449\u0435\u043d\u0438\u0435 \u043c\u044f\u0433\u043a\u043e\u0441\u0442\u0438 \u0438 \u0442\u0435\u043f\u043b\u0430, \u0441\u043e\u0437\u0434\u0430\u0432\u0430\u044f \u0443\u044e\u0442\u043d\u043e\u0435, \u0443\u0432\u0435\u0440\u0435\u043d\u043d\u043e\u0435 \u043d\u0430\u0441\u0442\u0440\u043e\u0435\u043d\u0438\u0435.<\/p>\n<\/details>\n","protected":false},"featured_media":25631,"template":"","meta":{"jetpack_publicize_message":"","jetpack_publicize_feature_enabled":true,"jetpack_social_post_already_shared":true,"jetpack_social_options":{"image_generator_settings":{"template":"highway","default_image_id":0,"font":"","enabled":false},"version":2}},"product_brand":[],"product_cat":[926,912,341],"product_tag":[],"class_list":{"0":"post-23766","1":"product","2":"type-product","3":"status-publish","4":"has-post-thumbnail","6":"product_cat-victorias-secret-body-lotions","7":"product_cat-nahahooldus","8":"product_cat-victorias-secret","9":"pa_lohn-15-ml-tester","10":"pa_lohn-236-ml-full-size","11":"pa_lohn-30-ml-tester","13":"first","14":"instock","15":"sale","16":"shipping-taxable","17":"purchasable","18":"product-type-variable"},"jetpack_publicize_connections":[],"jetpack_sharing_enabled":true,"jetpack_likes_enabled":true,"_links":{"self":[{"href":"https:\/\/superstore.ee\/index.php\/wp-json\/wp\/v2\/product\/23766","targetHints":{"allow":["GET"]}}],"collection":[{"href":"https:\/\/superstore.ee\/index.php\/wp-json\/wp\/v2\/product"}],"about":[{"href":"https:\/\/superstore.ee\/index.php\/wp-json\/wp\/v2\/types\/product"}],"wp:featuredmedia":[{"embeddable":true,"href":"https:\/\/superstore.ee\/index.php\/wp-json\/wp\/v2\/media\/25631"}],"wp:attachment":[{"href":"https:\/\/superstore.ee\/index.php\/wp-json\/wp\/v2\/media?parent=23766"}],"wp:term":[{"taxonomy":"product_brand","embeddable":true,"href":"https:\/\/superstore.ee\/index.php\/wp-json\/wp\/v2\/product_brand?post=23766"},{"taxonomy":"product_cat","embeddable":true,"href":"https:\/\/superstore.ee\/index.php\/wp-json\/wp\/v2\/product_cat?post=23766"},{"taxonomy":"product_tag","embeddable":true,"href":"https:\/\/superstore.ee\/index.php\/wp-json\/wp\/v2\/product_tag?post=23766"}],"curies":[{"name":"wp","href":"https:\/\/api.w.org\/{rel}","templated":true}]}}