{"id":23770,"date":"2025-11-16T18:07:50","date_gmt":"2025-11-16T16:07:50","guid":{"rendered":"https:\/\/superstore.ee\/?post_type=product&#038;p=23770"},"modified":"2026-02-02T14:16:57","modified_gmt":"2026-02-02T12:16:57","slug":"victorias-secret-midnight-bloom-fragrance-mist-bestseller","status":"publish","type":"product","link":"https:\/\/superstore.ee\/index.php\/toode\/victorias-secret-midnight-bloom-fragrance-mist-bestseller\/","title":{"rendered":"Victoria\u2019s Secret Midnight Bloom Fragrance Mist BESTSELLER \u2b50"},"content":{"rendered":"","protected":false},"excerpt":{"rendered":"<p>Victoria\u2019s Secret Midnight Bloom kehasprei (250 ml)<\/p>\n<p><strong>Aroomit\u00fc\u00fcp<\/strong>: Soe lilleline<\/p>\n<p><strong>Aroomi kirjeldus:<\/strong><\/p>\n<ul>\n<li>Tipunoodid: \u00f5huline roosa freesia, marjabukett<\/li>\n<li>S\u00fcdamenoodid: kuu\u00f5is, vahustatud pralinee<\/li>\n<li>Baasnoodid: s\u00e4ravad puidunoodid, kreemjas vanill<\/li>\n<\/ul>\n<p>Unistav ja \u00f5rn. Kuuvalguses helkiv lillearoom. Sobib neile, kes armastavad sooja, \u00f5rna ja romantilist aroomi igap\u00e4evaseks kandmiseks.<\/p>\n<p>Pakume ka selle toote testereid, mis sobivad ideaalselt nii aroomiga tutvumiseks kui ka mugavaks reisimiseks.<\/p>\n<details>\n<summary>Details<\/summary>\n<div translate=\"no\">\n<p>Dreamy &amp; sheer.A moonlit, floral glow.<\/p>\n<p>Fragrance type: Warm Floral<\/p>\n<p>Notes<\/p>\n<p>Top: Airy Pink Freesia, Berry Bouquet<\/p>\n<p>Heart: Moon Flower, Whipped Praline<\/p>\n<p>Base: Shimmering Woods, Creamy Vanilla<\/p>\n<p>250 ml\/8.4 fl oz.<br \/>\nDomestic<\/p>\n<p>INGREDIENTS: Alcohol Denat., Water (Aqua, Eau), Fragrance (Parfum), Propylene Glycol, Glycerin, Vanillin, Limonene, Tetramethyl acetyloctahydronaphthalenes, Linalool, Linalyl acetate, Citrus Aurantium Bergamia Peel Oil, Pinene, Citronellol, Hexyl Cinnamal, PPG-26-Buteth-26, PEG-40 Hydrogenated Castor Oil, Ethylhexyl Methoxycinnamate, Butyl Methoxydibenzoylmethane, Ethylhexyl SalicylateIngredients are subject to change. For an accurate list of ingredients, please refer to the product packaging.<\/p>\n<\/div>\n<p>Victoria\u2019s Secret Midnight Bloom \u0441\u043f\u0440\u0435\u0439-\u043c\u0438\u0441\u0442 \u0434\u043b\u044f \u0442\u0435\u043b\u0430<\/p>\n<p>\u041c\u0435\u0447\u0442\u0430\u0442\u0435\u043b\u044c\u043d\u044b\u0439 \u0438 \u043b\u0451\u0433\u043a\u0438\u0439. \u041b\u0443\u043d\u043d\u043e\u0435, \u0446\u0432\u0435\u0442\u043e\u0447\u043d\u043e\u0435 \u0441\u0438\u044f\u043d\u0438\u0435.<\/p>\n<p>\u0422\u0438\u043f \u0430\u0440\u043e\u043c\u0430\u0442\u0430: \u0422\u0451\u043f\u043b\u044b\u0439 \u0446\u0432\u0435\u0442\u043e\u0447\u043d\u044b\u0439<\/p>\n<p>\u041e\u043f\u0438\u0441\u0430\u043d\u0438\u0435 \u0430\u0440\u043e\u043c\u0430\u0442\u0430:<br \/>\n\u0412\u0435\u0440\u0445\u043d\u0438\u0435 \u043d\u043e\u0442\u044b: \u0432\u043e\u0437\u0434\u0443\u0448\u043d\u0430\u044f \u0440\u043e\u0437\u043e\u0432\u0430\u044f \u0444\u0440\u0435\u0437\u0438\u044f, \u044f\u0433\u043e\u0434\u043d\u044b\u0439 \u0431\u0443\u043a\u0435\u0442<br \/>\n\u041d\u043e\u0442\u044b \u0441\u0435\u0440\u0434\u0446\u0430: \u043b\u0443\u043d\u043d\u044b\u0439 \u0446\u0432\u0435\u0442\u043e\u043a, \u0432\u0437\u0431\u0438\u0442\u043e\u0435 \u043f\u0440\u0430\u043b\u0438\u043d\u0435<br \/>\n\u0411\u0430\u0437\u043e\u0432\u044b\u0435 \u043d\u043e\u0442\u044b: \u043c\u0435\u0440\u0446\u0430\u044e\u0449\u0438\u0435 \u0434\u0440\u0435\u0432\u0435\u0441\u043d\u044b\u0435 \u043d\u043e\u0442\u044b, \u0441\u043b\u0438\u0432\u043e\u0447\u043d\u0430\u044f \u0432\u0430\u043d\u0438\u043b\u044c<\/p>\n<p>\u041f\u043e\u0434\u043e\u0439\u0434\u0451\u0442 \u0442\u0435\u043c, \u043a\u0442\u043e \u043b\u044e\u0431\u0438\u0442 \u0442\u0451\u043f\u043b\u044b\u0435, \u043d\u0435\u0436\u043d\u044b\u0435 \u0438 \u0440\u043e\u043c\u0430\u043d\u0442\u0438\u0447\u043d\u044b\u0435 \u0430\u0440\u043e\u043c\u0430\u0442\u044b \u0434\u043b\u044f \u043f\u043e\u0432\u0441\u0435\u0434\u043d\u0435\u0432\u043d\u043e\u0433\u043e \u043d\u043e\u0448\u0435\u043d\u0438\u044f.<\/p>\n<\/details>\n","protected":false},"featured_media":25625,"template":"","meta":{"jetpack_publicize_message":"","jetpack_publicize_feature_enabled":true,"jetpack_social_post_already_shared":true,"jetpack_social_options":{"image_generator_settings":{"template":"highway","default_image_id":0,"font":"","enabled":false},"version":2}},"product_brand":[],"product_cat":[910,927,993,341],"product_tag":[],"class_list":{"0":"post-23770","1":"product","2":"type-product","3":"status-publish","4":"has-post-thumbnail","6":"product_cat-kehaspreid","7":"product_cat-victorias-secret-body-mists","8":"product_cat-samples","9":"product_cat-victorias-secret","10":"pa_suurus-10-ml-tester","11":"pa_suurus-2-ml-tester","12":"pa_suurus-250-ml-full-size","13":"pa_suurus-30-ml-tester","15":"first","16":"outofstock","17":"sale","18":"shipping-taxable","19":"product-type-variable"},"jetpack_publicize_connections":[],"jetpack_sharing_enabled":true,"jetpack_likes_enabled":true,"_links":{"self":[{"href":"https:\/\/superstore.ee\/index.php\/wp-json\/wp\/v2\/product\/23770","targetHints":{"allow":["GET"]}}],"collection":[{"href":"https:\/\/superstore.ee\/index.php\/wp-json\/wp\/v2\/product"}],"about":[{"href":"https:\/\/superstore.ee\/index.php\/wp-json\/wp\/v2\/types\/product"}],"wp:featuredmedia":[{"embeddable":true,"href":"https:\/\/superstore.ee\/index.php\/wp-json\/wp\/v2\/media\/25625"}],"wp:attachment":[{"href":"https:\/\/superstore.ee\/index.php\/wp-json\/wp\/v2\/media?parent=23770"}],"wp:term":[{"taxonomy":"product_brand","embeddable":true,"href":"https:\/\/superstore.ee\/index.php\/wp-json\/wp\/v2\/product_brand?post=23770"},{"taxonomy":"product_cat","embeddable":true,"href":"https:\/\/superstore.ee\/index.php\/wp-json\/wp\/v2\/product_cat?post=23770"},{"taxonomy":"product_tag","embeddable":true,"href":"https:\/\/superstore.ee\/index.php\/wp-json\/wp\/v2\/product_tag?post=23770"}],"curies":[{"name":"wp","href":"https:\/\/api.w.org\/{rel}","templated":true}]}}