{"id":23819,"date":"2025-11-16T19:56:26","date_gmt":"2025-11-16T17:56:26","guid":{"rendered":"https:\/\/superstore.ee\/?post_type=product&#038;p=23819"},"modified":"2026-03-15T17:24:55","modified_gmt":"2026-03-15T15:24:55","slug":"victorias-secret-love-spell-shimmer-fragrance-mist-bestseller-new-design","status":"publish","type":"product","link":"https:\/\/superstore.ee\/index.php\/toode\/victorias-secret-love-spell-shimmer-fragrance-mist-bestseller-new-design\/","title":{"rendered":"Victoria\u2019s Secret Love Spell Shimmer Fragrance Mist BESTSELLER"},"content":{"rendered":"","protected":false},"excerpt":{"rendered":"<p>Victoria\u2019s Secret Love Spell kehasprei s\u00e4delusega (250 ml)<\/p>\n<p><strong>Aroomit\u00fc\u00fcp<\/strong>: Puuviljane \/ Lilleline<\/p>\n<p><strong>Aroomi kirjeldus:<\/strong><\/p>\n<ul>\n<li>Tipunoodid: Punane \u00f5un, kirsipuu \u00f5is<\/li>\n<li>S\u00fcdamenoodid: \u00d5rn liilia, v\u00e4rske virsik<\/li>\n<li>Baasnoodid: \u00d5huline muskus, heledad puidunoodid<\/li>\n<\/ul>\n<p>Elav ja lummav aroom, mis loob maagiliselt romantilise meeleolu. Sobib neile, kes armastavad magus-puuviljaseid ja naiselikke l\u00f5hnu igap\u00e4evaseks kandmiseks.<\/p>\n<details>\n<summary>Details<\/summary>\n<div translate=\"no\">\n<p>Victoria\u2019s Secret Love Spell Shimmer Body Fragrance Mist<br \/>\nVibrant &amp; alluring.<\/p>\n<p>A mesmerizing, romantic daze.<\/p>\n<p>Fragrance type: Fruity Floral<\/p>\n<p>Notes<\/p>\n<p>Top: Red Apple, Cherry Blossom<\/p>\n<p>Heart: Sheer Lily, Fresh Peach<\/p>\n<p>Base: Airy Musk, Blonde Woods<\/p>\n<p>250 ml\/8.4 fl oz.<br \/>\nDomestic<\/p>\n<p>INGREDIENTS:<br \/>\nAlcohol Denat., Water (Aqua, Eau), Fragrance (Parfum), Limonene, Citrus Aurantium Peel Oil, Hexamethylindanopyran, Acrylates\/C10-30 Alkyl Acrylate Crosspolymer, Linalool, Linalyl acetate, Citrus Limon Peel Oil, Ethylhexyl Methoxycinnamate, Synthetic Fluorphlogopite, Pinene, Ethylhexyl Salicylate, Titanium Dioxide (CI 77891), Butyl Methoxydibenzoylmethane, Aminomethyl Propanol, Terpineol, Rose Ketones, CitralIngredients are subject to change. For an accurate list of ingredients, please refer to the product packaging.<\/p>\n<\/div>\n<p>Victoria\u2019s Secret Love Spell \u0441\u043f\u0440\u0435\u0439-\u043c\u0438\u0441\u0442 \u0434\u043b\u044f \u0442\u0435\u043b\u0430 \u0441 \u0431\u043b\u0435\u0441\u0442\u043a\u0430\u043c\u0438 (250 \u043c\u043b)<\/p>\n<p>\u0422\u0438\u043f \u0430\u0440\u043e\u043c\u0430\u0442\u0430: \u0424\u0440\u0443\u043a\u0442\u043e\u0432\u044b\u0439 \/ \u0426\u0432\u0435\u0442\u043e\u0447\u043d\u044b\u0439<\/p>\n<p>\u041e\u043f\u0438\u0441\u0430\u043d\u0438\u0435 \u0430\u0440\u043e\u043c\u0430\u0442\u0430:<br \/>\n\u0412\u0435\u0440\u0445\u043d\u0438\u0435 \u043d\u043e\u0442\u044b: \u041a\u0440\u0430\u0441\u043d\u043e\u0435 \u044f\u0431\u043b\u043e\u043a\u043e, \u0446\u0432\u0435\u0442\u043e\u043a \u0432\u0438\u0448\u043d\u0438<br \/>\n\u041d\u043e\u0442\u044b \u0441\u0435\u0440\u0434\u0446\u0430: \u041d\u0435\u0436\u043d\u0430\u044f \u043b\u0438\u043b\u0438\u044f, \u0441\u0432\u0435\u0436\u0438\u0439 \u043f\u0435\u0440\u0441\u0438\u043a<br \/>\n\u0411\u0430\u0437\u043e\u0432\u044b\u0435 \u043d\u043e\u0442\u044b: \u0412\u043e\u0437\u0434\u0443\u0448\u043d\u044b\u0439 \u043c\u0443\u0441\u043a\u0443\u0441, \u0441\u0432\u0435\u0442\u043b\u044b\u0435 \u0434\u0440\u0435\u0432\u0435\u0441\u043d\u044b\u0435 \u0430\u043a\u0446\u0435\u043d\u0442\u044b<\/p>\n<p>\u042f\u0440\u043a\u0438\u0439 \u0438 \u043f\u0440\u0438\u0442\u044f\u0433\u0430\u0442\u0435\u043b\u044c\u043d\u044b\u0439 \u0430\u0440\u043e\u043c\u0430\u0442 \u0441 \u0440\u043e\u043c\u0430\u043d\u0442\u0438\u0447\u043d\u044b\u043c \u043d\u0430\u0441\u0442\u0440\u043e\u0435\u043d\u0438\u0435\u043c. \u041f\u043e\u0434\u0445\u043e\u0434\u0438\u0442 \u0442\u0435\u043c, \u043a\u0442\u043e \u043b\u044e\u0431\u0438\u0442 \u0441\u043b\u0430\u0434\u043a\u0438\u0435, \u0444\u0440\u0443\u043a\u0442\u043e\u0432\u043e-\u0446\u0432\u0435\u0442\u043e\u0447\u043d\u044b\u0435 \u043a\u043e\u043c\u043f\u043e\u0437\u0438\u0446\u0438\u0438 \u0434\u043b\u044f \u043f\u043e\u0432\u0441\u0435\u0434\u043d\u0435\u0432\u043d\u043e\u0433\u043e \u043d\u043e\u0448\u0435\u043d\u0438\u044f.<\/p>\n<\/details>\n","protected":false},"featured_media":23827,"template":"","meta":{"jetpack_publicize_message":"","jetpack_publicize_feature_enabled":true,"jetpack_social_post_already_shared":true,"jetpack_social_options":{"image_generator_settings":{"template":"highway","default_image_id":0,"font":"","enabled":false},"version":2}},"product_brand":[],"product_cat":[927,910,341],"product_tag":[],"class_list":{"0":"post-23819","1":"product","2":"type-product","3":"status-publish","4":"has-post-thumbnail","6":"product_cat-victorias-secret-body-mists","7":"product_cat-kehaspreid","8":"product_cat-victorias-secret","9":"pa_lohn-10-ml-tester","10":"pa_lohn-2-ml-tester","11":"pa_lohn-250-ml-full-size","12":"pa_lohn-30-ml-tester","14":"first","15":"instock","16":"sale","17":"shipping-taxable","18":"purchasable","19":"product-type-variable"},"jetpack_publicize_connections":[],"jetpack_sharing_enabled":true,"jetpack_likes_enabled":true,"_links":{"self":[{"href":"https:\/\/superstore.ee\/index.php\/wp-json\/wp\/v2\/product\/23819","targetHints":{"allow":["GET"]}}],"collection":[{"href":"https:\/\/superstore.ee\/index.php\/wp-json\/wp\/v2\/product"}],"about":[{"href":"https:\/\/superstore.ee\/index.php\/wp-json\/wp\/v2\/types\/product"}],"wp:featuredmedia":[{"embeddable":true,"href":"https:\/\/superstore.ee\/index.php\/wp-json\/wp\/v2\/media\/23827"}],"wp:attachment":[{"href":"https:\/\/superstore.ee\/index.php\/wp-json\/wp\/v2\/media?parent=23819"}],"wp:term":[{"taxonomy":"product_brand","embeddable":true,"href":"https:\/\/superstore.ee\/index.php\/wp-json\/wp\/v2\/product_brand?post=23819"},{"taxonomy":"product_cat","embeddable":true,"href":"https:\/\/superstore.ee\/index.php\/wp-json\/wp\/v2\/product_cat?post=23819"},{"taxonomy":"product_tag","embeddable":true,"href":"https:\/\/superstore.ee\/index.php\/wp-json\/wp\/v2\/product_tag?post=23819"}],"curies":[{"name":"wp","href":"https:\/\/api.w.org\/{rel}","templated":true}]}}