{"id":23864,"date":"2025-06-16T17:00:04","date_gmt":"2025-06-16T14:00:04","guid":{"rendered":"https:\/\/superstore.ee\/?post_type=product&#038;p=23864"},"modified":"2026-01-03T18:09:36","modified_gmt":"2026-01-03T16:09:36","slug":"victorias-secret-love-spell-shimmer-fragrance-mist-bestseller-old-design","status":"publish","type":"product","link":"https:\/\/superstore.ee\/index.php\/toode\/victorias-secret-love-spell-shimmer-fragrance-mist-bestseller-old-design\/","title":{"rendered":"Victoria\u2019s Secret Love Spell Shimmer Fragrance Mist BESTSELLER \u2b50 OLD DESIGN"},"content":{"rendered":"","protected":false},"excerpt":{"rendered":"<div id=\"model-response-message-contentr_0b9ca520fd50a649\" class=\"markdown markdown-main-panel enable-updated-hr-color\" dir=\"ltr\">\n<h4 id=\"model-response-message-contentr_0b9ca520fd50a649\" class=\"markdown markdown-main-panel enable-updated-hr-color\" dir=\"ltr\">Victoria\u2019s Secret klassikalise sarja s\u00e4delev kehasprei vanas disainis (250ml)<\/h4>\n<p data-sourcepos=\"5:1-5:283\">See on k\u00f5ige populaarsem kollektsioon isu\u00e4ratavate aroomidega! Kehasprei annab kauap\u00fcsiva magusa l\u00f5hna ning s\u00e4rava naha kogu p\u00e4evaks.<\/p>\n<p data-sourcepos=\"5:1-5:283\">Love Spell See on ikooniline aroom, mis kuulub <strong>Victoria\u2019s Secreti k\u00f5ige klassikalisemasse ja armastatuimasse kollektsiooni<\/strong> \u2013 t\u00f5eline bestseller, mis on vallutanud s\u00fcdameid \u00fcle maailma!<\/p>\n<p>Love Spell: Elav ja veetlev. Lummavalt romantiline l\u00f5hn.<\/p>\n<p><em>L\u00f5hnat\u00fc\u00fcp: Puuviljane Lilleline<\/em><\/p>\n<p><em>Tipunoodid: Punane \u00f5un, kirsipuu\u00f5is<\/em><\/p>\n<p><em>S\u00fcdamenoodid: Liilia, v\u00e4rske virsik<\/em><\/p>\n<p><em>P\u00f5hjanoodid: Muskus, heledad puidunoodid<\/em><\/p>\n<p data-sourcepos=\"10:1-10:113\">Pakume ka selle toote testereid, mis sobivad ideaalselt nii aroomiga tutvumiseks kui ka mugavaks reisimiseks.<\/p>\n<p data-sourcepos=\"12:1-12:176\"><strong>Kauakestva ja unustamatu aroomielamuse saamiseks<\/strong> \u00fchendage see imeline kehasprei sobiva Victoria\u2019s Secreti kehalosjooniga!<\/p>\n<\/div>\n<details>\n<summary>Details<\/summary>\n<div translate=\"no\">A mesmerizing melody of elegant blooms and nectarous fruits. Scents of cherry blossoms and fresh peach cast you into a euphoric daze. Playful &amp; romantic.Fragrance type: Fruity Floral<br \/>\nNotes: cherry blossom, fresh peach<br \/>\n250 ml\/8.4 oz.<br \/>\nDomesticINGREDIENTS:<br \/>\nAlcohol Denat., Water (Aqua, Eau), Fragrance (Parfum), Limonene, Citrus Aurantium Peel Oil, Hexamethylindanopyran, Acrylates\/C10-30 Alkyl Acrylate Crosspolymer, Linalool, Linalyl acetate, Citrus Limon Peel Oil, Ethylhexyl Methoxycinnamate, Synthetic Fluorphlogopite, Pinene, Ethylhexyl Salicylate, Titanium Dioxide (CI 77891), Butyl Methoxydibenzoylmethane, Aminomethyl Propanol, Terpineol, Rose Ketones, CitralIngredients are subject to change. For an accurate list of ingredients, please refer to the product packaging.<\/div>\n<p>Victoria\u2019s Secret \u043f\u0430\u0440\u0444\u044e\u043c\u0438\u0440\u043e\u0432\u0430\u043d\u043d\u044b\u0439 \u043c\u0438\u0441\u0442 \u0441\u043f\u0440\u0435\u0439\u00a0 \u0434\u043b\u044f \u0442\u0435\u043b\u0430<\/p>\n<\/details>\n","protected":false},"featured_media":23853,"template":"","meta":{"jetpack_publicize_message":"","jetpack_publicize_feature_enabled":true,"jetpack_social_post_already_shared":true,"jetpack_social_options":{"image_generator_settings":{"template":"highway","default_image_id":0,"font":"","enabled":false},"version":2}},"product_brand":[],"product_cat":[910,927,341],"product_tag":[],"class_list":{"0":"post-23864","1":"product","2":"type-product","3":"status-publish","4":"has-post-thumbnail","6":"product_cat-kehaspreid","7":"product_cat-victorias-secret-body-mists","8":"product_cat-victorias-secret","9":"pa_lohn-10-ml-tester","10":"pa_lohn-2-ml-tester","11":"pa_lohn-250-ml-full-size","12":"pa_lohn-30-ml-tester","14":"first","15":"outofstock","16":"sale","17":"shipping-taxable","18":"product-type-variable"},"jetpack_publicize_connections":[],"jetpack_sharing_enabled":true,"jetpack_likes_enabled":true,"_links":{"self":[{"href":"https:\/\/superstore.ee\/index.php\/wp-json\/wp\/v2\/product\/23864","targetHints":{"allow":["GET"]}}],"collection":[{"href":"https:\/\/superstore.ee\/index.php\/wp-json\/wp\/v2\/product"}],"about":[{"href":"https:\/\/superstore.ee\/index.php\/wp-json\/wp\/v2\/types\/product"}],"wp:featuredmedia":[{"embeddable":true,"href":"https:\/\/superstore.ee\/index.php\/wp-json\/wp\/v2\/media\/23853"}],"wp:attachment":[{"href":"https:\/\/superstore.ee\/index.php\/wp-json\/wp\/v2\/media?parent=23864"}],"wp:term":[{"taxonomy":"product_brand","embeddable":true,"href":"https:\/\/superstore.ee\/index.php\/wp-json\/wp\/v2\/product_brand?post=23864"},{"taxonomy":"product_cat","embeddable":true,"href":"https:\/\/superstore.ee\/index.php\/wp-json\/wp\/v2\/product_cat?post=23864"},{"taxonomy":"product_tag","embeddable":true,"href":"https:\/\/superstore.ee\/index.php\/wp-json\/wp\/v2\/product_tag?post=23864"}],"curies":[{"name":"wp","href":"https:\/\/api.w.org\/{rel}","templated":true}]}}