{"id":23869,"date":"2025-06-16T17:00:09","date_gmt":"2025-06-16T14:00:09","guid":{"rendered":"https:\/\/superstore.ee\/?post_type=product&#038;p=23869"},"modified":"2026-01-22T19:24:25","modified_gmt":"2026-01-22T17:24:25","slug":"victorias-secret-love-spell-shimmer-fragrance-lotion-old-design","status":"publish","type":"product","link":"https:\/\/superstore.ee\/index.php\/toode\/victorias-secret-love-spell-shimmer-fragrance-lotion-old-design\/","title":{"rendered":"Victoria\u2019s Secret Love Spell Shimmer Fragrance Lotion OLD DESIGN"},"content":{"rendered":"","protected":false},"excerpt":{"rendered":"<h4>Victoria\u2019s Secret Love Spell\u00a0l\u00f5hnastatud kehalosjoon<span style=\"font-weight: 400;\"> s\u00e4delusega vanas disainis<\/span><\/h4>\n<p data-sourcepos=\"5:1-5:286\">Sukeldu vastupandamatusse aroomimaailma <strong>Victoria\u2019s Secreti l\u00f5hnastatud kehalosjooniga Love Spell<\/strong>! See on ikooniline toode, mis kuulub <strong>Victoria\u2019s Secreti k\u00f5ige klassikalisemasse ja armastatuimasse kollektsiooni<\/strong> \u2013 t\u00f5eline bestseller, mis on vallutanud s\u00fcdameid \u00fcle maailma! Kehakreem niisutab nahka ja annab kauap\u00fcsiva magusa l\u00f5hna ning s\u00e4rava naha kogu p\u00e4evaks.<\/p>\n<p>Love Spell: Elav ja veetlev. Lummavalt romantiline l\u00f5hn.<\/p>\n<p><em>L\u00f5hnat\u00fc\u00fcp: Puuviljane Lilleline<\/em><\/p>\n<p><em>Tipunoodid: Punane \u00f5un, kirsipuu\u00f5is<\/em><\/p>\n<p><em>S\u00fcdamenoodid: Liilia, v\u00e4rske virsik<\/em><\/p>\n<p><em>P\u00f5hjanoodid: Muskus, heledad puidunoodid<\/em><\/p>\n<p data-sourcepos=\"12:1-12:175\"><strong>Kauakestva ja unustamatu aroomielamuse saamiseks<\/strong> \u00fchendage see imeline kehalosjoon sobiva Victoria\u2019s Secreti kehaspreiga!<\/p>\n<details>\n<summary>Details<\/summary>\n<div translate=\"no\">A mesmerizing melody of elegant blooms and nectarous fruits. Scents of cherry blossoms and fresh peach cast you into a euphoric daze. Playful &amp; romantic.<br \/>\nLove Spell Shimmer Body Lotion<br \/>\nFragrance type: Fruity Floral<br \/>\nNotes: cherry blossom, fresh peach<br \/>\n236 ml\/8 oz.<br \/>\nDomesticINGREDIENTS:<br \/>\nWater (Aqua, Eau), Terpineol, Mineral Oil (Paraffinum Liquidum, Huile min\u00e9rale), Glycerin, Fragrance (Parfum), Cetyl Alcohol, Glyceryl Stearate, PEG-100 Stearate, Palmitic Acid, Stearic Acid, Phenoxyethanol, Synthetic Fluorphlogopite, Dimethicone, Limonene, Citrus Aurantium Peel Oil, Acrylates\/C10-30 Alkyl Acrylate Crosspolymer, Hexamethylindanopyran, Chlorphenesin, Potassium Sorbate, Xanthan Gum, Sodium Hydroxide, Titanium Dioxide (CI 77891), Citrus Limon Peel Oil, Linalool, Ethylhexylglycerin, Linalyl acetate, Disodium EDTA, Pinene, Citral, Rose Ketones, Tocopheryl Acetate, Aloe Barbadensis Leaf JuiceIngredients are subject to change. For an accurate list of ingredients, please refer to the product packaging.<\/div>\n<p>Victoria\u2019s Secret \u043f\u0430\u0440\u0444\u044e\u043c\u0438\u0440\u043e\u0432\u0430\u043d\u043d\u044b\u0439 \u043b\u043e\u0441\u044c\u043e\u043d \u0434\u043b\u044f \u0442\u0435\u043b\u0430 \u043a\u0440\u0435\u043c \u0434\u043b\u044f \u0442\u0435\u043b\u0430 \u0441 \u0431\u043b\u0435\u0441\u0442\u043a\u0430\u043c\u0438<\/p>\n<\/details>\n","protected":false},"featured_media":23857,"template":"","meta":{"jetpack_publicize_message":"","jetpack_publicize_feature_enabled":true,"jetpack_social_post_already_shared":true,"jetpack_social_options":{"image_generator_settings":{"template":"highway","default_image_id":0,"font":"","enabled":false},"version":2}},"product_brand":[],"product_cat":[926,912,341],"product_tag":[],"class_list":{"0":"post-23869","1":"product","2":"type-product","3":"status-publish","4":"has-post-thumbnail","6":"product_cat-victorias-secret-body-lotions","7":"product_cat-nahahooldus","8":"product_cat-victorias-secret","9":"pa_lohn-15-ml-tester","10":"pa_lohn-236-ml-full-size","11":"pa_lohn-30-ml-tester","13":"first","14":"outofstock","15":"sale","16":"shipping-taxable","17":"product-type-variable"},"jetpack_publicize_connections":[],"jetpack_sharing_enabled":true,"jetpack_likes_enabled":true,"_links":{"self":[{"href":"https:\/\/superstore.ee\/index.php\/wp-json\/wp\/v2\/product\/23869","targetHints":{"allow":["GET"]}}],"collection":[{"href":"https:\/\/superstore.ee\/index.php\/wp-json\/wp\/v2\/product"}],"about":[{"href":"https:\/\/superstore.ee\/index.php\/wp-json\/wp\/v2\/types\/product"}],"wp:featuredmedia":[{"embeddable":true,"href":"https:\/\/superstore.ee\/index.php\/wp-json\/wp\/v2\/media\/23857"}],"wp:attachment":[{"href":"https:\/\/superstore.ee\/index.php\/wp-json\/wp\/v2\/media?parent=23869"}],"wp:term":[{"taxonomy":"product_brand","embeddable":true,"href":"https:\/\/superstore.ee\/index.php\/wp-json\/wp\/v2\/product_brand?post=23869"},{"taxonomy":"product_cat","embeddable":true,"href":"https:\/\/superstore.ee\/index.php\/wp-json\/wp\/v2\/product_cat?post=23869"},{"taxonomy":"product_tag","embeddable":true,"href":"https:\/\/superstore.ee\/index.php\/wp-json\/wp\/v2\/product_tag?post=23869"}],"curies":[{"name":"wp","href":"https:\/\/api.w.org\/{rel}","templated":true}]}}