{"id":23878,"date":"2025-11-16T19:55:19","date_gmt":"2025-11-16T17:55:19","guid":{"rendered":"https:\/\/superstore.ee\/?post_type=product&#038;p=23878"},"modified":"2026-03-15T17:27:07","modified_gmt":"2026-03-15T15:27:07","slug":"victorias-secret-love-spell-fragrance-lotion-bestseller","status":"publish","type":"product","link":"https:\/\/superstore.ee\/index.php\/toode\/victorias-secret-love-spell-fragrance-lotion-bestseller\/","title":{"rendered":"Victoria\u2019s Secret Love Spell Fragrance Lotion BESTSELLER \u2b50"},"content":{"rendered":"","protected":false},"excerpt":{"rendered":"<p>Victoria\u2019s Secret Love Spell l\u00f5hnastatud kehakreem (236 ml)<\/p>\n<p><strong>Aroomit\u00fc\u00fcp<\/strong>: Puuviljane \/ Lilleline<\/p>\n<p><strong>Aroomi kirjeldus:<\/strong><\/p>\n<ul>\n<li>Tipunoodid: Punane \u00f5un, kirs\u00f5is<\/li>\n<li>S\u00fcdamenoodid: \u00d5huline liilia, v\u00e4rske virsik<\/li>\n<li>Baasnoodid: \u00d5huline muskus, heledad puidunoodid<\/li>\n<\/ul>\n<p>Elav ja lummav aroom, mis loob maagiliselt romantilise meeleolu. Sobib neile, kes armastavad magus-puuviljaseid ja naiselikke l\u00f5hnu igap\u00e4evaseks kandmiseks.<\/p>\n<details>\n<summary>Details<\/summary>\n<div translate=\"no\">\n<p>Victoria\u2019s Secret Body Fragrance Lotion TOP!This is the most popular collection with best aromas! Moisturizes the skin for 24 hours and leaves it smelling sweet for the whole day.<\/p>\n<p>Dreamy &amp; sheer.<\/p>\n<p>A moonlit, floral glow.<\/p>\n<p>Fragrance type: Warm Floral<\/p>\n<p>Notes<\/p>\n<p>Top: Airy Pink Freesia, Berry Bouquet<\/p>\n<p>Heart: Moon Flower, Whipped Praline<\/p>\n<p>Base: Shimmering Woods, Creamy Vanilla<\/p>\n<p>250 ml\/8.4 fl oz.<br \/>\nPair with a matching Fragrance Body Lotion for a long-lasting fragrance experience.<\/p>\n<p>INGREDIENTS:<br \/>\nStearic Acid, Phenoxyethanol, Dimethicone, Hexamethylindanopyran, Acrylates\/C10-30 Alkyl Acrylate Crosspolymer, Chlorphenesin, Potassium Sorbate, Xanthan Gum, Sodium Hydroxide, Vanillin, Ethylhexylglycerin, Tetramethyl acetyloctahydronaphthalenes, Disodium EDTA, Hexadecanolactone, Linalyl acetate, Limonene, Linalool, Pinene, Citrus Aurantium Peel Oil, Benzyl Alcohol, Tocopheryl Acetate, Aloe Barbadensis Leaf Juice, Water (Aqua, Eau), Mineral Oil (Paraffinum Liquidum, Huile min\u00e9rale), Glycerin, Fragrance (Parfum), Cetyl Alcohol, Glyceryl Stearate, PEG-100 Stearate, Palmitic Acid<br \/>\nIngredients are subject to change. For an accurate list of ingredients, please refer to the product packaging.<\/p>\n<\/div>\n<p>Victoria\u2019s Secret Love Spell \u043f\u0430\u0440\u0444\u044e\u043c\u0438\u0440\u043e\u0432\u0430\u043d\u043d\u044b\u0439 \u043b\u043e\u0441\u044c\u043e\u043d \u0434\u043b\u044f \u0442\u0435\u043b\u0430 \u043a\u0440\u0435\u043c (236 \u043c\u043b)<\/p>\n<p>\u0422\u0438\u043f \u0430\u0440\u043e\u043c\u0430\u0442\u0430: \u0424\u0440\u0443\u043a\u0442\u043e\u0432\u044b\u0439 \/ \u0426\u0432\u0435\u0442\u043e\u0447\u043d\u044b\u0439<\/p>\n<p>\u041e\u043f\u0438\u0441\u0430\u043d\u0438\u0435 \u0430\u0440\u043e\u043c\u0430\u0442\u0430:<br \/>\n\u0412\u0435\u0440\u0445\u043d\u0438\u0435 \u043d\u043e\u0442\u044b: \u041a\u0440\u0430\u0441\u043d\u043e\u0435 \u044f\u0431\u043b\u043e\u043a\u043e, \u0446\u0432\u0435\u0442\u043e\u043a \u0432\u0438\u0448\u043d\u0438<br \/>\n\u041d\u043e\u0442\u044b \u0441\u0435\u0440\u0434\u0446\u0430: \u041f\u0440\u043e\u0437\u0440\u0430\u0447\u043d\u0430\u044f (\u043b\u0451\u0433\u043a\u0430\u044f) \u043b\u0438\u043b\u0438\u044f, \u0441\u0432\u0435\u0436\u0438\u0439 \u043f\u0435\u0440\u0441\u0438\u043a<br \/>\n\u0411\u0430\u0437\u043e\u0432\u044b\u0435 \u043d\u043e\u0442\u044b: \u0412\u043e\u0437\u0434\u0443\u0448\u043d\u044b\u0439 \u043c\u0443\u0441\u043a\u0443\u0441, \u0441\u0432\u0435\u0442\u043b\u044b\u0435 \u0434\u0440\u0435\u0432\u0435\u0441\u043d\u044b\u0435 \u043d\u043e\u0442\u044b<\/p>\n<p>\u042f\u0440\u043a\u0438\u0439 \u0438 \u043f\u0440\u0438\u0442\u044f\u0433\u0430\u0442\u0435\u043b\u044c\u043d\u044b\u0439 \u0430\u0440\u043e\u043c\u0430\u0442 \u0441 \u0440\u043e\u043c\u0430\u043d\u0442\u0438\u0447\u043d\u044b\u043c \u043d\u0430\u0441\u0442\u0440\u043e\u0435\u043d\u0438\u0435\u043c. \u041f\u043e\u0434\u0445\u043e\u0434\u0438\u0442 \u0442\u0435\u043c, \u043a\u0442\u043e \u043b\u044e\u0431\u0438\u0442 \u0441\u043b\u0430\u0434\u043a\u0438\u0435, \u0444\u0440\u0443\u043a\u0442\u043e\u0432\u043e-\u0446\u0432\u0435\u0442\u043e\u0447\u043d\u044b\u0435 \u043a\u043e\u043c\u043f\u043e\u0437\u0438\u0446\u0438\u0438 \u0434\u043b\u044f \u043f\u043e\u0432\u0441\u0435\u0434\u043d\u0435\u0432\u043d\u043e\u0433\u043e \u043d\u043e\u0448\u0435\u043d\u0438\u044f.<\/p>\n<\/details>\n","protected":false},"featured_media":25634,"template":"","meta":{"jetpack_publicize_message":"","jetpack_publicize_feature_enabled":true,"jetpack_social_post_already_shared":true,"jetpack_social_options":{"image_generator_settings":{"template":"highway","default_image_id":0,"font":"","enabled":false},"version":2}},"product_brand":[],"product_cat":[926,912,341],"product_tag":[],"class_list":{"0":"post-23878","1":"product","2":"type-product","3":"status-publish","4":"has-post-thumbnail","6":"product_cat-victorias-secret-body-lotions","7":"product_cat-nahahooldus","8":"product_cat-victorias-secret","9":"pa_lohn-15-ml-tester","10":"pa_lohn-236-ml-full-size","11":"pa_lohn-30-ml-tester","13":"first","14":"instock","15":"sale","16":"shipping-taxable","17":"purchasable","18":"product-type-variable"},"jetpack_publicize_connections":[],"jetpack_sharing_enabled":true,"jetpack_likes_enabled":true,"_links":{"self":[{"href":"https:\/\/superstore.ee\/index.php\/wp-json\/wp\/v2\/product\/23878","targetHints":{"allow":["GET"]}}],"collection":[{"href":"https:\/\/superstore.ee\/index.php\/wp-json\/wp\/v2\/product"}],"about":[{"href":"https:\/\/superstore.ee\/index.php\/wp-json\/wp\/v2\/types\/product"}],"wp:featuredmedia":[{"embeddable":true,"href":"https:\/\/superstore.ee\/index.php\/wp-json\/wp\/v2\/media\/25634"}],"wp:attachment":[{"href":"https:\/\/superstore.ee\/index.php\/wp-json\/wp\/v2\/media?parent=23878"}],"wp:term":[{"taxonomy":"product_brand","embeddable":true,"href":"https:\/\/superstore.ee\/index.php\/wp-json\/wp\/v2\/product_brand?post=23878"},{"taxonomy":"product_cat","embeddable":true,"href":"https:\/\/superstore.ee\/index.php\/wp-json\/wp\/v2\/product_cat?post=23878"},{"taxonomy":"product_tag","embeddable":true,"href":"https:\/\/superstore.ee\/index.php\/wp-json\/wp\/v2\/product_tag?post=23878"}],"curies":[{"name":"wp","href":"https:\/\/api.w.org\/{rel}","templated":true}]}}