{"id":24015,"date":"2025-06-27T20:01:01","date_gmt":"2025-06-27T17:01:01","guid":{"rendered":"https:\/\/superstore.ee\/?post_type=product&#038;p=24015"},"modified":"2026-02-02T14:16:57","modified_gmt":"2026-02-02T12:16:57","slug":"victorias-secret-guava-fiesta-shimmer-fragrance-mist","status":"publish","type":"product","link":"https:\/\/superstore.ee\/index.php\/toode\/victorias-secret-guava-fiesta-shimmer-fragrance-mist\/","title":{"rendered":"Victoria\u2019s Secret Guava Fiesta Shimmer Fragrance Mist"},"content":{"rendered":"","protected":false},"excerpt":{"rendered":"<p data-sourcepos=\"7:1-7:63\">Victoria\u2019s Secret Guava Fiesta Kehasprei s\u00e4delusega (250ml)<\/p>\n<p data-sourcepos=\"9:1-10:15\"><strong>Aroomit\u00fc\u00fcp:<\/strong> Puuviljane Lilleline <strong>P\u00f5hinoodid:<\/strong><\/p>\n<ul data-sourcepos=\"11:1-14:0\">\n<li data-sourcepos=\"11:1-11:40\"><strong>Tipunoodid:<\/strong> Ananass, Mahlane Guava<\/li>\n<li data-sourcepos=\"12:1-12:41\"><strong>S\u00fcdamenoodid:<\/strong> Jasmiini\u00f5ied, Freesia<\/li>\n<li data-sourcepos=\"13:1-14:0\"><strong>Baasnoodid:<\/strong> Pehme Musk, Sandlipuu<\/li>\n<\/ul>\n<p data-sourcepos=\"12:1-12:268\">Tunneta troopilist energiat <strong>Victoria\u2019s Secret Guava Fiesta Kehaspreiga s\u00e4delusega<\/strong>! See elav ja s\u00e4rav sprei pakub mahlase guava h\u00f5ngu ning j\u00e4tab nahale kauni peene virvenduse. Ideaalne viis lisada oma p\u00e4evale v\u00f5i \u00f5htule s\u00e4ra ja pidulikku meeleolu. Haara oma Fiesta!<\/p>\n<details>\n<summary>Details<\/summary>\n<div translate=\"no\">Fragrance Type: Fruity Floral<br \/>\nKey Notes:Top Notes: Pineapple, Juicy Guava<br \/>\nHeart Notes: Jasmine Petals, Freesia<br \/>\nBase Notes: Soft Musk, Sandalwood<br \/>\nFeel the tropical energy with the Victoria\u2019s Secret Guava Fiesta Shimmer Fragrance Mist! This vibrant and luminous mist offers a juicy guava scent and leaves a beautiful, subtle shimmer on your skin. It&#8217;s the perfect way to add sparkle and a festive vibe to your day or night. Grab your Fiesta!INGREDIENTS:<br \/>\nAlcohol Denat., Water (Aqua, Eau), Fragrance (Parfum), Acrylates\/C10-30 Alkyl Acrylate Crosspolymer, Ethylhexyl Methoxycinnamate, Synthetic Fluorphlogopite, Ethylhexyl Salicylate, Butyl Methoxydibenzoylmethane, Aminomethyl Propanol, Linalool, Hydroxycitronellal, Titanium Dioxide (CI 77891)<\/div>\n<p>Victoria\u2019s Secret Guava Fiesta \u0421\u043f\u0440\u0435\u0439 \u0434\u043b\u044f \u0442\u0435\u043b\u0430 \u0441 \u0431\u043b\u0435\u0441\u0442\u043a\u0430\u043c\u0438 (\u043c\u0438\u0441\u0442) 250\u043c\u043b<\/p>\n<p>\u0422\u0438\u043f \u0430\u0440\u043e\u043c\u0430\u0442\u0430: \u0424\u0440\u0443\u043a\u0442\u043e\u0432\u044b\u0439 \u0426\u0432\u0435\u0442\u043e\u0447\u043d\u044b\u0439<\/p>\n<p>\u0412\u0435\u0440\u0445\u043d\u0438\u0435 \u043d\u043e\u0442\u044b: \u0410\u043d\u0430\u043d\u0430\u0441, \u0421\u043e\u0447\u043d\u0430\u044f \u0413\u0443\u0430\u0432\u0430<br \/>\n\u041d\u043e\u0442\u044b \u0441\u0435\u0440\u0434\u0446\u0430: \u041b\u0435\u043f\u0435\u0441\u0442\u043a\u0438 \u0416\u0430\u0441\u043c\u0438\u043d\u0430, \u0424\u0440\u0435\u0437\u0438\u044f<br \/>\n\u0411\u0430\u0437\u043e\u0432\u044b\u0435 \u043d\u043e\u0442\u044b: \u041c\u044f\u0433\u043a\u0438\u0439 \u041c\u0443\u0441\u043a\u0443\u0441, \u0421\u0430\u043d\u0434\u0430\u043b<\/p>\n<p>\u041f\u043e\u0447\u0443\u0432\u0441\u0442\u0432\u0443\u0439\u0442\u0435 \u0442\u0440\u043e\u043f\u0438\u0447\u0435\u0441\u043a\u0443\u044e \u044d\u043d\u0435\u0440\u0433\u0438\u044e \u0441 \u0421\u0438\u044f\u044e\u0449\u0438\u043c \u0421\u043f\u0440\u0435\u0435\u043c \u0434\u043b\u044f \u0442\u0435\u043b\u0430 Victoria\u2019s Secret Guava Fiesta! \u042d\u0442\u043e\u0442 \u044f\u0440\u043a\u0438\u0439 \u0438 \u0441\u0432\u0435\u0440\u043a\u0430\u044e\u0449\u0438\u0439 \u0441\u043f\u0440\u0435\u0439 \u0434\u0430\u0440\u0438\u0442 \u0430\u0440\u043e\u043c\u0430\u0442 \u0441\u043e\u0447\u043d\u043e\u0439 \u0433\u0443\u0430\u0432\u044b \u0438 \u043e\u0441\u0442\u0430\u0432\u043b\u044f\u0435\u0442 \u043d\u0430 \u043a\u043e\u0436\u0435 \u043a\u0440\u0430\u0441\u0438\u0432\u043e\u0435, \u043d\u0435\u0436\u043d\u043e\u0435 \u043c\u0435\u0440\u0446\u0430\u043d\u0438\u0435. \u0418\u0434\u0435\u0430\u043b\u044c\u043d\u043e \u043f\u043e\u0434\u0445\u043e\u0434\u0438\u0442, \u0447\u0442\u043e\u0431\u044b \u0434\u043e\u0431\u0430\u0432\u0438\u0442\u044c \u0431\u043b\u0435\u0441\u043a\u0430 \u0438 \u043f\u0440\u0430\u0437\u0434\u043d\u0438\u0447\u043d\u043e\u0433\u043e \u043d\u0430\u0441\u0442\u0440\u043e\u0435\u043d\u0438\u044f \u0432\u0430\u0448\u0435\u043c\u0443 \u0434\u043d\u044e \u0438\u043b\u0438 \u0432\u0435\u0447\u0435\u0440\u0443. \u0423\u0441\u0442\u0440\u043e\u0439\u0442\u0435 \u0441\u0432\u043e\u044e \u0424\u0438\u0435\u0441\u0442\u0443!<\/p>\n<\/details>\n","protected":false},"featured_media":24103,"template":"","meta":{"jetpack_publicize_message":"","jetpack_publicize_feature_enabled":true,"jetpack_social_post_already_shared":true,"jetpack_social_options":{"image_generator_settings":{"template":"highway","default_image_id":0,"font":"","enabled":false},"version":2}},"product_brand":[],"product_cat":[927,910,341],"product_tag":[],"class_list":{"0":"post-24015","1":"product","2":"type-product","3":"status-publish","4":"has-post-thumbnail","6":"product_cat-victorias-secret-body-mists","7":"product_cat-kehaspreid","8":"product_cat-victorias-secret","9":"pa_suurus-10-ml-tester","10":"pa_suurus-2-ml-tester","11":"pa_suurus-250-ml-full-size","12":"pa_suurus-30-ml-tester","14":"first","15":"instock","16":"sale","17":"shipping-taxable","18":"purchasable","19":"product-type-variable"},"jetpack_publicize_connections":[],"jetpack_sharing_enabled":true,"jetpack_likes_enabled":true,"_links":{"self":[{"href":"https:\/\/superstore.ee\/index.php\/wp-json\/wp\/v2\/product\/24015","targetHints":{"allow":["GET"]}}],"collection":[{"href":"https:\/\/superstore.ee\/index.php\/wp-json\/wp\/v2\/product"}],"about":[{"href":"https:\/\/superstore.ee\/index.php\/wp-json\/wp\/v2\/types\/product"}],"wp:featuredmedia":[{"embeddable":true,"href":"https:\/\/superstore.ee\/index.php\/wp-json\/wp\/v2\/media\/24103"}],"wp:attachment":[{"href":"https:\/\/superstore.ee\/index.php\/wp-json\/wp\/v2\/media?parent=24015"}],"wp:term":[{"taxonomy":"product_brand","embeddable":true,"href":"https:\/\/superstore.ee\/index.php\/wp-json\/wp\/v2\/product_brand?post=24015"},{"taxonomy":"product_cat","embeddable":true,"href":"https:\/\/superstore.ee\/index.php\/wp-json\/wp\/v2\/product_cat?post=24015"},{"taxonomy":"product_tag","embeddable":true,"href":"https:\/\/superstore.ee\/index.php\/wp-json\/wp\/v2\/product_tag?post=24015"}],"curies":[{"name":"wp","href":"https:\/\/api.w.org\/{rel}","templated":true}]}}