{"id":24028,"date":"2025-06-27T20:17:32","date_gmt":"2025-06-27T17:17:32","guid":{"rendered":"https:\/\/superstore.ee\/?post_type=product&#038;p=24028"},"modified":"2026-03-09T10:59:31","modified_gmt":"2026-03-09T08:59:31","slug":"victorias-secret-vanilla-playa-shimmer-fragrance-mist","status":"publish","type":"product","link":"https:\/\/superstore.ee\/index.php\/toode\/victorias-secret-vanilla-playa-shimmer-fragrance-mist\/","title":{"rendered":"Victoria\u2019s Secret Vanilla Playa Shimmer Fragrance Mist"},"content":{"rendered":"","protected":false},"excerpt":{"rendered":"<p data-sourcepos=\"7:1-7:64\">Victoria\u2019s Secret Vanilla Playa Kehasprei s\u00e4delusega (250ml)<\/p>\n<p data-sourcepos=\"9:1-10:79\"><strong>Aroomit\u00fc\u00fcp:<\/strong> Akvaatiline Vanill <strong>P\u00f5hinoodid:<\/strong> Vanillikaun, Troopiline Orhidee, Kastekastan (Dewy Cherimoya).<\/p>\n<p data-sourcepos=\"12:1-12:341\">P\u00f5gene p\u00e4ikeselisse paradiisi <strong>Victoria\u2019s Secret Vanilla Playa Kehaspreiga<\/strong>! See k\u00fctkestav kehasprei \u00fcmbritseb sind sooja vanilli ja troopiliste orhidee ning kastekastani nootidega, j\u00e4ttes samal ajal nahale kauni peene virvenduse. Ideaalne viis lisada oma p\u00e4evale v\u00f5i \u00f5htule kuldset s\u00e4ra ja unen\u00e4oline rannal\u00f5hn. Tunne l\u00f5putut suve!<\/p>\n<p data-sourcepos=\"12:1-12:341\">Pakume ka selle toote testereid, mis sobivad ideaalselt nii aroomiga tutvumiseks kui ka mugavaks reisimiseks.<\/p>\n<details>\n<summary>Details<\/summary>\n<div translate=\"no\">Victoria\u2019s Secret Vanilla Playa Shimmer Fragrance Mist (250ml)Fragrance Type: Aquatic Vanilla<br \/>\nKey Notes: Vanilla Bean, Tropical Orchid, Dewy Cherimoya.Escape to a sun-drenched paradise with the Victoria\u2019s Secret Vanilla Playa Shimmer Fragrance Mist! This captivating mist wraps you in the comforting embrace of vanilla bean, tropical orchid, and dewy cherimoya notes, while leaving a beautiful, subtle shimmer on your skin. Perfect for adding a touch of golden glow and a dreamy, beachy scent to your day or night. Feel the endless summer!INGREDIENTS:<br \/>\nAlcohol Denat., Water (Aqua, Eau), Fragrance (Parfum), Acrylates\/C10-30 Alkyl Acrylate Crosspolymer, Ethylhexyl Methoxycinnamate, Synthetic Fluorphlogopite, Ethylhexyl Salicylate, Butyl Methoxydibenzoylmethane, Aminomethyl Propanol, Coumarin, Benzyl Salicylate, Linalool, Amyl Cinnamal, Hydroxycitronellal, Geraniol<\/div>\n<p>Victoria\u2019s Secret Vanilla Playa \u0421\u043f\u0440\u0435\u0439 \u0434\u043b\u044f \u0442\u0435\u043b\u0430 c \u0431\u043b\u0435\u0441\u0442\u043a\u0430\u043c\u0438 \u043c\u0438\u0441\u0442 (250\u043c\u043b)<\/p>\n<p>\u0422\u0438\u043f \u0430\u0440\u043e\u043c\u0430\u0442\u0430: \u0412\u043e\u0434\u043d\u0430\u044f \u0412\u0430\u043d\u0438\u043b\u044c<br \/>\n\u041e\u0441\u043d\u043e\u0432\u043d\u044b\u0435 \u043d\u043e\u0442\u044b: \u0412\u0430\u043d\u0438\u043b\u044c\u043d\u044b\u0439 \u0411\u043e\u0431, \u0422\u0440\u043e\u043f\u0438\u0447\u0435\u0441\u043a\u0430\u044f \u041e\u0440\u0445\u0438\u0434\u0435\u044f, \u0412\u043b\u0430\u0436\u043d\u0430\u044f \u0427\u0435\u0440\u0438\u043c\u043e\u0439\u044f (Dewy Cherimoya).<\/p>\n<p>\u041e\u043a\u0443\u043d\u0438\u0442\u0435\u0441\u044c \u0432 \u0437\u0430\u043b\u0438\u0442\u044b\u0439 \u0441\u043e\u043b\u043d\u0446\u0435\u043c \u0440\u0430\u0439 \u0441 \u0421\u0438\u044f\u044e\u0449\u0438\u043c \u0421\u043f\u0440\u0435\u0435\u043c \u0434\u043b\u044f \u0442\u0435\u043b\u0430 Victoria\u2019s Secret Vanilla Playa! \u042d\u0442\u043e\u0442 \u043f\u043b\u0435\u043d\u0438\u0442\u0435\u043b\u044c\u043d\u044b\u0439 \u0441\u043f\u0440\u0435\u0439 \u043e\u043a\u0443\u0442\u044b\u0432\u0430\u0435\u0442 \u0432\u0430\u0441 \u0443\u044e\u0442\u043d\u044b\u043c\u0438 \u043e\u0431\u044a\u044f\u0442\u0438\u044f\u043c\u0438 \u0432\u0430\u043d\u0438\u043b\u044c\u043d\u043e\u0433\u043e \u0431\u043e\u0431\u0430, \u0442\u0440\u043e\u043f\u0438\u0447\u0435\u0441\u043a\u043e\u0439 \u043e\u0440\u0445\u0438\u0434\u0435\u0438 \u0438 \u0432\u043b\u0430\u0436\u043d\u043e\u0439 \u0447\u0435\u0440\u0438\u043c\u043e\u0439\u0438, \u043e\u0441\u0442\u0430\u0432\u043b\u044f\u044f \u043f\u0440\u0438 \u044d\u0442\u043e\u043c \u043a\u0440\u0430\u0441\u0438\u0432\u043e\u0435, \u043d\u0435\u0436\u043d\u043e\u0435 \u043c\u0435\u0440\u0446\u0430\u043d\u0438\u0435 \u043d\u0430 \u0432\u0430\u0448\u0435\u0439 \u043a\u043e\u0436\u0435. \u0418\u0434\u0435\u0430\u043b\u044c\u043d\u043e \u043f\u043e\u0434\u0445\u043e\u0434\u0438\u0442, \u0447\u0442\u043e\u0431\u044b \u0434\u043e\u0431\u0430\u0432\u0438\u0442\u044c \u0437\u043e\u043b\u043e\u0442\u0438\u0441\u0442\u043e\u0433\u043e \u0441\u0438\u044f\u043d\u0438\u044f \u0438 \u043c\u0435\u0447\u0442\u0430\u0442\u0435\u043b\u044c\u043d\u043e\u0433\u043e \u043f\u043b\u044f\u0436\u043d\u043e\u0433\u043e \u0430\u0440\u043e\u043c\u0430\u0442\u0430 \u0432\u0430\u0448\u0435\u043c\u0443 \u0434\u043d\u044e \u0438\u043b\u0438 \u0432\u0435\u0447\u0435\u0440\u0443. \u041f\u043e\u0447\u0443\u0432\u0441\u0442\u0432\u0443\u0439\u0442\u0435 \u0431\u0435\u0441\u043a\u043e\u043d\u0435\u0447\u043d\u043e\u0435 \u043b\u0435\u0442\u043e!<\/p>\n<\/details>\n","protected":false},"featured_media":24102,"template":"","meta":{"jetpack_publicize_message":"","jetpack_publicize_feature_enabled":true,"jetpack_social_post_already_shared":true,"jetpack_social_options":{"image_generator_settings":{"template":"highway","default_image_id":0,"font":"","enabled":false},"version":2}},"product_brand":[],"product_cat":[927,910,993,341],"product_tag":[],"class_list":{"0":"post-24028","1":"product","2":"type-product","3":"status-publish","4":"has-post-thumbnail","6":"product_cat-victorias-secret-body-mists","7":"product_cat-kehaspreid","8":"product_cat-samples","9":"product_cat-victorias-secret","10":"pa_suurus-10-ml-tester","11":"pa_suurus-2-ml-tester","12":"pa_suurus-250-ml-full-size","13":"pa_suurus-30-ml-tester","15":"first","16":"outofstock","17":"shipping-taxable","18":"product-type-variable"},"jetpack_publicize_connections":[],"jetpack_sharing_enabled":true,"jetpack_likes_enabled":true,"_links":{"self":[{"href":"https:\/\/superstore.ee\/index.php\/wp-json\/wp\/v2\/product\/24028","targetHints":{"allow":["GET"]}}],"collection":[{"href":"https:\/\/superstore.ee\/index.php\/wp-json\/wp\/v2\/product"}],"about":[{"href":"https:\/\/superstore.ee\/index.php\/wp-json\/wp\/v2\/types\/product"}],"wp:featuredmedia":[{"embeddable":true,"href":"https:\/\/superstore.ee\/index.php\/wp-json\/wp\/v2\/media\/24102"}],"wp:attachment":[{"href":"https:\/\/superstore.ee\/index.php\/wp-json\/wp\/v2\/media?parent=24028"}],"wp:term":[{"taxonomy":"product_brand","embeddable":true,"href":"https:\/\/superstore.ee\/index.php\/wp-json\/wp\/v2\/product_brand?post=24028"},{"taxonomy":"product_cat","embeddable":true,"href":"https:\/\/superstore.ee\/index.php\/wp-json\/wp\/v2\/product_cat?post=24028"},{"taxonomy":"product_tag","embeddable":true,"href":"https:\/\/superstore.ee\/index.php\/wp-json\/wp\/v2\/product_tag?post=24028"}],"curies":[{"name":"wp","href":"https:\/\/api.w.org\/{rel}","templated":true}]}}