{"id":24058,"date":"2025-06-28T19:31:45","date_gmt":"2025-06-28T16:31:45","guid":{"rendered":"https:\/\/superstore.ee\/?post_type=product&#038;p=24058"},"modified":"2025-07-31T19:01:42","modified_gmt":"2025-07-31T16:01:42","slug":"victorias-secret-costa-flora-shimmer-fragrance-mist","status":"publish","type":"product","link":"https:\/\/superstore.ee\/index.php\/toode\/victorias-secret-costa-flora-shimmer-fragrance-mist\/","title":{"rendered":"Victoria\u2019s Secret Costa Flora Shimmer Fragrance Mist"},"content":{"rendered":"","protected":false},"excerpt":{"rendered":"<p data-sourcepos=\"22:1-22:62\">Victoria\u2019s Secret Costa Flora Kehasprei s\u00e4delusega (250ml)<\/p>\n<p data-sourcepos=\"24:1-25:15\"><strong>Aroomit\u00fc\u00fcp:<\/strong> Puuviljane V\u00e4rske <strong>P\u00f5hinoodid:<\/strong><\/p>\n<ul data-sourcepos=\"26:1-29:0\">\n<li data-sourcepos=\"26:1-26:49\"><strong>Tipunoodid:<\/strong> Metsik Kiivi, S\u00e4delev Laimivesi<\/li>\n<li data-sourcepos=\"27:1-27:70\"><strong>S\u00fcdamenoodid:<\/strong> <span class=\"citation-14 citation-end-14\">Apelsini\u00f5ievesi, P\u00e4ikseline Jasmiin<\/span><\/li>\n<li data-sourcepos=\"28:1-29:0\"><strong>Baasnoodid:<\/strong> Soe Liiv, Mangopiim<\/li>\n<\/ul>\n<p data-sourcepos=\"30:1-30:416\">Valmistu suviseks s\u00e4raks <strong>Victoria\u2019s Secret Costa Flora Kehaspreiga<\/strong>! See s\u00e4delev ja rannikuline sprei kutsub esile s\u00e4rtsakad, ranniku\u00e4\u00e4rsed ja s\u00e4tendavad aroomid, pakkudes kiirgavat suveootust. Rikastatud metsiku kiivi, s\u00e4deleva laimivee, apelsini\u00f5ie ja sooja liiva nootidega, j\u00e4tab see nahale kauni peene virvenduse. Ideaalne viis lisada oma p\u00e4evale troopilist v\u00e4rskust ja s\u00e4ra. Sind ootab s\u00e4rav suvi!<\/p>\n<details>\n<summary>Details<\/summary>\n<div translate=\"no\">VVictoria\u2019s Secret Costa Flora Shimmer Fragrance Mist (250ml)<\/p>\n<p>Fragrance Type: Fruity Fresh<br \/>\nKey Notes:<\/p>\n<p>Top Notes: Wild Kiwi, Sparkling Lime Water<br \/>\nHeart Notes: Orange Blossom Water, Solar Jasmine<br \/>\nBase Notes: Warm Sand, Mango Milk<br \/>\nGet ready for a luminous summer with the Victoria\u2019s Secret Costa Flora Shimmer Fragrance Mist! This zesty, coastal, and sparkling mist brings shimmering notes of bright, tangy fruits, tropical florals, and sweet island warmth, promising a lustrous summer ahead. Infused with wild kiwi, sparkling lime water, orange blossom, and warm sand notes, it leaves a beautiful, subtle shimmer on your skin. Perfect for adding a fresh, tropical glow and sparkle to your day. A lustrous summer awaits!<\/p>\n<p>INGREDIENTS:<br \/>\nAlcohol Denat., Water (Aqua, Eau), Fragrance (Parfum), Acrylates\/C10-30 Alkyl Acrylate Crosspolymer, Ethylhexyl Methoxycinnamate, Synthetic Fluorphlogopite, Ethylhexyl Salicylate, Butyl Methoxydibenzoylmethane, Aminomethyl Propanol, Coumarin, Benzyl Salicylate, Linalool, Amyl Cinnamal, Hydroxycitronellal, Geraniol<\/p>\n<\/div>\n<p>Victoria\u2019s Secret Costa Flora \u0421\u043f\u0440\u0435\u0439 \u0434\u043b\u044f \u0442\u0435\u043b\u0430 c \u0431\u043b\u0435\u0441\u0442\u043a\u0430\u043c\u0438 \u043c\u0438\u0441\u0442 (250\u043c\u043b)<\/p>\n<p>\u0422\u0438\u043f \u0430\u0440\u043e\u043c\u0430\u0442\u0430: \u0424\u0440\u0443\u043a\u0442\u043e\u0432\u044b\u0439 \u0421\u0432\u0435\u0436\u0438\u0439<br \/>\n\u041e\u0441\u043d\u043e\u0432\u043d\u044b\u0435 \u043d\u043e\u0442\u044b:<\/p>\n<p>\u0412\u0435\u0440\u0445\u043d\u0438\u0435 \u043d\u043e\u0442\u044b: \u0414\u0438\u043a\u0438\u0439 \u041a\u0438\u0432\u0438, \u0418\u0433\u0440\u0438\u0441\u0442\u0430\u044f \u041b\u0430\u0439\u043c\u043e\u0432\u0430\u044f \u0412\u043e\u0434\u0430<br \/>\n\u041d\u043e\u0442\u044b \u0441\u0435\u0440\u0434\u0446\u0430: \u0412\u043e\u0434\u0430 \u0410\u043f\u0435\u043b\u044c\u0441\u0438\u043d\u043e\u0432\u043e\u0433\u043e \u0426\u0432\u0435\u0442\u0430, \u0421\u043e\u043b\u043d\u0435\u0447\u043d\u044b\u0439 \u0416\u0430\u0441\u043c\u0438\u043d<br \/>\n\u0411\u0430\u0437\u043e\u0432\u044b\u0435 \u043d\u043e\u0442\u044b: \u0422\u0435\u043f\u043b\u044b\u0439 \u041f\u0435\u0441\u043e\u043a, \u041c\u0430\u043d\u0433\u043e\u0432\u043e\u0435 \u041c\u043e\u043b\u043e\u0447\u043a\u043e<\/p>\n<p>\u041f\u0440\u0438\u0433\u043e\u0442\u043e\u0432\u044c\u0442\u0435\u0441\u044c \u043a \u043b\u0435\u0442\u043d\u0435\u043c\u0443 \u0441\u0438\u044f\u043d\u0438\u044e \u0441 \u0421\u0438\u044f\u044e\u0449\u0438\u043c \u0421\u043f\u0440\u0435\u0435\u043c \u0434\u043b\u044f \u0442\u0435\u043b\u0430 Victoria\u2019s Secret Costa Flora! \u042d\u0442\u043e\u0442 \u0438\u0441\u043a\u0440\u044f\u0449\u0438\u0439\u0441\u044f, \u043f\u0440\u0438\u0431\u0440\u0435\u0436\u043d\u044b\u0439 \u0441\u043f\u0440\u0435\u0439 \u0432\u044b\u0437\u044b\u0432\u0430\u0435\u0442 \u043f\u0438\u043a\u0430\u043d\u0442\u043d\u044b\u0435, \u043f\u0440\u0438\u0431\u0440\u0435\u0436\u043d\u044b\u0435 \u0438 \u043c\u0435\u0440\u0446\u0430\u044e\u0449\u0438\u0435 \u0430\u0440\u043e\u043c\u0430\u0442\u044b, \u043e\u0431\u0435\u0449\u0430\u044f \u0431\u043b\u0438\u0441\u0442\u0430\u0442\u0435\u043b\u044c\u043d\u043e\u0435 \u043b\u0435\u0442\u043e. \u041e\u0431\u043e\u0433\u0430\u0449\u0435\u043d\u043d\u044b\u0439 \u043d\u043e\u0442\u0430\u043c\u0438 \u0434\u0438\u043a\u043e\u0433\u043e \u043a\u0438\u0432\u0438, \u0438\u0433\u0440\u0438\u0441\u0442\u043e\u0439 \u043b\u0430\u0439\u043c\u043e\u0432\u043e\u0439 \u0432\u043e\u0434\u044b, \u0446\u0432\u0435\u0442\u043a\u0430 \u0430\u043f\u0435\u043b\u044c\u0441\u0438\u043d\u0430 \u0438 \u0442\u0435\u043f\u043b\u043e\u0433\u043e \u043f\u0435\u0441\u043a\u0430, \u043e\u043d \u043e\u0441\u0442\u0430\u0432\u043b\u044f\u0435\u0442 \u043d\u0430 \u043a\u043e\u0436\u0435 \u043a\u0440\u0430\u0441\u0438\u0432\u043e\u0435, \u043d\u0435\u0436\u043d\u043e\u0435 \u043c\u0435\u0440\u0446\u0430\u043d\u0438\u0435. \u0418\u0434\u0435\u0430\u043b\u044c\u043d\u043e \u043f\u043e\u0434\u0445\u043e\u0434\u0438\u0442, \u0447\u0442\u043e\u0431\u044b \u0434\u043e\u0431\u0430\u0432\u0438\u0442\u044c \u0442\u0440\u043e\u043f\u0438\u0447\u0435\u0441\u043a\u043e\u0439 \u0441\u0432\u0435\u0436\u0435\u0441\u0442\u0438 \u0438 \u0441\u0438\u044f\u043d\u0438\u044f \u0432 \u0432\u0430\u0448 \u0434\u0435\u043d\u044c. \u0412\u0430\u0441 \u0436\u0434\u0435\u0442 \u0431\u043b\u0438\u0441\u0442\u0430\u0442\u0435\u043b\u044c\u043d\u043e\u0435 \u043b\u0435\u0442\u043e!<br \/>\n<\/details>\n","protected":false},"featured_media":24101,"template":"","meta":{"jetpack_publicize_message":"","jetpack_publicize_feature_enabled":true,"jetpack_social_post_already_shared":true,"jetpack_social_options":{"image_generator_settings":{"template":"highway","default_image_id":0,"font":"","enabled":false},"version":2}},"product_brand":[],"product_cat":[910,927,341],"product_tag":[],"class_list":{"0":"post-24058","1":"product","2":"type-product","3":"status-publish","4":"has-post-thumbnail","6":"product_cat-kehaspreid","7":"product_cat-victorias-secret-body-mists","8":"product_cat-victorias-secret","9":"pa_suurus-10-ml-tester","10":"pa_suurus-2-ml-tester","11":"pa_suurus-250-ml-full-size","12":"pa_suurus-30-ml-tester","14":"first","15":"outofstock","16":"sale","17":"shipping-taxable","18":"purchasable","19":"product-type-simple"},"jetpack_publicize_connections":[],"jetpack_sharing_enabled":true,"jetpack_likes_enabled":true,"_links":{"self":[{"href":"https:\/\/superstore.ee\/index.php\/wp-json\/wp\/v2\/product\/24058","targetHints":{"allow":["GET"]}}],"collection":[{"href":"https:\/\/superstore.ee\/index.php\/wp-json\/wp\/v2\/product"}],"about":[{"href":"https:\/\/superstore.ee\/index.php\/wp-json\/wp\/v2\/types\/product"}],"wp:featuredmedia":[{"embeddable":true,"href":"https:\/\/superstore.ee\/index.php\/wp-json\/wp\/v2\/media\/24101"}],"wp:attachment":[{"href":"https:\/\/superstore.ee\/index.php\/wp-json\/wp\/v2\/media?parent=24058"}],"wp:term":[{"taxonomy":"product_brand","embeddable":true,"href":"https:\/\/superstore.ee\/index.php\/wp-json\/wp\/v2\/product_brand?post=24058"},{"taxonomy":"product_cat","embeddable":true,"href":"https:\/\/superstore.ee\/index.php\/wp-json\/wp\/v2\/product_cat?post=24058"},{"taxonomy":"product_tag","embeddable":true,"href":"https:\/\/superstore.ee\/index.php\/wp-json\/wp\/v2\/product_tag?post=24058"}],"curies":[{"name":"wp","href":"https:\/\/api.w.org\/{rel}","templated":true}]}}