{"id":24083,"date":"2025-06-30T00:20:34","date_gmt":"2025-06-29T21:20:34","guid":{"rendered":"https:\/\/superstore.ee\/?post_type=product&#038;p=24083"},"modified":"2025-07-21T23:36:50","modified_gmt":"2025-07-21T20:36:50","slug":"victorias-secret-coconut-sol-shimmer-fragrance-mist","status":"publish","type":"product","link":"https:\/\/superstore.ee\/index.php\/toode\/victorias-secret-coconut-sol-shimmer-fragrance-mist\/","title":{"rendered":"Victoria\u2019s Secret Coconut Sol Shimmer Fragrance Mist"},"content":{"rendered":"","protected":false},"excerpt":{"rendered":"<p data-sourcepos=\"7:1-7:62\">Victoria\u2019s Secret Coconut Sol Kehasprei s\u00e4delusega (250ml)<\/p>\n<p data-sourcepos=\"9:1-10:15\"><strong>Aroomit\u00fc\u00fcp:<\/strong> P\u00e4ikseline Puuviljane <strong>P\u00f5hinoodid:<\/strong><\/p>\n<ul data-sourcepos=\"11:1-14:0\">\n<li data-sourcepos=\"11:1-11:43\"><strong>Tipunoodid:<\/strong> Riivitud Kookos, Meretuul<\/li>\n<li data-sourcepos=\"12:1-12:51\"><strong>S\u00fcdamenoodid:<\/strong> Mehhiko P\u00e4evalill, Draakonivili<\/li>\n<li data-sourcepos=\"13:1-14:0\"><strong>Baasnoodid:<\/strong> Valge Seeder, P\u00e4ikeseline Musk<\/li>\n<\/ul>\n<p data-sourcepos=\"15:1-15:423\">P\u00fc\u00fca kinni p\u00e4ikselise ranna tunne <strong>Victoria\u2019s Secret Coconut Sol Kehaspreiga<\/strong>! See s\u00e4rav kehasprei \u00fcmbritseb sind p\u00e4ikeseliste, tuuliste ja p\u00e4ikesepruunide akordidega, meenutades taastavat ja kiirgavat p\u00e4ikesepaistet. Rikkalike kookose ja troopiliste puuviljade nootidega t\u00e4iendatud kehasprei j\u00e4tab nahale kauni peene virvenduse. Ideaalne viis lisada oma p\u00e4evale troopilist s\u00e4ra ja suvem\u00e4lestusi. Lase p\u00e4ikesel s\u00e4rada!<\/p>\n<details>\n<summary>Details<\/summary>\n<div>\n<p>Victoria\u2019s Secret Coconut Sol Shimmer Fragrance Mist (250ml)<\/p>\n<p>Fragrance Type: Solar Fruity<br \/>\nKey Notes:<\/p>\n<p>Top Notes: Shredded Coconut, Sea Breeze<br \/>\nHeart Notes: Mexican Sunflower, Dragonfruit<br \/>\nBase Notes: White Cedar, Sunlit Musk<br \/>\nCapture the essence of a sun-drenched beach with the Victoria\u2019s Secret Coconut Sol Shimmer Fragrance Mist! This radiant mist envelops you in solar, breezy, and sunkissed accords, feeling restorative and luminous like sunshine. Infused with rich notes of coconut and exotic fruits, it leaves a beautiful, subtle shimmer on your skin. Perfect for adding a tropical glow and summer memories to your day. Let the sun shine!<\/p>\n<p>INGREDIENTS:<br \/>\nAlcohol Denat., Water (Aqua, Eau), Fragrance (Parfum), Acrylates\/C10-30 Alkyl Acrylate Crosspolymer, Ethylhexyl Methoxycinnamate, Synthetic Fluorphlogopite, Ethylhexyl Salicylate, Butyl Methoxydibenzoylmethane, Aminomethyl Propanol, Coumarin, Benzyl Salicylate, Linalool, Amyl Cinnamal, Hydroxycitronellal, Geraniol<\/p>\n<\/div>\n<p>Victoria\u2019s Secret Coconut Sol \u0421\u043f\u0440\u0435\u0439 \u0434\u043b\u044f \u0442\u0435\u043b\u0430 c \u0431\u043b\u0435\u0441\u0442\u043a\u0430\u043c\u0438 \u043c\u0438\u0441\u0442 (250\u043c\u043b)<\/p>\n<p>\u0422\u0438\u043f \u0430\u0440\u043e\u043c\u0430\u0442\u0430: \u0421\u043e\u043b\u043d\u0435\u0447\u043d\u044b\u0439 \u0424\u0440\u0443\u043a\u0442\u043e\u0432\u044b\u0439<br \/>\n\u041d\u043e\u0442\u044b:<\/p>\n<p>\u0412\u0435\u0440\u0445\u043d\u0438\u0435 \u043d\u043e\u0442\u044b: \u041a\u043e\u043a\u043e\u0441\u043e\u0432\u0430\u044f \u0441\u0442\u0440\u0443\u0436\u043a\u0430, \u041c\u043e\u0440\u0441\u043a\u043e\u0439 \u0411\u0440\u0438\u0437<br \/>\n\u041d\u043e\u0442\u044b \u0441\u0435\u0440\u0434\u0446\u0430: \u041c\u0435\u043a\u0441\u0438\u043a\u0430\u043d\u0441\u043a\u0438\u0439 \u041f\u043e\u0434\u0441\u043e\u043b\u043d\u0443\u0445, \u0414\u0440\u0430\u043a\u043e\u043d\u0438\u0439 \u0424\u0440\u0443\u043a\u0442<br \/>\n\u0411\u0430\u0437\u043e\u0432\u044b\u0435 \u043d\u043e\u0442\u044b: \u0411\u0435\u043b\u044b\u0439 \u041a\u0435\u0434\u0440, \u0421\u043e\u043b\u043d\u0435\u0447\u043d\u044b\u0439 \u041c\u0443\u0441\u043a\u0443\u0441<br \/>\n\u041f\u043e\u0447\u0443\u0432\u0441\u0442\u0432\u0443\u0439\u0442\u0435 \u0441\u0438\u044f\u043d\u0438\u0435 \u0437\u0430\u043b\u0438\u0442\u043e\u0433\u043e \u0441\u043e\u043b\u043d\u0446\u0435\u043c \u043f\u043b\u044f\u0436\u0430 \u0441 \u0421\u0438\u044f\u044e\u0449\u0438\u043c \u0421\u043f\u0440\u0435\u0435\u043c \u0434\u043b\u044f \u0442\u0435\u043b\u0430 Victoria\u2019s Secret Coconut Sol! \u042d\u0442\u043e\u0442 \u044f\u0440\u043a\u0438\u0439 \u0441\u043f\u0440\u0435\u0439 \u043e\u043a\u0443\u0442\u044b\u0432\u0430\u0435\u0442 \u0432\u0430\u0441 \u0441\u043e\u043b\u043d\u0435\u0447\u043d\u044b\u043c\u0438, \u0432\u043e\u0437\u0434\u0443\u0448\u043d\u044b\u043c\u0438 \u0438 \u043f\u043e\u0446\u0435\u043b\u043e\u0432\u0430\u043d\u043d\u044b\u043c\u0438 \u0441\u043e\u043b\u043d\u0446\u0435\u043c \u0430\u043a\u043a\u043e\u0440\u0434\u0430\u043c\u0438, \u0432\u043e\u0441\u0441\u0442\u0430\u043d\u0430\u0432\u043b\u0438\u0432\u0430\u044f \u0438 \u0434\u0430\u0440\u044f \u0441\u0438\u044f\u043d\u0438\u0435, \u043f\u043e\u0434\u043e\u0431\u043d\u043e \u0441\u043e\u043b\u043d\u0435\u0447\u043d\u043e\u043c\u0443 \u0441\u0432\u0435\u0442\u0443. \u041e\u0431\u043e\u0433\u0430\u0449\u0435\u043d\u043d\u044b\u0439 \u043d\u043e\u0442\u0430\u043c\u0438 \u043a\u043e\u043a\u043e\u0441\u0430 \u0438 \u044d\u043a\u0437\u043e\u0442\u0438\u0447\u0435\u0441\u043a\u0438\u0445 \u0444\u0440\u0443\u043a\u0442\u043e\u0432, \u043e\u043d \u043e\u0441\u0442\u0430\u0432\u043b\u044f\u0435\u0442 \u043d\u0430 \u043a\u043e\u0436\u0435 \u043a\u0440\u0430\u0441\u0438\u0432\u043e\u0435, \u043d\u0435\u0436\u043d\u043e\u0435 \u043c\u0435\u0440\u0446\u0430\u043d\u0438\u0435. \u0418\u0434\u0435\u0430\u043b\u044c\u043d\u043e \u043f\u043e\u0434\u0445\u043e\u0434\u0438\u0442, \u0447\u0442\u043e\u0431\u044b \u0434\u043e\u0431\u0430\u0432\u0438\u0442\u044c \u0442\u0440\u043e\u043f\u0438\u0447\u0435\u0441\u043a\u043e\u0433\u043e \u0431\u043b\u0435\u0441\u043a\u0430 \u0438 \u043b\u0435\u0442\u043d\u0438\u0445 \u0432\u043e\u0441\u043f\u043e\u043c\u0438\u043d\u0430\u043d\u0438\u0439 \u0432 \u0432\u0430\u0448 \u0434\u0435\u043d\u044c. \u041f\u0443\u0441\u0442\u044c \u0441\u0438\u044f\u0435\u0442 \u0441\u043e\u043b\u043d\u0446\u0435!<\/p>\n<\/details>\n","protected":false},"featured_media":24100,"template":"","meta":{"jetpack_publicize_message":"","jetpack_publicize_feature_enabled":true,"jetpack_social_post_already_shared":true,"jetpack_social_options":{"image_generator_settings":{"template":"highway","default_image_id":0,"font":"","enabled":false},"version":2}},"product_brand":[],"product_cat":[927,910,341],"product_tag":[],"class_list":{"0":"post-24083","1":"product","2":"type-product","3":"status-publish","4":"has-post-thumbnail","6":"product_cat-victorias-secret-body-mists","7":"product_cat-kehaspreid","8":"product_cat-victorias-secret","9":"pa_suurus-10-ml-tester","10":"pa_suurus-2-ml-tester","11":"pa_suurus-250-ml-full-size","12":"pa_suurus-30-ml-tester","14":"first","15":"outofstock","16":"sale","17":"shipping-taxable","18":"purchasable","19":"product-type-simple"},"jetpack_publicize_connections":[],"jetpack_sharing_enabled":true,"jetpack_likes_enabled":true,"_links":{"self":[{"href":"https:\/\/superstore.ee\/index.php\/wp-json\/wp\/v2\/product\/24083","targetHints":{"allow":["GET"]}}],"collection":[{"href":"https:\/\/superstore.ee\/index.php\/wp-json\/wp\/v2\/product"}],"about":[{"href":"https:\/\/superstore.ee\/index.php\/wp-json\/wp\/v2\/types\/product"}],"wp:featuredmedia":[{"embeddable":true,"href":"https:\/\/superstore.ee\/index.php\/wp-json\/wp\/v2\/media\/24100"}],"wp:attachment":[{"href":"https:\/\/superstore.ee\/index.php\/wp-json\/wp\/v2\/media?parent=24083"}],"wp:term":[{"taxonomy":"product_brand","embeddable":true,"href":"https:\/\/superstore.ee\/index.php\/wp-json\/wp\/v2\/product_brand?post=24083"},{"taxonomy":"product_cat","embeddable":true,"href":"https:\/\/superstore.ee\/index.php\/wp-json\/wp\/v2\/product_cat?post=24083"},{"taxonomy":"product_tag","embeddable":true,"href":"https:\/\/superstore.ee\/index.php\/wp-json\/wp\/v2\/product_tag?post=24083"}],"curies":[{"name":"wp","href":"https:\/\/api.w.org\/{rel}","templated":true}]}}