{"id":24156,"date":"2025-07-02T23:42:22","date_gmt":"2025-07-02T20:42:22","guid":{"rendered":"https:\/\/superstore.ee\/?post_type=product&#038;p=24156"},"modified":"2026-01-11T00:31:52","modified_gmt":"2026-01-10T22:31:52","slug":"victorias-secret-misted-magnolia-melon-fragrance-lotion","status":"publish","type":"product","link":"https:\/\/superstore.ee\/index.php\/toode\/victorias-secret-misted-magnolia-melon-fragrance-lotion\/","title":{"rendered":"Victoria\u2019s Secret Misted Magnolia Melon Fragrance Lotion"},"content":{"rendered":"","protected":false},"excerpt":{"rendered":"<p>Victoria\u2019s Secret Misted Magnolia Melon Kehakreem (236ml)<\/p>\n<p><b>Aroomit\u00fc\u00fcp:<\/b> Lilleline V\u00e4rske<\/p>\n<p><b>Aroomi kirjeldus<\/b><\/p>\n<ul>\n<li>Tipunoodid: Kastekaste Melon, Vihmametsa Liilia<\/li>\n<li>S\u00fcdamenoodid: Troopiline Magnolia, Lopsakas Sirel<\/li>\n<li>Baasnoodid: Kreemjas Brasiilia P\u00e4hkel, Palmilehed<\/li>\n<\/ul>\n<p>See kreem loob peidetud paradiisi tunde v\u00e4rskelt kastetud \u00f5itest, niisutades nahka s\u00fcgavalt. Ideaalne lillelise ja v\u00e4rske meeleolu loomiseks.<\/p>\n<div class=\"woocommerce-product-details__short-description\">\n<p>Pakume ka selle toote testereid, mis sobivad ideaalselt nii aroomiga tutvumiseks kui ka mugavaks reisimiseks.<\/p>\n<\/div>\n<details>\n<summary>Details<\/summary>\n<div>\n<p>Victoria\u2019s Secret Misted Magnolia Melon Fragrance LotionTropical, floral, lush.<\/p>\n<p>A hidden paradise of misted blooms.<\/p>\n<p>Fragrance type: Floral Fresh<\/p>\n<p>Notes<\/p>\n<p>Top: Dewy Melon, Rainforest Lily<\/p>\n<p>Heart: Tropical Magnolia, Lush Lilac<\/p>\n<p>Base: Creamy Brazil Nut, Palm Leaves<\/p>\n<p>236 ml\/8 oz.<br \/>\nDomestic<\/p>\n<p>INGREDIENTS:<br \/>\nWater (Aqua, Eau), Mineral Oil (Paraffinum Liquidum, Huile min\u00e9rale), Glycerin, Fragrance (Parfum), Cetyl Alcohol, Glyceryl Stearate, PEG-100 Stearate, Palmitic Acid, Stearic Acid, Phenoxyethanol, Dimethicone, Acrylates\/C10-30 Alkyl Acrylate Crosspolymer, Chlorphenesin, Xanthan Gum, Potassium Sorbate, Sodium Hydroxide, Ethylhexylglycerin, Disodium EDTA, Tocopheryl Acetate, Aloe Barbadensis Leaf Juice, Benzyl Salicylate, Linalool, Hexyl Cinnamal, Citronellol, Hydroxycitronellal, Limonene, Geraniol, Alpha-Isomethyl Ionone<\/p>\n<\/div>\n<p>Victoria\u2019s Secret Misted Magnolia Melon \u041f\u0430\u0440\u0444\u044e\u043c\u0438\u0440\u043e\u0432\u0430\u043d\u043d\u044b\u0439 \u043a\u0440\u0435\u043c \u0434\u043b\u044f \u0442\u0435\u043b\u0430 \u043b\u043e\u0441\u044c\u043e\u043d (236\u043c\u043b)<br \/>\n\u0422\u0438\u043f \u0430\u0440\u043e\u043c\u0430\u0442\u0430: \u0426\u0432\u0435\u0442\u043e\u0447\u043d\u044b\u0439 \u0421\u0432\u0435\u0436\u0438\u0439<br \/>\n\u0412\u0435\u0440\u0445\u043d\u0438\u0435 \u043d\u043e\u0442\u044b: \u0420\u043e\u0441\u0438\u0441\u0442\u0430\u044f \u0414\u044b\u043d\u044f, \u041b\u0438\u043b\u0438\u044f \u0414\u043e\u0436\u0434\u0435\u0432\u043e\u0433\u043e \u041b\u0435\u0441\u0430<br \/>\n\u041d\u043e\u0442\u044b \u0441\u0435\u0440\u0434\u0446\u0430: \u0422\u0440\u043e\u043f\u0438\u0447\u0435\u0441\u043a\u0430\u044f \u041c\u0430\u0433\u043d\u043e\u043b\u0438\u044f, \u041f\u044b\u0448\u043d\u0430\u044f \u0421\u0438\u0440\u0435\u043d\u044c<br \/>\n\u0411\u0430\u0437\u043e\u0432\u044b\u0435 \u043d\u043e\u0442\u044b: \u0421\u043b\u0438\u0432\u043e\u0447\u043d\u044b\u0439 \u0411\u0440\u0430\u0437\u0438\u043b\u044c\u0441\u043a\u0438\u0439 \u041e\u0440\u0435\u0445, \u041f\u0430\u043b\u044c\u043c\u043e\u0432\u044b\u0435 \u041b\u0438\u0441\u0442\u044c\u044f<\/p>\n<p>\u042d\u0442\u043e\u0442 \u043a\u0440\u0435\u043c \u043f\u043e\u0434\u0430\u0440\u0438\u0442 \u043e\u0449\u0443\u0449\u0435\u043d\u0438\u0435 \u0441\u043a\u0440\u044b\u0442\u043e\u0433\u043e \u0440\u0430\u044f \u0446\u0432\u0435\u0442\u043e\u0432, \u0433\u043b\u0443\u0431\u043e\u043a\u043e \u0443\u0432\u043b\u0430\u0436\u043d\u044f\u044f \u043a\u043e\u0436\u0443. \u0418\u0434\u0435\u0430\u043b\u044c\u043d\u043e \u043f\u043e\u0434\u0445\u043e\u0434\u0438\u0442 \u0434\u043b\u044f \u0441\u043e\u0437\u0434\u0430\u043d\u0438\u044f \u0446\u0432\u0435\u0442\u043e\u0447\u043d\u043e\u0433\u043e \u0438 \u0441\u0432\u0435\u0436\u0435\u0433\u043e \u043d\u0430\u0441\u0442\u0440\u043e\u0435\u043d\u0438\u044f.<\/p>\n<\/details>\n","protected":false},"featured_media":24165,"template":"","meta":{"jetpack_publicize_message":"","jetpack_publicize_feature_enabled":true,"jetpack_social_post_already_shared":true,"jetpack_social_options":{"image_generator_settings":{"template":"highway","default_image_id":0,"font":"","enabled":false},"version":2}},"product_brand":[],"product_cat":[926,912,341],"product_tag":[],"class_list":{"0":"post-24156","1":"product","2":"type-product","3":"status-publish","4":"has-post-thumbnail","6":"product_cat-victorias-secret-body-lotions","7":"product_cat-nahahooldus","8":"product_cat-victorias-secret","9":"pa_suurus-15-ml-tester","10":"pa_suurus-236-ml-full-size","11":"pa_suurus-30-ml-tester","13":"first","14":"instock","15":"sale","16":"shipping-taxable","17":"purchasable","18":"product-type-variable"},"jetpack_publicize_connections":[],"jetpack_sharing_enabled":true,"jetpack_likes_enabled":true,"_links":{"self":[{"href":"https:\/\/superstore.ee\/index.php\/wp-json\/wp\/v2\/product\/24156","targetHints":{"allow":["GET"]}}],"collection":[{"href":"https:\/\/superstore.ee\/index.php\/wp-json\/wp\/v2\/product"}],"about":[{"href":"https:\/\/superstore.ee\/index.php\/wp-json\/wp\/v2\/types\/product"}],"wp:featuredmedia":[{"embeddable":true,"href":"https:\/\/superstore.ee\/index.php\/wp-json\/wp\/v2\/media\/24165"}],"wp:attachment":[{"href":"https:\/\/superstore.ee\/index.php\/wp-json\/wp\/v2\/media?parent=24156"}],"wp:term":[{"taxonomy":"product_brand","embeddable":true,"href":"https:\/\/superstore.ee\/index.php\/wp-json\/wp\/v2\/product_brand?post=24156"},{"taxonomy":"product_cat","embeddable":true,"href":"https:\/\/superstore.ee\/index.php\/wp-json\/wp\/v2\/product_cat?post=24156"},{"taxonomy":"product_tag","embeddable":true,"href":"https:\/\/superstore.ee\/index.php\/wp-json\/wp\/v2\/product_tag?post=24156"}],"curies":[{"name":"wp","href":"https:\/\/api.w.org\/{rel}","templated":true}]}}