{"id":24168,"date":"2025-07-03T00:08:36","date_gmt":"2025-07-02T21:08:36","guid":{"rendered":"https:\/\/superstore.ee\/?post_type=product&#038;p=24168"},"modified":"2026-01-22T19:25:49","modified_gmt":"2026-01-22T17:25:49","slug":"victorias-secret-crisp-yuzu-orchid-fragrance-lotion","status":"publish","type":"product","link":"https:\/\/superstore.ee\/index.php\/toode\/victorias-secret-crisp-yuzu-orchid-fragrance-lotion\/","title":{"rendered":"Victoria\u2019s Secret Crisp Yuzu Orchid Fragrance Lotion"},"content":{"rendered":"","protected":false},"excerpt":{"rendered":"<p>Victoria\u2019s Secret Crisp Yuzu Orchid l\u00f5hnastatud k<br \/>\nehakreem (236ml)<\/p>\n<p><b>Aroomit\u00fc\u00fcp: <\/b>Vesine, V\u00e4rske, \u00d5huline<\/p>\n<p><b>Aroomi kirjeldus<\/b><\/p>\n<ul>\n<li>Tipunoodid: Vesilootos, Aaloe Nektar<\/li>\n<li>S\u00fcdamenoodid: Vihmametsa Orhidee, Kr\u00f5be Yuzu<\/li>\n<li>Baasnoodid: Troopiline \u00d5hk, V\u00e4rske Linane<\/li>\n<\/ul>\n<p>See kehakreem pakub v\u00e4rskendavat vihmametsa seiklust, niisutades nahka s\u00fcgavalt. Ideaalne elava ja v\u00e4rske meeleolu loomiseks.<\/p>\n<details>\n<summary>Details<\/summary>\n<div>\n<p>Victoria\u2019s Secret Crisp Yuzu Orchid Fragrance Body Lotion (236ml)<\/p>\n<p>Fragrance Type: Watery, Fresh, Airy<br \/>\nTop Notes: Water Lotus, Aloe Nectar<br \/>\nHeart Notes: Rainforest Orchid, Crisp Yuzu<br \/>\nBase Notes: Tropical Air, Fresh Linen<\/p>\n<p>This cream will deliver an an invigorating rainforest adventure while deeply hydrating your skin. Perfect for creating a crisp and fresh mood.<\/p>\n<p>INGREDIENTS:<br \/>\nWater (Aqua, Eau), Mineral Oil (Paraffinum Liquidum, Huile min\u00e9rale), Glycerin, Fragrance (Parfum), Cetyl Alcohol, Glyceryl Stearate, PEG-100 Stearate, Palmitic Acid, Stearic Acid, Phenoxyethanol, Dimethicone, Acrylates\/C10-30 Alkyl Acrylate Crosspolymer, Chlorphenesin, Xanthan Gum, Potassium Sorbate, Sodium Hydroxide, Ethylhexylglycerin, Disodium EDTA, Tocopheryl Acetate, Aloe Barbadensis Leaf Juice, Benzyl Salicylate, Linalool, Hexyl Cinnamal, Citronellol, Hydroxycitronellal, Limonene, Geraniol, Alpha-Isomethyl Ionone<\/p>\n<\/div>\n<p>Victoria\u2019s Secret Crisp Yuzu Orchid \u041f\u0430\u0440\u0444\u044e\u043c\u0438\u0440\u043e\u0432\u0430\u043d\u043d\u044b\u0439 \u043a\u0440\u0435\u043c \u0434\u043b\u044f \u0442\u0435\u043b\u0430 \u043b\u043e\u0441\u044c\u043e\u043d (236\u043c\u043b)<br \/>\n\u041e\u043f\u0438\u0441\u0430\u043d\u0438\u0435 \u0430\u0440\u043e\u043c\u0430\u0442\u0430<br \/>\n\u0422\u0438\u043f \u0430\u0440\u043e\u043c\u0430\u0442\u0430: \u0412\u043e\u0434\u044f\u043d\u0438\u0441\u0442\u044b\u0439, \u0421\u0432\u0435\u0436\u0438\u0439, \u0412\u043e\u0437\u0434\u0443\u0448\u043d\u044b\u0439<br \/>\n\u0412\u0435\u0440\u0445\u043d\u0438\u0435 \u043d\u043e\u0442\u044b: \u0412\u043e\u0434\u043d\u044b\u0439 \u041b\u043e\u0442\u043e\u0441, \u041d\u0435\u043a\u0442\u0430\u0440 \u0410\u043b\u043e\u044d<br \/>\n\u041d\u043e\u0442\u044b \u0441\u0435\u0440\u0434\u0446\u0430: \u041e\u0440\u0445\u0438\u0434\u0435\u044f \u0422\u0440\u043e\u043f\u0438\u0447\u0435\u0441\u043a\u043e\u0433\u043e \u041b\u0435\u0441\u0430, \u0425\u0440\u0443\u0441\u0442\u044f\u0449\u0438\u0439 \u042e\u0437\u0443<br \/>\n\u0411\u0430\u0437\u043e\u0432\u044b\u0435 \u043d\u043e\u0442\u044b: \u0422\u0440\u043e\u043f\u0438\u0447\u0435\u0441\u043a\u0438\u0439 \u0412\u043e\u0437\u0434\u0443\u0445, \u0421\u0432\u0435\u0436\u0438\u0439 \u041b\u0451\u043d<\/p>\n<p>\u042d\u0442\u043e\u0442 \u043a\u0440\u0435\u043c \u043f\u043e\u0434\u0430\u0440\u0438\u0442 \u043e\u0441\u0432\u0435\u0436\u0430\u044e\u0449\u0435\u0435 \u043f\u0440\u0438\u043a\u043b\u044e\u0447\u0435\u043d\u0438\u0435 \u0432 \u0442\u0440\u043e\u043f\u0438\u0447\u0435\u0441\u043a\u043e\u043c \u043b\u0435\u0441\u0443, \u0433\u043b\u0443\u0431\u043e\u043a\u043e \u0443\u0432\u043b\u0430\u0436\u043d\u044f\u044f \u043a\u043e\u0436\u0443. \u0418\u0434\u0435\u0430\u043b\u044c\u043d\u043e \u043f\u043e\u0434\u0445\u043e\u0434\u0438\u0442 \u0434\u043b\u044f \u0441\u043e\u0437\u0434\u0430\u043d\u0438\u044f \u0431\u043e\u0434\u0440\u044f\u0449\u0435\u0433\u043e \u0438 \u0441\u0432\u0435\u0436\u0435\u0433\u043e \u043d\u0430\u0441\u0442\u0440\u043e\u0435\u043d\u0438\u044f.<\/p>\n<\/details>\n","protected":false},"featured_media":24174,"template":"","meta":{"jetpack_publicize_message":"","jetpack_publicize_feature_enabled":true,"jetpack_social_post_already_shared":true,"jetpack_social_options":{"image_generator_settings":{"template":"highway","default_image_id":0,"font":"","enabled":false},"version":2}},"product_brand":[],"product_cat":[926,912,341],"product_tag":[],"class_list":{"0":"post-24168","1":"product","2":"type-product","3":"status-publish","4":"has-post-thumbnail","6":"product_cat-victorias-secret-body-lotions","7":"product_cat-nahahooldus","8":"product_cat-victorias-secret","9":"pa_suurus-10-ml-tester","10":"pa_suurus-2-ml-tester","11":"pa_suurus-250-ml-full-size","12":"pa_suurus-30-ml-tester","14":"first","15":"instock","16":"sale","17":"shipping-taxable","18":"purchasable","19":"product-type-simple"},"jetpack_publicize_connections":[],"jetpack_sharing_enabled":true,"jetpack_likes_enabled":true,"_links":{"self":[{"href":"https:\/\/superstore.ee\/index.php\/wp-json\/wp\/v2\/product\/24168","targetHints":{"allow":["GET"]}}],"collection":[{"href":"https:\/\/superstore.ee\/index.php\/wp-json\/wp\/v2\/product"}],"about":[{"href":"https:\/\/superstore.ee\/index.php\/wp-json\/wp\/v2\/types\/product"}],"wp:featuredmedia":[{"embeddable":true,"href":"https:\/\/superstore.ee\/index.php\/wp-json\/wp\/v2\/media\/24174"}],"wp:attachment":[{"href":"https:\/\/superstore.ee\/index.php\/wp-json\/wp\/v2\/media?parent=24168"}],"wp:term":[{"taxonomy":"product_brand","embeddable":true,"href":"https:\/\/superstore.ee\/index.php\/wp-json\/wp\/v2\/product_brand?post=24168"},{"taxonomy":"product_cat","embeddable":true,"href":"https:\/\/superstore.ee\/index.php\/wp-json\/wp\/v2\/product_cat?post=24168"},{"taxonomy":"product_tag","embeddable":true,"href":"https:\/\/superstore.ee\/index.php\/wp-json\/wp\/v2\/product_tag?post=24168"}],"curies":[{"name":"wp","href":"https:\/\/api.w.org\/{rel}","templated":true}]}}