{"id":24198,"date":"2025-07-03T17:01:22","date_gmt":"2025-07-03T14:01:22","guid":{"rendered":"https:\/\/superstore.ee\/?post_type=product&#038;p=24198"},"modified":"2025-12-24T13:59:37","modified_gmt":"2025-12-24T11:59:37","slug":"victorias-secret-sunkissed-fleur-fragrance-mist","status":"publish","type":"product","link":"https:\/\/superstore.ee\/index.php\/toode\/victorias-secret-sunkissed-fleur-fragrance-mist\/","title":{"rendered":"Victoria\u2019s Secret Sunkissed Fleur Fragrance Mist"},"content":{"rendered":"","protected":false},"excerpt":{"rendered":"<p>Victoria\u2019s Secret Sunkissed Fleur Kehasprei (250ml)<\/p>\n<p><b>Aroomit\u00fc\u00fcp:<\/b> Puuviljane, Lilleline, Puidune<\/p>\n<p><b>Noodid:<\/b> Soolane Rannapuit, Monoi Lille, Valge Seedripuu<\/p>\n<p>See aroom viib teid p\u00e4ikeselisele rannale. Kehasprei loob p\u00e4ikesest suudeldud rannalillede tunde ja annab elavdava meeleolu. Ideaalne p\u00e4ikeselise ja lillelise meeleolu loomiseks teie p\u00e4evale.<\/p>\n<details>\n<summary>Details<\/summary>\n<div>\n<p>Victoria\u2019s Secret Sunkissed Fleur Fragrance Mist (250ml)<br \/>\nFragrance Description<br \/>\nFragrance Type: Fruity, Floral, Woody<br \/>\nNotes: Salty Beach Wood, Monoi Flower, White Cedarwood<\/p>\n<p>This scent will transport you to a sun-kissed beach. The mist delivers the sensation of beachside blooms kissed by the sun, invigorating your mood. Perfect for adding a sun-kissed and floral mood to your day.<\/p>\n<p>INGREDIENTS:<br \/>\nAlcohol Denat., Water (Aqua, Eau), Fragrance (Parfum), Propylene Glycol, Glycerin, PPG-26-Buteth-26, PEG-40 Hydrogenated Castor Oil, Ethylhexyl Methoxycinnamate, Ethylhexyl Salicylate, Butyl Methoxydibenzoylmethane, Hexyl Cinnamal, Alpha-Isomethyl Ionone, Citronellol, Linalool, Hydroxycitronellal, Limonene, GeraniolIngredients are subject to change. For an accurate list of ingredients, please refer to the product packaging.<\/p>\n<\/div>\n<p>Victoria\u2019s Secret Sunkissed Fleur \u041f\u0430\u0440\u0444\u044e\u043c\u0438\u0440\u043e\u0432\u0430\u043d\u043d\u044b\u0439 \u0421\u043f\u0440\u0435\u0439 \u0434\u043b\u044f \u0442\u0435\u043b\u0430 \u043c\u0438\u0441\u0442 (250\u043c\u043b)<\/p>\n<p>\u0422\u0438\u043f \u0430\u0440\u043e\u043c\u0430\u0442\u0430: \u0424\u0440\u0443\u043a\u0442\u043e\u0432\u044b\u0439, \u0426\u0432\u0435\u0442\u043e\u0447\u043d\u044b\u0439, \u0414\u0440\u0435\u0432\u0435\u0441\u043d\u044b\u0439<br \/>\n\u041d\u043e\u0442\u044b: \u0421\u043e\u043b\u0435\u043d\u0430\u044f \u041f\u043b\u044f\u0436\u043d\u0430\u044f \u0414\u0440\u0435\u0432\u0435\u0441\u0438\u043d\u0430, \u0426\u0432\u0435\u0442\u043e\u043a \u041c\u043e\u043d\u043e\u0439, \u0411\u0435\u043b\u044b\u0439 \u041a\u0435\u0434\u0440<\/p>\n<p>\u042d\u0442\u043e\u0442 \u0430\u0440\u043e\u043c\u0430\u0442 \u043f\u0435\u0440\u0435\u043d\u0435\u0441\u0435\u0442 \u0432\u0430\u0441 \u043d\u0430 \u0441\u043e\u043b\u043d\u0435\u0447\u043d\u044b\u0439 \u043f\u043b\u044f\u0436. \u0421\u043f\u0440\u0435\u0439 \u043f\u043e\u0434\u0430\u0440\u0438\u0442 \u043e\u0449\u0443\u0449\u0435\u043d\u0438\u0435 \u043f\u043b\u044f\u0436\u043d\u044b\u0445 \u0446\u0432\u0435\u0442\u043e\u0432, \u043f\u043e\u0446\u0435\u043b\u043e\u0432\u0430\u043d\u043d\u044b\u0445 \u0441\u043e\u043b\u043d\u0446\u0435\u043c, \u0438 \u0437\u0430\u0440\u044f\u0434\u0438\u0442 \u0431\u043e\u0434\u0440\u044b\u043c \u043d\u0430\u0441\u0442\u0440\u043e\u0435\u043d\u0438\u0435\u043c. \u0418\u0434\u0435\u0430\u043b\u044c\u043d\u043e \u043f\u043e\u0434\u0445\u043e\u0434\u0438\u0442, \u0447\u0442\u043e\u0431\u044b \u0434\u043e\u0431\u0430\u0432\u0438\u0442\u044c \u0441\u043e\u043b\u043d\u0435\u0447\u043d\u043e\u0433\u043e \u0438 \u0446\u0432\u0435\u0442\u043e\u0447\u043d\u043e\u0433\u043e \u043d\u0430\u0441\u0442\u0440\u043e\u0435\u043d\u0438\u044f \u0432 \u0432\u0430\u0448 \u0434\u0435\u043d\u044c.<\/p>\n<\/details>\n","protected":false},"featured_media":24208,"template":"","meta":{"jetpack_publicize_message":"","jetpack_publicize_feature_enabled":true,"jetpack_social_post_already_shared":true,"jetpack_social_options":{"image_generator_settings":{"template":"highway","default_image_id":0,"font":"","enabled":false},"version":2}},"product_brand":[],"product_cat":[927,910,341],"product_tag":[],"class_list":{"0":"post-24198","1":"product","2":"type-product","3":"status-publish","4":"has-post-thumbnail","6":"product_cat-victorias-secret-body-mists","7":"product_cat-kehaspreid","8":"product_cat-victorias-secret","9":"pa_suurus-10-ml-tester","10":"pa_suurus-2-ml-tester","11":"pa_suurus-250-ml-full-size","12":"pa_suurus-30-ml-tester","14":"first","15":"instock","16":"sale","17":"shipping-taxable","18":"purchasable","19":"product-type-simple"},"jetpack_publicize_connections":[],"jetpack_sharing_enabled":true,"jetpack_likes_enabled":true,"_links":{"self":[{"href":"https:\/\/superstore.ee\/index.php\/wp-json\/wp\/v2\/product\/24198","targetHints":{"allow":["GET"]}}],"collection":[{"href":"https:\/\/superstore.ee\/index.php\/wp-json\/wp\/v2\/product"}],"about":[{"href":"https:\/\/superstore.ee\/index.php\/wp-json\/wp\/v2\/types\/product"}],"wp:featuredmedia":[{"embeddable":true,"href":"https:\/\/superstore.ee\/index.php\/wp-json\/wp\/v2\/media\/24208"}],"wp:attachment":[{"href":"https:\/\/superstore.ee\/index.php\/wp-json\/wp\/v2\/media?parent=24198"}],"wp:term":[{"taxonomy":"product_brand","embeddable":true,"href":"https:\/\/superstore.ee\/index.php\/wp-json\/wp\/v2\/product_brand?post=24198"},{"taxonomy":"product_cat","embeddable":true,"href":"https:\/\/superstore.ee\/index.php\/wp-json\/wp\/v2\/product_cat?post=24198"},{"taxonomy":"product_tag","embeddable":true,"href":"https:\/\/superstore.ee\/index.php\/wp-json\/wp\/v2\/product_tag?post=24198"}],"curies":[{"name":"wp","href":"https:\/\/api.w.org\/{rel}","templated":true}]}}