{"id":24211,"date":"2025-07-03T17:22:08","date_gmt":"2025-07-03T14:22:08","guid":{"rendered":"https:\/\/superstore.ee\/?post_type=product&#038;p=24211"},"modified":"2026-01-22T19:25:20","modified_gmt":"2026-01-22T17:25:20","slug":"victorias-secret-sunkissed-fleur-fragrance-lotion","status":"publish","type":"product","link":"https:\/\/superstore.ee\/index.php\/toode\/victorias-secret-sunkissed-fleur-fragrance-lotion\/","title":{"rendered":"Victoria\u2019s Secret Sunkissed Fleur Fragrance Lotion"},"content":{"rendered":"","protected":false},"excerpt":{"rendered":"<p>Victoria\u2019s Secret Sunkissed Fleur l\u00f5hnastatud kehakreem (236ml)<\/p>\n<p><b>Aroomit\u00fc\u00fcp:<\/b>\u00a0Puuviljane, Lilleline, Puidune<\/p>\n<p><b>Noodid:<\/b>\u00a0Soolane Rannapuit, Monoi Lill, Valge Seedripuu<\/p>\n<p>L\u00f5hnastatud kehakreem viib teid p\u00e4ikeselisele rannale, niisutades nahka. See loob p\u00e4ikesest suudeldud rannalillede tunde ja annab elavdava meeleolu. Ideaalne p\u00e4ikeselise ja lillelise meeleolu loomiseks teie p\u00e4evale.<\/p>\n<details>\n<summary>Details<\/summary>\n<div>\n<p>Victoria\u2019s Secret Sunkissed Fleur Fragrance Body Lotion (236ml)<br \/>\nFragrance Type: Fruity, Floral, Woody<br \/>\nNotes: Salty Beach Wood, Monoi Flower, White Cedarwood<\/p>\n<p>This cream will transport you to a sun-kissed beach while hydrating your skin. It delivers the sensation of beachside blooms kissed by the sun, invigorating your mood. Perfect for adding a sun-kissed and floral mood to your day.<\/p>\n<p>236 ml\/8 oz.<br \/>\nDomestic<\/p>\n<p>INGREDIENTS:<br \/>\nWater (Aqua, Eau), Mineral Oil (Paraffinum Liquidum, Huile min\u00e9rale), Glycerin, Fragrance (Parfum), Cetyl Alcohol, Glyceryl Stearate, PEG-100 Stearate, Palmitic Acid, Stearic Acid, Phenoxyethanol, Dimethicone, Acrylates\/C10-30 Alkyl Acrylate Crosspolymer, Potassium Sorbate, Xanthan Gum, Chlorphenesin, Sodium Hydroxide<\/p>\n<\/div>\n<p>Victoria\u2019s Secret Sunkissed Fleur \u041f\u0430\u0440\u0444\u044e\u043c\u0438\u0440\u043e\u0432\u0430\u043d\u043d\u044b\u0439 \u043a\u0440\u0435\u043c \u0434\u043b\u044f \u0442\u0435\u043b\u0430 \u043b\u043e\u0441\u044c\u043e\u043d (236\u043c\u043b)<br \/>\n\u041e\u043f\u0438\u0441\u0430\u043d\u0438\u0435 \u0430\u0440\u043e\u043c\u0430\u0442\u0430<br \/>\n\u0422\u0438\u043f \u0430\u0440\u043e\u043c\u0430\u0442\u0430: \u0424\u0440\u0443\u043a\u0442\u043e\u0432\u044b\u0439, \u0426\u0432\u0435\u0442\u043e\u0447\u043d\u044b\u0439, \u0414\u0440\u0435\u0432\u0435\u0441\u043d\u044b\u0439<br \/>\n\u041d\u043e\u0442\u044b: \u0421\u043e\u043b\u0435\u043d\u0430\u044f \u041f\u043b\u044f\u0436\u043d\u0430\u044f \u0414\u0440\u0435\u0432\u0435\u0441\u0438\u043d\u0430, \u0426\u0432\u0435\u0442\u043e\u043a \u041c\u043e\u043d\u043e\u0439, \u0411\u0435\u043b\u044b\u0439 \u041a\u0435\u0434\u0440<\/p>\n<p>\u042d\u0442\u043e\u0442 \u043a\u0440\u0435\u043c \u043f\u0435\u0440\u0435\u043d\u0435\u0441\u0435\u0442 \u0432\u0430\u0441 \u043d\u0430 \u0441\u043e\u043b\u043d\u0435\u0447\u043d\u044b\u0439 \u043f\u043b\u044f\u0436, \u0443\u0432\u043b\u0430\u0436\u043d\u044f\u044f \u043a\u043e\u0436\u0443. \u041e\u043d \u043f\u043e\u0434\u0430\u0440\u0438\u0442 \u043e\u0449\u0443\u0449\u0435\u043d\u0438\u0435 \u043f\u043b\u044f\u0436\u043d\u044b\u0445 \u0446\u0432\u0435\u0442\u043e\u0432, \u043f\u043e\u0446\u0435\u043b\u043e\u0432\u0430\u043d\u043d\u044b\u0445 \u0441\u043e\u043b\u043d\u0446\u0435\u043c, \u0438 \u0437\u0430\u0440\u044f\u0434\u0438\u0442 \u0431\u043e\u0434\u0440\u044b\u043c \u043d\u0430\u0441\u0442\u0440\u043e\u0435\u043d\u0438\u0435\u043c. \u0418\u0434\u0435\u0430\u043b\u044c\u043d\u043e \u043f\u043e\u0434\u0445\u043e\u0434\u0438\u0442, \u0447\u0442\u043e\u0431\u044b \u0434\u043e\u0431\u0430\u0432\u0438\u0442\u044c \u0441\u043e\u043b\u043d\u0435\u0447\u043d\u043e\u0433\u043e \u0438 \u0446\u0432\u0435\u0442\u043e\u0447\u043d\u043e\u0433\u043e \u043d\u0430\u0441\u0442\u0440\u043e\u0435\u043d\u0438\u044f \u0432 \u0432\u0430\u0448 \u0434\u0435\u043d\u044c.<\/p>\n<\/details>\n","protected":false},"featured_media":24214,"template":"","meta":{"jetpack_publicize_message":"","jetpack_publicize_feature_enabled":true,"jetpack_social_post_already_shared":true,"jetpack_social_options":{"image_generator_settings":{"template":"highway","default_image_id":0,"font":"","enabled":false},"version":2}},"product_brand":[],"product_cat":[926,912,341],"product_tag":[],"class_list":{"0":"post-24211","1":"product","2":"type-product","3":"status-publish","4":"has-post-thumbnail","6":"product_cat-victorias-secret-body-lotions","7":"product_cat-nahahooldus","8":"product_cat-victorias-secret","9":"pa_suurus-15-ml-tester","10":"pa_suurus-250-ml-full-size","11":"pa_suurus-30-ml-tester","13":"first","14":"instock","15":"sale","16":"shipping-taxable","17":"purchasable","18":"product-type-variable"},"jetpack_publicize_connections":[],"jetpack_sharing_enabled":true,"jetpack_likes_enabled":true,"_links":{"self":[{"href":"https:\/\/superstore.ee\/index.php\/wp-json\/wp\/v2\/product\/24211","targetHints":{"allow":["GET"]}}],"collection":[{"href":"https:\/\/superstore.ee\/index.php\/wp-json\/wp\/v2\/product"}],"about":[{"href":"https:\/\/superstore.ee\/index.php\/wp-json\/wp\/v2\/types\/product"}],"wp:featuredmedia":[{"embeddable":true,"href":"https:\/\/superstore.ee\/index.php\/wp-json\/wp\/v2\/media\/24214"}],"wp:attachment":[{"href":"https:\/\/superstore.ee\/index.php\/wp-json\/wp\/v2\/media?parent=24211"}],"wp:term":[{"taxonomy":"product_brand","embeddable":true,"href":"https:\/\/superstore.ee\/index.php\/wp-json\/wp\/v2\/product_brand?post=24211"},{"taxonomy":"product_cat","embeddable":true,"href":"https:\/\/superstore.ee\/index.php\/wp-json\/wp\/v2\/product_cat?post=24211"},{"taxonomy":"product_tag","embeddable":true,"href":"https:\/\/superstore.ee\/index.php\/wp-json\/wp\/v2\/product_tag?post=24211"}],"curies":[{"name":"wp","href":"https:\/\/api.w.org\/{rel}","templated":true}]}}