{"id":24218,"date":"2025-07-03T17:30:00","date_gmt":"2025-07-03T14:30:00","guid":{"rendered":"https:\/\/superstore.ee\/?post_type=product&#038;p=24218"},"modified":"2025-12-24T13:59:37","modified_gmt":"2025-12-24T11:59:37","slug":"victorias-secret-riviera-romance-fragrance-mist","status":"publish","type":"product","link":"https:\/\/superstore.ee\/index.php\/toode\/victorias-secret-riviera-romance-fragrance-mist\/","title":{"rendered":"Victoria\u2019s Secret Riviera Romance Fragrance Mist"},"content":{"rendered":"","protected":false},"excerpt":{"rendered":"<p>Victoria\u2019s Secret Riviera Romance Kehasprei (250ml)<\/p>\n<p><b>Aroomit\u00fc\u00fcp:<\/b> Lilleline, Puuviljane, V\u00e4rske<\/p>\n<p><b>Noodid:<\/b> Mahlane Ananass, Virsiku Nektar, Prantsuse Gardeenia<\/p>\n<p>See aroom viib teid romantilisele Riviera reisile. Sprei loob mahlase ananassi ja virsiku nektari tunde gardeeniaga, andes v\u00e4rske ja lillelise meeleolu. Ideaalne lillelise, puuviljase ja v\u00e4rske meeleolu loomiseks teie p\u00e4evale.<\/p>\n<details>\n<summary>Details<\/summary>\n<div translate=\"no\">\nVictoria\u2019s Secret Riviera Romance Fragrance Mist (250ml)<br \/>\nFragrance Type: Floral, Fruity, Fresh<br \/>\nNotes: Juicy Pineapple, Peach Nectar, French Gardenia<\/p>\n<p>This scent will transport you on a romantic Riviera journey. The mist delivers the sensation of juicy pineapple and peach nectar with gardenia, invigorating your mood with freshness and florals. Perfect for adding a floral, fruity, and fresh mood to your day.<\/p>\n<p>INGREDIENTS:<br \/>\nAlcohol Denat., Water (Aqua, Eau), Fragrance (Parfum), Propylene Glycol, Glycerin, PPG-26-Buteth-26, PEG-40 Hydrogenated Castor Oil, Ethylhexyl Methoxycinnamate, Ethylhexyl Salicylate, Butyl Methoxydibenzoylmethane, Hexyl Cinnamal, Alpha-Isomethyl Ionone, Citronellol, Linalool, Hydroxycitronellal, Limonene, GeraniolIngredients are subject to change. For an accurate list of ingredients, please refer to the product packaging.\n<\/p><\/div>\n<p>Victoria\u2019s Secret Riviera Romance \u041f\u0430\u0440\u0444\u044e\u043c\u0438\u0440\u043e\u0432\u0430\u043d\u043d\u044b\u0439 \u0421\u043f\u0440\u0435\u0439 \u0434\u043b\u044f \u0442\u0435\u043b\u0430 \u043c\u0438\u0441\u0442(250\u043c\u043b)<\/p>\n<p>\u0422\u0438\u043f \u0430\u0440\u043e\u043c\u0430\u0442\u0430: \u0426\u0432\u0435\u0442\u043e\u0447\u043d\u044b\u0439, \u0424\u0440\u0443\u043a\u0442\u043e\u0432\u044b\u0439, \u0421\u0432\u0435\u0436\u0438\u0439<br \/>\n\u041d\u043e\u0442\u044b: \u0421\u043e\u0447\u043d\u044b\u0439 \u0410\u043d\u0430\u043d\u0430\u0441, \u041f\u0435\u0440\u0441\u0438\u043a\u043e\u0432\u044b\u0439 \u041d\u0435\u043a\u0442\u0430\u0440, \u0424\u0440\u0430\u043d\u0446\u0443\u0437\u0441\u043a\u0430\u044f \u0413\u0430\u0440\u0434\u0435\u043d\u0438\u044f<\/p>\n<p>\u042d\u0442\u043e\u0442 \u0430\u0440\u043e\u043c\u0430\u0442 \u043f\u0435\u0440\u0435\u043d\u0435\u0441\u0435\u0442 \u0432\u0430\u0441 \u0432 \u0440\u043e\u043c\u0430\u043d\u0442\u0438\u0447\u0435\u0441\u043a\u043e\u0435 \u043f\u0443\u0442\u0435\u0448\u0435\u0441\u0442\u0432\u0438\u0435 \u043f\u043e \u0420\u0438\u0432\u044c\u0435\u0440\u0435. \u0421\u043f\u0440\u0435\u0439 \u043f\u043e\u0434\u0430\u0440\u0438\u0442 \u043e\u0449\u0443\u0449\u0435\u043d\u0438\u0435 \u0441\u043e\u0447\u043d\u043e\u0433\u043e \u0430\u043d\u0430\u043d\u0430\u0441\u0430 \u0438 \u043f\u0435\u0440\u0441\u0438\u043a\u043e\u0432\u043e\u0433\u043e \u043d\u0435\u043a\u0442\u0430\u0440\u0430 \u0441 \u0433\u0430\u0440\u0434\u0435\u043d\u0438\u0435\u0439, \u0437\u0430\u0440\u044f\u0434\u0438\u0442 \u0441\u0432\u0435\u0436\u0438\u043c \u0438 \u0446\u0432\u0435\u0442\u043e\u0447\u043d\u044b\u043c \u043d\u0430\u0441\u0442\u0440\u043e\u0435\u043d\u0438\u0435\u043c. \u0418\u0434\u0435\u0430\u043b\u044c\u043d\u043e \u043f\u043e\u0434\u0445\u043e\u0434\u0438\u0442, \u0447\u0442\u043e\u0431\u044b \u0434\u043e\u0431\u0430\u0432\u0438\u0442\u044c \u0446\u0432\u0435\u0442\u043e\u0447\u043d\u043e\u0433\u043e, \u0444\u0440\u0443\u043a\u0442\u043e\u0432\u043e\u0433\u043e \u0438 \u0441\u0432\u0435\u0436\u0435\u0433\u043e \u043d\u0430\u0441\u0442\u0440\u043e\u0435\u043d\u0438\u044f \u0432 \u0432\u0430\u0448 \u0434\u0435\u043d\u044c.<br \/>\n<\/details>\n","protected":false},"featured_media":24221,"template":"","meta":{"jetpack_publicize_message":"","jetpack_publicize_feature_enabled":true,"jetpack_social_post_already_shared":true,"jetpack_social_options":{"image_generator_settings":{"template":"highway","default_image_id":0,"font":"","enabled":false},"version":2}},"product_brand":[],"product_cat":[910,927,341],"product_tag":[],"class_list":{"0":"post-24218","1":"product","2":"type-product","3":"status-publish","4":"has-post-thumbnail","6":"product_cat-kehaspreid","7":"product_cat-victorias-secret-body-mists","8":"product_cat-victorias-secret","9":"pa_suurus-10-ml-tester","10":"pa_suurus-2-ml-tester","11":"pa_suurus-250-ml-full-size","12":"pa_suurus-30-ml-tester","14":"first","15":"instock","16":"sale","17":"shipping-taxable","18":"purchasable","19":"product-type-simple"},"jetpack_publicize_connections":[],"jetpack_sharing_enabled":true,"jetpack_likes_enabled":true,"_links":{"self":[{"href":"https:\/\/superstore.ee\/index.php\/wp-json\/wp\/v2\/product\/24218","targetHints":{"allow":["GET"]}}],"collection":[{"href":"https:\/\/superstore.ee\/index.php\/wp-json\/wp\/v2\/product"}],"about":[{"href":"https:\/\/superstore.ee\/index.php\/wp-json\/wp\/v2\/types\/product"}],"wp:featuredmedia":[{"embeddable":true,"href":"https:\/\/superstore.ee\/index.php\/wp-json\/wp\/v2\/media\/24221"}],"wp:attachment":[{"href":"https:\/\/superstore.ee\/index.php\/wp-json\/wp\/v2\/media?parent=24218"}],"wp:term":[{"taxonomy":"product_brand","embeddable":true,"href":"https:\/\/superstore.ee\/index.php\/wp-json\/wp\/v2\/product_brand?post=24218"},{"taxonomy":"product_cat","embeddable":true,"href":"https:\/\/superstore.ee\/index.php\/wp-json\/wp\/v2\/product_cat?post=24218"},{"taxonomy":"product_tag","embeddable":true,"href":"https:\/\/superstore.ee\/index.php\/wp-json\/wp\/v2\/product_tag?post=24218"}],"curies":[{"name":"wp","href":"https:\/\/api.w.org\/{rel}","templated":true}]}}