{"id":24244,"date":"2025-07-04T11:11:14","date_gmt":"2025-07-04T08:11:14","guid":{"rendered":"https:\/\/superstore.ee\/?post_type=product&#038;p=24244"},"modified":"2025-12-24T13:59:37","modified_gmt":"2025-12-24T11:59:37","slug":"victorias-secret-spritz-amour-fragrance-mist","status":"publish","type":"product","link":"https:\/\/superstore.ee\/index.php\/toode\/victorias-secret-spritz-amour-fragrance-mist\/","title":{"rendered":"Victoria\u2019s Secret Spritz Amour Fragrance Mist"},"content":{"rendered":"","protected":false},"excerpt":{"rendered":"<p>Victoria\u2019s Secret Spritz Amour Kehasprei (250ml)<\/p>\n<p><b>Aroomit\u00fc\u00fcp:<\/b> Puuviljane Lilleline<\/p>\n<p><span class=\"citation-61 citation-end-61\"><b>Aroomi kirjeldus:<\/b><\/span><\/p>\n<ul>\n<li>Tipunoodid: Kihisev Tsitruselik\u00f6\u00f6r, Pojeng<\/li>\n<li>S\u00fcdamenoodid: Bergamot, \u0160ampanja<\/li>\n<li>Baasnoodid: Ploomiois, Valge Merevaik<\/li>\n<\/ul>\n<p>S\u00e4rav, kihisev, energiat andev. See aroom viib teid happy hour&#8217;i ja s\u00e4ravate suvise atmosf\u00e4\u00e4ri. Ideaalne elava ja piduliku meeleolu loomiseks teie p\u00e4evale.<\/p>\n<details>\n<summary>Details<\/summary>\n<div translate=\"no\">\n<p>Victoria\u2019s Secret Spritz Amour Fragrance Mist (250ml)<\/p>\n<p>Fragrance Type: Fruity Floral<br \/>\nTop Notes: Fizzy Citrus Liqueur, Peony<br \/>\nHeart Notes: Bergamot, Champagne<br \/>\nBase Notes: Plum Blossom, White Amber<\/p>\n<p>Bright, fizzy, energizing. This scent will transport you to a happy hour and sparkling summer cheers atmosphere. Perfect for adding a lively and festive mood to your day.<\/p>\n<p>INGREDIENTS:<br \/>\nAlcohol Denat., Water (Aqua, Eau), Fragrance (Parfum), Propylene Glycol, Glycerin, PPG-26-Buteth-26, PEG-40 Hydrogenated Castor Oil, Ethylhexyl Methoxycinnamate, Ethylhexyl Salicylate, Butyl Methoxydibenzoylmethane, Hexyl Cinnamal, Alpha-Isomethyl Ionone, Citronellol, Linalool, Hydroxycitronellal, Limonene, GeraniolIngredients are subject to change. For an accurate list of ingredients, please refer to the product packaging.<\/p>\n<\/div>\n<p>Victoria\u2019s Secret Spritz Amour \u041f\u0430\u0440\u0444\u044e\u043c\u0438\u0440\u043e\u0432\u0430\u043d\u043d\u044b\u0439 \u0421\u043f\u0440\u0435\u0439 \u0434\u043b\u044f \u0442\u0435\u043b\u0430 \u043c\u0438\u0441\u0442(250\u043c\u043b)<\/p>\n<p>\u0422\u0438\u043f \u0430\u0440\u043e\u043c\u0430\u0442\u0430: \u0424\u0440\u0443\u043a\u0442\u043e\u0432\u044b\u0439 \u0426\u0432\u0435\u0442\u043e\u0447\u043d\u044b\u0439<br \/>\n\u0412\u0435\u0440\u0445\u043d\u0438\u0435 \u043d\u043e\u0442\u044b: \u0418\u0433\u0440\u0438\u0441\u0442\u044b\u0439 \u0426\u0438\u0442\u0440\u0443\u0441\u043e\u0432\u044b\u0439 \u041b\u0438\u043a\u0435\u0440, \u041f\u0438\u043e\u043d<br \/>\n\u041d\u043e\u0442\u044b \u0441\u0435\u0440\u0434\u0446\u0430: \u0411\u0435\u0440\u0433\u0430\u043c\u043e\u0442, \u0428\u0430\u043c\u043f\u0430\u043d\u0441\u043a\u043e\u0435<br \/>\n\u0411\u0430\u0437\u043e\u0432\u044b\u0435 \u043d\u043e\u0442\u044b: \u0421\u043b\u0438\u0432\u043e\u0432\u044b\u0439 \u0426\u0432\u0435\u0442, \u0411\u0435\u043b\u0430\u044f \u0410\u043c\u0431\u0440\u0430<\/p>\n<p>\u042f\u0440\u043a\u0438\u0439, \u0438\u0441\u043a\u0440\u044f\u0449\u0438\u0439\u0441\u044f, \u0437\u0430\u0440\u044f\u0436\u0430\u044e\u0449\u0438\u0439 \u044d\u043d\u0435\u0440\u0433\u0438\u0435\u0439. \u042d\u0442\u043e\u0442 \u0430\u0440\u043e\u043c\u0430\u0442 \u043f\u0435\u0440\u0435\u043d\u0435\u0441\u0435\u0442 \u0432\u0430\u0441 \u0432 \u0430\u0442\u043c\u043e\u0441\u0444\u0435\u0440\u0443 \u0441\u0447\u0430\u0441\u0442\u043b\u0438\u0432\u043e\u0433\u043e \u0447\u0430\u0441\u0430 \u0438 \u0438\u0433\u0440\u0438\u0441\u0442\u044b\u0445 \u043b\u0435\u0442\u043d\u0438\u0445 \u0442\u043e\u0441\u0442\u043e\u0432. \u0418\u0434\u0435\u0430\u043b\u044c\u043d\u043e \u043f\u043e\u0434\u0445\u043e\u0434\u0438\u0442, \u0447\u0442\u043e\u0431\u044b \u0434\u043e\u0431\u0430\u0432\u0438\u0442\u044c \u0431\u043e\u0434\u0440\u043e\u0433\u043e \u0438 \u043f\u0440\u0430\u0437\u0434\u043d\u0438\u0447\u043d\u043e\u0433\u043e \u043d\u0430\u0441\u0442\u0440\u043e\u0435\u043d\u0438\u044f \u0432 \u0432\u0430\u0448 \u0434\u0435\u043d\u044c.<\/p>\n<\/details>\n","protected":false},"featured_media":24246,"template":"","meta":{"jetpack_publicize_message":"","jetpack_publicize_feature_enabled":true,"jetpack_social_post_already_shared":true,"jetpack_social_options":{"image_generator_settings":{"template":"highway","default_image_id":0,"font":"","enabled":false},"version":2}},"product_brand":[],"product_cat":[927,910,341],"product_tag":[],"class_list":{"0":"post-24244","1":"product","2":"type-product","3":"status-publish","4":"has-post-thumbnail","6":"product_cat-victorias-secret-body-mists","7":"product_cat-kehaspreid","8":"product_cat-victorias-secret","9":"pa_suurus-10-ml-tester","10":"pa_suurus-2-ml-tester","11":"pa_suurus-250-ml-full-size","12":"pa_suurus-30-ml-tester","14":"first","15":"instock","16":"sale","17":"shipping-taxable","18":"purchasable","19":"product-type-simple"},"jetpack_publicize_connections":[],"jetpack_sharing_enabled":true,"jetpack_likes_enabled":true,"_links":{"self":[{"href":"https:\/\/superstore.ee\/index.php\/wp-json\/wp\/v2\/product\/24244","targetHints":{"allow":["GET"]}}],"collection":[{"href":"https:\/\/superstore.ee\/index.php\/wp-json\/wp\/v2\/product"}],"about":[{"href":"https:\/\/superstore.ee\/index.php\/wp-json\/wp\/v2\/types\/product"}],"wp:featuredmedia":[{"embeddable":true,"href":"https:\/\/superstore.ee\/index.php\/wp-json\/wp\/v2\/media\/24246"}],"wp:attachment":[{"href":"https:\/\/superstore.ee\/index.php\/wp-json\/wp\/v2\/media?parent=24244"}],"wp:term":[{"taxonomy":"product_brand","embeddable":true,"href":"https:\/\/superstore.ee\/index.php\/wp-json\/wp\/v2\/product_brand?post=24244"},{"taxonomy":"product_cat","embeddable":true,"href":"https:\/\/superstore.ee\/index.php\/wp-json\/wp\/v2\/product_cat?post=24244"},{"taxonomy":"product_tag","embeddable":true,"href":"https:\/\/superstore.ee\/index.php\/wp-json\/wp\/v2\/product_tag?post=24244"}],"curies":[{"name":"wp","href":"https:\/\/api.w.org\/{rel}","templated":true}]}}