{"id":24245,"date":"2025-07-04T11:11:20","date_gmt":"2025-07-04T08:11:20","guid":{"rendered":"https:\/\/superstore.ee\/?post_type=product&#038;p=24245"},"modified":"2025-11-06T19:42:37","modified_gmt":"2025-11-06T17:42:37","slug":"victorias-secret-spritz-amour-fragrance-lotion","status":"publish","type":"product","link":"https:\/\/superstore.ee\/index.php\/toode\/victorias-secret-spritz-amour-fragrance-lotion\/","title":{"rendered":"Victoria\u2019s Secret Spritz Amour Fragrance Lotion"},"content":{"rendered":"","protected":false},"excerpt":{"rendered":"<p>Victoria\u2019s Secret Spritz Amour L\u00f5hnastatud Kehakreem (236ml)<\/p>\n<p><b>Aroomit\u00fc\u00fcp:<\/b> Puuviljane Lilleline<\/p>\n<p><span class=\"citation-61 citation-end-61\"><b>Aroomi kirjeldus:<\/b><\/span><\/p>\n<ul>\n<li>Tipunoodid: Kihisev Tsitruselik\u00f6\u00f6r, Pojeng<\/li>\n<li>S\u00fcdamenoodid: Bergamot, \u0160ampanja<\/li>\n<li>Baasnoodid: Ploomiois, Valge Merevaik<\/li>\n<\/ul>\n<p>Kihisev, energiat andev, see kreem viib teid happy hour&#8217;i ja s\u00e4ravate suvise atmosf\u00e4\u00e4ri, niisutades nahka. Ideaalne elava ja piduliku meeleolu loomiseks teie p\u00e4evale.<\/p>\n<details>\n<summary>Details<\/summary>\n<div>\n<p>Victoria\u2019s Secret Spritz Amour Fragrance Lotion (236ml)<\/p>\n<p>Fragrance Type: Fruity Floral<br \/>\nTop Notes: Fizzy Citrus Liqueur, Peony<br \/>\nHeart Notes: Bergamot, Champagne<br \/>\nBase Notes: Plum Blossom, White Amber<\/p>\n<p>Bright, fizzy, energizing, this cream will transport you to a happy hour and sparkling summer cheers atmosphere while hydrating your skin. It&#8217;s perfect for adding a lively and festive mood to your day.<\/p>\n<p>236 ml\/8 oz.<br \/>\nDomestic<\/p>\n<p>INGREDIENTS:<br \/>\nWater (Aqua, Eau), Mineral Oil (Paraffinum Liquidum, Huile min\u00e9rale), Glycerin, Fragrance (Parfum), Cetyl Alcohol, Glyceryl Stearate, PEG-100 Stearate, Palmitic Acid, Stearic Acid, Phenoxyethanol, Dimethicone, Acrylates\/C10-30 Alkyl Acrylate Crosspolymer, Potassium Sorbate, Xanthan Gum, Chlorphenesin, Sodium Hydroxide<\/p>\n<\/div>\n<p>Victoria\u2019s Secret Spritz Amour \u041f\u0430\u0440\u0444\u044e\u043c\u0438\u0440\u043e\u0432\u0430\u043d\u043d\u044b\u0439 \u043a\u0440\u0435\u043c \u0434\u043b\u044f \u0442\u0435\u043b\u0430 \u043b\u043e\u0441\u044c\u043e\u043d (236\u043c\u043b)<br \/>\n\u041e\u043f\u0438\u0441\u0430\u043d\u0438\u0435 \u0430\u0440\u043e\u043c\u0430\u0442\u0430<br \/>\n\u0422\u0438\u043f \u0430\u0440\u043e\u043c\u0430\u0442\u0430: \u0424\u0440\u0443\u043a\u0442\u043e\u0432\u044b\u0439 \u0426\u0432\u0435\u0442\u043e\u0447\u043d\u044b\u0439<br \/>\n\u0412\u0435\u0440\u0445\u043d\u0438\u0435 \u043d\u043e\u0442\u044b: \u0418\u0433\u0440\u0438\u0441\u0442\u044b\u0439 \u0426\u0438\u0442\u0440\u0443\u0441\u043e\u0432\u044b\u0439 \u041b\u0438\u043a\u0435\u0440, \u041f\u0438\u043e\u043d<br \/>\n\u041d\u043e\u0442\u044b \u0441\u0435\u0440\u0434\u0446\u0430: \u0411\u0435\u0440\u0433\u0430\u043c\u043e\u0442, \u0428\u0430\u043c\u043f\u0430\u043d\u0441\u043a\u043e\u0435<br \/>\n\u0411\u0430\u0437\u043e\u0432\u044b\u0435 \u043d\u043e\u0442\u044b: \u0421\u043b\u0438\u0432\u043e\u0432\u044b\u0439 \u0426\u0432\u0435\u0442, \u0411\u0435\u043b\u0430\u044f \u0410\u043c\u0431\u0440\u0430<\/p>\n<p>\u042f\u0440\u043a\u0438\u0439, \u0438\u0441\u043a\u0440\u044f\u0449\u0438\u0439\u0441\u044f, \u0437\u0430\u0440\u044f\u0436\u0430\u044e\u0449\u0438\u0439 \u044d\u043d\u0435\u0440\u0433\u0438\u0435\u0439, \u044d\u0442\u043e\u0442 \u043a\u0440\u0435\u043c \u043f\u0435\u0440\u0435\u043d\u0435\u0441\u0435\u0442 \u0432\u0430\u0441 \u0432 \u0430\u0442\u043c\u043e\u0441\u0444\u0435\u0440\u0443 \u0441\u0447\u0430\u0441\u0442\u043b\u0438\u0432\u043e\u0433\u043e \u0447\u0430\u0441\u0430 \u0438 \u0438\u0433\u0440\u0438\u0441\u0442\u044b\u0445 \u043b\u0435\u0442\u043d\u0438\u0445 \u0442\u043e\u0441\u0442\u043e\u0432, \u0443\u0432\u043b\u0430\u0436\u043d\u044f\u044f \u043a\u043e\u0436\u0443. \u041e\u043d \u0438\u0434\u0435\u0430\u043b\u044c\u043d\u043e \u043f\u043e\u0434\u0445\u043e\u0434\u0438\u0442, \u0447\u0442\u043e\u0431\u044b \u0434\u043e\u0431\u0430\u0432\u0438\u0442\u044c \u0431\u043e\u0434\u0440\u043e\u0433\u043e \u0438 \u043f\u0440\u0430\u0437\u0434\u043d\u0438\u0447\u043d\u043e\u0433\u043e \u043d\u0430\u0441\u0442\u0440\u043e\u0435\u043d\u0438\u044f \u0432 \u0432\u0430\u0448 \u0434\u0435\u043d\u044c.<\/p>\n<\/details>\n","protected":false},"featured_media":24248,"template":"","meta":{"jetpack_publicize_message":"","jetpack_publicize_feature_enabled":true,"jetpack_social_post_already_shared":true,"jetpack_social_options":{"image_generator_settings":{"template":"highway","default_image_id":0,"font":"","enabled":false},"version":2}},"product_brand":[],"product_cat":[926,912,341],"product_tag":[],"class_list":{"0":"post-24245","1":"product","2":"type-product","3":"status-publish","4":"has-post-thumbnail","6":"product_cat-victorias-secret-body-lotions","7":"product_cat-nahahooldus","8":"product_cat-victorias-secret","9":"pa_suurus-10-ml-tester","10":"pa_suurus-2-ml-tester","11":"pa_suurus-250-ml-full-size","12":"pa_suurus-30-ml-tester","14":"first","15":"instock","16":"sale","17":"shipping-taxable","18":"purchasable","19":"product-type-simple"},"jetpack_publicize_connections":[],"jetpack_sharing_enabled":true,"jetpack_likes_enabled":true,"_links":{"self":[{"href":"https:\/\/superstore.ee\/index.php\/wp-json\/wp\/v2\/product\/24245","targetHints":{"allow":["GET"]}}],"collection":[{"href":"https:\/\/superstore.ee\/index.php\/wp-json\/wp\/v2\/product"}],"about":[{"href":"https:\/\/superstore.ee\/index.php\/wp-json\/wp\/v2\/types\/product"}],"wp:featuredmedia":[{"embeddable":true,"href":"https:\/\/superstore.ee\/index.php\/wp-json\/wp\/v2\/media\/24248"}],"wp:attachment":[{"href":"https:\/\/superstore.ee\/index.php\/wp-json\/wp\/v2\/media?parent=24245"}],"wp:term":[{"taxonomy":"product_brand","embeddable":true,"href":"https:\/\/superstore.ee\/index.php\/wp-json\/wp\/v2\/product_brand?post=24245"},{"taxonomy":"product_cat","embeddable":true,"href":"https:\/\/superstore.ee\/index.php\/wp-json\/wp\/v2\/product_cat?post=24245"},{"taxonomy":"product_tag","embeddable":true,"href":"https:\/\/superstore.ee\/index.php\/wp-json\/wp\/v2\/product_tag?post=24245"}],"curies":[{"name":"wp","href":"https:\/\/api.w.org\/{rel}","templated":true}]}}