{"id":24282,"date":"2025-07-05T23:39:55","date_gmt":"2025-07-05T20:39:55","guid":{"rendered":"https:\/\/superstore.ee\/?post_type=product&#038;p=24282"},"modified":"2026-02-27T21:32:42","modified_gmt":"2026-02-27T19:32:42","slug":"spf-30-bb-kreem-kiko-milano-daily-protection-bb-cream","status":"publish","type":"product","link":"https:\/\/superstore.ee\/index.php\/toode\/spf-30-bb-kreem-kiko-milano-daily-protection-bb-cream\/","title":{"rendered":"KIKO MILANO Daily Protection BB Cream SPF 30"},"content":{"rendered":"","protected":false},"excerpt":{"rendered":"<p>KIKO MILANO Daily Protection BB-kreem SPF 30 on multifunktsionaalne tooniv kreem, mis kaitseb, t\u00e4iustab ja niisutab nahka. Rikastatud merikapsa ekstraktiga, on sellel v\u00e4rske ja mugav tekstuur, mis loob &#8220;teise naha&#8221; efekti. Kreem pakub kaitset UVB-kiirte eest t\u00e4nu SPF 30-le, varjab ebatasasusi ja \u00fchtlustab jumet, andes nahale terve, \u00fchtlase ja sileda v\u00e4limuse.<\/p>\n<p><strong>Tulemused:<\/strong><\/p>\n<ul>\n<li><b>Loomulik viimistlus.<\/b><\/li>\n<li>Ebatasasused ja v\u00e4rvimuutused on <b>kamuflaa\u017eeeritud<\/b>.<\/li>\n<li>Jume n\u00e4eb v\u00e4lja <b>terve, \u00fchtlane ja sile<\/b>.<\/li>\n<li>Nahk on <b>pehme, niisutatud<\/b> ja t\u00e4nu barj\u00e4\u00e4rifektile suurep\u00e4raselt <b>kaitstud igap\u00e4evase stressi eest<\/b>.<\/li>\n<\/ul>\n<p>Dermatoloogiliselt testitud ja mittekomedogeenne.<\/p>\n<p>Maht<b>:<\/b> 30 ml. P\u00e4ritoluriik<b>:<\/b> Itaalia.<\/p>\n<details>\n<summary>Details<\/summary>\n<div translate=\"no\">\n<p>KIKO Milano Daily Protection Bb Cream Spf 30 (30ml) Tinted cream to protect, perfect and moisturise the skin.Multi-function tinted cream: protects, perfects and moisturises the skin. Formula enriched with Sea Kale extract with energising and protective properties.<\/p>\n<p>Once applied, the fresh and comfortable texture becomes a second skin, giving buildable coverage ranging from low to medium and a smooth, natural finish. Contains SPF 30 to protect the skin from UVB rays.<\/p>\n<p>Dermatologically tested.<\/p>\n<p>Non-comedogenic.<\/p>\n<p>Results: Natural finish. Imperfections and discolouring are camouflaged. The complexion looks healthy, even and smooth. Skin looks soft, moisturised and perfectly protected from the stress of daily life thanks to a barrier effect.<\/p>\n<p>30 ml<br \/>\nMade in Italy<\/p>\n<p>NGREDIENTS: AQUA (WATER\/EAU), ETHYLHEXYL METHOXYCINNAMATE, TALC, DIMETHICONE, ETHYLHEXYL SALICYLATE, CETYL PEG\/PPG-10\/1 DIMETHICONE , TITANIUM DIOXIDE, C12-15 ALKYL BENZOATE, ISODODECANE, GLYCERIN, CAPRYLIC\/CAPRIC TRIGLYCERIDE, TRIETHYLHEXANOIN, PHENOXYETHANOL, SO DIUM CHLORIDE, MAGNESIUM SULFATE, DIETHYLHEXYL SYRINGYLIDENEMALONATE, SILICA, POTASSIUM SORBATE, SODIUM DEHYDROACETATE, HYDROGEN DIM ETHICONE, DISTEARDIMONIUM HECTORITE, PARFUM (FRAGRANCE), TRIETHOXYCAPRYLYLSILANE, BENZOIC ACID, ALUMINUM HYDROXIDE, DEHYDROACETIC AC ID, PROPYLENE CARBONATE, CRAMBE MARITIMA LEAF EXTRACT, ETHYLHEXYLGLYCERIN, TETRAMETHYL ACETYLOCTAHYDRONAPHTHALENES, BHT, VANILLIN, G ERANYL ACETATE, PENTAERYTHRITYL TETRA-DI-T-BUTYL HYDROXYHYDROCINNAMATE. +\/- (MAY CONTAIN): CI 77891 (TITANIUM DIOXIDE), CI 77492 &#8211; C I 77491 &#8211; CI 77499 (IRON OXIDES).<\/p>\n<\/div>\n<p>BB-\u043a\u0440\u0435\u043c Daily Protection SPF 30 \u043e\u0442 KIKO MILANO \u2013 \u044d\u0442\u043e \u043c\u043d\u043e\u0433\u043e\u0444\u0443\u043d\u043a\u0446\u0438\u043e\u043d\u0430\u043b\u044c\u043d\u043e\u0435 \u0442\u043e\u043d\u0438\u0440\u0443\u044e\u0449\u0435\u0435 \u0441\u0440\u0435\u0434\u0441\u0442\u0432\u043e, \u043a\u043e\u0442\u043e\u0440\u043e\u0435 \u0437\u0430\u0449\u0438\u0449\u0430\u0435\u0442, \u0441\u043e\u0432\u0435\u0440\u0448\u0435\u043d\u0441\u0442\u0432\u0443\u0435\u0442 \u0438 \u0443\u0432\u043b\u0430\u0436\u043d\u044f\u0435\u0442 \u043a\u043e\u0436\u0443. \u041e\u0431\u043e\u0433\u0430\u0449\u0435\u043d\u043d\u044b\u0439 \u044d\u043a\u0441\u0442\u0440\u0430\u043a\u0442\u043e\u043c \u043c\u043e\u0440\u0441\u043a\u043e\u0439 \u043a\u0430\u043f\u0443\u0441\u0442\u044b, \u043e\u043d \u043e\u0431\u043b\u0430\u0434\u0430\u0435\u0442 \u0441\u0432\u0435\u0436\u0435\u0439 \u0438 \u043a\u043e\u043c\u0444\u043e\u0440\u0442\u043d\u043e\u0439 \u0442\u0435\u043a\u0441\u0442\u0443\u0440\u043e\u0439, \u0441\u043e\u0437\u0434\u0430\u044e\u0449\u0435\u0439 \u044d\u0444\u0444\u0435\u043a\u0442 &#8220;\u0432\u0442\u043e\u0440\u043e\u0439 \u043a\u043e\u0436\u0438&#8221;. \u041a\u0440\u0435\u043c \u043e\u0431\u0435\u0441\u043f\u0435\u0447\u0438\u0432\u0430\u0435\u0442 \u0437\u0430\u0449\u0438\u0442\u0443 \u043e\u0442 UVB-\u043b\u0443\u0447\u0435\u0439 \u0431\u043b\u0430\u0433\u043e\u0434\u0430\u0440\u044f SPF 30, \u0441\u043a\u0440\u044b\u0432\u0430\u0435\u0442 \u043d\u0435\u0441\u043e\u0432\u0435\u0440\u0448\u0435\u043d\u0441\u0442\u0432\u0430 \u0438 \u0432\u044b\u0440\u0430\u0432\u043d\u0438\u0432\u0430\u0435\u0442 \u0442\u043e\u043d, \u043f\u0440\u0438\u0434\u0430\u0432\u0430\u044f \u043a\u043e\u0436\u0435 \u0437\u0434\u043e\u0440\u043e\u0432\u044b\u0439, \u0440\u043e\u0432\u043d\u044b\u0439 \u0438 \u0433\u043b\u0430\u0434\u043a\u0438\u0439 \u0432\u0438\u0434. \u0414\u0435\u0440\u043c\u0430\u0442\u043e\u043b\u043e\u0433\u0438\u0447\u0435\u0441\u043a\u0438 \u043f\u0440\u043e\u0442\u0435\u0441\u0442\u0438\u0440\u043e\u0432\u0430\u043d \u0438 \u043d\u0435\u043a\u043e\u043c\u0435\u0434\u043e\u0433\u0435\u043d\u0435\u043d. \u0414\u043e\u0441\u0442\u0443\u043f\u0435\u043d \u0432 7 \u043e\u0442\u0442\u0435\u043d\u043a\u0430\u0445 \u0434\u043b\u044f \u0432\u0441\u0435\u0445 \u0442\u043e\u043d\u043e\u0432 \u043a\u043e\u0436\u0438.<\/p>\n<p>\u0420\u0435\u0437\u0443\u043b\u044c\u0442\u0430\u0442\u044b \u043f\u0440\u0438\u043c\u0435\u043d\u0435\u043d\u0438\u044f:<br \/>\n\u0415\u0441\u0442\u0435\u0441\u0442\u0432\u0435\u043d\u043d\u044b\u0439 \u0444\u0438\u043d\u0438\u0448.<br \/>\n\u041d\u0435\u0441\u043e\u0432\u0435\u0440\u0448\u0435\u043d\u0441\u0442\u0432\u0430 \u0438 \u0438\u0437\u043c\u0435\u043d\u0435\u043d\u0438\u044f \u0446\u0432\u0435\u0442\u0430 \u043a\u043e\u0436\u0438 \u0437\u0430\u043c\u0430\u0441\u043a\u0438\u0440\u043e\u0432\u0430\u043d\u044b.<br \/>\n\u0426\u0432\u0435\u0442 \u043b\u0438\u0446\u0430 \u0432\u044b\u0433\u043b\u044f\u0434\u0438\u0442 \u0437\u0434\u043e\u0440\u043e\u0432\u044b\u043c, \u0440\u043e\u0432\u043d\u044b\u043c \u0438 \u0433\u043b\u0430\u0434\u043a\u0438\u043c.<br \/>\n\u041a\u043e\u0436\u0430 \u0441\u0442\u0430\u043d\u043e\u0432\u0438\u0442\u0441\u044f \u043c\u044f\u0433\u043a\u043e\u0439, \u0443\u0432\u043b\u0430\u0436\u043d\u0435\u043d\u043d\u043e\u0439 \u0438 \u0438\u0434\u0435\u0430\u043b\u044c\u043d\u043e \u0437\u0430\u0449\u0438\u0449\u0435\u043d\u043d\u043e\u0439 \u043e\u0442 \u0441\u0442\u0440\u0435\u0441\u0441\u0430 \u043f\u043e\u0432\u0441\u0435\u0434\u043d\u0435\u0432\u043d\u043e\u0439 \u0436\u0438\u0437\u043d\u0438 \u0431\u043b\u0430\u0433\u043e\u0434\u0430\u0440\u044f \u0431\u0430\u0440\u044c\u0435\u0440\u043d\u043e\u043c\u0443 \u044d\u0444\u0444\u0435\u043a\u0442\u0443.<\/p>\n<p>\u041e\u0431\u044a\u0435\u043c: 30 \u043c\u043b. \u0421\u0442\u0440\u0430\u043d\u0430-\u043f\u0440\u043e\u0438\u0437\u0432\u043e\u0434\u0438\u0442\u0435\u043b\u044c: \u0418\u0442\u0430\u043b\u0438\u044f.<\/p>\n<\/details>\n","protected":false},"featured_media":24296,"template":"","meta":{"jetpack_publicize_message":"","jetpack_publicize_feature_enabled":true,"jetpack_social_post_already_shared":true,"jetpack_social_options":{"image_generator_settings":{"template":"highway","default_image_id":0,"font":"","enabled":false},"version":2}},"product_brand":[],"product_cat":[976,973,340,912,964,974,970],"product_tag":[],"class_list":{"0":"post-24282","1":"product","2":"type-product","3":"status-publish","4":"has-post-thumbnail","6":"product_cat-foundation-concealer","7":"product_cat-makeup","8":"product_cat-kiko-milano","9":"product_cat-nahahooldus","10":"product_cat-face-care","11":"product_cat-face","12":"product_cat-sun-protection","13":"pa_varv-01-ivory","14":"pa_varv-02-porcelain","15":"pa_varv-03-honey","16":"pa_varv-04-warm-almond","17":"pa_varv-05-caramel","19":"first","20":"instock","21":"shipping-taxable","22":"purchasable","23":"product-type-variable"},"jetpack_publicize_connections":[],"jetpack_sharing_enabled":true,"jetpack_likes_enabled":true,"_links":{"self":[{"href":"https:\/\/superstore.ee\/index.php\/wp-json\/wp\/v2\/product\/24282","targetHints":{"allow":["GET"]}}],"collection":[{"href":"https:\/\/superstore.ee\/index.php\/wp-json\/wp\/v2\/product"}],"about":[{"href":"https:\/\/superstore.ee\/index.php\/wp-json\/wp\/v2\/types\/product"}],"wp:featuredmedia":[{"embeddable":true,"href":"https:\/\/superstore.ee\/index.php\/wp-json\/wp\/v2\/media\/24296"}],"wp:attachment":[{"href":"https:\/\/superstore.ee\/index.php\/wp-json\/wp\/v2\/media?parent=24282"}],"wp:term":[{"taxonomy":"product_brand","embeddable":true,"href":"https:\/\/superstore.ee\/index.php\/wp-json\/wp\/v2\/product_brand?post=24282"},{"taxonomy":"product_cat","embeddable":true,"href":"https:\/\/superstore.ee\/index.php\/wp-json\/wp\/v2\/product_cat?post=24282"},{"taxonomy":"product_tag","embeddable":true,"href":"https:\/\/superstore.ee\/index.php\/wp-json\/wp\/v2\/product_tag?post=24282"}],"curies":[{"name":"wp","href":"https:\/\/api.w.org\/{rel}","templated":true}]}}