{"id":24327,"date":"2025-07-07T09:05:14","date_gmt":"2025-07-07T06:05:14","guid":{"rendered":"https:\/\/superstore.ee\/?post_type=product&#038;p=24327"},"modified":"2025-11-09T11:29:09","modified_gmt":"2025-11-09T09:29:09","slug":"nahatooni-peitekreem-kiko-milano-skin-tone-concealer","status":"publish","type":"product","link":"https:\/\/superstore.ee\/index.php\/toode\/nahatooni-peitekreem-kiko-milano-skin-tone-concealer\/","title":{"rendered":"KIKO MILANO Skin Tone Concealer (02 Ivory) Nahatooni Peitekreem"},"content":{"rendered":"","protected":false},"excerpt":{"rendered":"<p>KIKO MILANO nahatooni peitekreem. Vedel siluv peitekreem loomuliku viimistlusega.<\/p>\n<p>Kasuta iga p\u00e4ev veatu meigi loomiseks. Uus vedel koostis hajub ideaalselt ja maskeerib ebat\u00e4psused ning silmaalused ringid, pakkudes keskmist katvust. Garanteerib &#8220;meigita meik&#8221; v\u00e4limuse.<\/p>\n<p>Toode on t\u00e4nu uuele p\u00f6\u00f6rlevale aplikaatorile lihtne peale kanda ja hajutada: kandke toode otsikuga peale ja hajutage seda kergesti.<\/p>\n<p>Tulemused:<\/p>\n<ul>\n<li>Pakub efektiivset katvust ebat\u00e4psustele ja silmaalustele ringidele.<\/li>\n<li>Maskeerib isegi pisimad kortsud.<\/li>\n<li>Nahk n\u00e4eb v\u00e4lja veatu.<\/li>\n<\/ul>\n<p>Maht: 3.5 ml<br \/>\nP\u00e4ritoluriik: Itaalia<\/p>\n<details>\n<summary>Details<\/summary>\n<div translate=\"no\">KIKO MILANO skin tone concealer.<br \/>\nFluid smoothing concealer with natural finish: Use every day for flawless makeup.The new fluid formula blends perfectly and camouflages imperfections and under-eye circles, offering medium coverage. Guarantees a no-makeup makeup look.The product is easy to apply and blend thanks to the new rotating applicator: Apply the product with the tip and spread it with ease.Results: Offers effective coverage for imperfections and under-eye circles, camouflaging even the slightest wrinkle. Skin appears flawless.3.5 ml<br \/>\nMade in ItalyINGREDIENTS: AQUA (WATER\/EAU), DIMETHICONE, TALC, PHENYL TRIMETHICONE, CETYL PEG\/PPG-10\/1 DIMETHICONE, ISODODECANE, GLYCERIN, HDI\/TR IMETHYLOL HEXYLLACTONE CROSSPOLYMER, PHENOXYETHANOL, ACRYLATES\/DIMETHICONE COPOLYMER, SODIUM CHLORIDE, HYDROGEN DIMETHICONE, MAGNESI UM SULFATE, DIMETHICONE\/VINYL DIMETHICONE CROSSPOLYMER, SODIUM DEHYDROACETATE, ALUMINUM HYDROXIDE, DISTEARDIMONIUM HECTORITE, BENZOI C ACID, TETRASODIUM EDTA, DEHYDROACETIC ACID, PROPYLENE CARBONATE, SILICA, ETHYLHEXYLGLYCERIN, HELIANTHUS ANNUUS SEED OIL (HELIANTHU S ANNUUS (SUNFLOWER) SEED OIL), METHICONE, VITEX AGNUS CASTUS EXTRACT. +\/- (MAY CONTAIN): CI 77891 (TITANIUM DIOXIDE), CI 77491 &#8211; CI 77492 &#8211; CI 77499 (IRON OXIDES), CI 77007 (ULTRAMARINES), CI 77288 (CHROMIUM OXIDE GREENS).<\/p>\n<\/div>\n<p>KIKO MILANO \u043a\u043e\u043d\u0441\u0438\u043b\u0435\u0440 \u0434\u043b\u044f \u0442\u043e\u043d\u0430 \u043a\u043e\u0436\u0438. \u0416\u0438\u0434\u043a\u0438\u0439 \u0440\u0430\u0437\u0433\u043b\u0430\u0436\u0438\u0432\u0430\u044e\u0449\u0438\u0439 \u043a\u043e\u043d\u0441\u0438\u043b\u0435\u0440 \u0441 \u0435\u0441\u0442\u0435\u0441\u0442\u0432\u0435\u043d\u043d\u044b\u043c \u0444\u0438\u043d\u0438\u0448\u0435\u043c.<br \/>\n\u0418\u0441\u043f\u043e\u043b\u044c\u0437\u0443\u0439\u0442\u0435 \u043a\u0430\u0436\u0434\u044b\u0439 \u0434\u0435\u043d\u044c \u0434\u043b\u044f \u0441\u043e\u0437\u0434\u0430\u043d\u0438\u044f \u0431\u0435\u0437\u0443\u043f\u0440\u0435\u0447\u043d\u043e\u0433\u043e \u043c\u0430\u043a\u0438\u044f\u0436\u0430. \u041d\u043e\u0432\u0430\u044f \u0436\u0438\u0434\u043a\u0430\u044f \u0444\u043e\u0440\u043c\u0443\u043b\u0430 \u0438\u0434\u0435\u0430\u043b\u044c\u043d\u043e \u0440\u0430\u0441\u0442\u0443\u0448\u0435\u0432\u044b\u0432\u0430\u0435\u0442\u0441\u044f \u0438 \u043c\u0430\u0441\u043a\u0438\u0440\u0443\u0435\u0442 \u043d\u0435\u0441\u043e\u0432\u0435\u0440\u0448\u0435\u043d\u0441\u0442\u0432\u0430 \u0438 \u0442\u0435\u043c\u043d\u044b\u0435 \u043a\u0440\u0443\u0433\u0438 \u043f\u043e\u0434 \u0433\u043b\u0430\u0437\u0430\u043c\u0438, \u043e\u0431\u0435\u0441\u043f\u0435\u0447\u0438\u0432\u0430\u044f \u0441\u0440\u0435\u0434\u043d\u0435\u0435 \u043f\u043e\u043a\u0440\u044b\u0442\u0438\u0435. \u0413\u0430\u0440\u0430\u043d\u0442\u0438\u0440\u0443\u0435\u0442 \u044d\u0444\u0444\u0435\u043a\u0442 \u043c\u0430\u043a\u0438\u044f\u0436\u0430 \u0431\u0435\u0437 \u043c\u0430\u043a\u0438\u044f\u0436\u0430.<\/p>\n<p>\u041f\u0440\u043e\u0434\u0443\u043a\u0442 \u043b\u0435\u0433\u043a\u043e \u043d\u0430\u043d\u043e\u0441\u0438\u0442\u0441\u044f \u0438 \u0440\u0430\u0441\u0442\u0443\u0448\u0435\u0432\u044b\u0432\u0430\u0435\u0442\u0441\u044f \u0431\u043b\u0430\u0433\u043e\u0434\u0430\u0440\u044f \u043d\u043e\u0432\u043e\u043c\u0443 \u0432\u0440\u0430\u0449\u0430\u044e\u0449\u0435\u043c\u0443\u0441\u044f \u0430\u043f\u043f\u043b\u0438\u043a\u0430\u0442\u043e\u0440\u0443: \u043d\u0430\u043d\u0435\u0441\u0438\u0442\u0435 \u043f\u0440\u043e\u0434\u0443\u043a\u0442 \u043a\u043e\u043d\u0447\u0438\u043a\u043e\u043c \u0438 \u043b\u0435\u0433\u043a\u043e \u0440\u0430\u0441\u043f\u0440\u0435\u0434\u0435\u043b\u0438\u0442\u0435.<\/p>\n<p>\u0420\u0435\u0437\u0443\u043b\u044c\u0442\u0430\u0442\u044b:<br \/>\n\u041e\u0431\u0435\u0441\u043f\u0435\u0447\u0438\u0432\u0430\u0435\u0442 \u044d\u0444\u0444\u0435\u043a\u0442\u0438\u0432\u043d\u043e\u0435 \u043f\u043e\u043a\u0440\u044b\u0442\u0438\u0435 \u0434\u043b\u044f \u043d\u0435\u0441\u043e\u0432\u0435\u0440\u0448\u0435\u043d\u0441\u0442\u0432 \u0438 \u0442\u0435\u043c\u043d\u044b\u0445 \u043a\u0440\u0443\u0433\u043e\u0432 \u043f\u043e\u0434 \u0433\u043b\u0430\u0437\u0430\u043c\u0438.<br \/>\n\u041c\u0430\u0441\u043a\u0438\u0440\u0443\u0435\u0442 \u0434\u0430\u0436\u0435 \u043c\u0435\u043b\u044c\u0447\u0430\u0439\u0448\u0438\u0435 \u043c\u043e\u0440\u0449\u0438\u043d\u043a\u0438.<br \/>\n\u041a\u043e\u0436\u0430 \u0432\u044b\u0433\u043b\u044f\u0434\u0438\u0442 \u0431\u0435\u0437\u0443\u043f\u0440\u0435\u0447\u043d\u043e.<\/p>\n<p>\u041e\u0431\u044a\u0435\u043c: 3.5 \u043c\u043b<br \/>\n\u0421\u0442\u0440\u0430\u043d\u0430-\u043f\u0440\u043e\u0438\u0437\u0432\u043e\u0434\u0438\u0442\u0435\u043b\u044c: \u0418\u0442\u0430\u043b\u0438\u044f<\/p>\n<\/details>\n","protected":false},"featured_media":16425,"template":"","meta":{"jetpack_publicize_message":"","jetpack_publicize_feature_enabled":true,"jetpack_social_post_already_shared":true,"jetpack_social_options":{"image_generator_settings":{"template":"highway","default_image_id":0,"font":"","enabled":false},"version":2}},"product_brand":[],"product_cat":[976,973,340,974],"product_tag":[],"class_list":{"0":"post-24327","1":"product","2":"type-product","3":"status-publish","4":"has-post-thumbnail","6":"product_cat-foundation-concealer","7":"product_cat-makeup","8":"product_cat-kiko-milano","9":"product_cat-face","10":"pa_varv-402","11":"pa_varv-403","13":"first","14":"outofstock","15":"shipping-taxable","16":"purchasable","17":"product-type-simple"},"jetpack_publicize_connections":[],"jetpack_sharing_enabled":true,"jetpack_likes_enabled":true,"_links":{"self":[{"href":"https:\/\/superstore.ee\/index.php\/wp-json\/wp\/v2\/product\/24327","targetHints":{"allow":["GET"]}}],"collection":[{"href":"https:\/\/superstore.ee\/index.php\/wp-json\/wp\/v2\/product"}],"about":[{"href":"https:\/\/superstore.ee\/index.php\/wp-json\/wp\/v2\/types\/product"}],"wp:featuredmedia":[{"embeddable":true,"href":"https:\/\/superstore.ee\/index.php\/wp-json\/wp\/v2\/media\/16425"}],"wp:attachment":[{"href":"https:\/\/superstore.ee\/index.php\/wp-json\/wp\/v2\/media?parent=24327"}],"wp:term":[{"taxonomy":"product_brand","embeddable":true,"href":"https:\/\/superstore.ee\/index.php\/wp-json\/wp\/v2\/product_brand?post=24327"},{"taxonomy":"product_cat","embeddable":true,"href":"https:\/\/superstore.ee\/index.php\/wp-json\/wp\/v2\/product_cat?post=24327"},{"taxonomy":"product_tag","embeddable":true,"href":"https:\/\/superstore.ee\/index.php\/wp-json\/wp\/v2\/product_tag?post=24327"}],"curies":[{"name":"wp","href":"https:\/\/api.w.org\/{rel}","templated":true}]}}