{"id":24412,"date":"2026-02-04T14:48:37","date_gmt":"2026-02-04T12:48:37","guid":{"rendered":"https:\/\/superstore.ee\/?post_type=product&#038;p=24412"},"modified":"2026-02-05T14:48:09","modified_gmt":"2026-02-05T12:48:09","slug":"victorias-secret-mist-kiss-bare-vanilla-gift-set","status":"publish","type":"product","link":"https:\/\/superstore.ee\/index.php\/toode\/victorias-secret-mist-kiss-bare-vanilla-gift-set\/","title":{"rendered":"Victoria\u2019s Secret Mist &#038; Kiss Bare Vanilla Gift Set"},"content":{"rendered":"","protected":false},"excerpt":{"rendered":"<p>Victoria\u2019s Secret Mist &amp; Kiss <strong>Bare Vanilla<\/strong> Kinkekomplekt &#8211; T\u00e4iuslik duo: vastupandamatu enimm\u00fc\u00fcdud kehasprei ning s\u00e4ravad huuled.<\/p>\n<p><strong>Komplekti kuulub:<\/strong><\/p>\n<ul>\n<li><strong>Bare Vanilla mini kehasprei (75 ml)<\/strong>\n<ul>\n<li style=\"list-style-type: none;\">\n<ul>\n<li>Aroomit\u00fc\u00fcp: Magus, pehme ja soe l\u00f5hn vanilli ja ka\u0161miiri nootidega.<\/li>\n<\/ul>\n<\/li>\n<\/ul>\n<\/li>\n<li><strong>Pehme ja siluv Victoria\u2019s Secret Lip Glow l\u00e4bipaistev huule\u00f5li (Peony)<\/strong>\n<ul>\n<li style=\"list-style-type: none;\">\n<ul>\n<li>E-vitamiiniga rikastatud hooldav huule\u00f5li annab l\u00e4bipaistva varjundi ja l\u00e4ikiva s\u00e4ra. Sellel on suur hirvejala-aplikaator kergeks pealekandmiseks ja see pakub meeldivat kirsi-vanilli maitset.<\/li>\n<\/ul>\n<\/li>\n<\/ul>\n<\/li>\n<\/ul>\n<p>Dermatoloogiliselt testitud.<\/p>\n<p>Loomadel testimata.<\/p>\n<details>\n<summary>Details<\/summary>\n<div translate=\"no\">\n<p>Victoria\u2019s Secret Mist &amp; Kiss Bare Vanilla Gift Set The perfect pair: an irresistible bestselling mist and a luminous pout.Mist &amp; Kiss Two-Piece Gift Set<\/p>\n<p>Set Includes: Bare Vanilla Petals Mini Fragrance Mist (75 ml)<br \/>\nFragrance Type: Gourmand<\/p>\n<p>Notes<br \/>\nTop: Bergamot, Apple Blossom<br \/>\nHeart: White Angel Orchid, Spun Sugar<br \/>\nBase: Whipped Vanilla, Glowing Amber<\/p>\n<p>Softening and smoothing Victoria\u2019s Secret Lip Glow Sheer Lip Oil (Peony)<br \/>\nInfused with Vitamin E, this conditioning lip oil adds a sheer tint and glossy shine. It features a large doe-foot applicator for effortless application and boasts a delightful Cherry Vanilla flavor.<\/p>\n<p>Take your favorite scent and radiant lips with you wherever you go for a fresh, feminine feel.<br \/>\nDermatologist tested.<\/p>\n<p>Not tested on animals.<\/p>\n<p>INGREDIENTS:<br \/>\nLIP GLOW Hydrogenated Poly(C6-14 Olefin), Polybutene, Hydrogenated Polyisobutene, Pentaerythrityl Tetraethylhexanoate, Triisostearyl Citrate, Ethylene\/Propylene\/Styrene Copolymer, Octyldodecanol, Simmondsia Chinensis (Jojoba) Seed Oil, Flavor (Aroma), Cocos Nucifera (Coconut) Oil, Tocopheryl Acetate, Butylene\/Ethylene\/Styrene Copolymer, Benzyl Benzoate, Iron Oxides (CI 77491), Titanium Dioxide (CI 77891), Iron Oxides (CI 77492), Neotame, Red 7 Lake (CI 15850), Vanillin, Benzaldehyde, Blue 1 Lake (CI 42090), Sorbitan Oleate, Iron Oxides (CI 77499)<\/p>\n<p>MIST Alcohol Denat., Water (Aqua, Eau), Fragrance (Parfum), Propylene Glycol, Glycerin, Vanillin, Hexamethylindanopyran, Hexyl Cinnamal, Benzyl Salicylate, Coumarin, Benzyl Benzoate, Pogostemon Cablin Oil, PPG-26-Buteth-26, PEG-40 Hydrogenated Castor Oil, Ethylhexyl Methoxycinnamate, Ethylhexyl Salicylate, Butyl Methoxydibenzoylmethane<br \/>\nIngredients are subject to change. For an accurate list of ingredients, please refer to the product packaging.<\/p>\n<\/div>\n<p>\u041f\u043e\u0434\u0430\u0440\u043e\u0447\u043d\u044b\u0439 \u043d\u0430\u0431\u043e\u0440 Victoria\u2019s Secret Mist &amp; Kiss Bare Vanilla\u00a0 &#8211; \u0418\u0434\u0435\u0430\u043b\u044c\u043d\u0430\u044f \u043f\u0430\u0440\u0430: \u043d\u0435\u043e\u0442\u0440\u0430\u0437\u0438\u043c\u044b\u0439 \u043c\u0438\u0441\u0442-\u0431\u0435\u0441\u0442\u0441\u0435\u043b\u043b\u0435\u0440 \u0438 \u0441\u0438\u044f\u044e\u0449\u0438\u0435 \u0433\u0443\u0431\u044b.<\/p>\n<p>\u0412 \u043d\u0430\u0431\u043e\u0440 \u0432\u0445\u043e\u0434\u044f\u0442:<br \/>\n\u041c\u0438\u0441\u0442 \u0434\u043b\u044f \u0442\u0435\u043b\u0430 Bare Vanilla \u043c\u0438\u043d\u0438-\u0444\u043e\u0440\u043c\u0430\u0442\u0430 (75 \u043c\u043b)<br \/>\n\u0422\u0438\u043f \u0430\u0440\u043e\u043c\u0430\u0442\u0430: \u0441\u043b\u0430\u0434\u043a\u0438\u0439, \u043c\u044f\u0433\u043a\u0438\u0439 \u0438 \u0442\u0435\u043f\u043b\u044b\u0439 \u0430\u0440\u043e\u043c\u0430\u0442 \u0441 \u043d\u043e\u0442\u0430\u043c\u0438 \u0432\u0430\u043d\u0438\u043b\u0438 \u0438 \u043a\u0430\u0448\u043c\u0438\u0440\u0430.<br \/>\n\u0421\u043c\u044f\u0433\u0447\u0430\u044e\u0449\u0435\u0435 \u0438 \u0440\u0430\u0437\u0433\u043b\u0430\u0436\u0438\u0432\u0430\u044e\u0449\u0435\u0435 \u043f\u0440\u043e\u0437\u0440\u0430\u0447\u043d\u043e\u0435 \u043c\u0430\u0441\u043b\u043e \u0434\u043b\u044f \u0433\u0443\u0431 Victoria\u2019s Secret Lip Glow Sheer Lip Oil (Peony)<br \/>\n\u042d\u0442\u043e \u0443\u0445\u0430\u0436\u0438\u0432\u0430\u044e\u0449\u0435\u0435 \u043c\u0430\u0441\u043b\u043e \u0434\u043b\u044f \u0433\u0443\u0431 \u0441 \u0432\u0438\u0442\u0430\u043c\u0438\u043d\u043e\u043c \u0415 \u043f\u0440\u0438\u0434\u0430\u0435\u0442 \u043b\u0435\u0433\u043a\u0438\u0439 \u043e\u0442\u0442\u0435\u043d\u043e\u043a \u0438 \u0433\u043b\u044f\u043d\u0446\u0435\u0432\u044b\u0439 \u0431\u043b\u0435\u0441\u043a. \u041e\u043d\u043e \u043e\u0441\u043d\u0430\u0449\u0435\u043d\u043e \u0431\u043e\u043b\u044c\u0448\u0438\u043c \u0430\u043f\u043f\u043b\u0438\u043a\u0430\u0442\u043e\u0440\u043e\u043c-\u043b\u0430\u043f\u043a\u043e\u0439 \u0434\u043b\u044f \u043b\u0435\u0433\u043a\u043e\u0433\u043e \u043d\u0430\u043d\u0435\u0441\u0435\u043d\u0438\u044f \u0438 \u043e\u0431\u043b\u0430\u0434\u0430\u0435\u0442 \u0432\u043e\u0441\u0445\u0438\u0442\u0438\u0442\u0435\u043b\u044c\u043d\u044b\u043c \u0430\u0440\u043e\u043c\u0430\u0442\u043e\u043c \u0432\u0438\u0448\u043d\u0438 \u0438 \u0432\u0430\u043d\u0438\u043b\u0438.<\/p>\n<p>\u041f\u0440\u043e\u0442\u0435\u0441\u0442\u0438\u0440\u043e\u0432\u0430\u043d\u043e \u0434\u0435\u0440\u043c\u0430\u0442\u043e\u043b\u043e\u0433\u0430\u043c\u0438.<br \/>\n\u041d\u0435 \u0442\u0435\u0441\u0442\u0438\u0440\u0443\u0435\u0442\u0441\u044f \u043d\u0430 \u0436\u0438\u0432\u043e\u0442\u043d\u044b\u0445.<\/p>\n<\/details>\n","protected":false},"featured_media":24443,"template":"","meta":{"jetpack_publicize_message":"","jetpack_publicize_feature_enabled":true,"jetpack_social_post_already_shared":true,"jetpack_social_options":{"image_generator_settings":{"template":"highway","default_image_id":0,"font":"","enabled":false},"version":2}},"product_brand":[],"product_cat":[933,910,927,830,342,912,341],"product_tag":[],"class_list":{"0":"post-24412","1":"product","2":"type-product","3":"status-publish","4":"has-post-thumbnail","6":"product_cat-victorias-secret-lip-glosses","7":"product_cat-kehaspreid","8":"product_cat-victorias-secret-body-mists","9":"product_cat-kingitused","10":"product_cat-komplektid-victorias-secret","11":"product_cat-nahahooldus","12":"product_cat-victorias-secret","13":"pa_lohn-velvet-petals","15":"first","16":"instock","17":"sale","18":"shipping-taxable","19":"purchasable","20":"product-type-simple"},"jetpack_publicize_connections":[],"jetpack_sharing_enabled":true,"jetpack_likes_enabled":true,"_links":{"self":[{"href":"https:\/\/superstore.ee\/index.php\/wp-json\/wp\/v2\/product\/24412","targetHints":{"allow":["GET"]}}],"collection":[{"href":"https:\/\/superstore.ee\/index.php\/wp-json\/wp\/v2\/product"}],"about":[{"href":"https:\/\/superstore.ee\/index.php\/wp-json\/wp\/v2\/types\/product"}],"wp:featuredmedia":[{"embeddable":true,"href":"https:\/\/superstore.ee\/index.php\/wp-json\/wp\/v2\/media\/24443"}],"wp:attachment":[{"href":"https:\/\/superstore.ee\/index.php\/wp-json\/wp\/v2\/media?parent=24412"}],"wp:term":[{"taxonomy":"product_brand","embeddable":true,"href":"https:\/\/superstore.ee\/index.php\/wp-json\/wp\/v2\/product_brand?post=24412"},{"taxonomy":"product_cat","embeddable":true,"href":"https:\/\/superstore.ee\/index.php\/wp-json\/wp\/v2\/product_cat?post=24412"},{"taxonomy":"product_tag","embeddable":true,"href":"https:\/\/superstore.ee\/index.php\/wp-json\/wp\/v2\/product_tag?post=24412"}],"curies":[{"name":"wp","href":"https:\/\/api.w.org\/{rel}","templated":true}]}}