{"id":24414,"date":"2026-02-04T14:50:43","date_gmt":"2026-02-04T12:50:43","guid":{"rendered":"https:\/\/superstore.ee\/?post_type=product&#038;p=24414"},"modified":"2026-04-03T08:55:14","modified_gmt":"2026-04-03T05:55:14","slug":"victorias-secret-mist-kiss-pure-seduction","status":"publish","type":"product","link":"https:\/\/superstore.ee\/index.php\/toode\/victorias-secret-mist-kiss-pure-seduction\/","title":{"rendered":"Victoria\u2019s Secret Mist &#038; Kiss Pure Seduction"},"content":{"rendered":"","protected":false},"excerpt":{"rendered":"<p>Victoria\u2019s Secret Mist &amp; Kiss <strong>Pure Seduction<\/strong> Kinkekomplekt &#8211; T\u00e4iuslik duo: vastupandamatu enimm\u00fc\u00fcdud kehasprei ning s\u00e4ravad huuled.<\/p>\n<p><strong>Komplekti kuulub:<\/strong><\/p>\n<ul>\n<li><strong>Pure Seduction mini kehasprei (75 ml)<\/strong>\n<ul>\n<li>Aroomit\u00fc\u00fcp: Puuviljane<\/li>\n<li>Tipunoodid: Kasaba melon, punane ploom<\/li>\n<li>S\u00fcdamenoodid: Hommikukaste ts\u00fcklamen, freesia<\/li>\n<li>Baasnoodid: \u00d5rn muskus, roosipuu<\/li>\n<li>Julgelt m\u00e4nguline ja v\u00f5rgutav puuviljane aroom igap\u00e4evaseks kandmiseks.<\/li>\n<\/ul>\n<\/li>\n<li><strong>Pehme ja siluv Victoria\u2019s Secret Lip Glow huule\u00f5li<\/strong>\n<ul>\n<li>L\u00e4bipaistev, \u00f5rna mulberry-tooni l\u00e4ikega<\/li>\n<li>Rikastatud E-vitamiiniga \u2013 niisutab ja pehmendab<\/li>\n<li>Kirsi-vanilje maitse ja aroom<\/li>\n<li>L\u00f5pptulemus<strong data-start=\"249\" data-end=\"265\">:<\/strong> E-vitamiiniga rikastatud hooldav huule\u00f5li annab huultele luksusliku sooja l\u00e4ike, hooldava niisutuse ja naturaalselt kauni tooni igap\u00e4evaseks kandmiseks. Sellel on suur hirvejala-aplikaator kergeks pealekandmiseks.<\/li>\n<\/ul>\n<\/li>\n<\/ul>\n<p>Dermatoloogiliselt testitud.<\/p>\n<p>Loomadel testimata.<\/p>\n<details>\n<summary>Details<\/summary>\n<div translate=\"no\">\n<p>Victoria\u2019s Secret Mist &amp; Kiss Love Spell Gift Set The perfect pair: an irresistible bestselling mist and a luminous pout.Set Includes: Pure Seduction Mini Fragrance Mist (75 ml)<\/p>\n<p>The perfect pair: A delicious mist of airy sweetness and luxurious warmth plus a mulberry-tinted pout. Take your favorite scent and glowy lip with you wherever you go for a relaxed, elegant feel.<\/p>\n<p>In this set: Pure Seduction Mini Fragrance Mist (75 ml\/2.5 fl oz.)<\/p>\n<p>Fragrance type: Fruity<br \/>\nNotes: juiced plum, crushed freesia<br \/>\nDomestic<br \/>\nLip Glow Sheer Lip Oil<\/p>\n<p>3.2g \/ 0.11 fl oz<br \/>\nVitamin E<br \/>\nCherry Vanilla flavor<br \/>\nVegan. Not tested on animals<\/p>\n<p>INGREDIENTS:<br \/>\nLIP GLOW HHydrogenated Poly(C6-14 Olefin), Polybutene, Hydrogenated Polyisobutene, Pentaerythrityl Tetraethylhexanoate, Triisostearyl Citrate, Ethylene\/Propylene\/Styrene Copolymer, Octyldodecanol, Simmondsia Chinensis (Jojoba) Seed Oil, Flavor (Aroma), Cocos Nucifera (Coconut) Oil, Tocopheryl Acetate, Butylene\/Ethylene\/Styrene Copolymer, Benzyl Benzoate, Red 33 Lake (CI 17200), Neotame, Vanillin, Red 27 (CI 45410), Red 7 Lake (CI 15850), Benzaldehyde, Sorbitan Oleate<\/p>\n<p>MIST Rose Ketones, PPG-26-Buteth-26, PEG-40 Hydrogenated Castor Oil, Ethylhexyl Methoxycinnamate, Ethylhexyl Salicylate, Butyl Methoxydibenzoylmethane, Alcohol Denat., Water (Aqua, Eau), Fragrance (Parfum), Propylene Glycol, Glycerin, Hexamethylindanopyran, Linalool, Limonene, Citrus Aurantium Peel Oil, Dimethyl Phenethyl Acetate, Hydroxycitronellal, Benzyl Alcohol, Linalyl acetate, PineneIngredients are subject to change. For an accurate list of ingredients, please refer to the product packaging.<\/p>\n<p>Ingredients are subject to change. For an accurate list of ingredients, please refer to the product packaging.<\/p>\n<\/div>\n<p>\u041f\u043e\u0434\u0430\u0440\u043e\u0447\u043d\u044b\u0439 \u043d\u0430\u0431\u043e\u0440 Victoria\u2019s Secret Mist &amp; Kiss Pure Seduction &#8211; \u0418\u0434\u0435\u0430\u043b\u044c\u043d\u0430\u044f \u043f\u0430\u0440\u0430: \u043d\u0435\u043e\u0442\u0440\u0430\u0437\u0438\u043c\u044b\u0439 \u043c\u0438\u0441\u0442-\u0431\u0435\u0441\u0442\u0441\u0435\u043b\u043b\u0435\u0440 \u0438 \u0441\u0438\u044f\u044e\u0449\u0438\u0435 \u0433\u0443\u0431\u044b.<\/p>\n<p>\u0412 \u043d\u0430\u0431\u043e\u0440 \u0432\u0445\u043e\u0434\u044f\u0442: \u041c\u0438\u0441\u0442 \u0434\u043b\u044f \u0442\u0435\u043b\u0430 Pure Seduction \u043c\u0438\u043d\u0438-\u0444\u043e\u0440\u043c\u0430\u0442\u0430 (75 \u043c\u043b)<\/p>\n<p>Lip Glow Sheer Lip Oil \u2013 \u043c\u0430\u0441\u043b\u043e-\u0441\u0438\u044f\u043d\u0438\u0435 \u0434\u043b\u044f \u0433\u0443\u0431. \u041f\u043e\u043b\u0443\u043f\u0440\u043e\u0437\u0440\u0430\u0447\u043d\u044b\u0439 \u0431\u043b\u0435\u0441\u043a \u0441 \u043d\u0435\u0436\u043d\u044b\u043c \u043e\u0442\u0442\u0435\u043d\u043a\u043e\u043c mulberry<br \/>\n\u0421 \u0432\u0438\u0442\u0430\u043c\u0438\u043d\u043e\u043c E \u2013 \u0443\u0432\u043b\u0430\u0436\u043d\u044f\u0435\u0442 \u0438 \u0441\u043c\u044f\u0433\u0447\u0430\u0435\u0442<br \/>\n\u0412\u043a\u0443\u0441 \u0438 \u0430\u0440\u043e\u043c\u0430\u0442 \u0432\u0438\u0448\u043d\u0438-\u0432\u0430\u043d\u0438\u043b\u0438<br \/>\nVegan \u2013 \u0431\u0435\u0437 \u0442\u0435\u0441\u0442\u0438\u0440\u043e\u0432\u0430\u043d\u0438\u044f \u043d\u0430 \u0436\u0438\u0432\u043e\u0442\u043d\u044b\u0445, \u0431\u0435\u0437 \u043a\u0440\u0430\u0441\u0438\u0442\u0435\u043b\u0435\u0439<\/p>\n<p>\u042d\u0442\u043e \u0443\u0445\u0430\u0436\u0438\u0432\u0430\u044e\u0449\u0435\u0435 \u043c\u0430\u0441\u043b\u043e \u0434\u043b\u044f \u0433\u0443\u0431 \u0441 \u0432\u0438\u0442\u0430\u043c\u0438\u043d\u043e\u043c \u0415 \u043f\u0440\u0438\u0434\u0430\u0435\u0442 \u043b\u0435\u0433\u043a\u0438\u0439 \u043e\u0442\u0442\u0435\u043d\u043e\u043a \u0438 \u0433\u043b\u044f\u043d\u0446\u0435\u0432\u044b\u0439 \u0431\u043b\u0435\u0441\u043a. \u041e\u043d\u043e \u043e\u0441\u043d\u0430\u0449\u0435\u043d\u043e \u0431\u043e\u043b\u044c\u0448\u0438\u043c \u0430\u043f\u043f\u043b\u0438\u043a\u0430\u0442\u043e\u0440\u043e\u043c-\u043b\u0430\u043f\u043a\u043e\u0439 \u0434\u043b\u044f \u043b\u0435\u0433\u043a\u043e\u0433\u043e \u043d\u0430\u043d\u0435\u0441\u0435\u043d\u0438\u044f \u0438 \u043e\u0431\u043b\u0430\u0434\u0430\u0435\u0442 \u0432\u043e\u0441\u0445\u0438\u0442\u0438\u0442\u0435\u043b\u044c\u043d\u044b\u043c \u0430\u0440\u043e\u043c\u0430\u0442\u043e\u043c \u0432\u0438\u0448\u043d\u0438 \u0438 \u0432\u0430\u043d\u0438\u043b\u0438.<\/p>\n<\/details>\n","protected":false},"featured_media":26112,"template":"","meta":{"jetpack_publicize_message":"","jetpack_publicize_feature_enabled":true,"jetpack_social_post_already_shared":true,"jetpack_social_options":{"image_generator_settings":{"template":"highway","default_image_id":0,"font":"","enabled":false},"version":2}},"product_brand":[],"product_cat":[933,910,927,830,342,912,341],"product_tag":[],"class_list":{"0":"post-24414","1":"product","2":"type-product","3":"status-publish","4":"has-post-thumbnail","6":"product_cat-victorias-secret-lip-glosses","7":"product_cat-kehaspreid","8":"product_cat-victorias-secret-body-mists","9":"product_cat-kingitused","10":"product_cat-komplektid-victorias-secret","11":"product_cat-nahahooldus","12":"product_cat-victorias-secret","13":"pa_lohn-velvet-petals","15":"first","16":"instock","17":"sale","18":"shipping-taxable","19":"purchasable","20":"product-type-simple"},"jetpack_publicize_connections":[],"jetpack_sharing_enabled":true,"jetpack_likes_enabled":true,"_links":{"self":[{"href":"https:\/\/superstore.ee\/index.php\/wp-json\/wp\/v2\/product\/24414","targetHints":{"allow":["GET"]}}],"collection":[{"href":"https:\/\/superstore.ee\/index.php\/wp-json\/wp\/v2\/product"}],"about":[{"href":"https:\/\/superstore.ee\/index.php\/wp-json\/wp\/v2\/types\/product"}],"wp:featuredmedia":[{"embeddable":true,"href":"https:\/\/superstore.ee\/index.php\/wp-json\/wp\/v2\/media\/26112"}],"wp:attachment":[{"href":"https:\/\/superstore.ee\/index.php\/wp-json\/wp\/v2\/media?parent=24414"}],"wp:term":[{"taxonomy":"product_brand","embeddable":true,"href":"https:\/\/superstore.ee\/index.php\/wp-json\/wp\/v2\/product_brand?post=24414"},{"taxonomy":"product_cat","embeddable":true,"href":"https:\/\/superstore.ee\/index.php\/wp-json\/wp\/v2\/product_cat?post=24414"},{"taxonomy":"product_tag","embeddable":true,"href":"https:\/\/superstore.ee\/index.php\/wp-json\/wp\/v2\/product_tag?post=24414"}],"curies":[{"name":"wp","href":"https:\/\/api.w.org\/{rel}","templated":true}]}}