{"id":24484,"date":"2025-07-14T17:33:56","date_gmt":"2025-07-14T14:33:56","guid":{"rendered":"https:\/\/superstore.ee\/?post_type=product&#038;p=24484"},"modified":"2026-01-31T17:25:22","modified_gmt":"2026-01-31T15:25:22","slug":"victorias-secret-strawberries-champagne-fragrance-lotion","status":"publish","type":"product","link":"https:\/\/superstore.ee\/index.php\/toode\/victorias-secret-strawberries-champagne-fragrance-lotion\/","title":{"rendered":"Victoria\u2019s Secret Strawberries &#038; Champagne Fragrance Lotion"},"content":{"rendered":"","protected":false},"excerpt":{"rendered":"<p>Victoria\u2019s Secret Strawberries &amp; Champagne l\u00f5hnastatud Kehakreem (236ml)<\/p>\n<p><b>Aroomit\u00fc\u00fcp:<\/b> Puuviljane Lilleline<\/p>\n<p><span class=\"citation-61 citation-end-61\"><b>Aroomi kirjeldus:<\/b><\/span><\/p>\n<ul>\n<li>Tipunoodid: Metsmaasikas, Musts\u00f5star<\/li>\n<li>S\u00fcdamenoodid: \u0160ampanja, Jasmiin<\/li>\n<li>Baasnoodid: Vaarikamuskus, L\u00e4bipaistvad Puidunoodid<\/li>\n<li>Nostalgiline ja kihisev. Magus, s\u00e4delev toost.<\/li>\n<\/ul>\n<p>See aroom kutsub esile hellitavaid m\u00e4lestusi oma magusa, kihiseva sarmiga. Ideaalne, et lisada oma p\u00e4evale s\u00e4rtsakat nostalgiat ja r\u00f5\u00f5msat pidustust.<\/p>\n<details>\n<summary>Details<\/summary>\n<div translate=\"no\">Strawberries &amp; Champagne Fragrance Body Lotion (236ml)<\/div>\n<div translate=\"no\">Nostalgic &amp; bubbly. A sweet, sparkling toast.<\/div>\n<div translate=\"no\">Fragrance type: Fruity Floral Notes<\/div>\n<div translate=\"no\">Top: Wild Strawberry, Blackcurrant<\/div>\n<div translate=\"no\">Heart: Champagne, Jasmine<\/div>\n<div translate=\"no\">Base: Raspberry Musk, Sheer Woods<\/div>\n<div translate=\"no\">INGREDIENTS:<br \/>\nWater (Aqua, Eau), Mineral Oil (Paraffinum Liquidum, Huile min\u00e9rale), Glycerin, Fragrance (Parfum), Cetyl Alcohol, Glyceryl Stearate, PEG-100 Stearate, Palmitic Acid, Stearic Acid, Phenoxyethanol, Dimethicone, Hexamethylindanopyran, Acrylates\/C10-30 Alkyl Acrylate Crosspolymer, Chlorphenesin, Potassium Sorbate, Xanthan Gum, Sodium Hydroxide, Hexyl Cinnamal, Linalool, Ethylhexylglycerin, Citronellol, Terpineol, Disodium EDTA, Limonene, Citrus Aurantium Peel Oil, Hydroxycitronellal, Geraniol, Tetramethyl acetyloctahydronaphthalenes, Pelargonium Graveolens Flower Oil, Rose Ketones, Eugenol, Citral, Tocopheryl Acetate, Aloe Barbadensis Leaf JuiceVictoria\u2019s Secret\u00a0 \u041f\u0430\u0440\u0444\u044e\u043c\u0438\u0440\u043e\u0432\u0430\u043d\u043d\u044b\u0439 \u043a\u0440\u0435\u043c \u0434\u043b\u044f \u0442\u0435\u043b\u0430 Wild Strawberry Sparkling Champagne \u043b\u043e\u0441\u044c\u043e\u043d\u0422\u0438\u043f \u0430\u0440\u043e\u043c\u0430\u0442\u0430: \u0424\u0440\u0443\u043a\u0442\u043e\u0432\u043e-\u0446\u0432\u0435\u0442\u043e\u0447\u043d\u044b\u0439<\/p>\n<p>\u041e\u043f\u0438\u0441\u0430\u043d\u0438\u0435 \u0430\u0440\u043e\u043c\u0430\u0442\u0430:<br \/>\n\u0412\u0435\u0440\u0445\u043d\u0438\u0435 \u043d\u043e\u0442\u044b: \u0414\u0438\u043a\u0430\u044f \u043a\u043b\u0443\u0431\u043d\u0438\u043a\u0430, \u0427\u0435\u0440\u043d\u0430\u044f \u0441\u043c\u043e\u0440\u043e\u0434\u0438\u043d\u0430<br \/>\n\u041d\u043e\u0442\u044b \u0441\u0435\u0440\u0434\u0446\u0430: \u0428\u0430\u043c\u043f\u0430\u043d\u0441\u043a\u043e\u0435, \u0416\u0430\u0441\u043c\u0438\u043d<br \/>\n\u0411\u0430\u0437\u043e\u0432\u044b\u0435 \u043d\u043e\u0442\u044b: \u041c\u0430\u043b\u0438\u043d\u043e\u0432\u044b\u0439 \u043c\u0443\u0441\u043a\u0443\u0441, \u041f\u0440\u043e\u0437\u0440\u0430\u0447\u043d\u044b\u0435 \u0434\u0440\u0435\u0432\u0435\u0441\u043d\u044b\u0435 \u043d\u043e\u0442\u044b<br \/>\n\u041d\u043e\u0441\u0442\u0430\u043b\u044c\u0433\u0438\u0447\u0435\u0441\u043a\u0438\u0439 \u0438 \u0438\u0433\u0440\u0438\u0441\u0442\u044b\u0439. \u0421\u043b\u0430\u0434\u043a\u0438\u0439, \u0438\u0441\u043a\u0440\u044f\u0449\u0438\u0439\u0441\u044f \u0442\u043e\u0441\u0442.<\/p>\n<p>\u042d\u0442\u043e\u0442 \u0430\u0440\u043e\u043c\u0430\u0442 \u0432\u044b\u0437\u044b\u0432\u0430\u0435\u0442 \u0442\u0435\u043f\u043b\u044b\u0435 \u0432\u043e\u0441\u043f\u043e\u043c\u0438\u043d\u0430\u043d\u0438\u044f \u0441\u0432\u043e\u0438\u043c \u0441\u043b\u0430\u0434\u043a\u0438\u043c, \u0448\u0438\u043f\u0443\u0447\u0438\u043c \u043e\u0447\u0430\u0440\u043e\u0432\u0430\u043d\u0438\u0435\u043c. \u0418\u0434\u0435\u0430\u043b\u044c\u043d\u043e \u043f\u043e\u0434\u0445\u043e\u0434\u0438\u0442 \u0434\u043b\u044f \u043f\u0440\u0438\u0434\u0430\u043d\u0438\u044f \u0432\u0430\u0448\u0435\u043c\u0443 \u0434\u043d\u044e \u043d\u043e\u0442\u043a\u0438 \u0438\u0441\u043a\u0440\u044f\u0449\u0435\u0439\u0441\u044f \u043d\u043e\u0441\u0442\u0430\u043b\u044c\u0433\u0438\u0438 \u0438 \u0440\u0430\u0434\u043e\u0441\u0442\u043d\u043e\u0433\u043e \u043f\u0440\u0430\u0437\u0434\u043d\u0438\u043a\u0430.<\/p>\n<\/div>\n<\/details>\n","protected":false},"featured_media":25257,"template":"","meta":{"jetpack_publicize_message":"","jetpack_publicize_feature_enabled":true,"jetpack_social_post_already_shared":true,"jetpack_social_options":{"image_generator_settings":{"template":"highway","default_image_id":0,"font":"","enabled":false},"version":2}},"product_brand":[],"product_cat":[926,912,341],"product_tag":[],"class_list":{"0":"post-24484","1":"product","2":"type-product","3":"status-publish","4":"has-post-thumbnail","6":"product_cat-victorias-secret-body-lotions","7":"product_cat-nahahooldus","8":"product_cat-victorias-secret","9":"pa_suurus-10-ml-tester","10":"pa_suurus-2-ml-tester","11":"pa_suurus-250-ml-full-size","12":"pa_suurus-30-ml-tester","14":"first","15":"instock","16":"sale","17":"shipping-taxable","18":"purchasable","19":"product-type-simple"},"jetpack_publicize_connections":[],"jetpack_sharing_enabled":true,"jetpack_likes_enabled":true,"_links":{"self":[{"href":"https:\/\/superstore.ee\/index.php\/wp-json\/wp\/v2\/product\/24484","targetHints":{"allow":["GET"]}}],"collection":[{"href":"https:\/\/superstore.ee\/index.php\/wp-json\/wp\/v2\/product"}],"about":[{"href":"https:\/\/superstore.ee\/index.php\/wp-json\/wp\/v2\/types\/product"}],"wp:featuredmedia":[{"embeddable":true,"href":"https:\/\/superstore.ee\/index.php\/wp-json\/wp\/v2\/media\/25257"}],"wp:attachment":[{"href":"https:\/\/superstore.ee\/index.php\/wp-json\/wp\/v2\/media?parent=24484"}],"wp:term":[{"taxonomy":"product_brand","embeddable":true,"href":"https:\/\/superstore.ee\/index.php\/wp-json\/wp\/v2\/product_brand?post=24484"},{"taxonomy":"product_cat","embeddable":true,"href":"https:\/\/superstore.ee\/index.php\/wp-json\/wp\/v2\/product_cat?post=24484"},{"taxonomy":"product_tag","embeddable":true,"href":"https:\/\/superstore.ee\/index.php\/wp-json\/wp\/v2\/product_tag?post=24484"}],"curies":[{"name":"wp","href":"https:\/\/api.w.org\/{rel}","templated":true}]}}