{"id":24508,"date":"2025-07-14T18:35:34","date_gmt":"2025-07-14T15:35:34","guid":{"rendered":"https:\/\/superstore.ee\/?post_type=product&#038;p=24508"},"modified":"2026-03-13T20:34:08","modified_gmt":"2026-03-13T18:34:08","slug":"victorias-secret-vanilla-lace-fragrance-lotion","status":"publish","type":"product","link":"https:\/\/superstore.ee\/index.php\/toode\/victorias-secret-vanilla-lace-fragrance-lotion\/","title":{"rendered":"Victoria\u2019s Secret Vanilla Lace Fragrance Lotion"},"content":{"rendered":"","protected":false},"excerpt":{"rendered":"<p>Victoria\u2019s Secret Vanilla Lace Parf\u00fcmeeritud Kehalosjoon (236ml)<\/p>\n<p><b>Aroomit\u00fc\u00fcp: magus<\/b><\/p>\n<p><strong>Aroomi kirjeldus:<\/strong><\/p>\n<ul>\n<li>Tipunoodid: Vanilliorkidee, Cafe Au Lait<\/li>\n<li>S\u00fcdamenoodid: Roosa Hortensia, Maikellukese Kroonlehed<\/li>\n<li>Baasnoodid: Kreemjas Vanill, Sandlipuu<\/li>\n<\/ul>\n<p>Igavesti pehme ja magus. See aroom pakub igavesti pehmet ja magusat kreemja soojuse lainet.<\/p>\n<p>Ideaalne, et lisada oma p\u00e4evale hubast ja lohutavat tunnet.<\/p>\n<p>Pakume seda toodet ka mugavates v\u00e4iksemates pakendites (dekantidena), mis on ideaalsed toote proovimiseks v\u00f5i reisile kaasa v\u00f5tmiseks<\/p>\n<details>\n<summary>Details<\/summary>\n<div translate=\"no\">\n<p>Victoria\u2019s Secret Vanilla Lace Fragrance Lotion (236ml)<\/p>\n<p>Forever soft &amp; sweet. A wave of creamy warmth. Fragrance type: Gourmand Notes Top: Vanilla Orchid, Caf\u00e9 Au Lait Heart: Pink Hydrangea, Muguet Petals Base: Creamy Vanilla, Sandalwood<\/p>\n<p>INGREDIENTS:<br \/>\nWater (Aqua, Eau), Mineral Oil (Paraffinum Liquidum, Huile min\u00e9rale), Glycerin, Fragrance (Parfum), Cetyl Alcohol, Glyceryl Stearate, PEG-100 Stearate, Palmitic Acid, Stearic Acid, Phenoxyethanol, Dimethicone, Acrylates\/C10-30 Alkyl Acrylate Crosspolymer, Hexamethylindanopyran, Benzyl Salicylate, Potassium Sorbate, Chlorphenesin, Xanthan Gum, Sodium Hydroxide, Ethylhexylglycerin, Disodium EDTA, Limonene, Citrus Aurantium Peel Oil, Citrus Limon Peel Oil, Tocopheryl Acetate, Aloe Barbadensis Leaf Juice<\/p>\n<\/div>\n<p>Victoria\u2019s Secret \u041f\u0430\u0440\u0444\u044e\u043c\u0438\u0440\u043e\u0432\u0430\u043d\u043d\u044b\u0439 \u043a\u0440\u0435\u043c \u0434\u043b\u044f \u0442\u0435\u043b\u0430 Vanilla Lace \u043b\u043e\u0441\u044c\u043e\u043d<\/p>\n<p>\u0422\u0438\u043f \u0430\u0440\u043e\u043c\u0430\u0442\u0430: \u0413\u0443\u0440\u043c\u0430\u043d\u0441\u043a\u0438\u0439<\/p>\n<p>\u041e\u043f\u0438\u0441\u0430\u043d\u0438\u0435 \u0430\u0440\u043e\u043c\u0430\u0442\u0430:<\/p>\n<p>\u0412\u0435\u0440\u0445\u043d\u0438\u0435 \u043d\u043e\u0442\u044b: \u0412\u0430\u043d\u0438\u043b\u044c\u043d\u0430\u044f \u043e\u0440\u0445\u0438\u0434\u0435\u044f, \u041a\u043e\u0444\u0435 \u0441 \u043c\u043e\u043b\u043e\u043a\u043e\u043c (Caf\u00e9 Au Lait)<br \/>\n\u041d\u043e\u0442\u044b \u0441\u0435\u0440\u0434\u0446\u0430: \u0420\u043e\u0437\u043e\u0432\u0430\u044f \u0433\u043e\u0440\u0442\u0435\u043d\u0437\u0438\u044f, \u041b\u0435\u043f\u0435\u0441\u0442\u043a\u0438 \u043b\u0430\u043d\u0434\u044b\u0448\u0430<br \/>\n\u0411\u0430\u0437\u043e\u0432\u044b\u0435 \u043d\u043e\u0442\u044b: \u0421\u043b\u0438\u0432\u043e\u0447\u043d\u0430\u044f \u0432\u0430\u043d\u0438\u043b\u044c, \u0421\u0430\u043d\u0434\u0430\u043b\u043e\u0432\u043e\u0435 \u0434\u0435\u0440\u0435\u0432\u043e<\/p>\n<p>\u041d\u0430\u0432\u0441\u0435\u0433\u0434\u0430 \u043c\u044f\u0433\u043a\u0438\u0439 \u0438 \u0441\u043b\u0430\u0434\u043a\u0438\u0439. \u0412\u043e\u043b\u043d\u0430 \u0441\u043b\u0438\u0432\u043e\u0447\u043d\u043e\u0433\u043e \u0442\u0435\u043f\u043b\u0430. \u042d\u0442\u043e\u0442 \u0430\u0440\u043e\u043c\u0430\u0442 \u0434\u0430\u0440\u0438\u0442 \u0432\u0435\u0447\u043d\u0443\u044e \u043c\u044f\u0433\u043a\u043e\u0441\u0442\u044c \u0438 \u0441\u043b\u0430\u0434\u043e\u0441\u0442\u044c \u0432\u043e\u043b\u043d\u043e\u0439 \u0441\u043b\u0438\u0432\u043e\u0447\u043d\u043e\u0433\u043e \u0442\u0435\u043f\u043b\u0430.<br \/>\n\u0418\u0434\u0435\u0430\u043b\u044c\u043d\u043e \u043f\u043e\u0434\u0445\u043e\u0434\u0438\u0442 \u0434\u043b\u044f \u0441\u043e\u0437\u0434\u0430\u043d\u0438\u044f \u0443\u044e\u0442\u043d\u043e\u0433\u043e \u0438 \u043a\u043e\u043c\u0444\u043e\u0440\u0442\u043d\u043e\u0433\u043e \u043d\u0430\u0441\u0442\u0440\u043e\u0435\u043d\u0438\u044f \u0432 \u0442\u0435\u0447\u0435\u043d\u0438\u0435 \u0434\u043d\u044f.<\/p>\n<\/details>\n","protected":false},"featured_media":25256,"template":"","meta":{"jetpack_publicize_message":"","jetpack_publicize_feature_enabled":true,"jetpack_social_post_already_shared":true,"jetpack_social_options":{"image_generator_settings":{"template":"highway","default_image_id":0,"font":"","enabled":false},"version":2}},"product_brand":[],"product_cat":[926,912,993,341],"product_tag":[],"class_list":{"0":"post-24508","1":"product","2":"type-product","3":"status-publish","4":"has-post-thumbnail","6":"product_cat-victorias-secret-body-lotions","7":"product_cat-nahahooldus","8":"product_cat-samples","9":"product_cat-victorias-secret","10":"pa_suurus-15-ml-tester","11":"pa_suurus-236-ml-full-size","12":"pa_suurus-30-ml-tester","14":"first","15":"instock","16":"sale","17":"shipping-taxable","18":"purchasable","19":"product-type-variable"},"jetpack_publicize_connections":[],"jetpack_sharing_enabled":true,"jetpack_likes_enabled":true,"_links":{"self":[{"href":"https:\/\/superstore.ee\/index.php\/wp-json\/wp\/v2\/product\/24508","targetHints":{"allow":["GET"]}}],"collection":[{"href":"https:\/\/superstore.ee\/index.php\/wp-json\/wp\/v2\/product"}],"about":[{"href":"https:\/\/superstore.ee\/index.php\/wp-json\/wp\/v2\/types\/product"}],"wp:featuredmedia":[{"embeddable":true,"href":"https:\/\/superstore.ee\/index.php\/wp-json\/wp\/v2\/media\/25256"}],"wp:attachment":[{"href":"https:\/\/superstore.ee\/index.php\/wp-json\/wp\/v2\/media?parent=24508"}],"wp:term":[{"taxonomy":"product_brand","embeddable":true,"href":"https:\/\/superstore.ee\/index.php\/wp-json\/wp\/v2\/product_brand?post=24508"},{"taxonomy":"product_cat","embeddable":true,"href":"https:\/\/superstore.ee\/index.php\/wp-json\/wp\/v2\/product_cat?post=24508"},{"taxonomy":"product_tag","embeddable":true,"href":"https:\/\/superstore.ee\/index.php\/wp-json\/wp\/v2\/product_tag?post=24508"}],"curies":[{"name":"wp","href":"https:\/\/api.w.org\/{rel}","templated":true}]}}