{"id":24602,"date":"2025-07-18T00:01:10","date_gmt":"2025-07-17T21:01:10","guid":{"rendered":"https:\/\/superstore.ee\/?post_type=product&#038;p=24602"},"modified":"2026-02-02T21:34:23","modified_gmt":"2026-02-02T19:34:23","slug":"kiko-milano-juicy-fizz-3d-hydra-lip-gloss-limited-edition-03","status":"publish","type":"product","link":"https:\/\/superstore.ee\/index.php\/toode\/kiko-milano-juicy-fizz-3d-hydra-lip-gloss-limited-edition-03\/","title":{"rendered":"KIKO MILANO Juicy Fizz 3D Hydra Lip Gloss Limited Edition (03)"},"content":{"rendered":"","protected":false},"excerpt":{"rendered":"<p>KIKO MILANO Juicy Fizz 3D Hydra huulel\u00e4ige \u2013 piiratud v\u00e4ljaanne: niisutav 3D-efektiga huulel\u00e4ige kirevilja\u00f5liga (03 Cola Crush).<\/p>\n<p>Mugavus, s\u00e4rav l\u00e4ige ja vastupandamatu 3D-vol\u00fc\u00fcmi efekt: see on palju enamat kui lihtsalt huulel\u00e4ige. Peen ja ikooniline toode, mis niisutab teie huuli, kattes neid puhta s\u00e4raga.<\/p>\n<p>See on eriline, sest:<\/p>\n<ul>\n<li>Selle niisutav koostis on rikastatud kirevilja\u00f5liga.<\/li>\n<li>Selle kreemjas, \u00fclil\u00e4ikiv tekstuur libiseb sujuvalt ja tundub huultel v\u00e4ga meeldiv.<\/li>\n<li>Erksad ja trendikad piiratud v\u00e4ljaande toonid toovad suvesse Itaalia stiilis ilu.<\/li>\n<li>Sellel on praktiline pehme otsaga aplikaator, mis v\u00f5imaldab teil anda oma v\u00e4limusele s\u00e4rava puudutuse ka liikvel olles.<\/li>\n<\/ul>\n<p>Dermatoloogiliselt testitud. Kliiniline ja instrumentaalne test.<\/p>\n<p>Valmistatud Itaalias.<\/p>\n<p>6,5 ml<\/p>\n<details>\n<summary>Details<\/summary>\n<div translate=\"no\">\n<p>KIKO MILANO juicy fizz 3d hydra lip gloss limited edition &#8211; 3D-effect hydrating lip gloss with passion fruit oil.Comfort, radiant shine and an irresistible 3D volume effect: this is much more than just a lip gloss. An exquisite and iconic product that hydrates* your lips, enveloping them in pure shine.<\/p>\n<p>It&#8217;s special because:<br \/>\n-Of its hydrating formula* enriched with passion fruit oil<br \/>\n-Its creamy, ultra-shiny texture glides smoothly and feels very pleasant on the lips<br \/>\n-Of the vibrant, trendy limited-edition shades that bring a touch of Italian-style beauty to summer<br \/>\n-It comes with a practical flocked-tip applicator, allowing you to give your look a radiant touch, even on the go<\/p>\n<p>Dermatologically tested *Clinical and instrumental test<\/p>\n<p>6.5 ml<br \/>\nMade in Italy<\/p>\n<p>How to use: Use the flocked applicator to apply directly to the lips, starting in the centre and working outwards to the corners.<\/p>\n<p>INGREDIENTS:<br \/>\nPOLYBUTENE, OCTYLDODECANOL, SILICA DIMETHYL SILYLATE, OCTYLDODECYL STEAROYL STEARATE, TRIDECYL TRIMELLITATE, TRIETHYLHE XANOIN, ISOCETYL STEARATE, DIISOSTEARYL MALATE, CALCIUM SODIUM BOROSILICATE, PHENYLPROPYLDIMETHYLSILOXYSILICATE, GLYCERYL BEHENATE\/E ICOSADIOATE, ELAEIS GUINEENSIS OIL (ELAEIS GUINEENSIS (PALM) OIL), DIETHYLHEXYL SYRINGYLIDENEMALONATE, GOSSYPIUM HERBACEUM SEED OIL (GOSSYPIUM HERBACEUM (COTTON) SEED OIL), BIDENS PILOSA EXTRACT, TOCOPHERYL ACETATE, LINUM USITATISSIMUM SEED OIL (LINUM USITATISSI MUM (LINSEED) SEED OIL), PASSIFLORA EDULIS SEED OIL, ETHYL VANILLIN, CAPRYLIC\/CAPRIC TRIGLYCERIDE, PENTAERYTHRITYL TETRAISOSTEARATE, TIN OXIDE, CALCIUM ALUMINUM BOROSILICATE, SYNTHETIC FLUORPHLOGOPITE, TOCOPHEROL, SILICA, CI 77891 (TITANIUM DIOXIDE), CI 45410 (RED 28 LAKE), CI 19140 (YELLOW 5 LAKE).<\/p>\n<\/div>\n<p>KIKO MILANO Juicy Fizz 3D Hydra \u0431\u043b\u0435\u0441\u043a \u0434\u043b\u044f \u0433\u0443\u0431 \u2013 \u043b\u0438\u043c\u0438\u0442\u0438\u0440\u043e\u0432\u0430\u043d\u043d\u0430\u044f \u0441\u0435\u0440\u0438\u044f: \u0443\u0432\u043b\u0430\u0436\u043d\u044f\u044e\u0449\u0438\u0439 \u0431\u043b\u0435\u0441\u043a \u0441 3D-\u044d\u0444\u0444\u0435\u043a\u0442\u043e\u043c \u0438 \u043c\u0430\u0441\u043b\u043e\u043c \u043c\u0430\u0440\u0430\u043a\u0443\u0439\u0438. \u041a\u043e\u043c\u0444\u043e\u0440\u0442, \u0441\u0438\u044f\u044e\u0449\u0438\u0439 \u0431\u043b\u0435\u0441\u043a \u0438 \u043d\u0435\u043e\u0442\u0440\u0430\u0437\u0438\u043c\u044b\u0439 3D-\u043e\u0431\u044a\u0435\u043c: \u044d\u0442\u043e \u0433\u043e\u0440\u0430\u0437\u0434\u043e \u0431\u043e\u043b\u044c\u0448\u0435, \u0447\u0435\u043c \u043f\u0440\u043e\u0441\u0442\u043e \u0431\u043b\u0435\u0441\u043a \u0434\u043b\u044f \u0433\u0443\u0431. \u0418\u0437\u044b\u0441\u043a\u0430\u043d\u043d\u044b\u0439 \u0438 \u043a\u0443\u043b\u044c\u0442\u043e\u0432\u044b\u0439 \u043f\u0440\u043e\u0434\u0443\u043a\u0442, \u043a\u043e\u0442\u043e\u0440\u044b\u0439 \u0443\u0432\u043b\u0430\u0436\u043d\u044f\u0435\u0442* \u0432\u0430\u0448\u0438 \u0433\u0443\u0431\u044b, \u043e\u043a\u0443\u0442\u044b\u0432\u0430\u044f \u0438\u0445 \u0447\u0438\u0441\u0442\u044b\u043c \u0441\u0438\u044f\u043d\u0438\u0435\u043c. \u041e\u0431\u043e\u0433\u0430\u0449\u0435\u043d \u043c\u0430\u0441\u043b\u043e\u043c \u043c\u0430\u0440\u0430\u043a\u0443\u0439\u0438.<\/p>\n<\/details>\n","protected":false},"featured_media":23571,"template":"","meta":{"jetpack_publicize_message":"","jetpack_publicize_feature_enabled":true,"jetpack_social_post_already_shared":true,"jetpack_social_options":{"image_generator_settings":{"template":"highway","default_image_id":0,"font":"","enabled":false},"version":2}},"product_brand":[],"product_cat":[911,988,986,973,340],"product_tag":[],"class_list":{"0":"post-24602","1":"product","2":"type-product","3":"status-publish","4":"has-post-thumbnail","6":"product_cat-huuled","7":"product_cat-lip-gloss","8":"product_cat-kiko-lips","9":"product_cat-makeup","10":"product_cat-kiko-milano","11":"pa_varv-47-white-unicorn","12":"pa_varv-48-pink-metaverse","13":"pa_varv-49-rose-in-the-house","14":"pa_varv-50-sparkling-mauv","15":"pa_varv-51-frozen-light-blue","17":"first","18":"outofstock","19":"shipping-taxable","20":"purchasable","21":"product-type-simple"},"jetpack_publicize_connections":[],"jetpack_sharing_enabled":true,"jetpack_likes_enabled":true,"_links":{"self":[{"href":"https:\/\/superstore.ee\/index.php\/wp-json\/wp\/v2\/product\/24602","targetHints":{"allow":["GET"]}}],"collection":[{"href":"https:\/\/superstore.ee\/index.php\/wp-json\/wp\/v2\/product"}],"about":[{"href":"https:\/\/superstore.ee\/index.php\/wp-json\/wp\/v2\/types\/product"}],"wp:featuredmedia":[{"embeddable":true,"href":"https:\/\/superstore.ee\/index.php\/wp-json\/wp\/v2\/media\/23571"}],"wp:attachment":[{"href":"https:\/\/superstore.ee\/index.php\/wp-json\/wp\/v2\/media?parent=24602"}],"wp:term":[{"taxonomy":"product_brand","embeddable":true,"href":"https:\/\/superstore.ee\/index.php\/wp-json\/wp\/v2\/product_brand?post=24602"},{"taxonomy":"product_cat","embeddable":true,"href":"https:\/\/superstore.ee\/index.php\/wp-json\/wp\/v2\/product_cat?post=24602"},{"taxonomy":"product_tag","embeddable":true,"href":"https:\/\/superstore.ee\/index.php\/wp-json\/wp\/v2\/product_tag?post=24602"}],"curies":[{"name":"wp","href":"https:\/\/api.w.org\/{rel}","templated":true}]}}