{"id":24746,"date":"2025-07-21T23:13:45","date_gmt":"2025-07-21T20:13:45","guid":{"rendered":"https:\/\/superstore.ee\/?post_type=product&#038;p=24746"},"modified":"2026-03-22T22:38:13","modified_gmt":"2026-03-22T20:38:13","slug":"kiko-milano-intense-colour-long-lasting-eyeliner-silmapliiats","status":"publish","type":"product","link":"https:\/\/superstore.ee\/index.php\/toode\/kiko-milano-intense-colour-long-lasting-eyeliner-silmapliiats\/","title":{"rendered":"KIKO MILANO Intense Colour Long Lasting Eyeliner"},"content":{"rendered":"","protected":false},"excerpt":{"rendered":"<div class=\"ProductDetails__Name visible-md\">\n<div role=\"heading\" data-size=\"medium\">\n<div class=\"woocommerce-product-details__short-description\">KIKO Milano Kauap\u00fcsiv Silmapliiats Intense Colour Long Lasting Eyeliner<\/div>\n<div><\/div>\n<div>\n<p>Loo pilkup\u00fc\u00fcdev ja kauap\u00fcsiv silmameik selle mitmek\u00fclgse silmapliiatsiga! Selle unikaalne koostis \u00fchendab vedela laineri intensiivsuse ja pliiatsi kasutusmugavuse, pakkudes s\u00fcgavat v\u00e4rvi ja suurep\u00e4rast p\u00fcsivust.<\/p>\n<p><strong>Miks valida?<\/strong><\/p>\n<ul>\n<li><strong>Ergas v\u00e4rv ja p\u00fcsivus.<\/strong> Veekindel koostis p\u00fcsib veatult kuni 10 tundi ilma m\u00e4\u00e4rdumata.<\/li>\n<li><strong>Sujuv pealekandmine.<\/strong> Kreemjas tekstuur kohandub nahaga, luues t\u00e4pse ja \u00fchtlase joone.<\/li>\n<li><strong>Lihtne hajutamine.<\/strong> Sisseehitatud aplikaator aitab luua pehme ja loomuliku suitsusilma efekti.<\/li>\n<\/ul>\n<p><strong>Koostise eelised:<\/strong><\/p>\n<ul>\n<li><strong>Karnaubavaha.<\/strong> Tagab pehme ja mugava pealekandmise.<\/li>\n<li><strong>Mikroniseeritud pigmendid.<\/strong> Annavad intensiivse ja selge v\u00e4rvitooni.<\/li>\n<li><strong>Niisutavad komponendid.<\/strong> Hoolitsevad silmalaugude eest ja tagavad p\u00e4eva jooksul maksimaalse mugavuse.<\/li>\n<\/ul>\n<\/div>\n<\/div>\n<\/div>\n<details>\n<summary>Details<\/summary>\n<div translate=\"no\">KIKO MILANO intense colour long lasting eyeliner. Intense and smooth-gliding outer eye pencil with long wear.Intense, long-wearing outer eye pencil that glides on smoothly. The pencil delivers an astounding performance with a melting texture that resembles a liquid eyeliner.<\/p>\n<p>The special, water-resistant formula stays on for up to 10 hours* and is blendable immediately after application.<\/p>\n<p>The texture melts on contact with the eyelid for a bright and intense line. The colours adhere quickly and evenly and give depth to the eyes. The convenient applicator sponge, located at the base of the pencil, makes blending easy.<\/p>\n<p>Available in 16 colour shades with matte and pearl finishes.<\/p>\n<p>Waterproof<\/p>\n<p>Made in Germany<\/p>\n<p>1.2 gr<\/p>\n<p>For external use.<\/p>\n<p>Ophthalmologically tested.<\/p>\n<p>Dermatologically tested= formulated to ensure minimum instance of allergic reactions.<\/p>\n<p>* Clinical-instrumental test conducted on 20 women for up to eight hours. The data of 10 hours was obtained through linear interpolation.<\/p>\n<p>INGREDIENTS: ISODODECANE, MICA, SYNTHETIC WAX, HYDROGENATED POLYDICYCLOPENTADIENE, CALCIUM SODIUM BOROSILICATE, PEG\/PPG-18\/18 DIMETH ICONE, POLYBUTENE, GLYCERYL TRIBEHENATE\/ISOSTEARATE\/EICOSANDIOATE, ETHYLENE\/PROPYLENE COPOLYMER, NYLON-12, POLYGLYCERYL-4 DIISOSTEAR ATE\/POLYHYDROXYSTEARATE\/SEBACATE, SYNTHETIC BEESWAX, PENTAERYTHRITYL TETRA-DI-T-BUTYL HYDROXYHYDROCINNAMATE, COPERNICIA CERIFERA CER A (COPERNICIA CERIFERA (CARNAUBA) WAX\/ CIRE DE CARNAUBA), TIN OXIDE, CI 77499 (IRON OXIDES), CI 77891 (TITANIUM DIOXIDE).<\/p>\n<\/div>\n<p>KIKO Milano \u0421\u0442\u043e\u0439\u043a\u0438\u0439 \u043a\u0430\u0440\u0430\u043d\u0434\u0430\u0448 \u0434\u043b\u044f \u0433\u043b\u0430\u0437 \u0441 \u043c\u044f\u0433\u043a\u0438\u043c \u043d\u0430\u043d\u0435\u0441\u0435\u043d\u0438\u0435\u043c<\/p>\n<p>\u0421\u043e\u0437\u0434\u0430\u0439\u0442\u0435 \u0432\u044b\u0440\u0430\u0437\u0438\u0442\u0435\u043b\u044c\u043d\u044b\u0439 \u043c\u0430\u043a\u0438\u044f\u0436 \u0433\u043b\u0430\u0437 \u0441 \u044d\u0442\u0438\u043c \u0443\u043d\u0438\u0432\u0435\u0440\u0441\u0430\u043b\u044c\u043d\u044b\u043c \u043a\u0430\u0440\u0430\u043d\u0434\u0430\u0448\u043e\u043c! \u0415\u0433\u043e \u0444\u043e\u0440\u043c\u0443\u043b\u0430 \u0441\u043e\u0447\u0435\u0442\u0430\u0435\u0442 \u043d\u0430\u0441\u044b\u0449\u0435\u043d\u043d\u043e\u0441\u0442\u044c \u0436\u0438\u0434\u043a\u043e\u0439 \u043f\u043e\u0434\u0432\u043e\u0434\u043a\u0438 \u0438 \u0443\u0434\u043e\u0431\u0441\u0442\u0432\u043e \u043a\u0430\u0440\u0430\u043d\u0434\u0430\u0448\u0430, \u043e\u0431\u0435\u0441\u043f\u0435\u0447\u0438\u0432\u0430\u044f \u0441\u0442\u043e\u0439\u043a\u043e\u0441\u0442\u044c \u0438 \u0433\u043b\u0443\u0431\u043e\u043a\u0438\u0439 \u0446\u0432\u0435\u0442.<\/p>\n<p>\u041f\u043e\u0447\u0435\u043c\u0443 \u0441\u0442\u043e\u0438\u0442 \u0432\u044b\u0431\u0440\u0430\u0442\u044c?<\/p>\n<p>\u042f\u0440\u043a\u0438\u0439 \u0446\u0432\u0435\u0442 \u0438 \u0441\u0442\u043e\u0439\u043a\u043e\u0441\u0442\u044c. \u0412\u043e\u0434\u043e\u0441\u0442\u043e\u0439\u043a\u0430\u044f \u0444\u043e\u0440\u043c\u0443\u043b\u0430 \u0434\u0435\u0440\u0436\u0438\u0442\u0441\u044f \u0434\u043e 10 \u0447\u0430\u0441\u043e\u0432 \u0431\u0435\u0437 \u0440\u0430\u0437\u043c\u0430\u0437\u044b\u0432\u0430\u043d\u0438\u044f.<br \/>\n\u041c\u044f\u0433\u043a\u043e\u0435 \u043d\u0430\u043d\u0435\u0441\u0435\u043d\u0438\u0435. \u0422\u0435\u043a\u0441\u0442\u0443\u0440\u0430 \u0430\u0434\u0430\u043f\u0442\u0438\u0440\u0443\u0435\u0442\u0441\u044f \u043a \u043a\u043e\u0436\u0435, \u0441\u043e\u0437\u0434\u0430\u0432\u0430\u044f \u0447\u0435\u0442\u043a\u0443\u044e \u0438 \u0440\u043e\u0432\u043d\u0443\u044e \u043b\u0438\u043d\u0438\u044e.<br \/>\n\u0423\u0434\u043e\u0431\u043d\u0430\u044f \u0440\u0430\u0441\u0442\u0443\u0448\u0435\u0432\u043a\u0430. \u0412\u0441\u0442\u0440\u043e\u0435\u043d\u043d\u044b\u0439 \u0441\u043f\u043e\u043d\u0436 \u043f\u043e\u0437\u0432\u043e\u043b\u044f\u0435\u0442 \u043b\u0435\u0433\u043a\u043e \u0441\u043e\u0437\u0434\u0430\u0442\u044c \u044d\u0444\u0444\u0435\u043a\u0442 \u0434\u044b\u043c\u0447\u0430\u0442\u043e\u0441\u0442\u0438.<\/p>\n<p>\u041f\u0440\u0435\u0438\u043c\u0443\u0449\u0435\u0441\u0442\u0432\u0430 \u0441\u043e\u0441\u0442\u0430\u0432\u0430:<\/p>\n<p>\u041a\u0430\u0440\u043d\u0430\u0443\u0431\u0441\u043a\u0438\u0439 \u0432\u043e\u0441\u043a. \u0414\u043b\u044f \u043c\u044f\u0433\u043a\u043e\u0441\u0442\u0438 \u043d\u0430\u043d\u0435\u0441\u0435\u043d\u0438\u044f.<br \/>\n\u041c\u0438\u043a\u0440\u043e\u043d\u0438\u0437\u0438\u0440\u043e\u0432\u0430\u043d\u043d\u044b\u0435 \u043f\u0438\u0433\u043c\u0435\u043d\u0442\u044b. \u0414\u043b\u044f \u043d\u0430\u0441\u044b\u0449\u0435\u043d\u043d\u043e\u0433\u043e \u0446\u0432\u0435\u0442\u0430.<br \/>\n\u0423\u0432\u043b\u0430\u0436\u043d\u044f\u044e\u0449\u0438\u0435 \u043a\u043e\u043c\u043f\u043e\u043d\u0435\u043d\u0442\u044b. \u0414\u043b\u044f \u043a\u043e\u043c\u0444\u043e\u0440\u0442\u0430 \u043a\u043e\u0436\u0438.<br \/>\n<\/details>\n","protected":false},"featured_media":24772,"template":"","meta":{"jetpack_publicize_message":"","jetpack_publicize_feature_enabled":true,"jetpack_social_post_already_shared":true,"jetpack_social_options":{"image_generator_settings":{"template":"highway","default_image_id":0,"font":"","enabled":false},"version":2}},"product_brand":[],"product_cat":[973,340,982,985],"product_tag":[],"class_list":{"0":"post-24746","1":"product","2":"type-product","3":"status-publish","4":"has-post-thumbnail","6":"product_cat-makeup","7":"product_cat-kiko-milano","8":"product_cat-eyes","9":"product_cat-eyeliner-and-pencil","10":"pa_varv-01-pearly-white","11":"pa_varv-03-pearly-bronze","12":"pa_varv-04-pearly-brown","13":"pa_varv-06-mat-ebony","14":"pa_varv-08-metallic-emerald","15":"pa_varv-12-metallic-turquoise","16":"pa_varv-16-black","17":"pa_varv-18-silver-rose","18":"pa_varv-20-dark-grey","20":"first","21":"instock","22":"shipping-taxable","23":"purchasable","24":"product-type-variable"},"jetpack_publicize_connections":[],"jetpack_sharing_enabled":true,"jetpack_likes_enabled":true,"_links":{"self":[{"href":"https:\/\/superstore.ee\/index.php\/wp-json\/wp\/v2\/product\/24746","targetHints":{"allow":["GET"]}}],"collection":[{"href":"https:\/\/superstore.ee\/index.php\/wp-json\/wp\/v2\/product"}],"about":[{"href":"https:\/\/superstore.ee\/index.php\/wp-json\/wp\/v2\/types\/product"}],"wp:featuredmedia":[{"embeddable":true,"href":"https:\/\/superstore.ee\/index.php\/wp-json\/wp\/v2\/media\/24772"}],"wp:attachment":[{"href":"https:\/\/superstore.ee\/index.php\/wp-json\/wp\/v2\/media?parent=24746"}],"wp:term":[{"taxonomy":"product_brand","embeddable":true,"href":"https:\/\/superstore.ee\/index.php\/wp-json\/wp\/v2\/product_brand?post=24746"},{"taxonomy":"product_cat","embeddable":true,"href":"https:\/\/superstore.ee\/index.php\/wp-json\/wp\/v2\/product_cat?post=24746"},{"taxonomy":"product_tag","embeddable":true,"href":"https:\/\/superstore.ee\/index.php\/wp-json\/wp\/v2\/product_tag?post=24746"}],"curies":[{"name":"wp","href":"https:\/\/api.w.org\/{rel}","templated":true}]}}