{"id":24894,"date":"2025-07-31T14:14:45","date_gmt":"2025-07-31T11:14:45","guid":{"rendered":"https:\/\/superstore.ee\/?post_type=product&#038;p=24894"},"modified":"2025-10-11T10:35:26","modified_gmt":"2025-10-11T07:35:26","slug":"kiko-milano-golden-oasis-3d-hydra-lip-gloss-04","status":"publish","type":"product","link":"https:\/\/superstore.ee\/index.php\/toode\/kiko-milano-golden-oasis-3d-hydra-lip-gloss-04\/","title":{"rendered":"KIKO MILANO Golden Oasis 3D Hydra Lip Gloss (04)"},"content":{"rendered":"","protected":false},"excerpt":{"rendered":"<div id=\"model-response-message-contentr_bb7e8c99019c8df0\" class=\"markdown markdown-main-panel stronger enable-updated-hr-color\" dir=\"ltr\">\n<p data-sourcepos=\"1:1-1:49\">KIKO MILANO 3D-efektiga niisutav huulel\u00e4ige argaania\u00f5liga (04 Brune Rose).<\/p>\n<p data-sourcepos=\"3:1-3:124\">Uus s\u00e4ra ja mugavuse piir Teie huultele. Peen ja ikooniline toode, mis niisutab huuli, \u00fcmbritsedes need puhta s\u00e4raga.<\/p>\n<p data-sourcepos=\"5:1-5:24\"><strong>Miks see on eriline:<\/strong><\/p>\n<ul data-sourcepos=\"6:1-11:0\">\n<li data-sourcepos=\"6:1-6:60\">Selle niisutav koostis, mis on rikastatud argaania\u00f5liga.<\/li>\n<li data-sourcepos=\"7:1-7:78\">Selle uskumatult s\u00e4rav, kreemjas tekstuur, mis libiseb mugavalt m\u00f6\u00f6da huuli.<\/li>\n<li data-sourcepos=\"8:1-8:35\">Sellel on 3D vol\u00fc\u00fcmi andev efekt.<\/li>\n<li data-sourcepos=\"10:1-11:0\">Seda on lihtne kasutada t\u00e4nu praktilisele flokeeritud otsaga aplikaatorile, mis on ideaalne, et lisada oma v\u00e4limusele s\u00e4ravat puudutust, isegi liikvel olles.<\/li>\n<\/ul>\n<p data-sourcepos=\"12:1-12:20\">6.5 ml<\/p>\n<p>Valmistatud Itaalias<\/p>\n<p>Dermatoloogiliselt, kliiniliselt ja instrumentaalselt testitud<\/p>\n<\/div>\n<details>\n<summary>Details<\/summary>\n<div translate=\"no\">KIKO Milano 3D-effect moisturising lip gloss with argan oil 3D-effect moisturising lip gloss with argan oil.<br \/>\nA new frontier of radiance and comfort for your lips. An exquisite and iconic product that hydrates* your lips, enveloping them in pure shine.What makes it special:-Its moisturising* formula, enriched with argan oil<br \/>\n-Its unbelievably shiny, creamy texture that glides comfortably along the lips<br \/>\n-It has a 3D volume effect<br \/>\n-It comes in a range of vibrant, trendy shades<br \/>\n-It&#8217;s easy to use thanks to its practical flocked-tip applicator, ideal for adding a radiant touch to your look, even on-the-go6.5 ml \/ 0.220 fl.ozMade in Italy<br \/>\nDermatologically tested *Clinical and instrumental testINGREDIENTS: POLYBUTENE, OCTYLDODECANOL, SILICA DIMETHYL SILYLATE, OCTYLDODECYL STEAROYL STEARATE, TRIETHYLHEXANOIN, TRIDECYL TRIMEL LITATE, ISOCETYL STEARATE, DIISOSTEARYL MALATE, CALCIUM SODIUM BOROSILICATE, PHENYLPROPYLDIMETHYLSILOXYSILICATE, PENTAERYTHRITYL TET RAISOSTEARATE, GLYCERYL BEHENATE\/EICOSADIOATE, ELAEIS GUINEENSIS OIL (ELAEIS GUINEENSIS (PALM) OIL), DIETHYLHEXYL SYRINGYLIDENEMALON ATE, GOSSYPIUM HERBACEUM SEED OIL (GOSSYPIUM HERBACEUM (COTTON) SEED OIL), BIDENS PILOSA EXTRACT, LINUM USITATISSIMUM SEED OIL (LINU M USITATISSIMUM (LINSEED) SEED OIL), TOCOPHERYL ACETATE, ARGANIA SPINOSA KERNEL OIL, ETHYL VANILLIN, CAPRYLIC\/CAPRIC TRIGLYCERIDE, T IN OXIDE, SYNTHETIC FLUORPHLOGOPITE, CALCIUM ALUMINUM BOROSILICATE, SILICA, TOCOPHEROL. +\/- (MAY CONTAIN): CI 77891 (TITANIUM DIOXID E), CI 77491 &#8211; CI 77499 (IRON OXIDES), CI 15850 (RED 6), CI 19140 (YELLOW 5 LAKE), CI 42090 (BLUE 1 LAKE), CI 45410 (RED 28 LAKE).<\/div>\n<p>\u0423\u0432\u043b\u0430\u0436\u043d\u044f\u044e\u0449\u0438\u0439 \u0431\u043b\u0435\u0441\u043a \u0434\u043b\u044f \u0433\u0443\u0431 \u0441 3D-\u044d\u0444\u0444\u0435\u043a\u0442\u043e\u043c \u0438 \u0430\u0440\u0433\u0430\u043d\u043e\u0432\u044b\u043c \u043c\u0430\u0441\u043b\u043e\u043c<\/p>\n<\/details>\n","protected":false},"featured_media":24910,"template":"","meta":{"jetpack_publicize_message":"","jetpack_publicize_feature_enabled":true,"jetpack_social_post_already_shared":true,"jetpack_social_options":{"image_generator_settings":{"template":"highway","default_image_id":0,"font":"","enabled":false},"version":2}},"product_brand":[],"product_cat":[911,988,986,973,340],"product_tag":[],"class_list":{"0":"post-24894","1":"product","2":"type-product","3":"status-publish","4":"has-post-thumbnail","6":"product_cat-huuled","7":"product_cat-lip-gloss","8":"product_cat-kiko-lips","9":"product_cat-makeup","10":"product_cat-kiko-milano","11":"pa_varv-47-white-unicorn","12":"pa_varv-48-pink-metaverse","13":"pa_varv-49-rose-in-the-house","14":"pa_varv-50-sparkling-mauv","15":"pa_varv-51-frozen-light-blue","17":"first","18":"outofstock","19":"shipping-taxable","20":"purchasable","21":"product-type-simple"},"jetpack_publicize_connections":[],"jetpack_sharing_enabled":true,"jetpack_likes_enabled":true,"_links":{"self":[{"href":"https:\/\/superstore.ee\/index.php\/wp-json\/wp\/v2\/product\/24894","targetHints":{"allow":["GET"]}}],"collection":[{"href":"https:\/\/superstore.ee\/index.php\/wp-json\/wp\/v2\/product"}],"about":[{"href":"https:\/\/superstore.ee\/index.php\/wp-json\/wp\/v2\/types\/product"}],"wp:featuredmedia":[{"embeddable":true,"href":"https:\/\/superstore.ee\/index.php\/wp-json\/wp\/v2\/media\/24910"}],"wp:attachment":[{"href":"https:\/\/superstore.ee\/index.php\/wp-json\/wp\/v2\/media?parent=24894"}],"wp:term":[{"taxonomy":"product_brand","embeddable":true,"href":"https:\/\/superstore.ee\/index.php\/wp-json\/wp\/v2\/product_brand?post=24894"},{"taxonomy":"product_cat","embeddable":true,"href":"https:\/\/superstore.ee\/index.php\/wp-json\/wp\/v2\/product_cat?post=24894"},{"taxonomy":"product_tag","embeddable":true,"href":"https:\/\/superstore.ee\/index.php\/wp-json\/wp\/v2\/product_tag?post=24894"}],"curies":[{"name":"wp","href":"https:\/\/api.w.org\/{rel}","templated":true}]}}