{"id":24923,"date":"2025-07-31T17:49:25","date_gmt":"2025-07-31T14:49:25","guid":{"rendered":"https:\/\/superstore.ee\/?post_type=product&#038;p=24923"},"modified":"2026-02-28T12:48:16","modified_gmt":"2026-02-28T10:48:16","slug":"emma-roberts-x-kiko-milano-unlimited-double-touch-03","status":"publish","type":"product","link":"https:\/\/superstore.ee\/index.php\/toode\/emma-roberts-x-kiko-milano-unlimited-double-touch-03\/","title":{"rendered":"Emma Roberts x KIKO MILANO Unlimited Double Touch (03)"},"content":{"rendered":"","protected":false},"excerpt":{"rendered":"<div id=\"b1e4dc802f1e8dfa\" class=\"conversation-container message-actions-hover-boundary ng-star-inserted\">\n<div class=\"response-container ng-tns-c4162892837-68 response-container-with-gpi ng-star-inserted\">\n<div class=\"presented-response-container ng-tns-c4162892837-68\">\n<div class=\"response-container-content ng-tns-c4162892837-68\">\n<div class=\"response-content ng-tns-c4162892837-68\">\n<div id=\"model-response-message-contentr_b1e4dc802f1e8dfa\" class=\"markdown markdown-main-panel enable-updated-hr-color\" dir=\"ltr\">\n<p>Kaheastmeline kauap\u00fcsiv huulepulk Emma Roberts x KIKO MILANO Unlimited Double Touch (03 Life In Pink)<\/p>\n<p><b>2-\u00fches vedel huulepulk ja huulel\u00e4ige<\/b><\/p>\n<p>T\u00f5eline kaheetapiline ilurituaal huultele, pakkudes nii <b>intensiivset v\u00e4rvi kuni 16 tundi<\/b>\u00a0kui ka <b>erakordset peegels\u00e4ra<\/b>.<\/p>\n<p>Vastupidavaks loodud, rikkalik ja mugav <b>p\u00f5hiv\u00e4rv<\/b> on rikastatud spetsiaalse kilejate pol\u00fcmeeride seguga ja <b>kinnitub veatult<\/b>. Kreemjas, pehme ja hooldav <b>l\u00e4ige<\/b> libiseb sujuvalt \u00fcle huulte, andes neile puhta s\u00e4ra ja <b>vastupandamatu l\u00e4ikiva viimistluse<\/b>.<\/p>\n<p>Proovige ja armuge, nagu Emma:<\/p>\n<ul>\n<li>See \u00fchendab endas <b>erakordse, \u00fclipika p\u00fcsivusega, mittem\u00e4\u00e4rduva<\/b>, <b>veekindla<\/b>\u00a0ja <b>sametise p\u00f5hiv\u00e4rvi<\/b>, mis kuivab kiiresti, <b>l\u00e4bipaistva huulel\u00e4ikega<\/b>.<\/li>\n<li><b>Kerge kui siid<\/b>, see lisab huultele <b>hingematvalt s\u00e4ra<\/b>, muutes <b>mati viimistluse s\u00e4ravaks<\/b> vaid m\u00f5ne sammuga.<\/li>\n<li><b>Flokeeritud aplikaatoriga<\/b> p\u00f5hiv\u00e4rvi jaoks ja <b>l\u00e4ikeaplikaatoriga<\/b> huulel\u00e4ike jaoks on kaasas ideaalne t\u00f6\u00f6riist igaks etapiks, tagades <b>veatu \u00fchtlase pealekandmise<\/b>.<\/li>\n<li>N\u00fc\u00fcd saadaval <b>eksklusiivses, piiratud v\u00e4ljaandes<\/b> Emma Robertsi <strong>lemmiktoonide<\/strong> valikus.<\/li>\n<\/ul>\n<p><b>Kuidas kasutada:<\/b> Kanna v\u00e4rvialus puhastele ja niisutatud huultele, alustades keskelt ja liikudes nurkade suunas, kattes huuled \u00fchtlase v\u00e4rvikihiga. Oota 30 kuni 60 sekundit, kuni alus t\u00e4ielikult kuivab. Kanna l\u00e4bipaistev huulel\u00e4ige alusv\u00e4rvi peale, et anda meigile vastupandamatu peegels\u00e4ra.<\/p>\n<p>Dermatoloogiliselt testitud. <i>Kliinilised ja instrumentaalsed testid<\/i><\/p>\n<p>Valmistatud Itaalias<\/p>\n<p>Maht: 6 ml<\/p>\n<\/div>\n<\/div>\n<\/div>\n<\/div>\n<\/div>\n<\/div>\n<details>\n<summary>Details<\/summary>\n<div translate=\"no\">Emma Roberts x KIKO MILANO Unlimited Double Touch<br \/>\n2-in-1 liquid lipstick and glossA true beauty ritual in two stages for lips that boast both intense colour for up to 16 hours* and extraordinary mirror-like shine. Perfect for touch-ups on the go.Designed to be resistant, the rich and comfortable base colour is enriched with a special mix of film-forming polymers and adheres flawlessly.<br \/>\nThe creamy, soft and soothing gloss glides across the lips, covering them with pure light and leaving them with an irresistible glossy finish.Try it and fall in love, like Emma:<br \/>\n-It combines an extraordinary, extreme-hold, transfer-proof*, water-resistant* and velvety base colour that dries quickly with a transparent gloss<br \/>\n-As light as silk, it adds a breathtaking touch of radiance to already-beautiful lips, turning an opaque finish into a sparkling one in just a few steps<br \/>\n-with a flocked applicator for the base colour and a pen for the lip gloss, it comes with the ideal tool for each stage, resulting in flawlessly even application<br \/>\n-Now available in an exclusive, limited edition selection of Emma Roberts&#8217; favourite chosen shadesDermatologically tested *Clinical and instrumental testHow to use:<br \/>\nApply the coloured base to clean and moisturised lips, starting from the centre and working outwards to the corners, coating the lips with an even layer of colour. Wait between 30 and 60 seconds for the base to completely dry. Apply the transparent lip gloss on top of the base colour to add an irresistible mirror-like shine to your make-up.Made in Italy<br \/>\n6 mlINGREDIENTS:<br \/>\nSODODECANE, BIS-HYDROXYETHOXYPROPYL DIMETHICONE\/IPDI COPOLYMER ETHYLCARBAMATE, DISTEARDI MONIUM HECTORITE, MICA, DIMETHICONE\/VINYL DIMETHICONE CROSSPOLYMER, DIMETHICONE, ALCOHOL, AQUA(WATER\/EAU), ETHYL VANILLIN, PENTAERYT HRITYL TETRA-DI-T-BUTYL HYDROXYHYDROCINNAMATE, DICALCIUM PHOSPHATE. +\/- (MAY CONTAIN): CI 77891 (TITANIUM DIOXIDE), CI 77492- CI 774 91 (IRON OXIDES), CI 42090 (BLUE 1 LAKE), CI 15850 (RED 6 &#8211; RED 7- RED 7 LAKE), CI 19140 (YELLOW 5 LAKE), CI 15985 (YELLOW 6 LAKE), CI 45410 (RED 28 LAKE). TOP COAT INGREDIENTS: DIMETHICONE, CETYL PEG\/PPG-10\/1 DIMETHICONE, CERA MICROCRISTALLINA (MICROCRYSTALLINE W AX \/CIRE MICROCRISTALLINE), PARAFFIN, PENTAERYTHRITYL TETRA-DI-t-BUTYL HYDROXYHYDROCINNAMATE.<\/p>\n<\/div>\n<p>\u0416\u0438\u0434\u043a\u0430\u044f \u043f\u043e\u043c\u0430\u0434\u0430 \u0438 \u0431\u043b\u0435\u0441\u043a 2-\u0432-1<\/p>\n<p>\u041d\u0430\u0441\u0442\u043e\u044f\u0449\u0438\u0439 \u0440\u0438\u0442\u0443\u0430\u043b \u043a\u0440\u0430\u0441\u043e\u0442\u044b \u0432 \u0434\u0432\u0443\u0445 \u044d\u0442\u0430\u043f\u0430\u0445 \u0434\u043b\u044f \u0433\u0443\u0431, \u043a\u043e\u0442\u043e\u0440\u044b\u0435 \u043c\u043e\u0433\u0443\u0442 \u043f\u043e\u0445\u0432\u0430\u0441\u0442\u0430\u0442\u044c\u0441\u044f \u043a\u0430\u043a \u0438\u043d\u0442\u0435\u043d\u0441\u0438\u0432\u043d\u044b\u043c \u0446\u0432\u0435\u0442\u043e\u043c \u0434\u043e 16 \u0447\u0430\u0441\u043e\u0432*, \u0442\u0430\u043a \u0438 \u043d\u0435\u043e\u0431\u044b\u0447\u0430\u0439\u043d\u044b\u043c \u0437\u0435\u0440\u043a\u0430\u043b\u044c\u043d\u044b\u043c \u0431\u043b\u0435\u0441\u043a\u043e\u043c. \u0418\u0434\u0435\u0430\u043b\u044c\u043d\u043e \u043f\u043e\u0434\u0445\u043e\u0434\u0438\u0442 \u0434\u043b\u044f \u043f\u043e\u043f\u0440\u0430\u0432\u043b\u0435\u043d\u0438\u044f \u043c\u0430\u043a\u0438\u044f\u0436\u0430 \u043d\u0430 \u0445\u043e\u0434\u0443.<\/p>\n<p>\u0420\u0430\u0437\u0440\u0430\u0431\u043e\u0442\u0430\u043d\u043d\u0430\u044f \u0431\u044b\u0442\u044c \u0441\u0442\u043e\u0439\u043a\u043e\u0439, \u043d\u0430\u0441\u044b\u0449\u0435\u043d\u043d\u0430\u044f \u0438 \u043a\u043e\u043c\u0444\u043e\u0440\u0442\u043d\u0430\u044f \u0431\u0430\u0437\u043e\u0432\u0430\u044f \u043f\u043e\u043c\u0430\u0434\u0430 \u043e\u0431\u043e\u0433\u0430\u0449\u0435\u043d\u0430 \u0441\u043f\u0435\u0446\u0438\u0430\u043b\u044c\u043d\u043e\u0439 \u0441\u043c\u0435\u0441\u044c\u044e \u043f\u043b\u0435\u043d\u043a\u043e\u043e\u0431\u0440\u0430\u0437\u0443\u044e\u0449\u0438\u0445 \u043f\u043e\u043b\u0438\u043c\u0435\u0440\u043e\u0432 \u0438 \u0431\u0435\u0437\u0443\u043f\u0440\u0435\u0447\u043d\u043e \u043f\u0440\u0438\u043b\u0435\u0433\u0430\u0435\u0442.<br \/>\n\u041a\u0440\u0435\u043c\u043e\u0432\u044b\u0439, \u043c\u044f\u0433\u043a\u0438\u0439 \u0438 \u0443\u0441\u043f\u043e\u043a\u0430\u0438\u0432\u0430\u044e\u0449\u0438\u0439 \u0431\u043b\u0435\u0441\u043a \u0441\u043a\u043e\u043b\u044c\u0437\u0438\u0442 \u043f\u043e \u0433\u0443\u0431\u0430\u043c, \u043f\u043e\u043a\u0440\u044b\u0432\u0430\u044f \u0438\u0445 \u0447\u0438\u0441\u0442\u044b\u043c \u0441\u0432\u0435\u0442\u043e\u043c \u0438 \u043f\u0440\u0438\u0434\u0430\u0432\u0430\u044f \u0438\u043c \u043d\u0435\u043e\u0442\u0440\u0430\u0437\u0438\u043c\u044b\u0439 \u0433\u043b\u044f\u043d\u0446\u0435\u0432\u044b\u0439 \u0444\u0438\u043d\u0438\u0448.<\/p>\n<p>\u041f\u043e\u043f\u0440\u043e\u0431\u0443\u0439\u0442\u0435 \u0438 \u0432\u043b\u044e\u0431\u0438\u0442\u0435\u0441\u044c, \u043a\u0430\u043a \u042d\u043c\u043c\u0430:<\/p>\n<p>\u041e\u043d \u0441\u043e\u0447\u0435\u0442\u0430\u0435\u0442 \u0432 \u0441\u0435\u0431\u0435 \u043d\u0435\u043e\u0431\u044b\u0447\u0430\u0439\u043d\u0443\u044e, \u0443\u043b\u044c\u0442\u0440\u0430\u0441\u0442\u043e\u0439\u043a\u0443\u044e, \u043d\u0435\u043f\u0435\u0440\u0435\u043d\u043e\u0441\u0438\u043c\u0443\u044e*, \u0432\u043e\u0434\u043e\u0441\u0442\u043e\u0439\u043a\u0443\u044e* \u0438 \u0431\u0430\u0440\u0445\u0430\u0442\u0438\u0441\u0442\u0443\u044e \u0431\u0430\u0437\u043e\u0432\u0443\u044e \u043f\u043e\u043c\u0430\u0434\u0443, \u043a\u043e\u0442\u043e\u0440\u0430\u044f \u0431\u044b\u0441\u0442\u0440\u043e \u0441\u043e\u0445\u043d\u0435\u0442, \u0441 \u043f\u0440\u043e\u0437\u0440\u0430\u0447\u043d\u044b\u043c \u0431\u043b\u0435\u0441\u043a\u043e\u043c.<\/p>\n<p>\u041b\u0435\u0433\u043a\u0438\u0439 \u043a\u0430\u043a \u0448\u0435\u043b\u043a, \u043e\u043d \u043f\u0440\u0438\u0434\u0430\u0435\u0442 \u0437\u0430\u0445\u0432\u0430\u0442\u044b\u0432\u0430\u044e\u0449\u0438\u0439 \u0434\u0443\u0445 \u043e\u0442\u0442\u0435\u043d\u043e\u043a \u0441\u0438\u044f\u043d\u0438\u044f \u0443\u0436\u0435 \u043a\u0440\u0430\u0441\u0438\u0432\u044b\u043c \u0433\u0443\u0431\u0430\u043c, \u043f\u0440\u0435\u0432\u0440\u0430\u0449\u0430\u044f \u043c\u0430\u0442\u043e\u0432\u044b\u0439 \u0444\u0438\u043d\u0438\u0448 \u0432 \u0441\u0438\u044f\u044e\u0449\u0438\u0439 \u0432\u0441\u0435\u0433\u043e \u0437\u0430 \u043d\u0435\u0441\u043a\u043e\u043b\u044c\u043a\u043e \u0448\u0430\u0433\u043e\u0432.<\/p>\n<p>\u0421 \u0444\u043b\u043e\u043a\u043e\u0432\u044b\u043c \u0430\u043f\u043f\u043b\u0438\u043a\u0430\u0442\u043e\u0440\u043e\u043c \u0434\u043b\u044f \u0431\u0430\u0437\u043e\u0432\u043e\u0439 \u043f\u043e\u043c\u0430\u0434\u044b \u0438 \u0440\u0443\u0447\u043a\u043e\u0439 \u0434\u043b\u044f \u0431\u043b\u0435\u0441\u043a\u0430 \u0434\u043b\u044f \u0433\u0443\u0431, \u043e\u043d \u043f\u043e\u0441\u0442\u0430\u0432\u043b\u044f\u0435\u0442\u0441\u044f \u0441 \u0438\u0434\u0435\u0430\u043b\u044c\u043d\u044b\u043c \u0438\u043d\u0441\u0442\u0440\u0443\u043c\u0435\u043d\u0442\u043e\u043c \u0434\u043b\u044f \u043a\u0430\u0436\u0434\u043e\u0433\u043e \u044d\u0442\u0430\u043f\u0430, \u0447\u0442\u043e \u043e\u0431\u0435\u0441\u043f\u0435\u0447\u0438\u0432\u0430\u0435\u0442 \u0431\u0435\u0437\u0443\u043f\u0440\u0435\u0447\u043d\u043e \u0440\u0430\u0432\u043d\u043e\u043c\u0435\u0440\u043d\u043e\u0435 \u043d\u0430\u043d\u0435\u0441\u0435\u043d\u0438\u0435.<\/p>\n<p>\u0422\u0435\u043f\u0435\u0440\u044c \u0434\u043e\u0441\u0442\u0443\u043f\u0435\u043d \u0432 \u044d\u043a\u0441\u043a\u043b\u044e\u0437\u0438\u0432\u043d\u043e\u0439, \u043b\u0438\u043c\u0438\u0442\u0438\u0440\u043e\u0432\u0430\u043d\u043d\u043e\u0439 \u043a\u043e\u043b\u043b\u0435\u043a\u0446\u0438\u0438 \u043b\u044e\u0431\u0438\u043c\u044b\u0445 \u043e\u0442\u0442\u0435\u043d\u043a\u043e\u0432, \u0432\u044b\u0431\u0440\u0430\u043d\u043d\u044b\u0445 \u042d\u043c\u043c\u043e\u0439 \u0420\u043e\u0431\u0435\u0440\u0442\u0441.<\/p>\n<p>\u0414\u0435\u0440\u043c\u0430\u0442\u043e\u043b\u043e\u0433\u0438\u0447\u0435\u0441\u043a\u0438 \u043f\u0440\u043e\u0442\u0435\u0441\u0442\u0438\u0440\u043e\u0432\u0430\u043d\u043e<br \/>\n*\u041a\u043b\u0438\u043d\u0438\u0447\u0435\u0441\u043a\u0438\u0435 \u0438 \u0438\u043d\u0441\u0442\u0440\u0443\u043c\u0435\u043d\u0442\u0430\u043b\u044c\u043d\u044b\u0435 \u0442\u0435\u0441\u0442\u044b<\/p>\n<p>\u041a\u0430\u043a \u0438\u0441\u043f\u043e\u043b\u044c\u0437\u043e\u0432\u0430\u0442\u044c:<br \/>\n\u041d\u0430\u043d\u0435\u0441\u0438\u0442\u0435 \u0446\u0432\u0435\u0442\u043d\u0443\u044e \u0431\u0430\u0437\u0443 \u043d\u0430 \u0447\u0438\u0441\u0442\u044b\u0435 \u0438 \u0443\u0432\u043b\u0430\u0436\u043d\u0435\u043d\u043d\u044b\u0435 \u0433\u0443\u0431\u044b, \u043d\u0430\u0447\u0438\u043d\u0430\u044f \u043e\u0442 \u0446\u0435\u043d\u0442\u0440\u0430 \u0438 \u0434\u0432\u0438\u0433\u0430\u044f\u0441\u044c \u043a \u0443\u0433\u043e\u043b\u043a\u0430\u043c, \u043f\u043e\u043a\u0440\u044b\u0432\u0430\u044f \u0433\u0443\u0431\u044b \u0440\u043e\u0432\u043d\u044b\u043c \u0441\u043b\u043e\u0435\u043c \u0446\u0432\u0435\u0442\u0430. \u041f\u043e\u0434\u043e\u0436\u0434\u0438\u0442\u0435 \u043e\u0442 30 \u0434\u043e 60 \u0441\u0435\u043a\u0443\u043d\u0434, \u043f\u043e\u043a\u0430 \u0431\u0430\u0437\u0430 \u043f\u043e\u043b\u043d\u043e\u0441\u0442\u044c\u044e \u0432\u044b\u0441\u043e\u0445\u043d\u0435\u0442. \u041d\u0430\u043d\u0435\u0441\u0438\u0442\u0435 \u043f\u0440\u043e\u0437\u0440\u0430\u0447\u043d\u044b\u0439 \u0431\u043b\u0435\u0441\u043a \u0434\u043b\u044f \u0433\u0443\u0431 \u043f\u043e\u0432\u0435\u0440\u0445 \u0446\u0432\u0435\u0442\u043d\u043e\u0439 \u0431\u0430\u0437\u044b, \u0447\u0442\u043e\u0431\u044b \u043f\u0440\u0438\u0434\u0430\u0442\u044c \u043c\u0430\u043a\u0438\u044f\u0436\u0443 \u043d\u0435\u043e\u0442\u0440\u0430\u0437\u0438\u043c\u044b\u0439 \u0437\u0435\u0440\u043a\u0430\u043b\u044c\u043d\u044b\u0439 \u0431\u043b\u0435\u0441\u043a.<\/p>\n<p>\u0421\u0434\u0435\u043b\u0430\u043d\u043e \u0432 \u0418\u0442\u0430\u043b\u0438\u0438<br \/>\n\u041e\u0431\u044a\u0435\u043c: 6 \u043c\u043b<\/p>\n<\/details>\n","protected":false},"featured_media":24973,"template":"","meta":{"jetpack_publicize_message":"","jetpack_publicize_feature_enabled":true,"jetpack_social_post_already_shared":true,"jetpack_social_options":{"image_generator_settings":{"template":"highway","default_image_id":0,"font":"","enabled":false},"version":2}},"product_brand":[],"product_cat":[911,988,987,986,973,340],"product_tag":[],"class_list":{"0":"post-24923","1":"product","2":"type-product","3":"status-publish","4":"has-post-thumbnail","6":"product_cat-huuled","7":"product_cat-lip-gloss","8":"product_cat-lipstick","9":"product_cat-kiko-lips","10":"product_cat-makeup","11":"product_cat-kiko-milano","12":"pa_varv-153-movemauve","13":"pa_varv-154-alluring-game","14":"pa_varv-155-night-vibes","16":"first","17":"instock","18":"shipping-taxable","19":"purchasable","20":"product-type-simple"},"jetpack_publicize_connections":[],"jetpack_sharing_enabled":true,"jetpack_likes_enabled":true,"_links":{"self":[{"href":"https:\/\/superstore.ee\/index.php\/wp-json\/wp\/v2\/product\/24923","targetHints":{"allow":["GET"]}}],"collection":[{"href":"https:\/\/superstore.ee\/index.php\/wp-json\/wp\/v2\/product"}],"about":[{"href":"https:\/\/superstore.ee\/index.php\/wp-json\/wp\/v2\/types\/product"}],"wp:featuredmedia":[{"embeddable":true,"href":"https:\/\/superstore.ee\/index.php\/wp-json\/wp\/v2\/media\/24973"}],"wp:attachment":[{"href":"https:\/\/superstore.ee\/index.php\/wp-json\/wp\/v2\/media?parent=24923"}],"wp:term":[{"taxonomy":"product_brand","embeddable":true,"href":"https:\/\/superstore.ee\/index.php\/wp-json\/wp\/v2\/product_brand?post=24923"},{"taxonomy":"product_cat","embeddable":true,"href":"https:\/\/superstore.ee\/index.php\/wp-json\/wp\/v2\/product_cat?post=24923"},{"taxonomy":"product_tag","embeddable":true,"href":"https:\/\/superstore.ee\/index.php\/wp-json\/wp\/v2\/product_tag?post=24923"}],"curies":[{"name":"wp","href":"https:\/\/api.w.org\/{rel}","templated":true}]}}