{"id":25431,"date":"2025-11-02T12:53:38","date_gmt":"2025-11-02T10:53:38","guid":{"rendered":"https:\/\/superstore.ee\/?post_type=product&#038;p=25431"},"modified":"2025-11-02T13:41:17","modified_gmt":"2025-11-02T11:41:17","slug":"victorias-secret-charming-rose-body-mist","status":"publish","type":"product","link":"https:\/\/superstore.ee\/index.php\/toode\/victorias-secret-charming-rose-body-mist\/","title":{"rendered":"Victoria\u2019s Secret Charming Rose Body Mist"},"content":{"rendered":"","protected":false},"excerpt":{"rendered":"<p>Victoria\u2019s Secret Charming Rose Kehasprei (250ml)<\/p>\n<p><strong>Aroomit\u00fc\u00fcp<\/strong>: Lilleline \/ puuviljane<\/p>\n<p><strong>Aroomi kirjeldus<\/strong>:<\/p>\n<ul>\n<li>Tipunoodid: Maasikas, maasikamoos<\/li>\n<li>S\u00fcdamenoodid: Roos, freesia<\/li>\n<li>Baasnoodid: Pehme muskuse ja kreemjate lillede segu<\/li>\n<\/ul>\n<p>Lummavalt magus ja romantiline aroom, mis \u00fchendab v\u00e4rske maasika mahlakuse ja \u00f5rna roosi naiselikkuse. Charming Rose toob endaga kaasa sooja, helge ja unistava meeleolu.<\/p>\n<p>Ideaalne neile, kes armastavad \u00f5rna, kuid samas t\u00e4helepanu k\u00f6itvat l\u00f5hna \u2013 t\u00e4iuslik valik igaks p\u00e4evaks.<\/p>\n<details>\n<summary>Details<\/summary>\n<div translate=\"no\">\nVictoria\u2019s Secret Charming Rose Fragrance Mist (250 ml)<\/p>\n<p>Fragrance type: Floral \/ Fruity<\/p>\n<p>Fragrance description:<br \/>\nTop notes: Strawberry, Strawberry Jam<br \/>\nHeart notes: Rose, Freesia<br \/>\nBase notes: Soft Musk, Creamy Floral Notes<\/p>\n<p>A charmingly sweet and romantic scent that blends juicy strawberry freshness with the delicate femininity of rose. Charming Rose wraps you in a warm, dreamy, and uplifting aura.<\/p>\n<p>Perfect for those who love gentle yet captivating fragrances \u2014 an ideal choice for everyday wear.\n<\/p><\/div>\n<p>Victoria\u2019s Secret Charming Rose \u0421\u043f\u0440\u0435\u0439 \u0434\u043b\u044f \u0442\u0435\u043b\u0430 \u043c\u0438\u0441\u0442 (250 \u043c\u043b)<\/p>\n<p>\u0422\u0438\u043f \u0430\u0440\u043e\u043c\u0430\u0442\u0430: \u0426\u0432\u0435\u0442\u043e\u0447\u043d\u043e-\u0444\u0440\u0443\u043a\u0442\u043e\u0432\u044b\u0439<\/p>\n<p>\u041e\u043f\u0438\u0441\u0430\u043d\u0438\u0435 \u0430\u0440\u043e\u043c\u0430\u0442\u0430:<\/p>\n<p>\u0412\u0435\u0440\u0445\u043d\u0438\u0435 \u043d\u043e\u0442\u044b: \u041a\u043b\u0443\u0431\u043d\u0438\u043a\u0430, \u043a\u043b\u0443\u0431\u043d\u0438\u0447\u043d\u044b\u0439 \u0434\u0436\u0435\u043c<br \/>\n\u041d\u043e\u0442\u044b \u0441\u0435\u0440\u0434\u0446\u0430: \u0420\u043e\u0437\u0430, \u0444\u0440\u0435\u0437\u0438\u044f<br \/>\n\u0411\u0430\u0437\u043e\u0432\u044b\u0435 \u043d\u043e\u0442\u044b: \u041c\u0443\u0441\u043a\u0443\u0441, \u043c\u044f\u0433\u043a\u0438\u0435 \u0446\u0432\u0435\u0442\u043e\u0447\u043d\u044b\u0435 \u0430\u043a\u0446\u0435\u043d\u0442\u044b<\/p>\n<p>\u041e\u0447\u0430\u0440\u043e\u0432\u0430\u0442\u0435\u043b\u044c\u043d\u044b\u0439, \u0441\u043b\u0430\u0434\u043a\u0438\u0439 \u0438 \u0440\u043e\u043c\u0430\u043d\u0442\u0438\u0447\u043d\u044b\u0439 \u0430\u0440\u043e\u043c\u0430\u0442, \u0441\u043e\u0447\u0435\u0442\u0430\u044e\u0449\u0438\u0439 \u0441\u043e\u0447\u043d\u043e\u0441\u0442\u044c \u0441\u0432\u0435\u0436\u0435\u0439 \u043a\u043b\u0443\u0431\u043d\u0438\u043a\u0438 \u0438 \u043d\u0435\u0436\u043d\u043e\u0441\u0442\u044c \u0440\u043e\u0437\u044b. Charming Rose \u043e\u043a\u0443\u0442\u044b\u0432\u0430\u0435\u0442 \u0442\u0435\u043f\u043b\u043e\u043c, \u043b\u0451\u0433\u043a\u043e\u0441\u0442\u044c\u044e \u0438 \u043c\u0435\u0447\u0442\u0430\u0442\u0435\u043b\u044c\u043d\u044b\u043c \u043d\u0430\u0441\u0442\u0440\u043e\u0435\u043d\u0438\u0435\u043c.<br \/>\n<\/details>\n","protected":false},"featured_media":25435,"template":"","meta":{"jetpack_publicize_message":"","jetpack_publicize_feature_enabled":true,"jetpack_social_post_already_shared":true,"jetpack_social_options":{"image_generator_settings":{"template":"highway","default_image_id":0,"font":"","enabled":false},"version":2}},"product_brand":[],"product_cat":[927,910,341],"product_tag":[],"class_list":{"0":"post-25431","1":"product","2":"type-product","3":"status-publish","4":"has-post-thumbnail","6":"product_cat-victorias-secret-body-mists","7":"product_cat-kehaspreid","8":"product_cat-victorias-secret","9":"pa_suurus-10-ml-tester","10":"pa_suurus-2-ml-tester","11":"pa_suurus-250-ml-full-size","12":"pa_suurus-30-ml-tester","14":"first","15":"instock","16":"sale","17":"shipping-taxable","18":"purchasable","19":"product-type-simple"},"jetpack_publicize_connections":[],"jetpack_sharing_enabled":true,"jetpack_likes_enabled":true,"_links":{"self":[{"href":"https:\/\/superstore.ee\/index.php\/wp-json\/wp\/v2\/product\/25431","targetHints":{"allow":["GET"]}}],"collection":[{"href":"https:\/\/superstore.ee\/index.php\/wp-json\/wp\/v2\/product"}],"about":[{"href":"https:\/\/superstore.ee\/index.php\/wp-json\/wp\/v2\/types\/product"}],"wp:featuredmedia":[{"embeddable":true,"href":"https:\/\/superstore.ee\/index.php\/wp-json\/wp\/v2\/media\/25435"}],"wp:attachment":[{"href":"https:\/\/superstore.ee\/index.php\/wp-json\/wp\/v2\/media?parent=25431"}],"wp:term":[{"taxonomy":"product_brand","embeddable":true,"href":"https:\/\/superstore.ee\/index.php\/wp-json\/wp\/v2\/product_brand?post=25431"},{"taxonomy":"product_cat","embeddable":true,"href":"https:\/\/superstore.ee\/index.php\/wp-json\/wp\/v2\/product_cat?post=25431"},{"taxonomy":"product_tag","embeddable":true,"href":"https:\/\/superstore.ee\/index.php\/wp-json\/wp\/v2\/product_tag?post=25431"}],"curies":[{"name":"wp","href":"https:\/\/api.w.org\/{rel}","templated":true}]}}