{"id":25436,"date":"2025-11-02T13:20:42","date_gmt":"2025-11-02T11:20:42","guid":{"rendered":"https:\/\/superstore.ee\/?post_type=product&#038;p=25436"},"modified":"2026-02-11T10:36:54","modified_gmt":"2026-02-11T08:36:54","slug":"victorias-secret-afternoon-light-body-mist","status":"publish","type":"product","link":"https:\/\/superstore.ee\/index.php\/toode\/victorias-secret-afternoon-light-body-mist\/","title":{"rendered":"Victoria\u2019s Secret Afternoon Light Body Mist"},"content":{"rendered":"","protected":false},"excerpt":{"rendered":"<p>Victoria\u2019s Secret Afternoon Light kehasprei (250 ml)<\/p>\n<p><strong>Aroomit\u00fc\u00fcp<\/strong>: Lilleline \/ v\u00e4rske<\/p>\n<p><strong>Aroomi kirjeldus:<\/strong><\/p>\n<ul>\n<li>Tipunoodid: Sidrunimeringi<\/li>\n<li>S\u00fcdamenoodid: V\u00f5ilill, liilia<\/li>\n<li>Baasnoodid: \u00d5rn muskus ja pehme lilleline j\u00e4rell\u00f5hn<\/li>\n<\/ul>\n<p>Kerge, s\u00e4rav ja optimistlik aroom, mis meenutab p\u00e4ikeselist p\u00e4rastl\u00f5unat. Afternoon Light toob nahale v\u00e4rske, puhta ja \u00f5rna lillelise l\u00f5hna, mis loob rahuliku ja r\u00f5\u00f5msa meeleolu.<\/p>\n<p>Ideaalne valik neile, kes armastavad peent, v\u00e4rsket ja kevadiselt helget aroomi.<\/p>\n<details>\n<summary>Details<\/summary>\n<div translate=\"no\">\nVictoria\u2019s Secret Afternoon Light Fragrance Mist (250 ml)<\/p>\n<p>Fragrance type: Floral \/ Fresh<\/p>\n<p>Fragrance description:<\/p>\n<p>Top notes: Lemon Meringue<br \/>\nHeart notes: Buttercup, Lily<br \/>\nBase notes: Soft Musk, Light Floral Notes<\/p>\n<p>A bright, airy, and uplifting scent that captures the feeling of a sunny afternoon. Afternoon Light envelopes you in freshness and delicate floral softness, leaving a calm and happy impression.<\/p>\n<p>Perfect for those who love light, fresh, and effortlessly feminine fragrances.<\/p>\n<\/div>\n<p>Victoria\u2019s Secret Afternoon Light \u0421\u043f\u0440\u0435\u0439 \u0434\u043b\u044f \u0442\u0435\u043b\u0430 \u043c\u0438\u0441\u0442 (250 \u043c\u043b)<\/p>\n<p>\u0422\u0438\u043f \u0430\u0440\u043e\u043c\u0430\u0442\u0430: \u0426\u0432\u0435\u0442\u043e\u0447\u043d\u044b\u0439 \/ \u0441\u0432\u0435\u0436\u0438\u0439<\/p>\n<p>\u041e\u043f\u0438\u0441\u0430\u043d\u0438\u0435 \u0430\u0440\u043e\u043c\u0430\u0442\u0430:<\/p>\n<p>\u0412\u0435\u0440\u0445\u043d\u0438\u0435 \u043d\u043e\u0442\u044b: \u041b\u0438\u043c\u043e\u043d\u043d\u044b\u0439 \u043c\u0435\u0440\u0435\u043d\u0433<br \/>\n\u041d\u043e\u0442\u044b \u0441\u0435\u0440\u0434\u0446\u0430: \u041b\u044e\u0442\u0438\u043a, \u043b\u0438\u043b\u0438\u044f<br \/>\n\u0411\u0430\u0437\u043e\u0432\u044b\u0435 \u043d\u043e\u0442\u044b: \u041c\u044f\u0433\u043a\u0438\u0439 \u043c\u0443\u0441\u043a\u0443\u0441, \u043b\u0451\u0433\u043a\u0438\u0435 \u0446\u0432\u0435\u0442\u043e\u0447\u043d\u044b\u0435 \u0430\u043a\u0446\u0435\u043d\u0442\u044b<\/p>\n<p>\u041b\u0451\u0433\u043a\u0438\u0439, \u0447\u0438\u0441\u0442\u044b\u0439 \u0438 \u0436\u0438\u0437\u043d\u0435\u0440\u0430\u0434\u043e\u0441\u0442\u043d\u044b\u0439 \u0430\u0440\u043e\u043c\u0430\u0442, \u043d\u0430\u043f\u043e\u043c\u0438\u043d\u0430\u044e\u0449\u0438\u0439 \u0441\u043e\u043b\u043d\u0435\u0447\u043d\u044b\u0439 \u0432\u0435\u0441\u0435\u043d\u043d\u0438\u0439 \u0434\u0435\u043d\u044c. Afternoon Light \u043e\u043a\u0443\u0442\u044b\u0432\u0430\u0435\u0442 \u0441\u0432\u0435\u0436\u0435\u0441\u0442\u044c\u044e \u0438 \u043d\u0435\u0436\u043d\u043e\u0441\u0442\u044c\u044e, \u0441\u043e\u0437\u0434\u0430\u0432\u0430\u044f \u0430\u0442\u043c\u043e\u0441\u0444\u0435\u0440\u0443 \u0441\u043f\u043e\u043a\u043e\u0439\u0441\u0442\u0432\u0438\u044f \u0438 \u0441\u0432\u0435\u0442\u043b\u043e\u0433\u043e \u043d\u0430\u0441\u0442\u0440\u043e\u0435\u043d\u0438\u044f.<\/p>\n<p>\u0418\u0434\u0435\u0430\u043b\u0435\u043d \u0434\u043b\u044f \u0442\u0435\u0445, \u043a\u0442\u043e \u043b\u044e\u0431\u0438\u0442 \u043b\u0451\u0433\u043a\u0438\u0435, \u0441\u0432\u0435\u0436\u0438\u0435 \u0438 \u0436\u0435\u043d\u0441\u0442\u0432\u0435\u043d\u043d\u044b\u0435 \u0430\u0440\u043e\u043c\u0430\u0442\u044b.<br \/>\n<\/details>\n","protected":false},"featured_media":25447,"template":"","meta":{"jetpack_publicize_message":"","jetpack_publicize_feature_enabled":true,"jetpack_social_post_already_shared":true,"jetpack_social_options":{"image_generator_settings":{"template":"highway","default_image_id":0,"font":"","enabled":false},"version":2}},"product_brand":[],"product_cat":[927,910,341],"product_tag":[],"class_list":{"0":"post-25436","1":"product","2":"type-product","3":"status-publish","4":"has-post-thumbnail","6":"product_cat-victorias-secret-body-mists","7":"product_cat-kehaspreid","8":"product_cat-victorias-secret","9":"pa_suurus-10-ml-tester","10":"pa_suurus-2-ml-tester","11":"pa_suurus-250-ml-full-size","12":"pa_suurus-30-ml-tester","14":"first","15":"outofstock","16":"sale","17":"shipping-taxable","18":"purchasable","19":"product-type-simple"},"jetpack_publicize_connections":[],"jetpack_sharing_enabled":true,"jetpack_likes_enabled":true,"_links":{"self":[{"href":"https:\/\/superstore.ee\/index.php\/wp-json\/wp\/v2\/product\/25436","targetHints":{"allow":["GET"]}}],"collection":[{"href":"https:\/\/superstore.ee\/index.php\/wp-json\/wp\/v2\/product"}],"about":[{"href":"https:\/\/superstore.ee\/index.php\/wp-json\/wp\/v2\/types\/product"}],"wp:featuredmedia":[{"embeddable":true,"href":"https:\/\/superstore.ee\/index.php\/wp-json\/wp\/v2\/media\/25447"}],"wp:attachment":[{"href":"https:\/\/superstore.ee\/index.php\/wp-json\/wp\/v2\/media?parent=25436"}],"wp:term":[{"taxonomy":"product_brand","embeddable":true,"href":"https:\/\/superstore.ee\/index.php\/wp-json\/wp\/v2\/product_brand?post=25436"},{"taxonomy":"product_cat","embeddable":true,"href":"https:\/\/superstore.ee\/index.php\/wp-json\/wp\/v2\/product_cat?post=25436"},{"taxonomy":"product_tag","embeddable":true,"href":"https:\/\/superstore.ee\/index.php\/wp-json\/wp\/v2\/product_tag?post=25436"}],"curies":[{"name":"wp","href":"https:\/\/api.w.org\/{rel}","templated":true}]}}