{"id":25441,"date":"2025-11-02T13:49:31","date_gmt":"2025-11-02T11:49:31","guid":{"rendered":"https:\/\/superstore.ee\/?post_type=product&#038;p=25441"},"modified":"2026-02-02T19:19:04","modified_gmt":"2026-02-02T17:19:04","slug":"victorias-secret-love-spell-luxe-fragrance-lotion","status":"publish","type":"product","link":"https:\/\/superstore.ee\/index.php\/toode\/victorias-secret-love-spell-luxe-fragrance-lotion\/","title":{"rendered":"Victoria\u2019s Secret Love Spell Luxe Fragrance Lotion"},"content":{"rendered":"","protected":false},"excerpt":{"rendered":"<p>Victoria\u2019s Secret Love\u202fSpell\u202fLuxe l\u00f5hnastatud kehakreem (236\u202fml)<\/p>\n<p>Romantiline ja magus kehalosjoon, mis toidab nahka ja j\u00e4tab sellele luksusliku, v\u00e4rske ja \u00f5rna l\u00f5hna.<\/p>\n<p><strong>Aroomit\u00fc\u00fcp<\/strong>: Magus \/ Lilleline<\/p>\n<p>Aprikoos, Santalipuu, Roos<\/p>\n<p>Love\u202fSpell\u202fLuxe \u00fchendab mahlaka aprikoosi ja pehme roosi elegantsi, pakkudes nahale m\u00e4ngulist ja r\u00f5\u00f5msat aroomielamust. Ideaalne igap\u00e4evaseks kasutamiseks, et lisada oma ilurutiinile romantiline ja luksuslik puudutus.<\/p>\n<details>\n<summary>Details<\/summary>\n<div translate=\"no\">Victoria\u2019s Secret Love\u202fSpell\u202fLuxe Perfumed Body Lotion (236\u202fml \/ 8\u202ffl\u202foz)<br \/>\nA romantic and sweet body lotion that nourishes the skin while leaving a soft, fresh, and luxurious scent.Fragrance type: Sweet \/ Floral<br \/>\nApricot, Santal, Rose<\/p>\n<p>Love\u202fSpell\u202fLuxe blends juicy apricot with soft rose, creating a playful and joyful fragrance experience. Perfect for daily use to add a romantic and luxurious touch to your beauty routine.<\/p>\n<\/div>\n<p>Victoria\u2019s Secret Love\u202fSpell\u202fLuxe \u043f\u0430\u0440\u0444\u044e\u043c\u0438\u0440\u043e\u0432\u0430\u043d\u043d\u044b\u0439 \u043b\u043e\u0441\u044c\u043e\u043d \u0434\u043b\u044f \u0442\u0435\u043b\u0430 (236\u202f\u043c\u043b)<br \/>\n\u0420\u043e\u043c\u0430\u043d\u0442\u0438\u0447\u043d\u044b\u0439 \u0438 \u0441\u043b\u0430\u0434\u043a\u0438\u0439 \u043b\u043e\u0441\u044c\u043e\u043d \u0434\u043b\u044f \u0442\u0435\u043b\u0430, \u043a\u043e\u0442\u043e\u0440\u044b\u0439 \u043f\u0438\u0442\u0430\u0435\u0442 \u043a\u043e\u0436\u0443 \u0438 \u043e\u0441\u0442\u0430\u0432\u043b\u044f\u0435\u0442 \u043b\u0451\u0433\u043a\u0438\u0439, \u0441\u0432\u0435\u0436\u0438\u0439 \u0438 \u0440\u043e\u0441\u043a\u043e\u0448\u043d\u044b\u0439 \u0430\u0440\u043e\u043c\u0430\u0442.<\/p>\n<p>\u0422\u0438\u043f \u0430\u0440\u043e\u043c\u0430\u0442\u0430: \u0421\u043b\u0430\u0434\u043a\u0438\u0439 \/ \u0426\u0432\u0435\u0442\u043e\u0447\u043d\u044b\u0439<\/p>\n<p>\u0410\u0431\u0440\u0438\u043a\u043e\u0441, \u0421\u0430\u043d\u0434\u0430\u043b, \u0420\u043e\u0437\u0430<\/p>\n<p>Love\u202fSpell\u202fLuxe \u0441\u043e\u0447\u0435\u0442\u0430\u0435\u0442 \u0441\u043e\u0447\u043d\u044b\u0439 \u0430\u0431\u0440\u0438\u043a\u043e\u0441 \u0441 \u043d\u0435\u0436\u043d\u043e\u0439 \u0440\u043e\u0437\u043e\u0439, \u0441\u043e\u0437\u0434\u0430\u0432\u0430\u044f \u0438\u0433\u0440\u0438\u0432\u043e\u0435 \u0438 \u0440\u0430\u0434\u043e\u0441\u0442\u043d\u043e\u0435 \u0430\u0440\u043e\u043c\u0430\u0442\u0438\u0447\u0435\u0441\u043a\u043e\u0435 \u043d\u0430\u0441\u0442\u0440\u043e\u0435\u043d\u0438\u0435. \u0418\u0434\u0435\u0430\u043b\u0435\u043d \u0434\u043b\u044f \u0435\u0436\u0435\u0434\u043d\u0435\u0432\u043d\u043e\u0433\u043e \u0438\u0441\u043f\u043e\u043b\u044c\u0437\u043e\u0432\u0430\u043d\u0438\u044f, \u0434\u043e\u0431\u0430\u0432\u043b\u044f\u044f \u0432 \u0440\u0443\u0442\u0438\u043d\u0443 \u043d\u043e\u0442\u043a\u0443 \u0440\u043e\u043c\u0430\u043d\u0442\u0438\u043a\u0438 \u0438 \u0440\u043e\u0441\u043a\u043e\u0448\u0438.<\/p>\n<\/details>\n","protected":false},"featured_media":25446,"template":"","meta":{"jetpack_publicize_message":"","jetpack_publicize_feature_enabled":true,"jetpack_social_post_already_shared":true,"jetpack_social_options":{"image_generator_settings":{"template":"highway","default_image_id":0,"font":"","enabled":false},"version":2}},"product_brand":[],"product_cat":[926,912,341],"product_tag":[],"class_list":{"0":"post-25441","1":"product","2":"type-product","3":"status-publish","4":"has-post-thumbnail","6":"product_cat-victorias-secret-body-lotions","7":"product_cat-nahahooldus","8":"product_cat-victorias-secret","9":"pa_suurus-10-ml-tester","10":"pa_suurus-2-ml-tester","11":"pa_suurus-250-ml-full-size","12":"pa_suurus-30-ml-tester","14":"first","15":"instock","16":"sale","17":"shipping-taxable","18":"purchasable","19":"product-type-simple"},"jetpack_publicize_connections":[],"jetpack_sharing_enabled":true,"jetpack_likes_enabled":true,"_links":{"self":[{"href":"https:\/\/superstore.ee\/index.php\/wp-json\/wp\/v2\/product\/25441","targetHints":{"allow":["GET"]}}],"collection":[{"href":"https:\/\/superstore.ee\/index.php\/wp-json\/wp\/v2\/product"}],"about":[{"href":"https:\/\/superstore.ee\/index.php\/wp-json\/wp\/v2\/types\/product"}],"wp:featuredmedia":[{"embeddable":true,"href":"https:\/\/superstore.ee\/index.php\/wp-json\/wp\/v2\/media\/25446"}],"wp:attachment":[{"href":"https:\/\/superstore.ee\/index.php\/wp-json\/wp\/v2\/media?parent=25441"}],"wp:term":[{"taxonomy":"product_brand","embeddable":true,"href":"https:\/\/superstore.ee\/index.php\/wp-json\/wp\/v2\/product_brand?post=25441"},{"taxonomy":"product_cat","embeddable":true,"href":"https:\/\/superstore.ee\/index.php\/wp-json\/wp\/v2\/product_cat?post=25441"},{"taxonomy":"product_tag","embeddable":true,"href":"https:\/\/superstore.ee\/index.php\/wp-json\/wp\/v2\/product_tag?post=25441"}],"curies":[{"name":"wp","href":"https:\/\/api.w.org\/{rel}","templated":true}]}}