{"id":25465,"date":"2025-11-02T16:55:52","date_gmt":"2025-11-02T14:55:52","guid":{"rendered":"https:\/\/superstore.ee\/?post_type=product&#038;p=25465"},"modified":"2026-02-05T14:40:18","modified_gmt":"2026-02-05T12:40:18","slug":"victorias-secret-best-of-mist-gift-set","status":"publish","type":"product","link":"https:\/\/superstore.ee\/index.php\/toode\/victorias-secret-best-of-mist-gift-set\/","title":{"rendered":"Victoria\u2019s Secret Best Of Mist Gift Set"},"content":{"rendered":"","protected":false},"excerpt":{"rendered":"<p><strong>Victoria\u2019s Secret Best Of Mist Kinkekomplekt<\/strong><\/p>\n<p>Komplekt, mis sisaldab 4 Victoria&#8217;s Secreti klassikalise l\u00f5hnasarja k\u00f5ige populaarsemaid tooteid. Need ikoonilised l\u00f5hnaspreid on ideaalne kingitus v\u00f5i lisand teie kollektsiooni. Iga l\u00f5hn r\u00f5hutab teie ainulaadsust ja lisab p\u00e4evadesse killukese luksust.<\/p>\n<p><strong>KOMPLEKTIS<\/strong><br \/>\nKosmeetikakott<\/p>\n<p>Iga spreipudeli maht: 75 ml<\/p>\n<ul>\n<li><strong>Velvet Petals Fragrance Mist<\/strong><br \/>\n<strong>L\u00f5hnat\u00fc\u00fcp:<\/strong> puuviljane ja magus<br \/>\nLopsakad \u00f5ied. Mandliglasuur. Paneb teid s\u00e4rama.<\/li>\n<li><strong>Pure Seduction Fragrance Mist<\/strong><br \/>\n<strong>L\u00f5hnat\u00fc\u00fcp:<\/strong> puuviljane<br \/>\nMahlane ploom. Purustatud freesia. Nauding terveks \u00f6\u00f6ks.<\/li>\n<li><strong>Bare Vanilla Fragrance Mist<\/strong><br \/>\n<strong>L\u00f5hnat\u00fc\u00fcp:<\/strong> magus<br \/>\nKreemine vanill. Pehme ka\u0161miir. Hellitav puudutus.<\/li>\n<li><strong>Love Spell Fragrance Mist<\/strong><br \/>\n<strong>L\u00f5hnat\u00fc\u00fcp:<\/strong> puuviljane lilleline<br \/>\nKirsipuu\u00f5is. V\u00e4rske virsik. Lihtsalt vastupandamatu.<\/li>\n<\/ul>\n<details>\n<summary>Details<\/summary>\n<div translate=\"no\">\n<p>Victoria\u2019s Secret Mist Discovery Gift Set A set of 4 bestsellers from the classic Victoria&#8217;s Secret fragrance collection. These iconic mists make the perfect gift or addition to your collection. Each scent highlights your individuality and adds a touch of sparkle to your everyday life.<\/p>\n<p><strong>SET INCLUDES<\/strong><br \/>\nBeauty Bag<br \/>\nVolume of each mist: 75 ml<\/p>\n<ul>\n<li><strong>Velvet Petals Fragrance Mist<\/strong><br \/>\n<strong>Fragrance Type:<\/strong> Fruity Gourmand<br \/>\nLush blooms. Almond glaze. Made you blush.<\/li>\n<li><strong>Pure Seduction Fragrance Mist<\/strong><br \/>\n<strong>Fragrance Type:<\/strong> Fruity<br \/>\nJuiced plum. Crushed freesia. All night long.<\/li>\n<li><strong>Bare Vanilla Fragrance Mist<\/strong><br \/>\n<strong>Fragrance Type:<\/strong> Gourmand<br \/>\nWhipped vanilla. Soft cashmere. Skin to skin.<\/li>\n<li><strong>Love Spell Fragrance Mist<\/strong><br \/>\n<strong>Fragrance Type:<\/strong> Fruity Floral<br \/>\nCherry blossom. Fresh peach. Impossible to resist.<\/li>\n<\/ul>\n<p>Ingredients:<br \/>\nAlcohol Denat., Water (Aqua, Eau), Fragrance (Parfum), Hexamethylindanopyran, Propylene Glycol, Glycerin, Vanillin, Tetramethyl acetyloctahydronaphthalenes, Linalyl acetate, Limonene, Linalool, Pinene, Citrus Aurantium Peel Oil, Benzyl Alcohol, Beta-Caryophyllene, PPG-26-Buteth-26, PEG-40 Hydrogenated Castor Oil, Ethylhexyl Methoxycinnamate, Ethylhexyl Salicylate, Butyl Methoxydibenzoylmethane<br \/>\nIngredients are subject to change. For an accurate list of ingredients, please refer to the product packaging.<\/p>\n<\/div>\n<p>\u041d\u0430\u0431\u043e\u0440 \u0438\u0437 4 \u0431\u0435\u0441\u0442\u0441\u0435\u043b\u043b\u0435\u0440\u043e\u0432 \u043a\u043b\u0430\u0441\u0441\u0438\u0447\u0435\u0441\u043a\u043e\u0439 \u043a\u043e\u043b\u043b\u0435\u043a\u0446\u0438\u0438 \u0430\u0440\u043e\u043c\u0430\u0442\u043e\u0432 Victoria&#8217;s Secret. \u042d\u0442\u0438 \u043b\u0435\u0433\u0435\u043d\u0434\u0430\u0440\u043d\u044b\u0435 \u043c\u0438\u0441\u0442\u044b \u0441\u0442\u0430\u043d\u0443\u0442 \u0438\u0434\u0435\u0430\u043b\u044c\u043d\u044b\u043c \u043f\u043e\u0434\u0430\u0440\u043a\u043e\u043c \u0438\u043b\u0438 \u0434\u043e\u043f\u043e\u043b\u043d\u0435\u043d\u0438\u0435\u043c \u043a \u0432\u0430\u0448\u0435\u0439 \u043a\u043e\u043b\u043b\u0435\u043a\u0446\u0438\u0438. \u041a\u0430\u0436\u0434\u044b\u0439 \u0441\u043f\u0440\u0435\u0439 \u0434\u043b\u044f \u0442\u0435\u043b\u0430 \u043f\u043e\u0434\u0447\u0435\u0440\u043a\u043d\u0435\u0442 \u0432\u0430\u0448\u0443 \u0438\u043d\u0434\u0438\u0432\u0438\u0434\u0443\u0430\u043b\u044c\u043d\u043e\u0441\u0442\u044c \u0438 \u0434\u043e\u0431\u0430\u0432\u0438\u0442 \u0431\u043b\u0435\u0441\u043a\u0430 \u0432 \u043f\u043e\u0432\u0441\u0435\u0434\u043d\u0435\u0432\u043d\u043e\u0441\u0442\u044c. \u0412 \u043a\u043e\u043c\u043f\u043b\u0435\u043a\u0442\u0435 \u043a\u043e\u0441\u043c\u0435\u0442\u0438\u0447\u043a\u0430 \u0442\u043e\u0436\u0435.<\/p>\n<\/details>\n","protected":false},"featured_media":25471,"template":"","meta":{"jetpack_publicize_message":"","jetpack_publicize_feature_enabled":true,"jetpack_social_post_already_shared":true,"jetpack_social_options":{"image_generator_settings":{"template":"highway","default_image_id":0,"font":"","enabled":false},"version":2}},"product_brand":[],"product_cat":[910,927,830,342,993,341],"product_tag":[],"class_list":{"0":"post-25465","1":"product","2":"type-product","3":"status-publish","4":"has-post-thumbnail","6":"product_cat-kehaspreid","7":"product_cat-victorias-secret-body-mists","8":"product_cat-kingitused","9":"product_cat-komplektid-victorias-secret","10":"product_cat-samples","11":"product_cat-victorias-secret","12":"pa_lohn-velvet-petals","14":"first","15":"outofstock","16":"sale","17":"shipping-taxable","18":"purchasable","19":"product-type-simple"},"jetpack_publicize_connections":[],"jetpack_sharing_enabled":true,"jetpack_likes_enabled":true,"_links":{"self":[{"href":"https:\/\/superstore.ee\/index.php\/wp-json\/wp\/v2\/product\/25465","targetHints":{"allow":["GET"]}}],"collection":[{"href":"https:\/\/superstore.ee\/index.php\/wp-json\/wp\/v2\/product"}],"about":[{"href":"https:\/\/superstore.ee\/index.php\/wp-json\/wp\/v2\/types\/product"}],"wp:featuredmedia":[{"embeddable":true,"href":"https:\/\/superstore.ee\/index.php\/wp-json\/wp\/v2\/media\/25471"}],"wp:attachment":[{"href":"https:\/\/superstore.ee\/index.php\/wp-json\/wp\/v2\/media?parent=25465"}],"wp:term":[{"taxonomy":"product_brand","embeddable":true,"href":"https:\/\/superstore.ee\/index.php\/wp-json\/wp\/v2\/product_brand?post=25465"},{"taxonomy":"product_cat","embeddable":true,"href":"https:\/\/superstore.ee\/index.php\/wp-json\/wp\/v2\/product_cat?post=25465"},{"taxonomy":"product_tag","embeddable":true,"href":"https:\/\/superstore.ee\/index.php\/wp-json\/wp\/v2\/product_tag?post=25465"}],"curies":[{"name":"wp","href":"https:\/\/api.w.org\/{rel}","templated":true}]}}