{"id":25530,"date":"2025-11-08T14:59:46","date_gmt":"2025-11-08T12:59:46","guid":{"rendered":"https:\/\/superstore.ee\/?post_type=product&#038;p=25530"},"modified":"2026-03-09T21:13:18","modified_gmt":"2026-03-09T19:13:18","slug":"victorias-secret-velvet-petals-bliss-body-mist","status":"publish","type":"product","link":"https:\/\/superstore.ee\/index.php\/toode\/victorias-secret-velvet-petals-bliss-body-mist\/","title":{"rendered":"Victoria\u2019s Secret Velvet Petals Bliss Body Mist"},"content":{"rendered":"","protected":false},"excerpt":{"rendered":"<p>Victoria\u2019s Secret Velvet Petals Bliss kehasprei (250 ml)<\/p>\n<p><strong>Aroomit\u00fc\u00fcp<\/strong>: Lilleline \/ V\u00e4rske<\/p>\n<p>\u00d5rn ja naiselik kehasprei, mis j\u00e4tab nahale kerge, \u00f5hulise ja pehme lillelise aroomi.<\/p>\n<ul>\n<li>Tipunoodid: Valge freesia<\/li>\n<li>S\u00fcdamenoodid: Magus liilia<\/li>\n<li>Baasnoodid: Pehme muskus<\/li>\n<\/ul>\n<p>Velvet Petals Bliss on luksuslik ja sametine aroom, mis loob rahuliku ja romantilise meeleolu. Ideaalne igap\u00e4evaseks kasutamiseks \u2013 kui soovid tunda end v\u00e4rskelt ja enesekindlalt.<\/p>\n<p>Pakume seda toodet ka mugavates v\u00e4iksemates pakendites (dekantidena), mis on ideaalsed toote proovimiseks v\u00f5i reisile kaasa v\u00f5tmiseks.<\/p>\n<details>\n<summary>Details<\/summary>\n<div translate=\"no\">Victoria\u2019s Secret Velvet Petals Bliss Body Mist (250 ml \/ 8.4 fl oz)<br \/>\nSweet, clean, fresh linen.Airy &amp; rejuvenating: A euphoric twist on Velvet Petals.Fragrance type: Fruity Fresh<\/p>\n<p>Notes<\/p>\n<p>Top: Candied Berries, Golden Bergamot<\/p>\n<p>Heart: White Freesia, Sweet Lily<\/p>\n<p>Base: Vanilla Creme<\/p>\n<p>INGREDIENTS: Alcohol Denat., Water (Aqua, Eau), Fragrance (Parfum), Propylene Glycol, Glycerin, PPG-26-Buteth-26, PEG-40 Hydrogenated Castor Oil, Ethylhexyl Methoxycinnamate, Ethylhexyl Salicylate, Butyl Methoxydibenzoylmethane, CoumarinIngredients are subject to change. For an accurate list of ingredients, please refer to the product packaging.<\/p>\n<\/div>\n<p>Victoria\u2019s Secret Velvet Petals Bliss \u0441\u043f\u0440\u0435\u0439-\u043c\u0438\u0441\u0442 \u0434\u043b\u044f \u0442\u0435\u043b\u0430 (250 \u043c\u043b)<\/p>\n<p>\u0422\u0438\u043f \u0430\u0440\u043e\u043c\u0430\u0442\u0430: \u0426\u0432\u0435\u0442\u043e\u0447\u043d\u044b\u0439 \/ \u0421\u0432\u0435\u0436\u0438\u0439<\/p>\n<p>\u041d\u0435\u0436\u043d\u044b\u0439 \u0438 \u0436\u0435\u043d\u0441\u0442\u0432\u0435\u043d\u043d\u044b\u0439 \u0441\u043f\u0440\u0435\u0439 \u0434\u043b\u044f \u0442\u0435\u043b\u0430 \u0441 \u043c\u044f\u0433\u043a\u0438\u043c, \u0432\u043e\u0437\u0434\u0443\u0448\u043d\u044b\u043c \u0438 \u0446\u0432\u0435\u0442\u043e\u0447\u043d\u044b\u043c \u0430\u0440\u043e\u043c\u0430\u0442\u043e\u043c.<\/p>\n<p>\u0412\u0435\u0440\u0445\u043d\u0438\u0435 \u043d\u043e\u0442\u044b: \u0411\u0435\u043b\u0430\u044f \u0444\u0440\u0435\u0437\u0438\u044f<br \/>\n\u041d\u043e\u0442\u044b \u0441\u0435\u0440\u0434\u0446\u0430: \u0421\u043b\u0430\u0434\u043a\u0430\u044f \u043b\u0438\u043b\u0438\u044f<br \/>\n\u0411\u0430\u0437\u043e\u0432\u044b\u0435 \u043d\u043e\u0442\u044b: \u041c\u044f\u0433\u043a\u0438\u0439 \u043c\u0443\u0441\u043a\u0443\u0441<\/p>\n<p>Velvet Petals Bliss \u2014 \u044d\u0442\u043e \u0440\u043e\u0441\u043a\u043e\u0448\u043d\u044b\u0439 \u0438 \u0431\u0430\u0440\u0445\u0430\u0442\u043d\u044b\u0439 \u0430\u0440\u043e\u043c\u0430\u0442, \u0441\u043e\u0437\u0434\u0430\u044e\u0449\u0438\u0439 \u0430\u0442\u043c\u043e\u0441\u0444\u0435\u0440\u0443 \u0441\u043f\u043e\u043a\u043e\u0439\u0441\u0442\u0432\u0438\u044f \u0438 \u0440\u043e\u043c\u0430\u043d\u0442\u0438\u043a\u0438. \u0418\u0434\u0435\u0430\u043b\u0435\u043d \u0434\u043b\u044f \u043f\u043e\u0432\u0441\u0435\u0434\u043d\u0435\u0432\u043d\u043e\u0433\u043e \u0438\u0441\u043f\u043e\u043b\u044c\u0437\u043e\u0432\u0430\u043d\u0438\u044f, \u043a\u043e\u0433\u0434\u0430 \u0445\u043e\u0447\u0435\u0442\u0441\u044f \u043e\u0449\u0443\u0449\u0430\u0442\u044c \u0441\u0432\u0435\u0436\u0435\u0441\u0442\u044c \u0438 \u0443\u0432\u0435\u0440\u0435\u043d\u043d\u043e\u0441\u0442\u044c.<\/p>\n<\/details>\n","protected":false},"featured_media":25531,"template":"","meta":{"jetpack_publicize_message":"","jetpack_publicize_feature_enabled":true,"jetpack_social_post_already_shared":true,"jetpack_social_options":{"image_generator_settings":{"template":"highway","default_image_id":0,"font":"","enabled":false},"version":2}},"product_brand":[],"product_cat":[910,927,993,341],"product_tag":[],"class_list":{"0":"post-25530","1":"product","2":"type-product","3":"status-publish","4":"has-post-thumbnail","6":"product_cat-kehaspreid","7":"product_cat-victorias-secret-body-mists","8":"product_cat-samples","9":"product_cat-victorias-secret","10":"pa_suurus-10-ml-tester","11":"pa_suurus-2-ml-tester","12":"pa_suurus-250-ml-full-size","13":"pa_suurus-30-ml-tester","15":"first","16":"instock","17":"sale","18":"shipping-taxable","19":"purchasable","20":"product-type-variable"},"jetpack_publicize_connections":[],"jetpack_sharing_enabled":true,"jetpack_likes_enabled":true,"_links":{"self":[{"href":"https:\/\/superstore.ee\/index.php\/wp-json\/wp\/v2\/product\/25530","targetHints":{"allow":["GET"]}}],"collection":[{"href":"https:\/\/superstore.ee\/index.php\/wp-json\/wp\/v2\/product"}],"about":[{"href":"https:\/\/superstore.ee\/index.php\/wp-json\/wp\/v2\/types\/product"}],"wp:featuredmedia":[{"embeddable":true,"href":"https:\/\/superstore.ee\/index.php\/wp-json\/wp\/v2\/media\/25531"}],"wp:attachment":[{"href":"https:\/\/superstore.ee\/index.php\/wp-json\/wp\/v2\/media?parent=25530"}],"wp:term":[{"taxonomy":"product_brand","embeddable":true,"href":"https:\/\/superstore.ee\/index.php\/wp-json\/wp\/v2\/product_brand?post=25530"},{"taxonomy":"product_cat","embeddable":true,"href":"https:\/\/superstore.ee\/index.php\/wp-json\/wp\/v2\/product_cat?post=25530"},{"taxonomy":"product_tag","embeddable":true,"href":"https:\/\/superstore.ee\/index.php\/wp-json\/wp\/v2\/product_tag?post=25530"}],"curies":[{"name":"wp","href":"https:\/\/api.w.org\/{rel}","templated":true}]}}