{"id":25534,"date":"2025-11-08T15:09:05","date_gmt":"2025-11-08T13:09:05","guid":{"rendered":"https:\/\/superstore.ee\/?post_type=product&#038;p=25534"},"modified":"2026-03-08T17:26:05","modified_gmt":"2026-03-08T15:26:05","slug":"victorias-secret-velvet-petals-bliss-fragrance-lotion","status":"publish","type":"product","link":"https:\/\/superstore.ee\/index.php\/toode\/victorias-secret-velvet-petals-bliss-fragrance-lotion\/","title":{"rendered":"Victoria\u2019s Secret Velvet Petals Bliss Fragrance Lotion"},"content":{"rendered":"","protected":false},"excerpt":{"rendered":"<p>Victoria\u2019s Secret Velvet\u202fPetals\u202fBliss l\u00f5hnastatud kehakreem (236\u202fml)<\/p>\n<p><strong>Aroomi kirjeldus:<\/strong><br \/>\n\u00d5rn ja naiselik kehaemulsioon, mis j\u00e4tab nahale kerge, sametise lillelise l\u00f5hna.<\/p>\n<ul>\n<li>Tipunoodid: Valge freesia<\/li>\n<li>S\u00fcdamenoodid: Magus liilia<\/li>\n<li>Baasnoodid: Pehme muskus<\/li>\n<\/ul>\n<p>Velvet Petals Bliss on luksuslik ja sametine aroom, mis lisab igap\u00e4evasele rutiinile v\u00e4rskust ja naiselikku s\u00e4ra.<\/p>\n<details>\n<summary>Details<\/summary>\n<div translate=\"no\">\n<p>Victoria\u2019s Secret Velvet Petals Bliss Perfumed Body Lotion (236\u202fml \/ 8\u202ffl\u202foz)Fragrance type: Floral \/ Fresh<\/p>\n<p>Fragrance description:<br \/>\nA gentle and feminine body lotion leaving a soft, velvety floral scent on the skin.<\/p>\n<p>Top notes: White Freesia<br \/>\nHeart notes: Sweet Lily<br \/>\nBase notes: Soft Musk<\/p>\n<p>Velvet Petals Bliss is a luxurious and velvety fragrance that adds freshness and femininity to your daily routine.<\/p>\n<p>INGREDIENTS:<br \/>\nWater (Aqua,\u202fEau), Mineral Oil (Paraffinum\u202fLiquidum,\u202fHuile\u202fmin\u00e9rale), Glycerin, Fragrance (Parfum), Cetyl\u202fAlcohol, Glyceryl\u202fStearate, PEG\u2011100\u202fStearate, Palmitic\u202fAcid, Stearic\u202fAcid, Phenoxyethanol, Dimethicone, Acrylates\/C10\u201130 Alkyl Acrylate Crosspolymer, Chlorphenesin, Xanthan\u202fGum, Potassium\u202fSorbate, Sodium\u202fHydroxide, Ethylhexylglycerin, Disodium\u202fEDTA, Tocopheryl\u202fAcetate, Aloe\u202fBarbadensis Leaf Juice.<\/p>\n<\/div>\n<p>Victoria\u2019s Secret Velvet Petals Bliss \u043f\u0430\u0440\u0444\u044e\u043c\u0438\u0440\u043e\u0432\u0430\u043d\u043d\u044b\u0439 \u043b\u043e\u0441\u044c\u043e\u043d \u0434\u043b\u044f \u0442\u0435\u043b\u0430 (236\u202f\u043c\u043b)<\/p>\n<p>\u0422\u0438\u043f \u0430\u0440\u043e\u043c\u0430\u0442\u0430: \u0426\u0432\u0435\u0442\u043e\u0447\u043d\u044b\u0439 \/ \u0441\u0432\u0435\u0436\u0438\u0439<\/p>\n<p>\u041e\u043f\u0438\u0441\u0430\u043d\u0438\u0435 \u0430\u0440\u043e\u043c\u0430\u0442\u0430:<br \/>\n\u041d\u0435\u0436\u043d\u044b\u0439 \u0438 \u0436\u0435\u043d\u0441\u0442\u0432\u0435\u043d\u043d\u044b\u0439 \u043b\u043e\u0441\u044c\u043e\u043d, \u043e\u0441\u0442\u0430\u0432\u043b\u044f\u044e\u0449\u0438\u0439 \u043d\u0430 \u043a\u043e\u0436\u0435 \u043b\u0451\u0433\u043a\u0438\u0439, \u0431\u0430\u0440\u0445\u0430\u0442\u0438\u0441\u0442\u044b\u0439 \u0446\u0432\u0435\u0442\u043e\u0447\u043d\u044b\u0439 \u0430\u0440\u043e\u043c\u0430\u0442.<\/p>\n<p>\u0412\u0435\u0440\u0445\u043d\u0438\u0435 \u043d\u043e\u0442\u044b: \u0411\u0435\u043b\u0430\u044f \u0444\u0440\u0435\u0437\u0438\u044f<br \/>\n\u041d\u043e\u0442\u044b \u0441\u0435\u0440\u0434\u0446\u0430: \u0421\u043b\u0430\u0434\u043a\u0430\u044f \u043b\u0438\u043b\u0438\u044f<br \/>\n\u0411\u0430\u0437\u043e\u0432\u044b\u0435 \u043d\u043e\u0442\u044b: \u041c\u044f\u0433\u043a\u0438\u0439 \u043c\u0443\u0441\u043a\u0443\u0441<\/p>\n<p>Velvet Petals Bliss \u2014 \u0440\u043e\u0441\u043a\u043e\u0448\u043d\u044b\u0439 \u0438 \u0431\u0430\u0440\u0445\u0430\u0442\u043d\u044b\u0439 \u0430\u0440\u043e\u043c\u0430\u0442, \u043a\u043e\u0442\u043e\u0440\u044b\u0439 \u0434\u043e\u0431\u0430\u0432\u043b\u044f\u0435\u0442 \u0435\u0436\u0435\u0434\u043d\u0435\u0432\u043d\u043e\u0439 \u0440\u0443\u0442\u0438\u043d\u0435 \u0441\u0432\u0435\u0436\u0435\u0441\u0442\u044c \u0438 \u0436\u0435\u043d\u0441\u0442\u0432\u0435\u043d\u043d\u043e\u0441\u0442\u044c.<\/p>\n<\/details>\n","protected":false},"featured_media":25552,"template":"","meta":{"jetpack_publicize_message":"","jetpack_publicize_feature_enabled":true,"jetpack_social_post_already_shared":true,"jetpack_social_options":{"image_generator_settings":{"template":"highway","default_image_id":0,"font":"","enabled":false},"version":2}},"product_brand":[],"product_cat":[926,912,341],"product_tag":[],"class_list":{"0":"post-25534","1":"product","2":"type-product","3":"status-publish","4":"has-post-thumbnail","6":"product_cat-victorias-secret-body-lotions","7":"product_cat-nahahooldus","8":"product_cat-victorias-secret","9":"pa_suurus-15-ml-tester","10":"pa_suurus-236-ml-full-size","11":"pa_suurus-30-ml-tester","13":"first","14":"instock","15":"sale","16":"shipping-taxable","17":"purchasable","18":"product-type-variable"},"jetpack_publicize_connections":[],"jetpack_sharing_enabled":true,"jetpack_likes_enabled":true,"_links":{"self":[{"href":"https:\/\/superstore.ee\/index.php\/wp-json\/wp\/v2\/product\/25534","targetHints":{"allow":["GET"]}}],"collection":[{"href":"https:\/\/superstore.ee\/index.php\/wp-json\/wp\/v2\/product"}],"about":[{"href":"https:\/\/superstore.ee\/index.php\/wp-json\/wp\/v2\/types\/product"}],"wp:featuredmedia":[{"embeddable":true,"href":"https:\/\/superstore.ee\/index.php\/wp-json\/wp\/v2\/media\/25552"}],"wp:attachment":[{"href":"https:\/\/superstore.ee\/index.php\/wp-json\/wp\/v2\/media?parent=25534"}],"wp:term":[{"taxonomy":"product_brand","embeddable":true,"href":"https:\/\/superstore.ee\/index.php\/wp-json\/wp\/v2\/product_brand?post=25534"},{"taxonomy":"product_cat","embeddable":true,"href":"https:\/\/superstore.ee\/index.php\/wp-json\/wp\/v2\/product_cat?post=25534"},{"taxonomy":"product_tag","embeddable":true,"href":"https:\/\/superstore.ee\/index.php\/wp-json\/wp\/v2\/product_tag?post=25534"}],"curies":[{"name":"wp","href":"https:\/\/api.w.org\/{rel}","templated":true}]}}