{"id":25539,"date":"2025-11-08T15:16:13","date_gmt":"2025-11-08T13:16:13","guid":{"rendered":"https:\/\/superstore.ee\/?post_type=product&#038;p=25539"},"modified":"2026-02-05T14:39:23","modified_gmt":"2026-02-05T12:39:23","slug":"victorias-secret-bare-vanilla-bliss-fragrance-lotion","status":"publish","type":"product","link":"https:\/\/superstore.ee\/index.php\/toode\/victorias-secret-bare-vanilla-bliss-fragrance-lotion\/","title":{"rendered":"Victoria\u2019s Secret Bare Vanilla Bliss Fragrance Lotion"},"content":{"rendered":"","protected":false},"excerpt":{"rendered":"<p>Victoria\u2019s Secret Bare\u202fVanilla\u202fBliss l\u00f5hnastatud kehakreem (236\u202fml)<br \/>\n<strong>Aroomit\u00fc\u00fcp<\/strong>: Lilleline \/ magus<\/p>\n<p>Aroomi kirjeldus:<br \/>\n\u00d5rn ja h\u00f5rk l\u00f5hn, mis \u00fchendab lillameelse violetti elegantsi ja vanilliorhidee s\u00fcgavust. Valmistab nahale sooja ja pehme \u201ekookosp\u00e4hklilise\u201c r\u00f5\u00f5mu ning toob p\u00e4evaga kaasa kerge luksuse tunde.<\/p>\n<ul>\n<li>Tipunoodid: Violeti kroonlehed, iris<\/li>\n<li>S\u00fcdamenoodid: Vanilliorhidee, \u00f5huline freesia<\/li>\n<li>Baasnoodid: L\u00e4bipaistev muskus, rikas vanillikaun<\/li>\n<\/ul>\n<p>Bare\u202fVanilla\u202fBliss on ideaalne valik neile, kes soovivad tunda end igap\u00e4evaselt naiseliku, pehme ja veidi m\u00e4ngulisena.<\/p>\n<details>\n<summary>Details<\/summary>\n<div translate=\"no\">Victoria\u2019s Secret Bare\u202fVanilla\u202fBliss Perfumed Body Lotion (236 ml \/ 8 fl oz)<br \/>\nFragrance type: Floral \/ GourmandFragrance description:<br \/>\nA soft and divine scent where the elegance of violet petals meets the depth of vanilla orchid, creating a warm and gentle finish on the skin.Top notes: Violet Petals<br \/>\nHeart notes: Vanilla Orchid<br \/>\nBase notes: Soft MuskBare\u202fVanilla\u202fBliss is perfect for everyday wear when you want to feel feminine, cozy, and gently indulgent.INGREDIENTS:<br \/>\nWater (Aqua\/Eau), Mineral Oil (Paraffinum Liquidum), Glycerin, Fragrance (Parfum), Stearic Acid, Cetyl Alcohol, PEG\u2011100 Stearate, Glyceryl Stearate, Dimethicone, Diazolidinyl Urea, Methylparaben, Acrylates\/C10\u201130 Alkyl Acrylate Crosspolymer, Sodium Hydroxide, Propylparaben, BHT, Disodium EDTA, Tocopheryl Acetate, Aloe Barbadensis Leaf Juice, Limonene, Linalool, Benzyl Alcohol<\/div>\n<p>Victoria\u2019s Secret Bare\u202fVanilla\u202fBliss \u043f\u0430\u0440\u0444\u044e\u043c\u0438\u0440\u043e\u0432\u0430\u043d\u043d\u044b\u0439 \u043b\u043e\u0441\u044c\u043e\u043d \u0434\u043b\u044f \u0442\u0435\u043b\u0430 (236 \u043c\u043b)<br \/>\n\u0422\u0438\u043f \u0430\u0440\u043e\u043c\u0430\u0442\u0430: \u0426\u0432\u0435\u0442\u043e\u0447\u043d\u044b\u0439 \/ \u0433\u0443\u0440\u043c\u0430\u043d\u0441\u043a\u0438\u0439<\/p>\n<p>\u041e\u043f\u0438\u0441\u0430\u043d\u0438\u0435 \u0430\u0440\u043e\u043c\u0430\u0442\u0430:<br \/>\n\u041d\u0435\u0436\u043d\u044b\u0439 \u0438 \u0441\u043b\u0430\u0434\u043a\u0438\u0439 \u0430\u0440\u043e\u043c\u0430\u0442, \u0432 \u043a\u043e\u0442\u043e\u0440\u043e\u043c \u0434\u0435\u0442\u0441\u043a\u0430\u044f \u0444\u0438\u0430\u043b\u043a\u0430 \u0432\u0441\u0442\u0440\u0435\u0447\u0430\u0435\u0442\u0441\u044f \u0441 \u044d\u043b\u0435\u0433\u0430\u043d\u0442\u043d\u043e\u0439 \u043e\u0440\u0445\u0438\u0434\u0435\u0435\u0439 \u0432\u0430\u043d\u0438\u043b\u0438, \u043e\u0441\u0442\u0430\u0432\u043b\u044f\u044f \u043c\u044f\u0433\u043a\u043e\u0435, \u043a\u043e\u043c\u0444\u043e\u0440\u0442\u043d\u043e\u0435 \u043e\u0449\u0443\u0449\u0435\u043d\u0438\u0435 \u043d\u0430 \u043a\u043e\u0436\u0435 \u0438 \u043f\u0440\u0438\u0434\u0430\u0432\u0430\u044f \u0443\u0442\u043e\u043d\u0447\u0451\u043d\u043d\u044b\u0439 \u0430\u043a\u0446\u0435\u043d\u0442 \u043f\u043e\u0432\u0441\u0435\u0434\u043d\u0435\u0432\u043d\u043e\u043c\u0443 \u043e\u0431\u0440\u0430\u0437\u0443.<\/p>\n<p>\u0412\u0435\u0440\u0445\u043d\u0438\u0435 \u043d\u043e\u0442\u044b: \u041b\u0435\u043f\u0435\u0441\u0442\u043a\u0438 \u0444\u0438\u0430\u043b\u043a\u0438<br \/>\n\u041d\u043e\u0442\u044b \u0441\u0435\u0440\u0434\u0446\u0430: \u041e\u0440\u0445\u0438\u0434\u0435\u044f \u0432\u0430\u043d\u0438\u043b\u0438<br \/>\n\u0411\u0430\u0437\u043e\u0432\u044b\u0435 \u043d\u043e\u0442\u044b: \u041c\u044f\u0433\u043a\u0438\u0439 \u043c\u0443\u0441\u043a\u0443\u0441<\/p>\n<p>Bare\u202fVanilla\u202fBliss \u2014 \u0432\u0435\u043b\u0438\u043a\u043e\u043b\u0435\u043f\u043d\u044b\u0439 \u0432\u044b\u0431\u043e\u0440 \u0434\u043b\u044f \u0442\u0435\u0445, \u043a\u0442\u043e \u0438\u0449\u0435\u0442 \u0430\u0440\u043e\u043c\u0430\u0442 \u043d\u0430 \u043a\u0430\u0436\u0434\u044b\u0439 \u0434\u0435\u043d\u044c: \u043c\u044f\u0433\u043a\u0438\u0439, \u0436\u0435\u043d\u0441\u0442\u0432\u0435\u043d\u043d\u044b\u0439 \u0438 \u0441 \u043b\u0451\u0433\u043a\u043e\u0439 \u0433\u0443\u0440\u043c\u0430\u043d\u0441\u043a\u043e\u0439 \u0441\u043b\u0430\u0434\u043e\u0441\u0442\u044c\u044e.<\/p>\n<\/details>\n","protected":false},"featured_media":25569,"template":"","meta":{"jetpack_publicize_message":"","jetpack_publicize_feature_enabled":true,"jetpack_social_post_already_shared":true,"jetpack_social_options":{"image_generator_settings":{"template":"highway","default_image_id":0,"font":"","enabled":false},"version":2}},"product_brand":[],"product_cat":[926,912,341],"product_tag":[],"class_list":{"0":"post-25539","1":"product","2":"type-product","3":"status-publish","4":"has-post-thumbnail","6":"product_cat-victorias-secret-body-lotions","7":"product_cat-nahahooldus","8":"product_cat-victorias-secret","9":"pa_suurus-10-ml-tester","10":"pa_suurus-2-ml-tester","11":"pa_suurus-250-ml-full-size","12":"pa_suurus-30-ml-tester","14":"first","15":"instock","16":"sale","17":"shipping-taxable","18":"purchasable","19":"product-type-simple"},"jetpack_publicize_connections":[],"jetpack_sharing_enabled":true,"jetpack_likes_enabled":true,"_links":{"self":[{"href":"https:\/\/superstore.ee\/index.php\/wp-json\/wp\/v2\/product\/25539","targetHints":{"allow":["GET"]}}],"collection":[{"href":"https:\/\/superstore.ee\/index.php\/wp-json\/wp\/v2\/product"}],"about":[{"href":"https:\/\/superstore.ee\/index.php\/wp-json\/wp\/v2\/types\/product"}],"wp:featuredmedia":[{"embeddable":true,"href":"https:\/\/superstore.ee\/index.php\/wp-json\/wp\/v2\/media\/25569"}],"wp:attachment":[{"href":"https:\/\/superstore.ee\/index.php\/wp-json\/wp\/v2\/media?parent=25539"}],"wp:term":[{"taxonomy":"product_brand","embeddable":true,"href":"https:\/\/superstore.ee\/index.php\/wp-json\/wp\/v2\/product_brand?post=25539"},{"taxonomy":"product_cat","embeddable":true,"href":"https:\/\/superstore.ee\/index.php\/wp-json\/wp\/v2\/product_cat?post=25539"},{"taxonomy":"product_tag","embeddable":true,"href":"https:\/\/superstore.ee\/index.php\/wp-json\/wp\/v2\/product_tag?post=25539"}],"curies":[{"name":"wp","href":"https:\/\/api.w.org\/{rel}","templated":true}]}}