{"id":25557,"date":"2025-11-08T16:06:39","date_gmt":"2025-11-08T14:06:39","guid":{"rendered":"https:\/\/superstore.ee\/?post_type=product&#038;p=25557"},"modified":"2026-03-09T21:13:18","modified_gmt":"2026-03-09T19:13:18","slug":"victorias-secret-love-spell-bliss-body-mist","status":"publish","type":"product","link":"https:\/\/superstore.ee\/index.php\/toode\/victorias-secret-love-spell-bliss-body-mist\/","title":{"rendered":"Victoria\u2019s Secret Love Spell Bliss Body Mist"},"content":{"rendered":"","protected":false},"excerpt":{"rendered":"<p>Victoria\u2019s Secret Love Spell Bliss Kehasprei (250 ml)<\/p>\n<p><strong>Aroomit\u00fc\u00fcp<\/strong>: Lilleline \/ v\u00e4rske<\/p>\n<p><strong>Aroomi kirjeldus:<\/strong><\/p>\n<ul>\n<li>Tipunoodid: S\u00e4delev mandariin, valge virsik<\/li>\n<li>S\u00fcdamenoodid: P\u00e4ikeseline kuslapuu, puuvillane \u00f5is<\/li>\n<li>Baasnoodid: Soe muskus, vanill<\/li>\n<\/ul>\n<p>Euforiline ja s\u00e4rav versioon klassikalisest Love Spell aroomist. P\u00e4ikeseline kuslapuu ja pehme puuvillane \u00f5is loovad v\u00e4rske, kerge ja r\u00f5\u00f5msa meeleolu \u2013 justkui soe suvep\u00e4ev pudelis.<\/p>\n<p>Pakume seda toodet ka mugavates v\u00e4iksemates pakendites (dekantidena), mis on ideaalsed toote proovimiseks v\u00f5i reisile kaasa v\u00f5tmiseks.<\/p>\n<details>\n<summary>Details<\/summary>\n<div translate=\"no\">\n<p>Victoria\u2019s Secret Love Spell Bliss Fragrance Mist (250 ml)Fragrance type: Floral \/ Fresh<\/p>\n<p>Fragrance notes:<br \/>\nTop notes: Sparkling Tangerine, White Peach<br \/>\nHeart notes: Sunlit Honeysuckle, Cotton Flower<br \/>\nBase notes: Warm Musk, Vanilla<\/p>\n<p>A euphoric, luminous twist on the iconic Love Spell. Bright, soft, and blissfully feminine \u2014 like sunshine wrapped in silk.<\/p>\n<p>INGREDIENTS:<br \/>\nAlcohol Denat., Water (Aqua, Eau), Fragrance (Parfum), Propylene Glycol, Glycerin, PPG-26-Buteth-26, PEG-40 Hydrogenated Castor Oil, Ethylhexyl Methoxycinnamate, Ethylhexyl Salicylate, Butyl Methoxydibenzoylmethane, Coumarin<\/p>\n<\/div>\n<p>Victoria\u2019s Secret Love Spell Bliss \u041f\u0430\u0440\u0444\u044e\u043c\u0438\u0440\u043e\u0432\u0430\u043d\u043d\u044b\u0439 \u0441\u043f\u0440\u0435\u0439 \u0434\u043b\u044f \u0442\u0435\u043b\u0430 (250 ml)<\/p>\n<p>\u0422\u0438\u043f \u0430\u0440\u043e\u043c\u0430\u0442\u0430: \u0426\u0432\u0435\u0442\u043e\u0447\u043d\u044b\u0439 \/ \u0441\u0432\u0435\u0436\u0438\u0439<\/p>\n<p>\u041e\u043f\u0438\u0441\u0430\u043d\u0438\u0435 \u0430\u0440\u043e\u043c\u0430\u0442\u0430:<br \/>\n\u0412\u0435\u0440\u0445\u043d\u0438\u0435 \u043d\u043e\u0442\u044b: \u0421\u0432\u0435\u0440\u043a\u0430\u044e\u0449\u0438\u0439 \u043c\u0430\u043d\u0434\u0430\u0440\u0438\u043d, \u0431\u0435\u043b\u044b\u0439 \u043f\u0435\u0440\u0441\u0438\u043a<br \/>\n\u041d\u043e\u0442\u044b \u0441\u0435\u0440\u0434\u0446\u0430: \u0421\u043e\u043b\u043d\u0435\u0447\u043d\u044b\u0439 \u0436\u0438\u043c\u043e\u043b\u043e\u0441\u0442\u044c, \u0445\u043b\u043e\u043f\u043a\u043e\u0432\u044b\u0439 \u0446\u0432\u0435\u0442\u043e\u043a<br \/>\n\u0411\u0430\u0437\u043e\u0432\u044b\u0435 \u043d\u043e\u0442\u044b: \u0422\u0451\u043f\u043b\u044b\u0439 \u043c\u0443\u0441\u043a\u0443\u0441, \u0432\u0430\u043d\u0438\u043b\u044c<\/p>\n<p>\u042d\u0439\u0444\u043e\u0440\u0438\u0447\u043d\u0430\u044f, \u0441\u0432\u0435\u0436\u0430\u044f \u0438\u043d\u0442\u0435\u0440\u043f\u0440\u0435\u0442\u0430\u0446\u0438\u044f \u043b\u0435\u0433\u0435\u043d\u0434\u0430\u0440\u043d\u043e\u0433\u043e Love Spell. \u041b\u0451\u0433\u043a\u0438\u0439, \u0441\u0438\u044f\u044e\u0449\u0438\u0439 \u0430\u0440\u043e\u043c\u0430\u0442, \u043d\u0430\u043f\u043e\u043b\u043d\u0435\u043d\u043d\u044b\u0439 \u0441\u043e\u043b\u043d\u0435\u0447\u043d\u044b\u043c \u0442\u0435\u043f\u043b\u043e\u043c \u0438 \u0447\u0443\u0432\u0441\u0442\u0432\u0435\u043d\u043d\u043e\u0439 \u043d\u0435\u0436\u043d\u043e\u0441\u0442\u044c\u044e \u0445\u043b\u043e\u043f\u043a\u043e\u0432\u043e\u0433\u043e \u0446\u0432\u0435\u0442\u0430.<\/p>\n<\/details>\n","protected":false},"featured_media":25543,"template":"","meta":{"jetpack_publicize_message":"","jetpack_publicize_feature_enabled":true,"jetpack_social_post_already_shared":true,"jetpack_social_options":{"image_generator_settings":{"template":"highway","default_image_id":0,"font":"","enabled":false},"version":2}},"product_brand":[],"product_cat":[910,927,993,341],"product_tag":[],"class_list":{"0":"post-25557","1":"product","2":"type-product","3":"status-publish","4":"has-post-thumbnail","6":"product_cat-kehaspreid","7":"product_cat-victorias-secret-body-mists","8":"product_cat-samples","9":"product_cat-victorias-secret","10":"pa_suurus-10-ml-tester","11":"pa_suurus-2-ml-tester","12":"pa_suurus-250-ml-full-size","13":"pa_suurus-30-ml-tester","15":"first","16":"instock","17":"sale","18":"shipping-taxable","19":"purchasable","20":"product-type-variable"},"jetpack_publicize_connections":[],"jetpack_sharing_enabled":true,"jetpack_likes_enabled":true,"_links":{"self":[{"href":"https:\/\/superstore.ee\/index.php\/wp-json\/wp\/v2\/product\/25557","targetHints":{"allow":["GET"]}}],"collection":[{"href":"https:\/\/superstore.ee\/index.php\/wp-json\/wp\/v2\/product"}],"about":[{"href":"https:\/\/superstore.ee\/index.php\/wp-json\/wp\/v2\/types\/product"}],"wp:featuredmedia":[{"embeddable":true,"href":"https:\/\/superstore.ee\/index.php\/wp-json\/wp\/v2\/media\/25543"}],"wp:attachment":[{"href":"https:\/\/superstore.ee\/index.php\/wp-json\/wp\/v2\/media?parent=25557"}],"wp:term":[{"taxonomy":"product_brand","embeddable":true,"href":"https:\/\/superstore.ee\/index.php\/wp-json\/wp\/v2\/product_brand?post=25557"},{"taxonomy":"product_cat","embeddable":true,"href":"https:\/\/superstore.ee\/index.php\/wp-json\/wp\/v2\/product_cat?post=25557"},{"taxonomy":"product_tag","embeddable":true,"href":"https:\/\/superstore.ee\/index.php\/wp-json\/wp\/v2\/product_tag?post=25557"}],"curies":[{"name":"wp","href":"https:\/\/api.w.org\/{rel}","templated":true}]}}