{"id":25563,"date":"2025-11-08T16:07:42","date_gmt":"2025-11-08T14:07:42","guid":{"rendered":"https:\/\/superstore.ee\/?post_type=product&#038;p=25563"},"modified":"2026-02-11T21:39:16","modified_gmt":"2026-02-11T19:39:16","slug":"victorias-secret-pure-seduction-bliss-fragrance-lotion","status":"publish","type":"product","link":"https:\/\/superstore.ee\/index.php\/toode\/victorias-secret-pure-seduction-bliss-fragrance-lotion\/","title":{"rendered":"Victoria\u2019s Secret Pure Seduction Bliss Fragrance Lotion"},"content":{"rendered":"","protected":false},"excerpt":{"rendered":"<p>Victoria\u2019s Secret Pure Seduction Bliss l\u00f5hnastatud kehakreem (236\u202fml)<\/p>\n<p><strong>Aroomit\u00fc\u00fcp<\/strong>: Lilleline \/ puuviljane<\/p>\n<p><strong>Aroomi kirjeldus:<\/strong><br \/>\nSensuaalne ja salap\u00e4rane l\u00f5hn, mis j\u00e4tab nahale pehme ja naiseliku aroomi.<\/p>\n<ul>\n<li>Tipunoodid: Musts\u00f5star, Ploom<\/li>\n<li>S\u00fcdamenoodid: Jasmiin, Roos<\/li>\n<li>Baasnoodid: Puidused noodid, Vanill<\/li>\n<\/ul>\n<p>Pure Seduction Bliss on luksuslik ja elegantne kehakreem, mis lisab igap\u00e4evasele rutiinile soojust ja enesekindlust.<\/p>\n<details>\n<summary>Details<\/summary>\n<div translate=\"no\">Victoria\u2019s Secret Purr Seduction Bliss Perfumed Body Lotion (236\u202fml \/ 8\u202ffl\u202foz)Fragrance type: Floral \/ Fruity<\/p>\n<p>Fragrance description:<br \/>\nA sensual and mysterious scent that leaves skin soft and feminine.<\/p>\n<p>Top notes: Blackcurrant, Plum<br \/>\nHeart notes: Jasmine, Rose<br \/>\nBase notes: Woody notes, Vanilla<\/p>\n<p>Purr Seduction Bliss is a luxurious and elegant body lotion, adding warmth and confidence to your daily routine.<\/p>\n<p>INGREDIENTS:<br \/>\nWater\u202f(Aqua\/Eau), Mineral\u202fOil\u202f(Paraffinum\u202fLiquidum\/Huile\u202fmin\u00e9rale), Glycerin, Fragrance\u202f(Parfum), Cetyl\u202fAlcohol, Glyceryl\u202fStearate, PEG\u2011100\u202fStearate, Palmitic\u202fAcid, Stearic\u202fAcid, Phenoxyethanol, Dimethicone, Acrylates\/C10\u201130\u202fAlkyl\u202fAcrylate\u202fCrosspolymer, Chlorphenesin, Xanthan\u202fGum, Potassium\u202fSorbate, Sodium\u202fHydroxide, Ethylhexylglycerin, Disodium\u202fEDTA, Tocopheryl\u202fAcetate, Aloe\u202fBarbadensis\u202fLeaf\u202fJuice, Benzyl\u202fSalicylate, Limonene.<\/p>\n<\/div>\n<p>Victoria\u2019s Secret Purr Seduction Bliss \u043f\u0430\u0440\u0444\u044e\u043c\u0438\u0440\u043e\u0432\u0430\u043d\u043d\u044b\u0439 \u043b\u043e\u0441\u044c\u043e\u043d \u0434\u043b\u044f \u0442\u0435\u043b\u0430 (236\u202f\u043c\u043b)<\/p>\n<p>\u0422\u0438\u043f \u0430\u0440\u043e\u043c\u0430\u0442\u0430: \u0426\u0432\u0435\u0442\u043e\u0447\u043d\u044b\u0439 \/ \u0444\u0440\u0443\u043a\u0442\u043e\u0432\u044b\u0439<\/p>\n<p>\u041e\u043f\u0438\u0441\u0430\u043d\u0438\u0435 \u0430\u0440\u043e\u043c\u0430\u0442\u0430:<br \/>\n\u0421\u0435\u043a\u0441\u0443\u0430\u043b\u044c\u043d\u044b\u0439 \u0438 \u0437\u0430\u0433\u0430\u0434\u043e\u0447\u043d\u044b\u0439 \u0430\u0440\u043e\u043c\u0430\u0442, \u043e\u0441\u0442\u0430\u0432\u043b\u044f\u044e\u0449\u0438\u0439 \u043d\u0430 \u043a\u043e\u0436\u0435 \u043c\u044f\u0433\u043a\u0438\u0439 \u0438 \u0436\u0435\u043d\u0441\u0442\u0432\u0435\u043d\u043d\u044b\u0439 \u0448\u043b\u0435\u0439\u0444.<\/p>\n<p>\u0412\u0435\u0440\u0445\u043d\u0438\u0435 \u043d\u043e\u0442\u044b: \u0427\u0451\u0440\u043d\u0430\u044f \u0441\u043c\u043e\u0440\u043e\u0434\u0438\u043d\u0430, \u0421\u043b\u0438\u0432\u0430<br \/>\n\u041d\u043e\u0442\u044b \u0441\u0435\u0440\u0434\u0446\u0430: \u0416\u0430\u0441\u043c\u0438\u043d, \u0420\u043e\u0437\u0430<br \/>\n\u0411\u0430\u0437\u043e\u0432\u044b\u0435 \u043d\u043e\u0442\u044b: \u0414\u0440\u0435\u0432\u0435\u0441\u043d\u044b\u0435 \u043d\u043e\u0442\u043a\u0438, \u0412\u0430\u043d\u0438\u043b\u044c<\/p>\n<p>Purr Seduction Bliss \u2014 \u0440\u043e\u0441\u043a\u043e\u0448\u043d\u044b\u0439 \u0438 \u044d\u043b\u0435\u0433\u0430\u043d\u0442\u043d\u044b\u0439 \u043b\u043e\u0441\u044c\u043e\u043d, \u0434\u043e\u0431\u0430\u0432\u043b\u044f\u044e\u0449\u0438\u0439 \u0442\u0435\u043f\u043b\u043e \u0438 \u0443\u0432\u0435\u0440\u0435\u043d\u043d\u043e\u0441\u0442\u044c \u0432 \u043f\u043e\u0432\u0441\u0435\u0434\u043d\u0435\u0432\u043d\u044b\u0439 \u0443\u0445\u043e\u0434 \u0437\u0430 \u0441\u043e\u0431\u043e\u0439.<\/p>\n<\/details>\n","protected":false},"featured_media":25572,"template":"","meta":{"jetpack_publicize_message":"","jetpack_publicize_feature_enabled":true,"jetpack_social_post_already_shared":true,"jetpack_social_options":{"image_generator_settings":{"template":"highway","default_image_id":0,"font":"","enabled":false},"version":2}},"product_brand":[],"product_cat":[926,912,341],"product_tag":[],"class_list":{"0":"post-25563","1":"product","2":"type-product","3":"status-publish","4":"has-post-thumbnail","6":"product_cat-victorias-secret-body-lotions","7":"product_cat-nahahooldus","8":"product_cat-victorias-secret","9":"pa_suurus-15-ml-tester","10":"pa_suurus-236-ml-full-size","11":"pa_suurus-30-ml-tester","13":"first","14":"outofstock","15":"sale","16":"shipping-taxable","17":"purchasable","18":"product-type-simple"},"jetpack_publicize_connections":[],"jetpack_sharing_enabled":true,"jetpack_likes_enabled":true,"_links":{"self":[{"href":"https:\/\/superstore.ee\/index.php\/wp-json\/wp\/v2\/product\/25563","targetHints":{"allow":["GET"]}}],"collection":[{"href":"https:\/\/superstore.ee\/index.php\/wp-json\/wp\/v2\/product"}],"about":[{"href":"https:\/\/superstore.ee\/index.php\/wp-json\/wp\/v2\/types\/product"}],"wp:featuredmedia":[{"embeddable":true,"href":"https:\/\/superstore.ee\/index.php\/wp-json\/wp\/v2\/media\/25572"}],"wp:attachment":[{"href":"https:\/\/superstore.ee\/index.php\/wp-json\/wp\/v2\/media?parent=25563"}],"wp:term":[{"taxonomy":"product_brand","embeddable":true,"href":"https:\/\/superstore.ee\/index.php\/wp-json\/wp\/v2\/product_brand?post=25563"},{"taxonomy":"product_cat","embeddable":true,"href":"https:\/\/superstore.ee\/index.php\/wp-json\/wp\/v2\/product_cat?post=25563"},{"taxonomy":"product_tag","embeddable":true,"href":"https:\/\/superstore.ee\/index.php\/wp-json\/wp\/v2\/product_tag?post=25563"}],"curies":[{"name":"wp","href":"https:\/\/api.w.org\/{rel}","templated":true}]}}